{"id":11025,"date":"2023-05-22T12:07:08","date_gmt":"2023-05-22T10:07:08","guid":{"rendered":"https:\/\/www.sedi-ati.com\/?page_id=11025"},"modified":"2024-10-25T09:49:07","modified_gmt":"2024-10-25T07:49:07","slug":"solution-fibre-optique-secteur-industrie","status":"publish","type":"page","link":"https:\/\/www.sedi-ati.com\/fr\/solution-fibre-optique-secteur-industrie\/","title":{"rendered":"Solution \u00e0 base de fibre optique pour le secteur de l&rsquo;industrie"},"content":{"rendered":"<section class=\"wpb-content-wrapper\"><p>[vc_row content_placement=\u00a0\u00bbmiddle\u00a0\u00bb el_class=\u00a0\u00bbz-index-1 chevauchement-horizontal-range range-applications\u00a0\u00bb][vc_column width=\u00a0\u00bb3\/5&Prime; css=\u00a0\u00bb.vc_custom_1729842289609{background-color: #db5321 !important;}\u00a0\u00bb el_class=\u00a0\u00bbshadow border-radius-hd-bd line-bottom line-blue txt-blanc block-grand-text\u00a0\u00bb][vc_raw_html el_class=\u00a0\u00bbgros-titre flex-column-mobile\u00a0\u00bb]JTNDcCUzRUFwcGxpY2F0aW9ucyUzQ3NwYW4lMjBjbGFzcyUzRCUyMnBvaW50LXJvdWdlJTIwcG9pbnQtYmxhbmMlMjIlM0UlM0MlMkZzcGFuJTNFSW5kdXN0cmllbGxlcyUzQyUyRnAlM0U=[\/vc_raw_html][vc_column_text el_class=\u00a0\u00bbtitre-baseline\u00a0\u00bb]<\/p>\n<h2>Technologie de la fibre optique pour le secteur de l&rsquo;industrie<\/h2>\n<p>[\/vc_column_text][vc_column_text]Le <strong class=\"d2b\">secteur industriel<\/strong> est un grand utilisateur de <strong class=\"d2b\">solutions fibres optiques<\/strong>. Du d\u00e9port laser \u00e0 la surveillance de processus industriels, il existe un large \u00e9ventail d\u2019applications pour les <strong class=\"d2b\">composants \u00e0 base de fibre optique<\/strong>. SEDI-ATI fournit des <strong class=\"d2b\">composants fibres optiques passifs<\/strong>, robustes et sur mesure qui r\u00e9pondent aux exigences de l\u2019industrie : immunit\u00e9 \u00e9lectromagn\u00e9tique, contraintes d\u2019encombrement, performances optiques \u00e9lev\u00e9es\u2026[\/vc_column_text][vc_btn title=\u00a0\u00bbContactez-nous\u00a0\u00bb style=\u00a0\u00bbcustom\u00a0\u00bb custom_background=\u00a0\u00bb#132f40&Prime; custom_text=\u00a0\u00bb#ffffff\u00a0\u00bb shape=\u00a0\u00bbsquare\u00a0\u00bb link=\u00a0\u00bburl:https%3A%2F%2Fwww.sedi-ati.com%2Ffr%2Fcontact%2F\u00a0\u00bb el_class=\u00a0\u00bbline-bottom line-blue\u00a0\u00bb][\/vc_column][vc_column width=\u00a0\u00bb1\/2&Prime; el_class=\u00a0\u00bbimg-entete\u00a0\u00bb][vc_single_image image=\u00a0\u00bb11192&Prime; img_size=\u00a0\u00bbfull\u00a0\u00bb alignment=\u00a0\u00bbcenter\u00a0\u00bb][\/vc_column][\/vc_row][vc_row full_width=\u00a0\u00bbstretch_row\u00a0\u00bb css_animation=\u00a0\u00bbslideInDown\u00a0\u00bb css=\u00a0\u00bb.vc_custom_1685538749584{background-image: url(https:\/\/www.sedi-ati.com\/wp-content\/uploads\/2023\/04\/Background-encart-6.jpg?id=10798) !important;background-position: center !important;background-repeat: no-repeat !important;background-size: contain !important;}\u00a0\u00bb el_class=\u00a0\u00bboverflow-visible-all encart-encre-secteurs\u00a0\u00bb][vc_column offset=\u00a0\u00bbvc_hidden-xs\u00a0\u00bb][vc_raw_html]JTNDZGl2JTIwY2xhc3MlM0QlMjJjYXJkcy13cmFwcGVyJTIyJTNFJTBBJTIwJTIwJTIwJTIwJTNDZGl2JTIwY2xhc3MlM0QlMjJjYXJkcyUyMGNhcmRzLTMtZW5jcmUlMjIlM0UlMEElMjAlMjAlMjAlMjAlMjAlMjAlMjAlMjAlM0NkaXYlMjBjbGFzcyUzRCUyMmxpbmUtYm90dG9tJTIwbGluZS1ibHVlJTIwY2FyZC1pbmR1cyUyMGNhcmQtcm9ib3QlMjBjYXJkJTIwY2FyZC0xJTIyJTNFJTBBJTIwJTIwJTIwJTIwJTIwJTIwJTIwJTIwJTIwJTIwJTIwJTIwJTNDZGl2JTIwY2xhc3MlM0QlMjJhdmFudCUyMiUzRSUzQyUyRmRpdiUzRSUwQSUyMCUyMCUyMCUyMCUyMCUyMCUyMCUyMCUyMCUyMCUyMCUyMCUzQ2RpdiUyMGNsYXNzJTNEJTIyYXByZXMlMjIlM0UlM0MlMkZkaXYlM0UlM0NhJTIwaHJlZiUzRCUyMiUyM3JvYm90JTIyJTNFUm9ib3RpcXVlJTNDJTJGYSUzRSUwQSUyMCUyMCUyMCUyMCUyMCUyMCUyMCUyMCUzQyUyRmRpdiUzRSUwQSUyMCUyMCUyMCUyMCUyMCUyMCUyMCUyMCUzQ2RpdiUyMGNsYXNzJTNEJTIybGluZS1ib3R0b20lMjBsaW5lLWJsdWUlMjBjYXJkLWluZHVzJTIwY2FyZC1sYXNlciUyMGNhcmQlMjBjYXJkLTIlMjIlM0UlMEElMjAlMjAlMjAlMjAlMjAlMjAlMjAlMjAlMjAlMjAlMjAlMjAlM0NkaXYlMjBjbGFzcyUzRCUyMmF2YW50JTIyJTNFJTNDJTJGZGl2JTNFJTBBJTIwJTIwJTIwJTIwJTIwJTIwJTIwJTIwJTIwJTIwJTIwJTIwJTNDZGl2JTIwY2xhc3MlM0QlMjJhcHJlcyUyMiUzRSUzQyUyRmRpdiUzRSUzQ2ElMjBocmVmJTNEJTIyJTIzbGFzZXIlMjIlM0VMYXNlciUyMGRlJTIwcHVpc3NhbmNlJTNDJTJGYSUzRSUwQSUyMCUyMCUyMCUyMCUyMCUyMCUyMCUyMCUzQyUyRmRpdiUzRSUwQSUyMCUyMCUyMCUyMCUyMCUyMCUyMCUyMCUzQ2RpdiUyMGNsYXNzJTNEJTIybGluZS1ib3R0b20lMjBsaW5lLWJsdWUlMjBjYXJkLWluZHVzJTIwY2FyZC1jYXB0ZXVyJTIwY2FyZCUyMGNhcmQtMyUyMiUzRSUwQSUyMCUyMCUyMCUyMCUyMCUyMCUyMCUyMCUyMCUyMCUyMCUyMCUzQ2RpdiUyMGNsYXNzJTNEJTIyYXZhbnQlMjIlM0UlM0MlMkZkaXYlM0UlMEElMjAlMjAlMjAlMjAlMjAlMjAlMjAlMjAlMjAlMjAlMjAlMjAlM0NkaXYlMjBjbGFzcyUzRCUyMmFwcmVzJTIyJTNFJTNDJTJGZGl2JTNFJTNDYSUyMGhyZWYlM0QlMjIlMjNjYXB0ZXVyJTIyJTNFQ2FwdGV1ciUyMG9wdGlxdWUlM0MlMkZhJTNFJTBBJTIwJTIwJTIwJTIwJTIwJTIwJTIwJTIwJTNDJTJGZGl2JTNFJTBBJTIwJTIwJTIwJTIwJTNDJTJGZGl2JTNFJTBBJTNDJTJGZGl2JTNF[\/vc_raw_html][\/vc_column][\/vc_row][vc_row full_width=\u00a0\u00bbstretch_row\u00a0\u00bb css=\u00a0\u00bb.vc_custom_1729842322975{background-color: #db5321 !important;}\u00a0\u00bb][vc_column][vc_column_text]<a name=\"robotique\"><\/a>[\/vc_column_text][\/vc_column][\/vc_row][vc_row full_width=\u00a0\u00bbstretch_row_content\u00a0\u00bb content_placement=\u00a0\u00bbmiddle\u00a0\u00bb el_class=\u00a0\u00bbz-index-1 chevauchement-horizontal-range range-applications range-applications-cas-client\u00a0\u00bb css=\u00a0\u00bb.vc_custom_1729842337038{background-color: #db5321 !important;}\u00a0\u00bb][vc_column width=\u00a0\u00bb1\/2&Prime; css=\u00a0\u00bb.vc_custom_1681302070858{background-color: #ffffff !important;}\u00a0\u00bb el_class=\u00a0\u00bbshadow border-radius-hd-bd line-bottom line-blue\u00a0\u00bb][vc_row_inner el_class=\u00a0\u00bbheight-padding-margin-zero\u00a0\u00bb][vc_column_inner][vc_column_text]<a name=\"robot\"><\/a><a name=\"robotique\"><\/a>[\/vc_column_text][\/vc_column_inner][\/vc_row_inner][vc_row_inner][vc_column_inner el_class=\u00a0\u00bbwith-0-1240&Prime; width=\u00a0\u00bb1\/3&Prime;][\/vc_column_inner][vc_column_inner width=\u00a0\u00bb2\/3&Prime;][vc_raw_html el_class=\u00a0\u00bbgros-titre\u00a0\u00bb]JTNDcCUzRUxhJTNDc3BhbiUyMGNsYXNzJTNEJTIycG9pbnQtcm91Z2UlMjIlM0UlM0MlMkZzcGFuJTNFUm9ib3RpcXVlJTNDJTJGcCUzRQ==[\/vc_raw_html][vc_column_text el_class=\u00a0\u00bbtitre-baseline\u00a0\u00bb]<\/p>\n<h2>Assemblage et composant de fibre optique pour la robotique<\/h2>\n<p>[\/vc_column_text][vc_column_text]Les <strong class=\"d2b\">composants et assemblages de fibres optiques<\/strong> SEDI-ATI sont utilis\u00e9s pour la <strong class=\"d2b\">robotique<\/strong> et les <strong class=\"d2b\">syst\u00e8mes de contr\u00f4le<\/strong>, r\u00e9pondant aux exigences \u00e0 long terme en mati\u00e8re de torsion, de flexion, de r\u00e9sistance et de rayon de courbure.[\/vc_column_text][vc_btn title=\u00a0\u00bbContactez-nous\u00a0\u00bb style=\u00a0\u00bbcustom\u00a0\u00bb custom_background=\u00a0\u00bb#132f40&Prime; custom_text=\u00a0\u00bb#ffffff\u00a0\u00bb shape=\u00a0\u00bbsquare\u00a0\u00bb link=\u00a0\u00bburl:https%3A%2F%2Fwww.sedi-ati.com%2Ffr%2Fcontact%2F\u00a0\u00bb el_class=\u00a0\u00bbline-bottom line-blue\u00a0\u00bb][\/vc_column_inner][\/vc_row_inner][\/vc_column][vc_column width=\u00a0\u00bb1\/2&Prime;][vc_single_image image=\u00a0\u00bb18759&Prime; img_size=\u00a0\u00bbfull\u00a0\u00bb alignment=\u00a0\u00bbcenter\u00a0\u00bb][\/vc_column][\/vc_row][vc_row full_width=\u00a0\u00bbstretch_row\u00a0\u00bb el_class=\u00a0\u00bbchevauchement-vertical-range petit-chevauchement\u00a0\u00bb][vc_column][vc_text_separator title=\u00a0\u00bbCas client\u00a0\u00bb title_align=\u00a0\u00bbseparator_align_left\u00a0\u00bb color=\u00a0\u00bbcustom\u00a0\u00bb border_width=\u00a0\u00bb2&Prime; el_class=\u00a0\u00bbpetit-titre txt-blanc\u00a0\u00bb accent_color=\u00a0\u00bb#ffffff\u00a0\u00bb][vc_empty_space height=\u00a0\u00bb10px\u00a0\u00bb][vc_basic_grid post_type=\u00a0\u00bbcas_client\u00a0\u00bb max_items=\u00a0\u00bb5&Prime; item=\u00a0\u00bb10738&Prime; initial_loading_animation=\u00a0\u00bbfadeInUp\u00a0\u00bb grid_id=\u00a0\u00bbvc_gid:1729842516461-c7728b42-5f82-0&Prime; taxonomies=\u00a0\u00bb433865&Prime;][\/vc_column][\/vc_row][vc_row][vc_column][vc_empty_space height=\u00a0\u00bb30px\u00a0\u00bb css=\u00a0\u00bb.vc_custom_1679648631772{background-color: #ffffff !important;}\u00a0\u00bb el_id=\u00a0\u00bbmarine\u00a0\u00bb][\/vc_column][\/vc_row][vc_row full_width=\u00a0\u00bbstretch_row\u00a0\u00bb css=\u00a0\u00bb.vc_custom_1729842354516{background-color: #ef764a !important;}\u00a0\u00bb][vc_column][vc_column_text]<a name=\"laser-puissance\"><\/a>[\/vc_column_text][\/vc_column][\/vc_row][vc_row full_width=\u00a0\u00bbstretch_row_content\u00a0\u00bb content_placement=\u00a0\u00bbmiddle\u00a0\u00bb el_class=\u00a0\u00bbz-index-1 chevauchement-horizontal-range range-applications range-applications-cas-client\u00a0\u00bb css=\u00a0\u00bb.vc_custom_1729842364488{background-color: #ef764a !important;}\u00a0\u00bb][vc_column width=\u00a0\u00bb1\/2&Prime; css=\u00a0\u00bb.vc_custom_1681302148647{background-color: #ffffff !important;}\u00a0\u00bb el_class=\u00a0\u00bbshadow border-radius-hd-bd line-bottom line-blue\u00a0\u00bb][vc_row_inner el_class=\u00a0\u00bbheight-padding-margin-zero\u00a0\u00bb][vc_column_inner][vc_column_text]<a name=\"laser\"><\/a><a name=\"laser-puissance\"><\/a>[\/vc_column_text][\/vc_column_inner][\/vc_row_inner][vc_row_inner][vc_column_inner el_class=\u00a0\u00bbwith-0-1240&Prime; width=\u00a0\u00bb1\/3&Prime;][\/vc_column_inner][vc_column_inner width=\u00a0\u00bb2\/3&Prime;][vc_raw_html el_class=\u00a0\u00bbgros-titre\u00a0\u00bb]JTNDcCUzRUxhc2VyJTNDc3BhbiUyMGNsYXNzJTNEJTIycG9pbnQtcm91Z2UlMjIlM0UlM0MlMkZzcGFuJTNFRGUlMjBwdWlzc2FuY2UlM0MlMkZwJTNF[\/vc_raw_html][vc_column_text el_class=\u00a0\u00bbtitre-baseline\u00a0\u00bb]<\/p>\n<h2>Solution de technologie \u00e0 base de fibre optique pour les lasers de puissance<\/h2>\n<p>[\/vc_column_text][vc_column_text]De nombreuses <strong class=\"d2b\">applications industrielles<\/strong> requi\u00e8rent une source <strong class=\"d2b\">laser de puissance<\/strong>. C\u2019est le cas notamment pour la soudure, la brasure, la d\u00e9coupe ou encore le <strong class=\"d2b\">d\u00e9capage laser<\/strong>. Les <strong class=\"d2b\">cordons de puissance sont des fibres optiques sp\u00e9ciales<\/strong>, con\u00e7ues pour transporter de hauts niveaux d\u2019<strong class=\"d2b\">\u00e9nergie optique<\/strong>, et ainsi permettre de d\u00e9porter la source laser. La fibre est renforc\u00e9e par un gainage sp\u00e9cifique et des connecteurs d\u00e9di\u00e9s.[\/vc_column_text][vc_btn title=\u00a0\u00bbContactez-nous\u00a0\u00bb style=\u00a0\u00bbcustom\u00a0\u00bb custom_background=\u00a0\u00bb#132f40&Prime; custom_text=\u00a0\u00bb#ffffff\u00a0\u00bb shape=\u00a0\u00bbsquare\u00a0\u00bb link=\u00a0\u00bburl:https%3A%2F%2Fwww.sedi-ati.com%2Ffr%2Fcontact%2F\u00a0\u00bb el_class=\u00a0\u00bbline-bottom line-blue\u00a0\u00bb][\/vc_column_inner][\/vc_row_inner][\/vc_column][vc_column width=\u00a0\u00bb1\/2&Prime;][vc_single_image image=\u00a0\u00bb11174&Prime; img_size=\u00a0\u00bbfull\u00a0\u00bb alignment=\u00a0\u00bbcenter\u00a0\u00bb][\/vc_column][\/vc_row][vc_row full_width=\u00a0\u00bbstretch_row\u00a0\u00bb el_class=\u00a0\u00bbchevauchement-vertical-range petit-chevauchement\u00a0\u00bb][vc_column][vc_text_separator title=\u00a0\u00bbCas client\u00a0\u00bb title_align=\u00a0\u00bbseparator_align_left\u00a0\u00bb color=\u00a0\u00bbcustom\u00a0\u00bb border_width=\u00a0\u00bb2&Prime; el_class=\u00a0\u00bbpetit-titre txt-blanc\u00a0\u00bb accent_color=\u00a0\u00bb#ffffff\u00a0\u00bb][vc_empty_space height=\u00a0\u00bb10px\u00a0\u00bb][vc_basic_grid post_type=\u00a0\u00bbcas_client\u00a0\u00bb max_items=\u00a0\u00bb5&Prime; item=\u00a0\u00bb10738&Prime; initial_loading_animation=\u00a0\u00bbfadeInUp\u00a0\u00bb grid_id=\u00a0\u00bbvc_gid:1729842516464-0e554f4c-3aea-5&Prime; taxonomies=\u00a0\u00bb433867&Prime;][\/vc_column][\/vc_row][vc_row full_width=\u00a0\u00bbstretch_row\u00a0\u00bb css=\u00a0\u00bb.vc_custom_1729842384365{background-color: #ff9060 !important;}\u00a0\u00bb][vc_column][vc_column_text]<a name=\"capteur-optique\"><\/a>[\/vc_column_text][\/vc_column][\/vc_row][vc_row full_width=\u00a0\u00bbstretch_row_content\u00a0\u00bb content_placement=\u00a0\u00bbmiddle\u00a0\u00bb el_class=\u00a0\u00bbz-index-1 chevauchement-horizontal-range range-applications range-applications-cas-client\u00a0\u00bb css=\u00a0\u00bb.vc_custom_1729842394665{background-color: #ff9060 !important;}\u00a0\u00bb][vc_column width=\u00a0\u00bb1\/2&Prime; css=\u00a0\u00bb.vc_custom_1681302148647{background-color: #ffffff !important;}\u00a0\u00bb el_class=\u00a0\u00bbshadow border-radius-hd-bd line-bottom line-blue\u00a0\u00bb][vc_row_inner el_class=\u00a0\u00bbheight-padding-margin-zero\u00a0\u00bb][vc_column_inner][vc_column_text]<a name=\"capteur\"><\/a><a name=\"capteur-optique\"><\/a>[\/vc_column_text][\/vc_column_inner][\/vc_row_inner][vc_row_inner][vc_column_inner el_class=\u00a0\u00bbwith-0-1240&Prime; width=\u00a0\u00bb1\/3&Prime;][\/vc_column_inner][vc_column_inner width=\u00a0\u00bb2\/3&Prime;][vc_raw_html el_class=\u00a0\u00bbgros-titre\u00a0\u00bb]JTNDcCUzRUNvbnRyJUMzJUI0bGUlM0NzcGFuJTIwY2xhc3MlM0QlMjJwb2ludC1yb3VnZSUyMiUzRSUzQyUyRnNwYW4lM0VlbiUyMGxpZ25lJTNDJTJGcCUzRQ==[\/vc_raw_html][vc_column_text el_class=\u00a0\u00bbtitre-baseline\u00a0\u00bb]<\/p>\n<h2>Solution de technologie \u00e0 base de fibre optique pour les capteurs optiques industriels<\/h2>\n<p>[\/vc_column_text][vc_column_text]Les <strong class=\"d2b\">fibres optiques<\/strong> sont largement utilis\u00e9es dans les <strong class=\"d2b\">capteurs optiques industriels<\/strong> pour le <strong class=\"d2b\">contr\u00f4le en ligne de processus industriels<\/strong> ou pour la surveillance de la sant\u00e9 structurelle de mat\u00e9riaux et machines. SEDI-ATI Fibres Optiques est particuli\u00e8rement impliqu\u00e9e dans la <strong class=\"d2b\">conception et la fabrication de sondes optiques pour la spectroscopie<\/strong> UV-VIS-NIR (185 nm \u2013 2.5 \u00b5m) par ellipsom\u00e9trie ou par r\u00e9flectom\u00e9trie. Ces sondes permettent en outre le d\u00e9port de la source lumineuse et du d\u00e9tecteur (monochromateur, spectrophotom\u00e8tre\u2026).[\/vc_column_text][vc_btn title=\u00a0\u00bbContactez-nous\u00a0\u00bb style=\u00a0\u00bbcustom\u00a0\u00bb custom_background=\u00a0\u00bb#132f40&Prime; custom_text=\u00a0\u00bb#ffffff\u00a0\u00bb shape=\u00a0\u00bbsquare\u00a0\u00bb link=\u00a0\u00bburl:https%3A%2F%2Fwww.sedi-ati.com%2Ffr%2Fcontact%2F\u00a0\u00bb el_class=\u00a0\u00bbline-bottom line-blue\u00a0\u00bb][\/vc_column_inner][\/vc_row_inner][\/vc_column][vc_column width=\u00a0\u00bb1\/2&Prime;][vc_single_image image=\u00a0\u00bb11203&Prime; img_size=\u00a0\u00bbfull\u00a0\u00bb alignment=\u00a0\u00bbcenter\u00a0\u00bb][\/vc_column][\/vc_row][vc_row full_width=\u00a0\u00bbstretch_row\u00a0\u00bb el_class=\u00a0\u00bbchevauchement-vertical-range petit-chevauchement\u00a0\u00bb][vc_column][vc_text_separator title=\u00a0\u00bbCas client\u00a0\u00bb title_align=\u00a0\u00bbseparator_align_left\u00a0\u00bb color=\u00a0\u00bbcustom\u00a0\u00bb border_width=\u00a0\u00bb2&Prime; el_class=\u00a0\u00bbpetit-titre txt-blanc\u00a0\u00bb accent_color=\u00a0\u00bb#ffffff\u00a0\u00bb][vc_empty_space height=\u00a0\u00bb10px\u00a0\u00bb][vc_basic_grid post_type=\u00a0\u00bbcas_client\u00a0\u00bb max_items=\u00a0\u00bb5&Prime; item=\u00a0\u00bb10738&Prime; initial_loading_animation=\u00a0\u00bbfadeInUp\u00a0\u00bb grid_id=\u00a0\u00bbvc_gid:1729842516465-79449e34-bf1e-10&Prime; taxonomies=\u00a0\u00bb434161&Prime;][\/vc_column][\/vc_row][vc_row][vc_column][vc_btn title=\u00a0\u00bb^\u00a0\u00bb style=\u00a0\u00bbflat\u00a0\u00bb shape=\u00a0\u00bbsquare\u00a0\u00bb link=\u00a0\u00bburl:%23Wrapper\u00a0\u00bb el_class=\u00a0\u00bbbtn-haut\u00a0\u00bb][\/vc_column][\/vc_row]<\/p>\n<\/section>","protected":false},"excerpt":{"rendered":"<p>[vc_row content_placement=\u00a0\u00bbmiddle\u00a0\u00bb el_class=\u00a0\u00bbz-index-1 chevauchement-horizontal-range range-applications\u00a0\u00bb][vc_column width=\u00a0\u00bb3\/5&Prime; css=\u00a0\u00bb.vc_custom_1729842289609{background-color: #db5321 !important;}\u00a0\u00bb el_class=\u00a0\u00bbshadow border-radius-hd-bd line-bottom line-blue txt-blanc block-grand-text\u00a0\u00bb][vc_raw_html el_class=\u00a0\u00bbgros-titre flex-column-mobile\u00a0\u00bb]JTNDcCUzRUFwcGxpY2F0aW9ucyUzQ3NwYW4lMjBjbGFzcyUzRCUyMnBvaW50LXJvdWdlJTIwcG9pbnQtYmxhbmMlMjIlM0UlM0MlMkZzcGFuJTNFSW5kdXN0cmllbGxlcyUzQyUyRnAlM0U=[\/vc_raw_html][vc_column_text el_class=\u00a0\u00bbtitre-baseline\u00a0\u00bb] Technologie de la fibre optique pour le secteur<span class=\"excerpt-hellip\"> [\u2026]<\/span><\/p>\n","protected":false},"author":8,"featured_media":0,"parent":0,"menu_order":0,"comment_status":"closed","ping_status":"closed","template":"","meta":{"_acf_changed":false,"rs_blank_template":"","rs_page_bg_color":"","slide_template_v7":"","footnotes":""},"class_list":["post-11025","page","type-page","status-publish","hentry"],"acf":[],"yoast_head":"<!-- This site is optimized with the Yoast SEO plugin v27.3 - https:\/\/yoast.com\/product\/yoast-seo-wordpress\/ -->\n<title>Fabricant composant optique, assemblage de fibre optique pour l&#039;industrie<\/title>\n<meta name=\"description\" content=\"SEDI-ATI fabrique des composants en fibre optique pour la robotique, les lasers de puissance et les capteurs optiques. Contactez-nous pour en savoir plus !\" \/>\n<meta name=\"robots\" content=\"index, follow, max-snippet:-1, max-image-preview:large, max-video-preview:-1\" \/>\n<link rel=\"canonical\" href=\"https:\/\/www.sedi-ati.com\/fr\/solution-fibre-optique-secteur-industrie\/\" \/>\n<meta property=\"og:locale\" content=\"fr_FR\" \/>\n<meta property=\"og:type\" content=\"article\" \/>\n<meta property=\"og:title\" content=\"Fabricant composant optique, assemblage de fibre optique pour l&#039;industrie\" \/>\n<meta property=\"og:description\" content=\"SEDI-ATI fabrique des composants en fibre optique pour la robotique, les lasers de puissance et les capteurs optiques. Contactez-nous pour en savoir plus !\" \/>\n<meta property=\"og:url\" content=\"https:\/\/www.sedi-ati.com\/fr\/solution-fibre-optique-secteur-industrie\/\" \/>\n<meta property=\"og:site_name\" content=\"SEDI-ATI\" \/>\n<meta property=\"article:modified_time\" content=\"2024-10-25T07:49:07+00:00\" \/>\n<meta name=\"twitter:card\" content=\"summary_large_image\" \/>\n<meta name=\"twitter:label1\" content=\"Dur\u00e9e de lecture estim\u00e9e\" \/>\n\t<meta name=\"twitter:data1\" content=\"3 minutes\" \/>\n<script type=\"application\/ld+json\" class=\"yoast-schema-graph\">{\"@context\":\"https:\\\/\\\/schema.org\",\"@graph\":[{\"@type\":\"WebPage\",\"@id\":\"https:\\\/\\\/www.sedi-ati.com\\\/fr\\\/solution-fibre-optique-secteur-industrie\\\/\",\"url\":\"https:\\\/\\\/www.sedi-ati.com\\\/fr\\\/solution-fibre-optique-secteur-industrie\\\/\",\"name\":\"Fabricant composant optique, assemblage de fibre optique pour l'industrie\",\"isPartOf\":{\"@id\":\"https:\\\/\\\/www.sedi-ati.com\\\/fr\\\/#website\"},\"datePublished\":\"2023-05-22T10:07:08+00:00\",\"dateModified\":\"2024-10-25T07:49:07+00:00\",\"description\":\"SEDI-ATI fabrique des composants en fibre optique pour la robotique, les lasers de puissance et les capteurs optiques. Contactez-nous pour en savoir plus !\",\"breadcrumb\":{\"@id\":\"https:\\\/\\\/www.sedi-ati.com\\\/fr\\\/solution-fibre-optique-secteur-industrie\\\/#breadcrumb\"},\"inLanguage\":\"fr-FR\",\"potentialAction\":[{\"@type\":\"ReadAction\",\"target\":[\"https:\\\/\\\/www.sedi-ati.com\\\/fr\\\/solution-fibre-optique-secteur-industrie\\\/\"]}]},{\"@type\":\"BreadcrumbList\",\"@id\":\"https:\\\/\\\/www.sedi-ati.com\\\/fr\\\/solution-fibre-optique-secteur-industrie\\\/#breadcrumb\",\"itemListElement\":[{\"@type\":\"ListItem\",\"position\":1,\"name\":\"Home\",\"item\":\"https:\\\/\\\/www.sedi-ati.com\\\/fr\\\/\"},{\"@type\":\"ListItem\",\"position\":2,\"name\":\"Solution \u00e0 base de fibre optique pour le secteur de l&rsquo;industrie\"}]},{\"@type\":\"WebSite\",\"@id\":\"https:\\\/\\\/www.sedi-ati.com\\\/fr\\\/#website\",\"url\":\"https:\\\/\\\/www.sedi-ati.com\\\/fr\\\/\",\"name\":\"SEDI-ATI\",\"description\":\"Assemblages de fibres optiques sur mesure, bundles, fentes et pieuvres\",\"publisher\":{\"@id\":\"https:\\\/\\\/www.sedi-ati.com\\\/fr\\\/#organization\"},\"potentialAction\":[{\"@type\":\"SearchAction\",\"target\":{\"@type\":\"EntryPoint\",\"urlTemplate\":\"https:\\\/\\\/www.sedi-ati.com\\\/fr\\\/?s={search_term_string}\"},\"query-input\":{\"@type\":\"PropertyValueSpecification\",\"valueRequired\":true,\"valueName\":\"search_term_string\"}}],\"inLanguage\":\"fr-FR\"},{\"@type\":\"Organization\",\"@id\":\"https:\\\/\\\/www.sedi-ati.com\\\/fr\\\/#organization\",\"name\":\"SEDI-ATI\",\"url\":\"https:\\\/\\\/www.sedi-ati.com\\\/fr\\\/\",\"logo\":{\"@type\":\"ImageObject\",\"inLanguage\":\"fr-FR\",\"@id\":\"https:\\\/\\\/www.sedi-ati.com\\\/fr\\\/#\\\/schema\\\/logo\\\/image\\\/\",\"url\":\"https:\\\/\\\/www.sedi-ati.com\\\/wp-content\\\/uploads\\\/2019\\\/10\\\/Logo_SEDI-ATI_2019_avec-baseline.png\",\"contentUrl\":\"https:\\\/\\\/www.sedi-ati.com\\\/wp-content\\\/uploads\\\/2019\\\/10\\\/Logo_SEDI-ATI_2019_avec-baseline.png\",\"width\":300,\"height\":73,\"caption\":\"SEDI-ATI\"},\"image\":{\"@id\":\"https:\\\/\\\/www.sedi-ati.com\\\/fr\\\/#\\\/schema\\\/logo\\\/image\\\/\"},\"sameAs\":[\"https:\\\/\\\/www.linkedin.com\\\/company\\\/sedi-ati-fibres-optiques\\\/\",\"https:\\\/\\\/www.youtube.com\\\/@sedi-ati-fibres-optiques\"]}]}<\/script>\n<!-- \/ Yoast SEO plugin. -->","yoast_head_json":{"title":"Fabricant composant optique, assemblage de fibre optique pour l'industrie","description":"SEDI-ATI fabrique des composants en fibre optique pour la robotique, les lasers de puissance et les capteurs optiques. Contactez-nous pour en savoir plus !","robots":{"index":"index","follow":"follow","max-snippet":"max-snippet:-1","max-image-preview":"max-image-preview:large","max-video-preview":"max-video-preview:-1"},"canonical":"https:\/\/www.sedi-ati.com\/fr\/solution-fibre-optique-secteur-industrie\/","og_locale":"fr_FR","og_type":"article","og_title":"Fabricant composant optique, assemblage de fibre optique pour l'industrie","og_description":"SEDI-ATI fabrique des composants en fibre optique pour la robotique, les lasers de puissance et les capteurs optiques. Contactez-nous pour en savoir plus !","og_url":"https:\/\/www.sedi-ati.com\/fr\/solution-fibre-optique-secteur-industrie\/","og_site_name":"SEDI-ATI","article_modified_time":"2024-10-25T07:49:07+00:00","twitter_card":"summary_large_image","twitter_misc":{"Dur\u00e9e de lecture estim\u00e9e":"3 minutes"},"schema":{"@context":"https:\/\/schema.org","@graph":[{"@type":"WebPage","@id":"https:\/\/www.sedi-ati.com\/fr\/solution-fibre-optique-secteur-industrie\/","url":"https:\/\/www.sedi-ati.com\/fr\/solution-fibre-optique-secteur-industrie\/","name":"Fabricant composant optique, assemblage de fibre optique pour l'industrie","isPartOf":{"@id":"https:\/\/www.sedi-ati.com\/fr\/#website"},"datePublished":"2023-05-22T10:07:08+00:00","dateModified":"2024-10-25T07:49:07+00:00","description":"SEDI-ATI fabrique des composants en fibre optique pour la robotique, les lasers de puissance et les capteurs optiques. Contactez-nous pour en savoir plus !","breadcrumb":{"@id":"https:\/\/www.sedi-ati.com\/fr\/solution-fibre-optique-secteur-industrie\/#breadcrumb"},"inLanguage":"fr-FR","potentialAction":[{"@type":"ReadAction","target":["https:\/\/www.sedi-ati.com\/fr\/solution-fibre-optique-secteur-industrie\/"]}]},{"@type":"BreadcrumbList","@id":"https:\/\/www.sedi-ati.com\/fr\/solution-fibre-optique-secteur-industrie\/#breadcrumb","itemListElement":[{"@type":"ListItem","position":1,"name":"Home","item":"https:\/\/www.sedi-ati.com\/fr\/"},{"@type":"ListItem","position":2,"name":"Solution \u00e0 base de fibre optique pour le secteur de l&rsquo;industrie"}]},{"@type":"WebSite","@id":"https:\/\/www.sedi-ati.com\/fr\/#website","url":"https:\/\/www.sedi-ati.com\/fr\/","name":"SEDI-ATI","description":"Assemblages de fibres optiques sur mesure, bundles, fentes et pieuvres","publisher":{"@id":"https:\/\/www.sedi-ati.com\/fr\/#organization"},"potentialAction":[{"@type":"SearchAction","target":{"@type":"EntryPoint","urlTemplate":"https:\/\/www.sedi-ati.com\/fr\/?s={search_term_string}"},"query-input":{"@type":"PropertyValueSpecification","valueRequired":true,"valueName":"search_term_string"}}],"inLanguage":"fr-FR"},{"@type":"Organization","@id":"https:\/\/www.sedi-ati.com\/fr\/#organization","name":"SEDI-ATI","url":"https:\/\/www.sedi-ati.com\/fr\/","logo":{"@type":"ImageObject","inLanguage":"fr-FR","@id":"https:\/\/www.sedi-ati.com\/fr\/#\/schema\/logo\/image\/","url":"https:\/\/www.sedi-ati.com\/wp-content\/uploads\/2019\/10\/Logo_SEDI-ATI_2019_avec-baseline.png","contentUrl":"https:\/\/www.sedi-ati.com\/wp-content\/uploads\/2019\/10\/Logo_SEDI-ATI_2019_avec-baseline.png","width":300,"height":73,"caption":"SEDI-ATI"},"image":{"@id":"https:\/\/www.sedi-ati.com\/fr\/#\/schema\/logo\/image\/"},"sameAs":["https:\/\/www.linkedin.com\/company\/sedi-ati-fibres-optiques\/","https:\/\/www.youtube.com\/@sedi-ati-fibres-optiques"]}]}},"_links":{"self":[{"href":"https:\/\/www.sedi-ati.com\/fr\/wp-json\/wp\/v2\/pages\/11025","targetHints":{"allow":["GET"]}}],"collection":[{"href":"https:\/\/www.sedi-ati.com\/fr\/wp-json\/wp\/v2\/pages"}],"about":[{"href":"https:\/\/www.sedi-ati.com\/fr\/wp-json\/wp\/v2\/types\/page"}],"author":[{"embeddable":true,"href":"https:\/\/www.sedi-ati.com\/fr\/wp-json\/wp\/v2\/users\/8"}],"replies":[{"embeddable":true,"href":"https:\/\/www.sedi-ati.com\/fr\/wp-json\/wp\/v2\/comments?post=11025"}],"version-history":[{"count":6,"href":"https:\/\/www.sedi-ati.com\/fr\/wp-json\/wp\/v2\/pages\/11025\/revisions"}],"predecessor-version":[{"id":20220,"href":"https:\/\/www.sedi-ati.com\/fr\/wp-json\/wp\/v2\/pages\/11025\/revisions\/20220"}],"wp:attachment":[{"href":"https:\/\/www.sedi-ati.com\/fr\/wp-json\/wp\/v2\/media?parent=11025"}],"curies":[{"name":"wp","href":"https:\/\/api.w.org\/{rel}","templated":true}]}}