{"id":17942,"date":"2024-01-29T11:41:24","date_gmt":"2024-01-29T10:41:24","guid":{"rendered":"https:\/\/www.sedi-ati.com\/?page_id=17942"},"modified":"2024-04-23T20:22:23","modified_gmt":"2024-04-23T18:22:23","slug":"pressions-extremes","status":"publish","type":"page","link":"https:\/\/www.sedi-ati.com\/fr\/solution-fibre-optique-environnement-extreme\/pressions-extremes\/","title":{"rendered":"Solution fibre optique pour pressions extr\u00eames"},"content":{"rendered":"<section class=\"wpb-content-wrapper\"><p>[vc_row content_placement=\u00a0\u00bbmiddle\u00a0\u00bb el_class=\u00a0\u00bbz-index-1 chevauchement-horizontal-range range-applications\u00a0\u00bb][vc_column width=\u00a0\u00bb3\/5&Prime; el_class=\u00a0\u00bbshadow border-radius-hd-bd line-bottom line-blue txt-blanc block-grand-text\u00a0\u00bb css=\u00a0\u00bb.vc_custom_1709134732097{background-color: #ea2e51 !important;}\u00a0\u00bb][vc_raw_html el_class=\u00a0\u00bbgros-titre flex-column-mobile\u00a0\u00bb]JTNDcCUzRVByZXNzaW9ucyUzQ3NwYW4lMjBjbGFzcyUzRCUyMnBvaW50LXJvdWdlJTIwcG9pbnQtYmxhbmMlMjIlM0UlM0MlMkZzcGFuJTNFRXh0ciVDMyVBQW1lcyUzQyUyRnAlM0U=[\/vc_raw_html][vc_column_text el_class=\u00a0\u00bbtitre-baseline\u00a0\u00bb]<\/p>\n<h2>Assemblages \u00e0 base de fibres optiques r\u00e9sistant aux pressions extr\u00eames<\/h2>\n<p>[\/vc_column_text][vc_column_text]SEDI-ATI Fibres Optiques, forte de son savoir-faire et de son expertise des environnements complexes et extr\u00eames, vous propose des assemblages ou <strong class=\"d2b\">solutions \u00e0 base de fibres optiques<\/strong> capables de r\u00e9sister aux tr\u00e8s <strong>fortes pressions<\/strong> jusqu&rsquo;\u00e0 <span class=\"fort\">5 000 bars<\/span>.[\/vc_column_text][vc_btn title=\u00a0\u00bbParlez-nous de votre projet\u00a0\u00bb style=\u00a0\u00bbcustom\u00a0\u00bb custom_background=\u00a0\u00bb#132f40&Prime; custom_text=\u00a0\u00bb#ffffff\u00a0\u00bb shape=\u00a0\u00bbsquare\u00a0\u00bb link=\u00a0\u00bburl:https%3A%2F%2Fwww.sedi-ati.com%2Ffr%2Fdemande-de-devis%2F\u00a0\u00bb el_class=\u00a0\u00bbline-bottom line-blue\u00a0\u00bb][\/vc_column][vc_column width=\u00a0\u00bb1\/2&Prime; el_class=\u00a0\u00bbimg-entete\u00a0\u00bb][vc_single_image image=\u00a0\u00bb19432&Prime; img_size=\u00a0\u00bbfull\u00a0\u00bb alignment=\u00a0\u00bbcenter\u00a0\u00bb][\/vc_column][\/vc_row][vc_row][vc_column width=\u00a0\u00bb1\/2&Prime;][vc_column_text el_class=\u00a0\u00bbpetit-titre petit-titre-txt\u00a0\u00bb]<\/p>\n<h3>R\u00e9sistance aux pressions extr\u00eames<\/h3>\n<p>[\/vc_column_text][vc_column_text]<\/p>\n<p>La fibre optique et nos assemblages peuvent r\u00e9sister \u00e0 des <strong>pressions extr\u00eames<\/strong> tr\u00e8s pouss\u00e9es (hyperbare jusqu\u2019\u00e0 <span class=\"fort\">5\u00a0000 bars<\/span>). Ainsi, nos assemblages sont sp\u00e9cialement con\u00e7us pour \u00eatre utilis\u00e9s dans des environnements tels que des applications de d\u00e9tonique ou des applications en eaux profondes (fond des mers) sans subir de d\u00e9gradation de performance.<\/p>\n<p>[\/vc_column_text][\/vc_column][vc_column width=\u00a0\u00bb1\/2&Prime;][vc_column_text el_class=\u00a0\u00bbpetit-titre petit-titre-txt\u00a0\u00bb]La probl\u00e9matique[\/vc_column_text][vc_column_text]Les <span class=\"fort\">variations<\/span> de pression, et notamment les <strong class=\"d2b\">hautes-pressions<\/strong> d\u00e8s quelques <span class=\"fort\">dizaines de bars<\/span>, peuvent affecter l&rsquo;int\u00e9grit\u00e9 m\u00e9canique d&rsquo;un assemblage \u00e0 base de fibres optiques. Cela peut avoir des r\u00e9percussions dramatiques sur l&rsquo;<span class=\"fort\">\u00e9tanch\u00e9it\u00e9<\/span> d&rsquo;un syst\u00e8me. En effet, en plus des dommages m\u00e9caniques, des <span class=\"fort\">infiltrations<\/span> de fluides, d&rsquo;humidit\u00e9 ou de contaminants peuvent mettre en <span class=\"fort\">p\u00e9ril<\/span> toute une installation.[\/vc_column_text][\/vc_column][\/vc_row][vc_row full_width=\u00a0\u00bbstretch_row\u00a0\u00bb gap=\u00a0\u00bb20&Prime; content_placement=\u00a0\u00bbmiddle\u00a0\u00bb css=\u00a0\u00bb.vc_custom_1708075580996{background-color: #ea8599 !important;}\u00a0\u00bb][vc_column width=\u00a0\u00bb2\/3&Prime;][vc_row_inner][vc_column_inner][vc_raw_html el_class=\u00a0\u00bbpetit-titre\u00a0\u00bb]JTNDcCUzRU5vdHJlJTNDc3BhbiUyMGNsYXNzJTNEJTIycG9pbnQtcm91Z2UlMjBwb2ludC1wZXRpdCUyMiUzRSUzQyUyRnNwYW4lM0VFeHBlcnRpc2UlM0MlMkZwJTNF[\/vc_raw_html][vc_column_text]Notre savoir-faire et notre expertise des environnements complexes ou extr\u00eames permettent \u00e0 SEDI-ATI Fibres Optiques de vous proposer des <strong class=\"d2b\">solutions \u00e0 base de fibre optique<\/strong> r\u00e9sistant \u00e0 de <strong class=\"d2b\">tr\u00e8s hautes pressions<\/strong> pouvant atteindre jusqu\u2019\u00e0 5 000 bars. Pour ce type d&rsquo;applications, le choix des mat\u00e9riaux, des rev\u00eatements, du type de fibre, et surtout de la technologie de scellement, vont \u00eatre cruciaux. Nous adaptons les mat\u00e9riaux selon votre environnement. Ainsi, la fibre est s\u00e9lectionn\u00e9e parmi une large gamme de fibres \u00e0 rev\u00eatements aluminium, cuivre, carbone, acrylique, etc, et les scellements (epoxy, brasure, enverrage\u2026) sont adapt\u00e9s pour que votre solution soit durable et r\u00e9sistante.<\/p>\n<p>Toutes nos gammes de <a style=\"color: black;\" href=\"https:\/\/www.sedi-ati.com\/fr\/traversees-et-passages-etanches-a-fibres-optiques\/\">travers\u00e9es \u00e9tanches<\/a>, <a style=\"color: black;\" href=\"https:\/\/www.sedi-ati.com\/fr\/cordons-et-cables-fibre-optique-speciaux\/\">cordons et c\u00e2bles sp\u00e9ciaux<\/a>, <a style=\"color: black;\" href=\"https:\/\/www.sedi-ati.com\/fr\/connecteurs-optiques-et-raccords\/\">connecteurs<\/a>, <a style=\"color: black;\" href=\"https:\/\/www.sedi-ati.com\/fr\/coupleurs-fibre-optique-multimodes\/\">coupleurs<\/a>, <a style=\"color: black;\" href=\"https:\/\/www.sedi-ati.com\/fr\/multiplexeurs-de-longueurs-dondes-multimodes\/\">multiplexeurs<\/a>, etc, sont personnalisables pour r\u00e9sister \u00e0 vos contraintes. Aussi, nos travers\u00e9es \u00e9tanches sont sp\u00e9cialement con\u00e7ues pour r\u00e9sister aux pressions extr\u00eames et sont param\u00e9trables exclusivement sur demande.[\/vc_column_text][\/vc_column_inner][\/vc_row_inner][\/vc_column][vc_column width=\u00a0\u00bb1\/3&Prime;][vc_images_carousel images=\u00a0\u00bb19436,19438,19434,19440,19442&Prime; img_size=\u00a0\u00bbfull\u00a0\u00bb onclick=\u00a0\u00bbcustom_link\u00a0\u00bb custom_links_target=\u00a0\u00bb_blank\u00a0\u00bb speed=\u00a0\u00bb4000&Prime; autoplay=\u00a0\u00bbyes\u00a0\u00bb hide_pagination_control=\u00a0\u00bbyes\u00a0\u00bb wrap=\u00a0\u00bbyes\u00a0\u00bb custom_links=\u00a0\u00bb#E-8_aHR0cHMlM0ElMkYlMkZ3d3cuc2VkaS1hdGkuY29tJTJGZnIlMkZ0cmF2ZXJzZWVzLWV0LXBhc3NhZ2VzLWV0YW5jaGVzLWEtZmlicmVzLW9wdGlxdWVzJTJGdHJhdmVyc2Vlcy1ldGFuY2hlcy1maWJyZXMtb3B0aXF1ZXMtcG91ci1sZS12aWRlLWV0LWxhLXByZXNzaW9uLWp1c3F1YS0xMDAwLWJhcnMlMkYlMkNodHRwcyUzQSUyRiUyRnd3dy5zZWRpLWF0aS5jb20lMkZmciUyRnRyYXZlcnNlZXMtZXQtcGFzc2FnZXMtZXRhbmNoZXMtYS1maWJyZXMtb3B0aXF1ZXMlMkZ0cmF2ZXJzZWVzLWV0YW5jaGVzLWZpYnJlcy1vcHRpcXVlcy1yZWNvbmZpZ3VyYWJsZXMtdmlkZS1wcmVzc2lvbi02MDAtYmFycyUyRiUyQ2h0dHBzJTNBJTJGJTJGd3d3LnNlZGktYXRpLmNvbSUyRmZyJTJGdHJhdmVyc2Vlcy1ldC1wYXNzYWdlcy1ldGFuY2hlcy1hLWZpYnJlcy1vcHRpcXVlcyUyRiUyQ2h0dHBzJTNBJTJGJTJGd3d3LnNlZGktYXRpLmNvbSUyRmZyJTJGY29ubmVjdGV1cnMtb3B0aXF1ZXMtZXQtcmFjY29yZHMlMkZmY3h0cmVtZS1jb25uZWN0ZXVyLXBvdXItYXBwbGljYXRpb25zLWRlLWRlZmVuc2UtZXQtYWVyb3NwYXRpYWxlcyUyRiUyQ2h0dHBzJTNBJTJGJTJGd3d3LnNlZGktYXRpLmNvbSUyRmZyJTJGcHJvZHVjdCUyRmJvYmluZXMtZmlicmUtb3B0aXF1ZS1wb3VyLXZlaGljdWxlcy1maWxvZ3VpZGVzJTJGYm9iaW5lLWRlLWZpYnJlLW9wdGlxdWUtZGVwbG95YWJsZS1wb3VyLWFwcGxpY2F0aW9ucy1tYXJpbmVzJTJG\u00a0\u00bb el_class=\u00a0\u00bbcentrer\u00a0\u00bb][\/vc_column][\/vc_row][vc_row full_width=\u00a0\u00bbstretch_row\u00a0\u00bb][vc_column][vc_text_separator title=\u00a0\u00bbCas clients li\u00e9s\u00a0\u00bb title_align=\u00a0\u00bbseparator_align_left\u00a0\u00bb color=\u00a0\u00bbcustom\u00a0\u00bb border_width=\u00a0\u00bb2&Prime; accent_color=\u00a0\u00bb#0a0a0a\u00a0\u00bb el_class=\u00a0\u00bbpetit-titre\u00a0\u00bb][vc_empty_space height=\u00a0\u00bb10px\u00a0\u00bb][vc_basic_grid post_type=\u00a0\u00bbcas_client\u00a0\u00bb max_items=\u00a0\u00bb10&Prime; item=\u00a0\u00bb14900&Prime; grid_id=\u00a0\u00bbvc_gid:1713892381662-90fc75ab-be89-10&Prime; taxonomies=\u00a0\u00bb434106, 434102, 434121, 434120&Prime;][\/vc_column][\/vc_row][vc_row full_width=\u00a0\u00bbstretch_row\u00a0\u00bb][vc_column el_class=\u00a0\u00bbblock-cat-prod\u00a0\u00bb][vc_text_separator title=\u00a0\u00bbCat\u00e9gories produits\u00a0\u00bb title_align=\u00a0\u00bbseparator_align_left\u00a0\u00bb color=\u00a0\u00bbcustom\u00a0\u00bb border_width=\u00a0\u00bb2&Prime; accent_color=\u00a0\u00bb#0a0a0a\u00a0\u00bb el_class=\u00a0\u00bbpetit-titre\u00a0\u00bb][vc_empty_space height=\u00a0\u00bb10px\u00a0\u00bb]<div class=\"woocommerce columns-3\">\n<div class=\"products_wrapper mfn-woo-products isotope_wrapper default-woo-loop lm_wrapper\">\n\t<ul class=\"products mfn-product-badges-left\">\n<li class=\"product-category product first\">\n\t<a aria-label=\"Acc\u00e9der \u00e0 la cat\u00e9gorie de produits Travers\u00e9es et passages \u00e9tanches \u00e0 fibres optiques\" href=\"https:\/\/www.sedi-ati.com\/fr\/traversees-et-passages-etanches-a-fibres-optiques\/\"><img loading=\"lazy\" decoding=\"async\" src=\"https:\/\/www.sedi-ati.com\/wp-content\/uploads\/2020\/04\/thumbnail-fiber-optic-hermetic-feedthroughs-overview-3.jpg\" alt=\"Travers\u00e9es et passages \u00e9tanches \u00e0 fibres optiques\" width=\"800\" height=\"800\" srcset=\"https:\/\/www.sedi-ati.com\/wp-content\/uploads\/2020\/04\/thumbnail-fiber-optic-hermetic-feedthroughs-overview-3.jpg 600w, https:\/\/www.sedi-ati.com\/wp-content\/uploads\/2020\/04\/thumbnail-fiber-optic-hermetic-feedthroughs-overview-3-300x300.jpg 300w, https:\/\/www.sedi-ati.com\/wp-content\/uploads\/2020\/04\/thumbnail-fiber-optic-hermetic-feedthroughs-overview-3-150x150.jpg 150w, https:\/\/www.sedi-ati.com\/wp-content\/uploads\/2020\/04\/thumbnail-fiber-optic-hermetic-feedthroughs-overview-3-400x400.jpg 400w, https:\/\/www.sedi-ati.com\/wp-content\/uploads\/2020\/04\/thumbnail-fiber-optic-hermetic-feedthroughs-overview-3-85x85.jpg 85w, https:\/\/www.sedi-ati.com\/wp-content\/uploads\/2020\/04\/thumbnail-fiber-optic-hermetic-feedthroughs-overview-3-32x32.jpg 32w\" sizes=\"auto, (max-width:767px) 480px, 600px\" \/>\t\t<h2 class=\"woocommerce-loop-category__title\">\n\t\t\tTravers\u00e9es et passages \u00e9tanches \u00e0 fibres optiques <mark class=\"count\">(12)<\/mark>\t\t<\/h2>\n\t\t<\/a><\/li>\n<li class=\"product-category product\">\n\t<a aria-label=\"Acc\u00e9der \u00e0 la cat\u00e9gorie de produits Bobines fibre optique pour v\u00e9hicules filoguid\u00e9s\" href=\"https:\/\/www.sedi-ati.com\/fr\/bobines-fibre-optique-pour-vehicules-filoguides\/\"><img loading=\"lazy\" decoding=\"async\" src=\"https:\/\/www.sedi-ati.com\/wp-content\/uploads\/2020\/04\/thumbnail-bench-of-spools-for-tethered-vehicles-3-e1730302782426.jpg\" alt=\"Bobines fibre optique pour v\u00e9hicules filoguid\u00e9s\" width=\"800\" height=\"800\" \/>\t\t<h2 class=\"woocommerce-loop-category__title\">\n\t\t\tBobines fibre optique pour v\u00e9hicules filoguid\u00e9s <mark class=\"count\">(5)<\/mark>\t\t<\/h2>\n\t\t<\/a><\/li>\n<li class=\"product-category product last\">\n\t<a aria-label=\"Acc\u00e9der \u00e0 la cat\u00e9gorie de produits Connecteurs optiques et accessoires\" href=\"https:\/\/www.sedi-ati.com\/fr\/connecteurs-optiques-et-raccords\/\"><img loading=\"lazy\" decoding=\"async\" src=\"https:\/\/www.sedi-ati.com\/wp-content\/uploads\/2021\/09\/thumbnail-adapters-and-connectors-1.jpg\" alt=\"Connecteurs optiques et accessoires\" width=\"800\" height=\"800\" srcset=\"https:\/\/www.sedi-ati.com\/wp-content\/uploads\/2021\/09\/thumbnail-adapters-and-connectors-1.jpg 300w, https:\/\/www.sedi-ati.com\/wp-content\/uploads\/2021\/09\/thumbnail-adapters-and-connectors-1-150x150.jpg 150w, https:\/\/www.sedi-ati.com\/wp-content\/uploads\/2021\/09\/thumbnail-adapters-and-connectors-1-146x146.jpg 146w, https:\/\/www.sedi-ati.com\/wp-content\/uploads\/2021\/09\/thumbnail-adapters-and-connectors-1-50x50.jpg 50w, https:\/\/www.sedi-ati.com\/wp-content\/uploads\/2021\/09\/thumbnail-adapters-and-connectors-1-75x75.jpg 75w, https:\/\/www.sedi-ati.com\/wp-content\/uploads\/2021\/09\/thumbnail-adapters-and-connectors-1-85x85.jpg 85w, https:\/\/www.sedi-ati.com\/wp-content\/uploads\/2021\/09\/thumbnail-adapters-and-connectors-1-80x80.jpg 80w\" sizes=\"auto, (max-width:767px) 300px, 300px\" \/>\t\t<h2 class=\"woocommerce-loop-category__title\">\n\t\t\tConnecteurs optiques et accessoires <mark class=\"count\">(6)<\/mark>\t\t<\/h2>\n\t\t<\/a><\/li>\n\n\t<\/ul>\n<\/div><\/div>[\/vc_column][\/vc_row][vc_row full_width=\u00a0\u00bbstretch_row\u00a0\u00bb css=\u00a0\u00bb.vc_custom_1705587087843{background-color: #dfe2e8 !important;}\u00a0\u00bb][vc_column][vc_row_inner][vc_column_inner width=\u00a0\u00bb1\/6&Prime;][\/vc_column_inner][vc_column_inner el_class=\u00a0\u00bbshadow border-radius-hd-bd line-bottom line-blue\u00a0\u00bb width=\u00a0\u00bb2\/3&Prime; css=\u00a0\u00bb.vc_custom_1705587270392{background-color: #ffffff !important;}\u00a0\u00bb][vc_column_text]<\/p>\n<p style=\"text-align: center;\">N&rsquo;h\u00e9sitez pas \u00e0 nous contacter pour nous faire part de votre demande<\/p>\n<p>[\/vc_column_text][vc_btn title=\u00a0\u00bbNous contacter\u00a0\u00bb style=\u00a0\u00bbcustom\u00a0\u00bb custom_background=\u00a0\u00bb#132f40&Prime; custom_text=\u00a0\u00bb#ffffff\u00a0\u00bb shape=\u00a0\u00bbsquare\u00a0\u00bb align=\u00a0\u00bbcenter\u00a0\u00bb link=\u00a0\u00bburl:https%3A%2F%2Fwww.sedi-ati.com%2Ffr%2Fcontact%2F\u00a0\u00bb el_class=\u00a0\u00bbline-bottom line-blue\u00a0\u00bb][\/vc_column_inner][vc_column_inner width=\u00a0\u00bb1\/6&Prime;][\/vc_column_inner][\/vc_row_inner][\/vc_column][\/vc_row][vc_row][vc_column][vc_btn title=\u00a0\u00bb^\u00a0\u00bb style=\u00a0\u00bbflat\u00a0\u00bb shape=\u00a0\u00bbsquare\u00a0\u00bb link=\u00a0\u00bburl:%23Wrapper\u00a0\u00bb el_class=\u00a0\u00bbbtn-haut\u00a0\u00bb][\/vc_column][\/vc_row]<\/p>\n<\/section>","protected":false},"excerpt":{"rendered":"<p>[vc_row content_placement=\u00a0\u00bbmiddle\u00a0\u00bb el_class=\u00a0\u00bbz-index-1 chevauchement-horizontal-range range-applications\u00a0\u00bb][vc_column width=\u00a0\u00bb3\/5&Prime; el_class=\u00a0\u00bbshadow border-radius-hd-bd line-bottom line-blue txt-blanc block-grand-text\u00a0\u00bb css=\u00a0\u00bb.vc_custom_1709134732097{background-color: #ea2e51 !important;}\u00a0\u00bb][vc_raw_html el_class=\u00a0\u00bbgros-titre flex-column-mobile\u00a0\u00bb]JTNDcCUzRVByZXNzaW9ucyUzQ3NwYW4lMjBjbGFzcyUzRCUyMnBvaW50LXJvdWdlJTIwcG9pbnQtYmxhbmMlMjIlM0UlM0MlMkZzcGFuJTNFRXh0ciVDMyVBQW1lcyUzQyUyRnAlM0U=[\/vc_raw_html][vc_column_text el_class=\u00a0\u00bbtitre-baseline\u00a0\u00bb] Assemblages \u00e0 base de fibres optiques r\u00e9sistant aux<span class=\"excerpt-hellip\"> [\u2026]<\/span><\/p>\n","protected":false},"author":7,"featured_media":0,"parent":5000,"menu_order":0,"comment_status":"closed","ping_status":"closed","template":"","meta":{"_acf_changed":false,"rs_blank_template":"","rs_page_bg_color":"","slide_template_v7":"","footnotes":""},"class_list":["post-17942","page","type-page","status-publish","hentry"],"acf":[],"yoast_head":"<!-- This site is optimized with the Yoast SEO plugin v27.3 - https:\/\/yoast.com\/product\/yoast-seo-wordpress\/ -->\n<title>Composant fibre optique pour haute pression, fabricant assemblage optique pression extr\u00eame<\/title>\n<meta name=\"description\" content=\"SEDI-ATI Fibres Optiques vous propose des assemblages ou solutions \u00e0 base de fibres optiques capables de r\u00e9sister aux tr\u00e8s fortes pressions (hyperbare). Contactez-nous !\" \/>\n<meta name=\"robots\" content=\"index, follow, max-snippet:-1, max-image-preview:large, max-video-preview:-1\" \/>\n<link rel=\"canonical\" href=\"https:\/\/www.sedi-ati.com\/fr\/solution-fibre-optique-environnement-extreme\/pressions-extremes\/\" \/>\n<meta property=\"og:locale\" content=\"fr_FR\" \/>\n<meta property=\"og:type\" content=\"article\" \/>\n<meta property=\"og:title\" content=\"Composant fibre optique pour haute pression, fabricant assemblage optique pression extr\u00eame\" \/>\n<meta property=\"og:description\" content=\"SEDI-ATI Fibres Optiques vous propose des assemblages ou solutions \u00e0 base de fibres optiques capables de r\u00e9sister aux tr\u00e8s fortes pressions (hyperbare). Contactez-nous !\" \/>\n<meta property=\"og:url\" content=\"https:\/\/www.sedi-ati.com\/fr\/solution-fibre-optique-environnement-extreme\/pressions-extremes\/\" \/>\n<meta property=\"og:site_name\" content=\"SEDI-ATI\" \/>\n<meta property=\"article:modified_time\" content=\"2024-04-23T18:22:23+00:00\" \/>\n<meta name=\"twitter:card\" content=\"summary_large_image\" \/>\n<meta name=\"twitter:label1\" content=\"Dur\u00e9e de lecture estim\u00e9e\" \/>\n\t<meta name=\"twitter:data1\" content=\"3 minutes\" \/>\n<script type=\"application\/ld+json\" class=\"yoast-schema-graph\">{\"@context\":\"https:\\\/\\\/schema.org\",\"@graph\":[{\"@type\":\"WebPage\",\"@id\":\"https:\\\/\\\/www.sedi-ati.com\\\/fr\\\/solution-fibre-optique-environnement-extreme\\\/pressions-extremes\\\/\",\"url\":\"https:\\\/\\\/www.sedi-ati.com\\\/fr\\\/solution-fibre-optique-environnement-extreme\\\/pressions-extremes\\\/\",\"name\":\"Composant fibre optique pour haute pression, fabricant assemblage optique pression extr\u00eame\",\"isPartOf\":{\"@id\":\"https:\\\/\\\/www.sedi-ati.com\\\/fr\\\/#website\"},\"datePublished\":\"2024-01-29T10:41:24+00:00\",\"dateModified\":\"2024-04-23T18:22:23+00:00\",\"description\":\"SEDI-ATI Fibres Optiques vous propose des assemblages ou solutions \u00e0 base de fibres optiques capables de r\u00e9sister aux tr\u00e8s fortes pressions (hyperbare). Contactez-nous !\",\"breadcrumb\":{\"@id\":\"https:\\\/\\\/www.sedi-ati.com\\\/fr\\\/solution-fibre-optique-environnement-extreme\\\/pressions-extremes\\\/#breadcrumb\"},\"inLanguage\":\"fr-FR\",\"potentialAction\":[{\"@type\":\"ReadAction\",\"target\":[\"https:\\\/\\\/www.sedi-ati.com\\\/fr\\\/solution-fibre-optique-environnement-extreme\\\/pressions-extremes\\\/\"]}]},{\"@type\":\"BreadcrumbList\",\"@id\":\"https:\\\/\\\/www.sedi-ati.com\\\/fr\\\/solution-fibre-optique-environnement-extreme\\\/pressions-extremes\\\/#breadcrumb\",\"itemListElement\":[{\"@type\":\"ListItem\",\"position\":1,\"name\":\"Home\",\"item\":\"https:\\\/\\\/www.sedi-ati.com\\\/fr\\\/\"},{\"@type\":\"ListItem\",\"position\":2,\"name\":\"Environnements extr\u00eames\",\"item\":\"https:\\\/\\\/www.sedi-ati.com\\\/fr\\\/solution-fibre-optique-environnement-extreme\\\/\"},{\"@type\":\"ListItem\",\"position\":3,\"name\":\"Solution fibre optique pour pressions extr\u00eames\"}]},{\"@type\":\"WebSite\",\"@id\":\"https:\\\/\\\/www.sedi-ati.com\\\/fr\\\/#website\",\"url\":\"https:\\\/\\\/www.sedi-ati.com\\\/fr\\\/\",\"name\":\"SEDI-ATI\",\"description\":\"Assemblages de fibres optiques sur mesure, bundles, fentes et pieuvres\",\"publisher\":{\"@id\":\"https:\\\/\\\/www.sedi-ati.com\\\/fr\\\/#organization\"},\"potentialAction\":[{\"@type\":\"SearchAction\",\"target\":{\"@type\":\"EntryPoint\",\"urlTemplate\":\"https:\\\/\\\/www.sedi-ati.com\\\/fr\\\/?s={search_term_string}\"},\"query-input\":{\"@type\":\"PropertyValueSpecification\",\"valueRequired\":true,\"valueName\":\"search_term_string\"}}],\"inLanguage\":\"fr-FR\"},{\"@type\":\"Organization\",\"@id\":\"https:\\\/\\\/www.sedi-ati.com\\\/fr\\\/#organization\",\"name\":\"SEDI-ATI\",\"url\":\"https:\\\/\\\/www.sedi-ati.com\\\/fr\\\/\",\"logo\":{\"@type\":\"ImageObject\",\"inLanguage\":\"fr-FR\",\"@id\":\"https:\\\/\\\/www.sedi-ati.com\\\/fr\\\/#\\\/schema\\\/logo\\\/image\\\/\",\"url\":\"https:\\\/\\\/www.sedi-ati.com\\\/wp-content\\\/uploads\\\/2019\\\/10\\\/Logo_SEDI-ATI_2019_avec-baseline.png\",\"contentUrl\":\"https:\\\/\\\/www.sedi-ati.com\\\/wp-content\\\/uploads\\\/2019\\\/10\\\/Logo_SEDI-ATI_2019_avec-baseline.png\",\"width\":300,\"height\":73,\"caption\":\"SEDI-ATI\"},\"image\":{\"@id\":\"https:\\\/\\\/www.sedi-ati.com\\\/fr\\\/#\\\/schema\\\/logo\\\/image\\\/\"},\"sameAs\":[\"https:\\\/\\\/www.linkedin.com\\\/company\\\/sedi-ati-fibres-optiques\\\/\",\"https:\\\/\\\/www.youtube.com\\\/@sedi-ati-fibres-optiques\"]}]}<\/script>\n<!-- \/ Yoast SEO plugin. -->","yoast_head_json":{"title":"Composant fibre optique pour haute pression, fabricant assemblage optique pression extr\u00eame","description":"SEDI-ATI Fibres Optiques vous propose des assemblages ou solutions \u00e0 base de fibres optiques capables de r\u00e9sister aux tr\u00e8s fortes pressions (hyperbare). Contactez-nous !","robots":{"index":"index","follow":"follow","max-snippet":"max-snippet:-1","max-image-preview":"max-image-preview:large","max-video-preview":"max-video-preview:-1"},"canonical":"https:\/\/www.sedi-ati.com\/fr\/solution-fibre-optique-environnement-extreme\/pressions-extremes\/","og_locale":"fr_FR","og_type":"article","og_title":"Composant fibre optique pour haute pression, fabricant assemblage optique pression extr\u00eame","og_description":"SEDI-ATI Fibres Optiques vous propose des assemblages ou solutions \u00e0 base de fibres optiques capables de r\u00e9sister aux tr\u00e8s fortes pressions (hyperbare). Contactez-nous !","og_url":"https:\/\/www.sedi-ati.com\/fr\/solution-fibre-optique-environnement-extreme\/pressions-extremes\/","og_site_name":"SEDI-ATI","article_modified_time":"2024-04-23T18:22:23+00:00","twitter_card":"summary_large_image","twitter_misc":{"Dur\u00e9e de lecture estim\u00e9e":"3 minutes"},"schema":{"@context":"https:\/\/schema.org","@graph":[{"@type":"WebPage","@id":"https:\/\/www.sedi-ati.com\/fr\/solution-fibre-optique-environnement-extreme\/pressions-extremes\/","url":"https:\/\/www.sedi-ati.com\/fr\/solution-fibre-optique-environnement-extreme\/pressions-extremes\/","name":"Composant fibre optique pour haute pression, fabricant assemblage optique pression extr\u00eame","isPartOf":{"@id":"https:\/\/www.sedi-ati.com\/fr\/#website"},"datePublished":"2024-01-29T10:41:24+00:00","dateModified":"2024-04-23T18:22:23+00:00","description":"SEDI-ATI Fibres Optiques vous propose des assemblages ou solutions \u00e0 base de fibres optiques capables de r\u00e9sister aux tr\u00e8s fortes pressions (hyperbare). Contactez-nous !","breadcrumb":{"@id":"https:\/\/www.sedi-ati.com\/fr\/solution-fibre-optique-environnement-extreme\/pressions-extremes\/#breadcrumb"},"inLanguage":"fr-FR","potentialAction":[{"@type":"ReadAction","target":["https:\/\/www.sedi-ati.com\/fr\/solution-fibre-optique-environnement-extreme\/pressions-extremes\/"]}]},{"@type":"BreadcrumbList","@id":"https:\/\/www.sedi-ati.com\/fr\/solution-fibre-optique-environnement-extreme\/pressions-extremes\/#breadcrumb","itemListElement":[{"@type":"ListItem","position":1,"name":"Home","item":"https:\/\/www.sedi-ati.com\/fr\/"},{"@type":"ListItem","position":2,"name":"Environnements extr\u00eames","item":"https:\/\/www.sedi-ati.com\/fr\/solution-fibre-optique-environnement-extreme\/"},{"@type":"ListItem","position":3,"name":"Solution fibre optique pour pressions extr\u00eames"}]},{"@type":"WebSite","@id":"https:\/\/www.sedi-ati.com\/fr\/#website","url":"https:\/\/www.sedi-ati.com\/fr\/","name":"SEDI-ATI","description":"Assemblages de fibres optiques sur mesure, bundles, fentes et pieuvres","publisher":{"@id":"https:\/\/www.sedi-ati.com\/fr\/#organization"},"potentialAction":[{"@type":"SearchAction","target":{"@type":"EntryPoint","urlTemplate":"https:\/\/www.sedi-ati.com\/fr\/?s={search_term_string}"},"query-input":{"@type":"PropertyValueSpecification","valueRequired":true,"valueName":"search_term_string"}}],"inLanguage":"fr-FR"},{"@type":"Organization","@id":"https:\/\/www.sedi-ati.com\/fr\/#organization","name":"SEDI-ATI","url":"https:\/\/www.sedi-ati.com\/fr\/","logo":{"@type":"ImageObject","inLanguage":"fr-FR","@id":"https:\/\/www.sedi-ati.com\/fr\/#\/schema\/logo\/image\/","url":"https:\/\/www.sedi-ati.com\/wp-content\/uploads\/2019\/10\/Logo_SEDI-ATI_2019_avec-baseline.png","contentUrl":"https:\/\/www.sedi-ati.com\/wp-content\/uploads\/2019\/10\/Logo_SEDI-ATI_2019_avec-baseline.png","width":300,"height":73,"caption":"SEDI-ATI"},"image":{"@id":"https:\/\/www.sedi-ati.com\/fr\/#\/schema\/logo\/image\/"},"sameAs":["https:\/\/www.linkedin.com\/company\/sedi-ati-fibres-optiques\/","https:\/\/www.youtube.com\/@sedi-ati-fibres-optiques"]}]}},"_links":{"self":[{"href":"https:\/\/www.sedi-ati.com\/fr\/wp-json\/wp\/v2\/pages\/17942","targetHints":{"allow":["GET"]}}],"collection":[{"href":"https:\/\/www.sedi-ati.com\/fr\/wp-json\/wp\/v2\/pages"}],"about":[{"href":"https:\/\/www.sedi-ati.com\/fr\/wp-json\/wp\/v2\/types\/page"}],"author":[{"embeddable":true,"href":"https:\/\/www.sedi-ati.com\/fr\/wp-json\/wp\/v2\/users\/7"}],"replies":[{"embeddable":true,"href":"https:\/\/www.sedi-ati.com\/fr\/wp-json\/wp\/v2\/comments?post=17942"}],"version-history":[{"count":6,"href":"https:\/\/www.sedi-ati.com\/fr\/wp-json\/wp\/v2\/pages\/17942\/revisions"}],"predecessor-version":[{"id":19444,"href":"https:\/\/www.sedi-ati.com\/fr\/wp-json\/wp\/v2\/pages\/17942\/revisions\/19444"}],"up":[{"embeddable":true,"href":"https:\/\/www.sedi-ati.com\/fr\/wp-json\/wp\/v2\/pages\/5000"}],"wp:attachment":[{"href":"https:\/\/www.sedi-ati.com\/fr\/wp-json\/wp\/v2\/media?parent=17942"}],"curies":[{"name":"wp","href":"https:\/\/api.w.org\/{rel}","templated":true}]}}