{"id":18191,"date":"2024-02-08T10:59:13","date_gmt":"2024-02-08T09:59:13","guid":{"rendered":"https:\/\/www.sedi-ati.com\/?page_id=18191"},"modified":"2024-02-19T14:57:30","modified_gmt":"2024-02-19T13:57:30","slug":"alertes-fraudes-bancaires-et-precautions","status":"publish","type":"page","link":"https:\/\/www.sedi-ati.com\/fr\/alertes-fraudes-bancaires-et-precautions\/","title":{"rendered":"Alertes fraudes bancaires et pr\u00e9cautions"},"content":{"rendered":"<section class=\"wpb-content-wrapper\"><p>[vc_row][vc_column][vc_empty_space height=\u00a0\u00bb10px\u00a0\u00bb][vc_column_text el_class=\u00a0\u00bbgros titre\u00a0\u00bb]<\/p>\n<h2><span style=\"color: #ee2d2a;\">Alertes fraudes bancaires<\/span><\/h2>\n<p>[\/vc_column_text][vc_column_text]Nous tenons \u00e0 vous informer d&rsquo;une situation pr\u00e9occupante qui pourrait affecter la s\u00e9curit\u00e9 de vos informations bancaires.<\/p>\n<p>R\u00e9cemment, un de nos clients a \u00e9t\u00e9 victime de fraudes bancaires \u00e0 la suite de la r\u00e9ception d&#8217;emails frauduleux pr\u00e9tendant concerner un changement de coordonn\u00e9es bancaires. Il s\u2019agit d\u2019une pratique actuelle de personnes usurpant l\u2019identit\u00e9 de professionnels aupr\u00e8s de leurs clients afin d&rsquo;obtenir aupr\u00e8s d&rsquo;eux le paiement de factures intercept\u00e9es et modifi\u00e9es \u00e0 notre insu (\u00ab Escroquerie \u00bb).<\/p>\n<p>Ces fraudes sont r\u00e9alis\u00e9es \u00e0 partir de la r\u00e9plication &#8211; parfois identique &#8211; des adresses e-mail des collaborateurs ainsi que des signes distinctifs tel que le logo.<\/p>\n<p>Les fraudeurs peuvent ainsi cr\u00e9er des noms de domaine de sites Web qui ressemblent \u00e0 s&rsquo;y m\u00e9prendre \u00e0 des domaines r\u00e9els, afin d&rsquo;essayer de faire croire qu&rsquo;ils correspondent avec une adresse \u00e9lectronique authentique.[\/vc_column_text][vc_empty_space height=\u00a0\u00bb10px\u00a0\u00bb][vc_column_text el_class=\u00a0\u00bbgros titre\u00a0\u00bb]<\/p>\n<h2><span style=\"color: #0077bf;\">Pr\u00e9cautions \u00e0 prendre<\/span><\/h2>\n<p>[\/vc_column_text][vc_column_text]Nous prenons cette situation tr\u00e8s au s\u00e9rieux et souhaitons vous fournir quelques recommandations importantes pour prot\u00e9ger vos donn\u00e9es financi\u00e8res :<\/p>\n<ul>\n<li><strong> V\u00e9rification des emails<\/strong> : Soyez extr\u00eamement vigilant(e) lors de la r\u00e9ception d&#8217;emails pr\u00e9tendument envoy\u00e9s par SEDI-ATI et l\u2019ensemble de vos autres fournisseurs. Assurez-vous toujours de v\u00e9rifier l&rsquo;adresse email de l&rsquo;exp\u00e9diteur et soyez sceptique face \u00e0 toute demande inhabituelle.<\/li>\n<li><strong>V\u00e9rifiez que les coordonn\u00e9es bancaires sont correctes<\/strong>.\u00a0 Toute modification de nos coordonn\u00e9es bancaires vous sera toujours communiqu\u00e9e officiellement et ne sera pas simplement modifi\u00e9e sur une facture. Aussi, avant de proc\u00e9der \u00e0 tout changement de coordonn\u00e9es bancaires, contactez directement vos contacts habituels par t\u00e9l\u00e9phone pour confirmer l&rsquo;authenticit\u00e9 de la demande.<\/li>\n<li><strong> Signalement des tentatives de fraude<\/strong> : Si vous recevez un email suspect ou avez des raisons de croire que vous pourriez \u00eatre la cible d&rsquo;une fraude, veuillez nous contacter imm\u00e9diatement par t\u00e9l\u00e9phone afin que nous puissions prendre les mesures n\u00e9cessaires.<\/li>\n<\/ul>\n<p>En cas de doute, appelez toujours votre contact privil\u00e9gi\u00e9 au sein de notre soci\u00e9t\u00e9 (\u00e0 un num\u00e9ro connu\/confirm\u00e9) pour v\u00e9rification\/assistance. N&rsquo;utilisez pas simplement les num\u00e9ros de t\u00e9l\u00e9phone non valid\u00e9s fournis sur la facture ou le mail car ils renvoient souvent \u00e0 des syst\u00e8mes t\u00e9l\u00e9phoniques frauduleux qui valident faussement des informations de compte erron\u00e9es.[\/vc_column_text][vc_column_text]<\/p>\n<p style=\"text-align: center;\"><strong>Merci de votre compr\u00e9hension et de votre vigilance.<\/strong><\/p>\n<p>[\/vc_column_text][vc_empty_space height=\u00a0\u00bb20px\u00a0\u00bb][\/vc_column][\/vc_row][vc_row full_width=\u00a0\u00bbstretch_row\u00a0\u00bb content_placement=\u00a0\u00bbmiddle\u00a0\u00bb css=\u00a0\u00bb.vc_custom_1707385299268{background-color: #dfe2e8 !important;}\u00a0\u00bb][vc_column el_class=\u00a0\u00bbcentrer\u00a0\u00bb][vc_row_inner content_placement=\u00a0\u00bbmiddle\u00a0\u00bb][vc_column_inner width=\u00a0\u00bb1\/3&Prime;][\/vc_column_inner][vc_column_inner el_class=\u00a0\u00bbshadow border-radius-hd-bd line-bottom line-blue\u00a0\u00bb width=\u00a0\u00bb1\/3&Prime; css=\u00a0\u00bb.vc_custom_1707382795286{background-color: #ffffff !important;}\u00a0\u00bb][vc_column_text]<\/p>\n<p style=\"text-align: center;\">En cas de doutes, contactez-nous<\/p>\n<p>[\/vc_column_text][vc_raw_html el_class=\u00a0\u00bbcentrer btn-tel-fraude\u00a0\u00bb]JTNDZGl2JTIwY2xhc3MlM0QlMjJ2Y19idG4zLWNvbnRhaW5lciUyMCUyMGxpbmUtYm90dG9tJTIwbGluZS1ibHVlJTIwdmNfYnRuMy1pbmxpbmUlMjIlM0IlMjBzdHlsZSUzRCUyMnRleHQtYWxpZ24lM0FjZW50ZXIlMjAlMjFpbXBvcnRhbnQlMjIlM0UlMEElMjAlMjAlMjAlMjAlM0NhJTIwc3R5bGUlM0QlMjJiYWNrZ3JvdW5kLWNvbG9yJTNBJTIzMTMyZjQwJTNCJTIwY29sb3IlM0ElMjNmZmZmZmYlM0IlMjIlMjBjbGFzcyUzRCUyMnZjX2dlbmVyYWwlMjB2Y19idG4zJTIwdmNfYnRuMy1zaXplLW1kJTIwdmNfYnRuMy1zaGFwZS1zcXVhcmUlMjB2Y19idG4zLXN0eWxlLWN1c3RvbSUyMiUyMGhyZWYlM0QlMjJ0ZWwlM0ElMkIzMzE2OTM2NjQzMiUyMiUyMG9uY2xpY2slM0QlMjJfcGFxLnB1c2glMjglNUIlMjd0cmFja0xpbmslMjclMkMlMjAlMjdodHRwcyUzQSUyRiUyRnd3dy5zZWRpLWF0aS5jb20lMkZjbGljLXRlbCUyRmZyYXVkZSUyNyUyQyUyMCUyN2xpbmslMjclNUQlMjklM0IlMjIlM0VUJUMzJUE5bCUyMCUzQSUyMCUyQjMzJTIwMSUyMDY5JTIwMzYlMjA2NCUyMDMyJTNDJTJGYSUzRSUwQSUzQyUyRmRpdiUzRSUwQSUwQSUwQQ==[\/vc_raw_html][\/vc_column_inner][vc_column_inner width=\u00a0\u00bb1\/3&Prime;][\/vc_column_inner][\/vc_row_inner][\/vc_column][\/vc_row][vc_row][vc_column][vc_btn title=\u00a0\u00bb^\u00a0\u00bb style=\u00a0\u00bbflat\u00a0\u00bb shape=\u00a0\u00bbsquare\u00a0\u00bb link=\u00a0\u00bburl:%23Wrapper\u00a0\u00bb el_class=\u00a0\u00bbbtn-haut\u00a0\u00bb][\/vc_column][\/vc_row]<\/p>\n<\/section>","protected":false},"excerpt":{"rendered":"<p>[vc_row][vc_column][vc_empty_space height=\u00a0\u00bb10px\u00a0\u00bb][vc_column_text el_class=\u00a0\u00bbgros titre\u00a0\u00bb] Alertes fraudes bancaires [\/vc_column_text][vc_column_text]Nous tenons \u00e0 vous informer d&rsquo;une situation pr\u00e9occupante qui pourrait affecter la s\u00e9curit\u00e9 de vos informations bancaires. R\u00e9cemment, un<span class=\"excerpt-hellip\"> [\u2026]<\/span><\/p>\n","protected":false},"author":7,"featured_media":0,"parent":0,"menu_order":0,"comment_status":"closed","ping_status":"closed","template":"","meta":{"_acf_changed":false,"rs_blank_template":"","rs_page_bg_color":"","slide_template_v7":"","footnotes":""},"class_list":["post-18191","page","type-page","status-publish","hentry"],"acf":[],"yoast_head":"<!-- This site is optimized with the Yoast SEO plugin v27.3 - https:\/\/yoast.com\/product\/yoast-seo-wordpress\/ -->\n<title>Alertes fraudes bancaires et pr\u00e9cautions - SEDI-ATI<\/title>\n<meta name=\"description\" content=\"Nous tenons \u00e0 vous alerter suite de fraudes bancaires dont un de nos clients a \u00e9t\u00e9 victime. Il a re\u00e7u plusieurs emails frauduleux concernant un faux changement de coordonn\u00e9es bancaires.\" \/>\n<meta name=\"robots\" content=\"noindex, follow\" \/>\n<meta property=\"og:locale\" content=\"fr_FR\" \/>\n<meta property=\"og:type\" content=\"article\" \/>\n<meta property=\"og:title\" content=\"Alertes fraudes bancaires et pr\u00e9cautions - SEDI-ATI\" \/>\n<meta property=\"og:description\" content=\"Nous tenons \u00e0 vous alerter suite de fraudes bancaires dont un de nos clients a \u00e9t\u00e9 victime. Il a re\u00e7u plusieurs emails frauduleux concernant un faux changement de coordonn\u00e9es bancaires.\" \/>\n<meta property=\"og:url\" content=\"https:\/\/www.sedi-ati.com\/fr\/alertes-fraudes-bancaires-et-precautions\/\" \/>\n<meta property=\"og:site_name\" content=\"SEDI-ATI\" \/>\n<meta property=\"article:modified_time\" content=\"2024-02-19T13:57:30+00:00\" \/>\n<meta name=\"twitter:card\" content=\"summary_large_image\" \/>\n<meta name=\"twitter:label1\" content=\"Dur\u00e9e de lecture estim\u00e9e\" \/>\n\t<meta name=\"twitter:data1\" content=\"2 minutes\" \/>\n<script type=\"application\/ld+json\" class=\"yoast-schema-graph\">{\"@context\":\"https:\\\/\\\/schema.org\",\"@graph\":[{\"@type\":\"WebPage\",\"@id\":\"https:\\\/\\\/www.sedi-ati.com\\\/fr\\\/alertes-fraudes-bancaires-et-precautions\\\/\",\"url\":\"https:\\\/\\\/www.sedi-ati.com\\\/fr\\\/alertes-fraudes-bancaires-et-precautions\\\/\",\"name\":\"Alertes fraudes bancaires et pr\u00e9cautions - SEDI-ATI\",\"isPartOf\":{\"@id\":\"https:\\\/\\\/www.sedi-ati.com\\\/fr\\\/#website\"},\"datePublished\":\"2024-02-08T09:59:13+00:00\",\"dateModified\":\"2024-02-19T13:57:30+00:00\",\"description\":\"Nous tenons \u00e0 vous alerter suite de fraudes bancaires dont un de nos clients a \u00e9t\u00e9 victime. Il a re\u00e7u plusieurs emails frauduleux concernant un faux changement de coordonn\u00e9es bancaires.\",\"breadcrumb\":{\"@id\":\"https:\\\/\\\/www.sedi-ati.com\\\/fr\\\/alertes-fraudes-bancaires-et-precautions\\\/#breadcrumb\"},\"inLanguage\":\"fr-FR\",\"potentialAction\":[{\"@type\":\"ReadAction\",\"target\":[\"https:\\\/\\\/www.sedi-ati.com\\\/fr\\\/alertes-fraudes-bancaires-et-precautions\\\/\"]}]},{\"@type\":\"BreadcrumbList\",\"@id\":\"https:\\\/\\\/www.sedi-ati.com\\\/fr\\\/alertes-fraudes-bancaires-et-precautions\\\/#breadcrumb\",\"itemListElement\":[{\"@type\":\"ListItem\",\"position\":1,\"name\":\"Home\",\"item\":\"https:\\\/\\\/www.sedi-ati.com\\\/fr\\\/\"},{\"@type\":\"ListItem\",\"position\":2,\"name\":\"Alertes fraudes bancaires et pr\u00e9cautions\"}]},{\"@type\":\"WebSite\",\"@id\":\"https:\\\/\\\/www.sedi-ati.com\\\/fr\\\/#website\",\"url\":\"https:\\\/\\\/www.sedi-ati.com\\\/fr\\\/\",\"name\":\"SEDI-ATI\",\"description\":\"Assemblages de fibres optiques sur mesure, bundles, fentes et pieuvres\",\"publisher\":{\"@id\":\"https:\\\/\\\/www.sedi-ati.com\\\/fr\\\/#organization\"},\"potentialAction\":[{\"@type\":\"SearchAction\",\"target\":{\"@type\":\"EntryPoint\",\"urlTemplate\":\"https:\\\/\\\/www.sedi-ati.com\\\/fr\\\/?s={search_term_string}\"},\"query-input\":{\"@type\":\"PropertyValueSpecification\",\"valueRequired\":true,\"valueName\":\"search_term_string\"}}],\"inLanguage\":\"fr-FR\"},{\"@type\":\"Organization\",\"@id\":\"https:\\\/\\\/www.sedi-ati.com\\\/fr\\\/#organization\",\"name\":\"SEDI-ATI\",\"url\":\"https:\\\/\\\/www.sedi-ati.com\\\/fr\\\/\",\"logo\":{\"@type\":\"ImageObject\",\"inLanguage\":\"fr-FR\",\"@id\":\"https:\\\/\\\/www.sedi-ati.com\\\/fr\\\/#\\\/schema\\\/logo\\\/image\\\/\",\"url\":\"https:\\\/\\\/www.sedi-ati.com\\\/wp-content\\\/uploads\\\/2019\\\/10\\\/Logo_SEDI-ATI_2019_avec-baseline.png\",\"contentUrl\":\"https:\\\/\\\/www.sedi-ati.com\\\/wp-content\\\/uploads\\\/2019\\\/10\\\/Logo_SEDI-ATI_2019_avec-baseline.png\",\"width\":300,\"height\":73,\"caption\":\"SEDI-ATI\"},\"image\":{\"@id\":\"https:\\\/\\\/www.sedi-ati.com\\\/fr\\\/#\\\/schema\\\/logo\\\/image\\\/\"},\"sameAs\":[\"https:\\\/\\\/www.linkedin.com\\\/company\\\/sedi-ati-fibres-optiques\\\/\",\"https:\\\/\\\/www.youtube.com\\\/@sedi-ati-fibres-optiques\"]}]}<\/script>\n<!-- \/ Yoast SEO plugin. -->","yoast_head_json":{"title":"Alertes fraudes bancaires et pr\u00e9cautions - SEDI-ATI","description":"Nous tenons \u00e0 vous alerter suite de fraudes bancaires dont un de nos clients a \u00e9t\u00e9 victime. Il a re\u00e7u plusieurs emails frauduleux concernant un faux changement de coordonn\u00e9es bancaires.","robots":{"index":"noindex","follow":"follow"},"og_locale":"fr_FR","og_type":"article","og_title":"Alertes fraudes bancaires et pr\u00e9cautions - SEDI-ATI","og_description":"Nous tenons \u00e0 vous alerter suite de fraudes bancaires dont un de nos clients a \u00e9t\u00e9 victime. Il a re\u00e7u plusieurs emails frauduleux concernant un faux changement de coordonn\u00e9es bancaires.","og_url":"https:\/\/www.sedi-ati.com\/fr\/alertes-fraudes-bancaires-et-precautions\/","og_site_name":"SEDI-ATI","article_modified_time":"2024-02-19T13:57:30+00:00","twitter_card":"summary_large_image","twitter_misc":{"Dur\u00e9e de lecture estim\u00e9e":"2 minutes"},"schema":{"@context":"https:\/\/schema.org","@graph":[{"@type":"WebPage","@id":"https:\/\/www.sedi-ati.com\/fr\/alertes-fraudes-bancaires-et-precautions\/","url":"https:\/\/www.sedi-ati.com\/fr\/alertes-fraudes-bancaires-et-precautions\/","name":"Alertes fraudes bancaires et pr\u00e9cautions - SEDI-ATI","isPartOf":{"@id":"https:\/\/www.sedi-ati.com\/fr\/#website"},"datePublished":"2024-02-08T09:59:13+00:00","dateModified":"2024-02-19T13:57:30+00:00","description":"Nous tenons \u00e0 vous alerter suite de fraudes bancaires dont un de nos clients a \u00e9t\u00e9 victime. Il a re\u00e7u plusieurs emails frauduleux concernant un faux changement de coordonn\u00e9es bancaires.","breadcrumb":{"@id":"https:\/\/www.sedi-ati.com\/fr\/alertes-fraudes-bancaires-et-precautions\/#breadcrumb"},"inLanguage":"fr-FR","potentialAction":[{"@type":"ReadAction","target":["https:\/\/www.sedi-ati.com\/fr\/alertes-fraudes-bancaires-et-precautions\/"]}]},{"@type":"BreadcrumbList","@id":"https:\/\/www.sedi-ati.com\/fr\/alertes-fraudes-bancaires-et-precautions\/#breadcrumb","itemListElement":[{"@type":"ListItem","position":1,"name":"Home","item":"https:\/\/www.sedi-ati.com\/fr\/"},{"@type":"ListItem","position":2,"name":"Alertes fraudes bancaires et pr\u00e9cautions"}]},{"@type":"WebSite","@id":"https:\/\/www.sedi-ati.com\/fr\/#website","url":"https:\/\/www.sedi-ati.com\/fr\/","name":"SEDI-ATI","description":"Assemblages de fibres optiques sur mesure, bundles, fentes et pieuvres","publisher":{"@id":"https:\/\/www.sedi-ati.com\/fr\/#organization"},"potentialAction":[{"@type":"SearchAction","target":{"@type":"EntryPoint","urlTemplate":"https:\/\/www.sedi-ati.com\/fr\/?s={search_term_string}"},"query-input":{"@type":"PropertyValueSpecification","valueRequired":true,"valueName":"search_term_string"}}],"inLanguage":"fr-FR"},{"@type":"Organization","@id":"https:\/\/www.sedi-ati.com\/fr\/#organization","name":"SEDI-ATI","url":"https:\/\/www.sedi-ati.com\/fr\/","logo":{"@type":"ImageObject","inLanguage":"fr-FR","@id":"https:\/\/www.sedi-ati.com\/fr\/#\/schema\/logo\/image\/","url":"https:\/\/www.sedi-ati.com\/wp-content\/uploads\/2019\/10\/Logo_SEDI-ATI_2019_avec-baseline.png","contentUrl":"https:\/\/www.sedi-ati.com\/wp-content\/uploads\/2019\/10\/Logo_SEDI-ATI_2019_avec-baseline.png","width":300,"height":73,"caption":"SEDI-ATI"},"image":{"@id":"https:\/\/www.sedi-ati.com\/fr\/#\/schema\/logo\/image\/"},"sameAs":["https:\/\/www.linkedin.com\/company\/sedi-ati-fibres-optiques\/","https:\/\/www.youtube.com\/@sedi-ati-fibres-optiques"]}]}},"_links":{"self":[{"href":"https:\/\/www.sedi-ati.com\/fr\/wp-json\/wp\/v2\/pages\/18191","targetHints":{"allow":["GET"]}}],"collection":[{"href":"https:\/\/www.sedi-ati.com\/fr\/wp-json\/wp\/v2\/pages"}],"about":[{"href":"https:\/\/www.sedi-ati.com\/fr\/wp-json\/wp\/v2\/types\/page"}],"author":[{"embeddable":true,"href":"https:\/\/www.sedi-ati.com\/fr\/wp-json\/wp\/v2\/users\/7"}],"replies":[{"embeddable":true,"href":"https:\/\/www.sedi-ati.com\/fr\/wp-json\/wp\/v2\/comments?post=18191"}],"version-history":[{"count":5,"href":"https:\/\/www.sedi-ati.com\/fr\/wp-json\/wp\/v2\/pages\/18191\/revisions"}],"predecessor-version":[{"id":18432,"href":"https:\/\/www.sedi-ati.com\/fr\/wp-json\/wp\/v2\/pages\/18191\/revisions\/18432"}],"wp:attachment":[{"href":"https:\/\/www.sedi-ati.com\/fr\/wp-json\/wp\/v2\/media?parent=18191"}],"curies":[{"name":"wp","href":"https:\/\/api.w.org\/{rel}","templated":true}]}}