{"id":5007,"date":"2020-11-05T10:54:15","date_gmt":"2020-11-05T09:54:15","guid":{"rendered":"https:\/\/www.sedi-ati.com\/?page_id=5007"},"modified":"2025-04-10T15:45:17","modified_gmt":"2025-04-10T13:45:17","slug":"nos-moyens-de-production","status":"publish","type":"page","link":"https:\/\/www.sedi-ati.com\/fr\/nos-moyens-de-production\/","title":{"rendered":"Nos moyens de production"},"content":{"rendered":"<section class=\"wpb-content-wrapper\"><p>[vc_row content_placement=\u00a0\u00bbmiddle\u00a0\u00bb el_class=\u00a0\u00bbz-index-1 chevauchement-horizontal-range range-applications\u00a0\u00bb][vc_column width=\u00a0\u00bb3\/5&Prime; css=\u00a0\u00bb.vc_custom_1685373321199{background-color: #4c4d4f !important;}\u00a0\u00bb el_class=\u00a0\u00bbshadow border-radius-hd-bd line-bottom line-blue txt-blanc block-grand-text\u00a0\u00bb][vc_raw_html el_class=\u00a0\u00bbgros-titre flex-column-mobile\u00a0\u00bb]JTNDcCUzRU1veWVucyUzQ3NwYW4lMjBjbGFzcyUzRCUyMnBvaW50LXJvdWdlJTIyJTNFJTNDJTJGc3BhbiUzRWRlJTIwcHJvZHVjdGlvbiUzQyUyRnAlM0U=[\/vc_raw_html][vc_column_text el_class=\u00a0\u00bbtitre-baseline txt-blanc\u00a0\u00bb]<\/p>\n<h2>Nos moyens de production au service de vos performances<\/h2>\n<p>[\/vc_column_text][vc_btn title=\u00a0\u00bbContactez-nous\u00a0\u00bb style=\u00a0\u00bbcustom\u00a0\u00bb custom_background=\u00a0\u00bb#132f40&Prime; custom_text=\u00a0\u00bb#ffffff\u00a0\u00bb shape=\u00a0\u00bbsquare\u00a0\u00bb link=\u00a0\u00bburl:https%3A%2F%2Fwww.sedi-ati.com%2Ffr%2Fcontact%2F\u00a0\u00bb el_class=\u00a0\u00bbline-bottom line-blue\u00a0\u00bb][\/vc_column][vc_column width=\u00a0\u00bb1\/2&Prime; el_class=\u00a0\u00bbimg-entete\u00a0\u00bb][vc_single_image image=\u00a0\u00bb18055&Prime; img_size=\u00a0\u00bbfull\u00a0\u00bb alignment=\u00a0\u00bbcenter\u00a0\u00bb][\/vc_column][\/vc_row][vc_row][vc_column width=\u00a0\u00bb1\/2&Prime;][vc_column_text el_class=\u00a0\u00bbpetit-titre petit-titre-txt petit-titre-txt-p\u00a0\u00bb]<\/p>\n<h3>Un \u00e9quipement de haute performance pour la production d&rsquo;assemblages de fibres optiques<\/h3>\n<p>[\/vc_column_text][vc_empty_space height=\u00a0\u00bb2px\u00a0\u00bb][vc_column_text css_animation=\u00a0\u00bbnone\u00a0\u00bb el_class=\u00a0\u00bbfeatured lead\u00a0\u00bb]L&rsquo;usine de production de SEDI-ATI a \u00e9t\u00e9 sp\u00e9cialement construite pour r\u00e9pondre aux d\u00e9fis les plus complexes et les plus exigeants de ses clients. L&rsquo;usine est \u00e9quip\u00e9e de deux salles blanches dont l&rsquo;une est ISO classe 7, deux chambres d&rsquo;\u00e9vaporation, des stations de traitement du verre, des spectrophotom\u00e8tres, des r\u00e9flectom\u00e8tres submillim\u00e9triques, des lasers accordables et des lasers de puissance, des lasers de gravure, des perceuses de haute pr\u00e9cision et des fraiseuses, des chambres environnementales programmables, des stations CAO Solidworks, des chambres de test de l&rsquo;herm\u00e9ticit\u00e9 \u00e0 l&rsquo; h\u00e9lium et des essais de pression jusqu&rsquo;\u00e0\u00a0 1000 bars, et enfin des tests de traction.[\/vc_column_text][\/vc_column][vc_column width=\u00a0\u00bb1\/2&Prime;][vc_column_text el_class=\u00a0\u00bbpetit-titre petit-titre-txt petit-titre-txt-p\u00a0\u00bb]<\/p>\n<h3>Une production polyvalente<\/h3>\n<p>[\/vc_column_text][vc_column_text css=\u00a0\u00bb.vc_custom_1744281518138{padding-top: 0px !important;padding-bottom: 0px !important;}\u00a0\u00bb]La production est organis\u00e9e en plusieurs ateliers polyvalents adapt\u00e9s aussi bien \u00e0 la fabrication en s\u00e9rie qu&rsquo;\u00e0 la fabrication de pi\u00e8ces uniques. La R&amp;D est fortement impliqu\u00e9e dans le <a href=\"https:\/\/www.sedi-ati.com\/fr\/solutions-sur-mesure\/\">d\u00e9veloppement des prototypes<\/a> et dans leur industrialisation pour la production en s\u00e9rie.[\/vc_column_text][\/vc_column][\/vc_row][vc_row full_width=\u00a0\u00bbstretch_row\u00a0\u00bb css=\u00a0\u00bb.vc_custom_1686224746666{background-color: #dfe2e8 !important;}\u00a0\u00bb][vc_column width=\u00a0\u00bb1\/2&Prime;][vc_column_text el_class=\u00a0\u00bbpetit-titre petit-titre-txt petit-titre-txt-p\u00a0\u00bb]<\/p>\n<h3>Quels agencements de fibres optiques sont possibles ?<\/h3>\n<p>[\/vc_column_text][vc_column_text css_animation=\u00a0\u00bbnone\u00a0\u00bb css=\u00a0\u00bb.vc_custom_1686225280557{padding-top: 0px !important;padding-bottom: 30px !important;}\u00a0\u00bb el_class=\u00a0\u00bbfeatured lead\u00a0\u00bb]<span data-contrast=\"auto\">SEDI-ATI\u00a0<\/span><span data-contrast=\"auto\">a d\u00e9velopp\u00e9 une connaissance sp\u00e9cifique autour des technologies impliqu\u00e9es dans la production de\u00a0<\/span><span data-contrast=\"auto\">ses composants \u00e0 base de fibre optique<\/span><span data-contrast=\"auto\">.<\/span><\/p>\n<ul>\n<li data-leveltext=\"\uf0b7\" data-font=\"Symbol\" data-listid=\"14\" aria-setsize=\"-1\" data-aria-posinset=\"1\" data-aria-level=\"1\"><span data-contrast=\"auto\">Polissage de fibres optiques<\/span><span data-contrast=\"auto\">:\u00a0<\/span><span data-contrast=\"auto\">droit, sph\u00e9rique, conique, angle, biseaut\u00e9, lat\u00e9ral<\/span><\/li>\n<li data-leveltext=\"\uf0b7\" data-font=\"Symbol\" data-listid=\"14\" aria-setsize=\"-1\" data-aria-posinset=\"2\" data-aria-level=\"1\"><span data-contrast=\"auto\">Fa\u00e7onnage de la face frontale d\u2019une fibre optique<\/span><span data-contrast=\"auto\">:\u00a0<\/span><span data-contrast=\"auto\">polissage, fusion, pi\u00e8ces coll\u00e9es<\/span><\/li>\n<li data-leveltext=\"\uf0b7\" data-font=\"Symbol\" data-listid=\"14\" aria-setsize=\"-1\" data-aria-posinset=\"2\" data-aria-level=\"1\"><span data-contrast=\"auto\">D\u00e9p\u00f4t de couches minces<\/span><span data-contrast=\"auto\">:<\/span><span data-contrast=\"auto\">\u00a0m\u00e9tallisation, traitements anti-reflet, filtres dichro\u00efques<\/span><\/li>\n<li data-leveltext=\"\uf0b7\" data-font=\"Symbol\" data-listid=\"14\" aria-setsize=\"-1\" data-aria-posinset=\"2\" data-aria-level=\"1\"><span data-contrast=\"auto\">Etanch\u00e9it\u00e9<\/span><span data-contrast=\"auto\">:\u00a0<\/span><span data-contrast=\"auto\">\u00e9poxy,\u00a0<\/span><span data-contrast=\"auto\">brasure<\/span><span data-contrast=\"auto\">enverrage, liaison c\u00e9ramique<\/span><\/li>\n<li data-leveltext=\"\uf0b7\" data-font=\"Symbol\" data-listid=\"14\" aria-setsize=\"-1\" data-aria-posinset=\"2\" data-aria-level=\"1\">Bobinage : fibres sans torsion (non torsad\u00e9e), bobines d\u00e9contraintes<\/li>\n<li data-leveltext=\"\uf0b7\" data-font=\"Symbol\" data-listid=\"14\" aria-setsize=\"-1\" data-aria-posinset=\"2\" data-aria-level=\"1\"><span data-contrast=\"auto\">Conceptions m\u00e9caniques sp\u00e9cifiques \u00e0 la fibre optique<\/span><\/li>\n<\/ul>\n<p>Dans nos installations, nous effectuons le<span data-contrast=\"auto\">\u00a0<\/span><span data-contrast=\"auto\">d\u00e9p\u00f4t de couches minces<\/span>\u00a0<span data-contrast=\"auto\">optiques directement sur la pointe de la fibre pour obtenir des rev\u00eatements anti-reflets, des filtres dichro\u00efques, des miroirs. Nous effectuons aussi le\u00a0d\u00e9p\u00f4t de couches m\u00e9talliques <\/span><span data-contrast=\"auto\">(<\/span><span data-contrast=\"auto\">Ti<\/span><span data-contrast=\"auto\">, Cr, Ni, Au)<\/span> <span data-contrast=\"auto\">\u00a0le long de la fibre pour des pigtails m\u00e9tallis\u00e9s.<\/span><\/p>\n<p>Nous maitrisons \u00e9galement le fa\u00e7onnage et le polissage de l\u2019extr\u00e9mit\u00e9 de la fibre optique : semi-sph\u00e9rique, courb\u00e9e, biseaut\u00e9e, avec un angle, conique\u2026[\/vc_column_text][\/vc_column][vc_column width=\u00a0\u00bb1\/2&Prime; el_class=\u00a0\u00bbremontee-legende\u00a0\u00bb][vc_row_inner][vc_column_inner width=\u00a0\u00bb1\/2&Prime; offset=\u00a0\u00bbvc_col-xs-6&Prime;][vc_single_image image=\u00a0\u00bb5009&Prime; img_size=\u00a0\u00bb150&#215;150&Prime; add_caption=\u00a0\u00bbyes\u00a0\u00bb alignment=\u00a0\u00bbcenter\u00a0\u00bb css=\u00a0\u00bb.vc_custom_1686225309032{margin-top: 0px !important;margin-bottom: 0px !important;padding-top: 0px !important;padding-bottom: 0px !important;}\u00a0\u00bb][\/vc_column_inner][vc_column_inner width=\u00a0\u00bb1\/2&Prime; offset=\u00a0\u00bbvc_col-xs-6&Prime;][vc_single_image image=\u00a0\u00bb5010&Prime; img_size=\u00a0\u00bb150&#215;150&Prime; add_caption=\u00a0\u00bbyes\u00a0\u00bb alignment=\u00a0\u00bbcenter\u00a0\u00bb css=\u00a0\u00bb.vc_custom_1686225325452{margin-top: 0px !important;margin-bottom: 0px !important;padding-top: 0px !important;padding-bottom: 0px !important;}\u00a0\u00bb][\/vc_column_inner][\/vc_row_inner][vc_row_inner][vc_column_inner width=\u00a0\u00bb1\/2&Prime; offset=\u00a0\u00bbvc_col-xs-6&Prime;][vc_single_image image=\u00a0\u00bb5011&Prime; img_size=\u00a0\u00bb150&#215;150&Prime; add_caption=\u00a0\u00bbyes\u00a0\u00bb alignment=\u00a0\u00bbcenter\u00a0\u00bb css=\u00a0\u00bb.vc_custom_1686225420144{margin-top: 0px !important;margin-bottom: 0px !important;padding-top: 0px !important;padding-bottom: 0px !important;}\u00a0\u00bb][\/vc_column_inner][vc_column_inner width=\u00a0\u00bb1\/2&Prime; offset=\u00a0\u00bbvc_col-xs-6&Prime;][vc_single_image image=\u00a0\u00bb5012&Prime; img_size=\u00a0\u00bb150&#215;150&Prime; add_caption=\u00a0\u00bbyes\u00a0\u00bb alignment=\u00a0\u00bbcenter\u00a0\u00bb css=\u00a0\u00bb.vc_custom_1686225424592{margin-top: 0px !important;margin-bottom: 0px !important;padding-top: 0px !important;padding-bottom: 0px !important;}\u00a0\u00bb][\/vc_column_inner][\/vc_row_inner][vc_row_inner][vc_column_inner width=\u00a0\u00bb1\/2&Prime; offset=\u00a0\u00bbvc_col-xs-6&Prime;][vc_single_image image=\u00a0\u00bb5014&Prime; img_size=\u00a0\u00bb150&#215;150&Prime; add_caption=\u00a0\u00bbyes\u00a0\u00bb alignment=\u00a0\u00bbcenter\u00a0\u00bb label=\u00a0\u00bb\u00a0\u00bb css=\u00a0\u00bb.vc_custom_1686225429558{margin-top: 0px !important;margin-bottom: 0px !important;padding-top: 0px !important;padding-bottom: 0px !important;}\u00a0\u00bb][\/vc_column_inner][vc_column_inner width=\u00a0\u00bb1\/2&Prime; offset=\u00a0\u00bbvc_col-xs-6&Prime;][vc_single_image image=\u00a0\u00bb5013&Prime; img_size=\u00a0\u00bb150&#215;150&Prime; add_caption=\u00a0\u00bbyes\u00a0\u00bb alignment=\u00a0\u00bbcenter\u00a0\u00bb css=\u00a0\u00bb.vc_custom_1686225434232{margin-top: 0px !important;margin-bottom: 0px !important;padding-top: 0px !important;padding-bottom: 0px !important;}\u00a0\u00bb][\/vc_column_inner][\/vc_row_inner][\/vc_column][\/vc_row][vc_row full_width=\u00a0\u00bbstretch_row\u00a0\u00bb css=\u00a0\u00bb.vc_custom_1681826081894{background-color: #a4a9ad !important;}\u00a0\u00bb][vc_column][vc_row_inner][vc_column_inner width=\u00a0\u00bb1\/6&Prime;][\/vc_column_inner][vc_column_inner el_class=\u00a0\u00bbshadow border-radius-hd-bd line-bottom line-blue\u00a0\u00bb width=\u00a0\u00bb2\/3&Prime; css=\u00a0\u00bb.vc_custom_1679652604813{background-color: #ffffff !important;}\u00a0\u00bb][vc_column_text css_animation=\u00a0\u00bbnone\u00a0\u00bb el_class=\u00a0\u00bbfeatured lead\u00a0\u00bb]<\/p>\n<p style=\"text-align: center;\">Ces techniques permettent d&rsquo;obtenir des r\u00e9sultats optiques ou m\u00e9caniques particuliers et d&rsquo;am\u00e9liorer les performances des composants dans des environnements extr\u00eames.<\/p>\n<p>[\/vc_column_text][vc_btn title=\u00a0\u00bbEn apprendre plus sur les environnements extr\u00eames\u00a0\u00bb style=\u00a0\u00bbcustom\u00a0\u00bb custom_background=\u00a0\u00bb#132f40&Prime; custom_text=\u00a0\u00bb#ffffff\u00a0\u00bb shape=\u00a0\u00bbsquare\u00a0\u00bb align=\u00a0\u00bbcenter\u00a0\u00bb link=\u00a0\u00bburl:https%3A%2F%2Fwww.sedi-ati.com%2Ffr%2Fsolution-fibre-optique-environnement-extreme%2F\u00a0\u00bb el_class=\u00a0\u00bbline-bottom line-blue\u00a0\u00bb][\/vc_column_inner][vc_column_inner width=\u00a0\u00bb1\/6&Prime;][\/vc_column_inner][\/vc_row_inner][\/vc_column][\/vc_row][vc_row][vc_column][vc_btn title=\u00a0\u00bb^\u00a0\u00bb style=\u00a0\u00bbflat\u00a0\u00bb shape=\u00a0\u00bbsquare\u00a0\u00bb link=\u00a0\u00bburl:%23Wrapper\u00a0\u00bb el_class=\u00a0\u00bbbtn-haut\u00a0\u00bb][\/vc_column][\/vc_row]<\/p>\n<\/section>","protected":false},"excerpt":{"rendered":"<p>[vc_row content_placement=\u00a0\u00bbmiddle\u00a0\u00bb el_class=\u00a0\u00bbz-index-1 chevauchement-horizontal-range range-applications\u00a0\u00bb][vc_column width=\u00a0\u00bb3\/5&Prime; css=\u00a0\u00bb.vc_custom_1685373321199{background-color: #4c4d4f !important;}\u00a0\u00bb el_class=\u00a0\u00bbshadow border-radius-hd-bd line-bottom line-blue txt-blanc block-grand-text\u00a0\u00bb][vc_raw_html el_class=\u00a0\u00bbgros-titre flex-column-mobile\u00a0\u00bb]JTNDcCUzRU1veWVucyUzQ3NwYW4lMjBjbGFzcyUzRCUyMnBvaW50LXJvdWdlJTIyJTNFJTNDJTJGc3BhbiUzRWRlJTIwcHJvZHVjdGlvbiUzQyUyRnAlM0U=[\/vc_raw_html][vc_column_text el_class=\u00a0\u00bbtitre-baseline txt-blanc\u00a0\u00bb] Nos moyens de production au service de<span class=\"excerpt-hellip\"> [\u2026]<\/span><\/p>\n","protected":false},"author":2,"featured_media":0,"parent":0,"menu_order":0,"comment_status":"closed","ping_status":"closed","template":"","meta":{"_acf_changed":false,"rs_blank_template":"","rs_page_bg_color":"","slide_template_v7":"","footnotes":""},"class_list":["post-5007","page","type-page","status-publish","hentry"],"acf":[],"yoast_head":"<!-- This site is optimized with the Yoast SEO plugin v27.3 - https:\/\/yoast.com\/product\/yoast-seo-wordpress\/ -->\n<title>SEDI-ATI, des moyens de production performants et polyvalents<\/title>\n<meta name=\"description\" content=\"Des moyens de production au service de vos projets de fibres optiques. Un e organisation flexible, des \u00e9quipements performants, et des proc\u00e9d\u00e9s prioritaires pour une production efficace.\" \/>\n<meta name=\"robots\" content=\"index, follow, max-snippet:-1, max-image-preview:large, max-video-preview:-1\" \/>\n<link rel=\"canonical\" href=\"https:\/\/www.sedi-ati.com\/fr\/nos-moyens-de-production\/\" \/>\n<meta property=\"og:locale\" content=\"fr_FR\" \/>\n<meta property=\"og:type\" content=\"article\" \/>\n<meta property=\"og:title\" content=\"SEDI-ATI, des moyens de production performants et polyvalents\" \/>\n<meta property=\"og:description\" content=\"Des moyens de production au service de vos projets de fibres optiques. Un e organisation flexible, des \u00e9quipements performants, et des proc\u00e9d\u00e9s prioritaires pour une production efficace.\" \/>\n<meta property=\"og:url\" content=\"https:\/\/www.sedi-ati.com\/fr\/nos-moyens-de-production\/\" \/>\n<meta property=\"og:site_name\" content=\"SEDI-ATI\" \/>\n<meta property=\"article:modified_time\" content=\"2025-04-10T13:45:17+00:00\" \/>\n<meta name=\"twitter:card\" content=\"summary_large_image\" \/>\n<meta name=\"twitter:label1\" content=\"Dur\u00e9e de lecture estim\u00e9e\" \/>\n\t<meta name=\"twitter:data1\" content=\"5 minutes\" \/>\n<script type=\"application\/ld+json\" class=\"yoast-schema-graph\">{\"@context\":\"https:\\\/\\\/schema.org\",\"@graph\":[{\"@type\":\"WebPage\",\"@id\":\"https:\\\/\\\/www.sedi-ati.com\\\/fr\\\/nos-moyens-de-production\\\/\",\"url\":\"https:\\\/\\\/www.sedi-ati.com\\\/fr\\\/nos-moyens-de-production\\\/\",\"name\":\"SEDI-ATI, des moyens de production performants et polyvalents\",\"isPartOf\":{\"@id\":\"https:\\\/\\\/www.sedi-ati.com\\\/fr\\\/#website\"},\"datePublished\":\"2020-11-05T09:54:15+00:00\",\"dateModified\":\"2025-04-10T13:45:17+00:00\",\"description\":\"Des moyens de production au service de vos projets de fibres optiques. Un e organisation flexible, des \u00e9quipements performants, et des proc\u00e9d\u00e9s prioritaires pour une production efficace.\",\"breadcrumb\":{\"@id\":\"https:\\\/\\\/www.sedi-ati.com\\\/fr\\\/nos-moyens-de-production\\\/#breadcrumb\"},\"inLanguage\":\"fr-FR\",\"potentialAction\":[{\"@type\":\"ReadAction\",\"target\":[\"https:\\\/\\\/www.sedi-ati.com\\\/fr\\\/nos-moyens-de-production\\\/\"]}]},{\"@type\":\"BreadcrumbList\",\"@id\":\"https:\\\/\\\/www.sedi-ati.com\\\/fr\\\/nos-moyens-de-production\\\/#breadcrumb\",\"itemListElement\":[{\"@type\":\"ListItem\",\"position\":1,\"name\":\"Home\",\"item\":\"https:\\\/\\\/www.sedi-ati.com\\\/fr\\\/\"},{\"@type\":\"ListItem\",\"position\":2,\"name\":\"Nos moyens de production\"}]},{\"@type\":\"WebSite\",\"@id\":\"https:\\\/\\\/www.sedi-ati.com\\\/fr\\\/#website\",\"url\":\"https:\\\/\\\/www.sedi-ati.com\\\/fr\\\/\",\"name\":\"SEDI-ATI\",\"description\":\"Assemblages de fibres optiques sur mesure, bundles, fentes et pieuvres\",\"publisher\":{\"@id\":\"https:\\\/\\\/www.sedi-ati.com\\\/fr\\\/#organization\"},\"potentialAction\":[{\"@type\":\"SearchAction\",\"target\":{\"@type\":\"EntryPoint\",\"urlTemplate\":\"https:\\\/\\\/www.sedi-ati.com\\\/fr\\\/?s={search_term_string}\"},\"query-input\":{\"@type\":\"PropertyValueSpecification\",\"valueRequired\":true,\"valueName\":\"search_term_string\"}}],\"inLanguage\":\"fr-FR\"},{\"@type\":\"Organization\",\"@id\":\"https:\\\/\\\/www.sedi-ati.com\\\/fr\\\/#organization\",\"name\":\"SEDI-ATI\",\"url\":\"https:\\\/\\\/www.sedi-ati.com\\\/fr\\\/\",\"logo\":{\"@type\":\"ImageObject\",\"inLanguage\":\"fr-FR\",\"@id\":\"https:\\\/\\\/www.sedi-ati.com\\\/fr\\\/#\\\/schema\\\/logo\\\/image\\\/\",\"url\":\"https:\\\/\\\/www.sedi-ati.com\\\/wp-content\\\/uploads\\\/2019\\\/10\\\/Logo_SEDI-ATI_2019_avec-baseline.png\",\"contentUrl\":\"https:\\\/\\\/www.sedi-ati.com\\\/wp-content\\\/uploads\\\/2019\\\/10\\\/Logo_SEDI-ATI_2019_avec-baseline.png\",\"width\":300,\"height\":73,\"caption\":\"SEDI-ATI\"},\"image\":{\"@id\":\"https:\\\/\\\/www.sedi-ati.com\\\/fr\\\/#\\\/schema\\\/logo\\\/image\\\/\"},\"sameAs\":[\"https:\\\/\\\/www.linkedin.com\\\/company\\\/sedi-ati-fibres-optiques\\\/\",\"https:\\\/\\\/www.youtube.com\\\/@sedi-ati-fibres-optiques\"]}]}<\/script>\n<!-- \/ Yoast SEO plugin. -->","yoast_head_json":{"title":"SEDI-ATI, des moyens de production performants et polyvalents","description":"Des moyens de production au service de vos projets de fibres optiques. Un e organisation flexible, des \u00e9quipements performants, et des proc\u00e9d\u00e9s prioritaires pour une production efficace.","robots":{"index":"index","follow":"follow","max-snippet":"max-snippet:-1","max-image-preview":"max-image-preview:large","max-video-preview":"max-video-preview:-1"},"canonical":"https:\/\/www.sedi-ati.com\/fr\/nos-moyens-de-production\/","og_locale":"fr_FR","og_type":"article","og_title":"SEDI-ATI, des moyens de production performants et polyvalents","og_description":"Des moyens de production au service de vos projets de fibres optiques. Un e organisation flexible, des \u00e9quipements performants, et des proc\u00e9d\u00e9s prioritaires pour une production efficace.","og_url":"https:\/\/www.sedi-ati.com\/fr\/nos-moyens-de-production\/","og_site_name":"SEDI-ATI","article_modified_time":"2025-04-10T13:45:17+00:00","twitter_card":"summary_large_image","twitter_misc":{"Dur\u00e9e de lecture estim\u00e9e":"5 minutes"},"schema":{"@context":"https:\/\/schema.org","@graph":[{"@type":"WebPage","@id":"https:\/\/www.sedi-ati.com\/fr\/nos-moyens-de-production\/","url":"https:\/\/www.sedi-ati.com\/fr\/nos-moyens-de-production\/","name":"SEDI-ATI, des moyens de production performants et polyvalents","isPartOf":{"@id":"https:\/\/www.sedi-ati.com\/fr\/#website"},"datePublished":"2020-11-05T09:54:15+00:00","dateModified":"2025-04-10T13:45:17+00:00","description":"Des moyens de production au service de vos projets de fibres optiques. Un e organisation flexible, des \u00e9quipements performants, et des proc\u00e9d\u00e9s prioritaires pour une production efficace.","breadcrumb":{"@id":"https:\/\/www.sedi-ati.com\/fr\/nos-moyens-de-production\/#breadcrumb"},"inLanguage":"fr-FR","potentialAction":[{"@type":"ReadAction","target":["https:\/\/www.sedi-ati.com\/fr\/nos-moyens-de-production\/"]}]},{"@type":"BreadcrumbList","@id":"https:\/\/www.sedi-ati.com\/fr\/nos-moyens-de-production\/#breadcrumb","itemListElement":[{"@type":"ListItem","position":1,"name":"Home","item":"https:\/\/www.sedi-ati.com\/fr\/"},{"@type":"ListItem","position":2,"name":"Nos moyens de production"}]},{"@type":"WebSite","@id":"https:\/\/www.sedi-ati.com\/fr\/#website","url":"https:\/\/www.sedi-ati.com\/fr\/","name":"SEDI-ATI","description":"Assemblages de fibres optiques sur mesure, bundles, fentes et pieuvres","publisher":{"@id":"https:\/\/www.sedi-ati.com\/fr\/#organization"},"potentialAction":[{"@type":"SearchAction","target":{"@type":"EntryPoint","urlTemplate":"https:\/\/www.sedi-ati.com\/fr\/?s={search_term_string}"},"query-input":{"@type":"PropertyValueSpecification","valueRequired":true,"valueName":"search_term_string"}}],"inLanguage":"fr-FR"},{"@type":"Organization","@id":"https:\/\/www.sedi-ati.com\/fr\/#organization","name":"SEDI-ATI","url":"https:\/\/www.sedi-ati.com\/fr\/","logo":{"@type":"ImageObject","inLanguage":"fr-FR","@id":"https:\/\/www.sedi-ati.com\/fr\/#\/schema\/logo\/image\/","url":"https:\/\/www.sedi-ati.com\/wp-content\/uploads\/2019\/10\/Logo_SEDI-ATI_2019_avec-baseline.png","contentUrl":"https:\/\/www.sedi-ati.com\/wp-content\/uploads\/2019\/10\/Logo_SEDI-ATI_2019_avec-baseline.png","width":300,"height":73,"caption":"SEDI-ATI"},"image":{"@id":"https:\/\/www.sedi-ati.com\/fr\/#\/schema\/logo\/image\/"},"sameAs":["https:\/\/www.linkedin.com\/company\/sedi-ati-fibres-optiques\/","https:\/\/www.youtube.com\/@sedi-ati-fibres-optiques"]}]}},"_links":{"self":[{"href":"https:\/\/www.sedi-ati.com\/fr\/wp-json\/wp\/v2\/pages\/5007","targetHints":{"allow":["GET"]}}],"collection":[{"href":"https:\/\/www.sedi-ati.com\/fr\/wp-json\/wp\/v2\/pages"}],"about":[{"href":"https:\/\/www.sedi-ati.com\/fr\/wp-json\/wp\/v2\/types\/page"}],"author":[{"embeddable":true,"href":"https:\/\/www.sedi-ati.com\/fr\/wp-json\/wp\/v2\/users\/2"}],"replies":[{"embeddable":true,"href":"https:\/\/www.sedi-ati.com\/fr\/wp-json\/wp\/v2\/comments?post=5007"}],"version-history":[{"count":6,"href":"https:\/\/www.sedi-ati.com\/fr\/wp-json\/wp\/v2\/pages\/5007\/revisions"}],"predecessor-version":[{"id":20696,"href":"https:\/\/www.sedi-ati.com\/fr\/wp-json\/wp\/v2\/pages\/5007\/revisions\/20696"}],"wp:attachment":[{"href":"https:\/\/www.sedi-ati.com\/fr\/wp-json\/wp\/v2\/media?parent=5007"}],"curies":[{"name":"wp","href":"https:\/\/api.w.org\/{rel}","templated":true}]}}