{"id":5020,"date":"2020-11-05T14:22:10","date_gmt":"2020-11-05T13:22:10","guid":{"rendered":"https:\/\/www.sedi-ati.com\/?page_id=5020"},"modified":"2025-12-12T12:14:14","modified_gmt":"2025-12-12T11:14:14","slug":"qualite","status":"publish","type":"page","link":"https:\/\/www.sedi-ati.com\/fr\/qualite\/","title":{"rendered":"Qualit\u00e9"},"content":{"rendered":"<section class=\"wpb-content-wrapper\"><p>[vc_row content_placement=\u00a0\u00bbmiddle\u00a0\u00bb el_class=\u00a0\u00bbz-index-1 chevauchement-horizontal-range range-applications\u00a0\u00bb][vc_column width=\u00a0\u00bb3\/5&Prime; css=\u00a0\u00bb.vc_custom_1685373321199{background-color: #4c4d4f !important;}\u00a0\u00bb el_class=\u00a0\u00bbshadow border-radius-hd-bd line-bottom line-blue txt-blanc block-grand-text\u00a0\u00bb][vc_raw_html el_class=\u00a0\u00bbgros-titre flex-column-mobile\u00a0\u00bb]JTNDcCUzRVByb2pldHMlMjBheCVDMyVBOXMlM0NzcGFuJTIwY2xhc3MlM0QlMjJwb2ludC1yb3VnZSUyMiUzRSUzQyUyRnNwYW4lM0VzdXIlMjBsYSUyMHF1YWxpdCVDMyVBOSUzQyUyRnAlM0U=[\/vc_raw_html][vc_column_text el_class=\u00a0\u00bbtitre-baseline txt-blanc\u00a0\u00bb]<\/p>\n<h2>Des \u00e9quipes engag\u00e9es dans une d\u00e9marche qualit\u00e9 et soci\u00e9tale<\/h2>\n<p>[\/vc_column_text][vc_column_text css=\u00a0\u00bb.vc_custom_1604582427364{padding-top: 0px !important;padding-bottom: 30px !important;}\u00a0\u00bb]<span class=\"TextRun SCXW204462595 BCX0\" lang=\"EN-US\" xml:lang=\"EN-US\" data-contrast=\"auto\"><span class=\"NormalTextRun SCXW204462595 BCX0\">SEDI-ATI\u00a0<\/span><\/span><span class=\"TextRun SCXW204462595 BCX0\" lang=\"EN-US\" xml:lang=\"EN-US\" data-contrast=\"auto\"><span class=\"SpellingError SCXW204462595 BCX0\">Fibres<\/span><\/span><span class=\"TextRun SCXW204462595 BCX0\" lang=\"EN-US\" xml:lang=\"EN-US\" data-contrast=\"auto\"><span class=\"NormalTextRun SCXW204462595 BCX0\">\u00a0<\/span><\/span><span class=\"TextRun SCXW204462595 BCX0\" lang=\"EN-US\" xml:lang=\"EN-US\" data-contrast=\"auto\"><span class=\"SpellingError SCXW204462595 BCX0\">Optiques<\/span><\/span><span class=\"TextRun SCXW204462595 BCX0\" lang=\"EN-US\" xml:lang=\"EN-US\" data-contrast=\"auto\"><span class=\"NormalTextRun SCXW204462595 BCX0\">\u00a0<\/span><\/span><span class=\"TextRun SCXW204462595 BCX0\" lang=\"EN-US\" xml:lang=\"EN-US\" data-contrast=\"auto\"><span class=\"NormalTextRun SCXW204462595 BCX0\">travaille constamment \u00e0 une meilleure compr\u00e9hension des besoins actuels et futurs de ses clients afin d&rsquo;offrir de meilleures performances.<\/span><\/span>[\/vc_column_text][vc_btn title=\u00a0\u00bbContactez-nous\u00a0\u00bb style=\u00a0\u00bbcustom\u00a0\u00bb custom_background=\u00a0\u00bb#132f40&Prime; custom_text=\u00a0\u00bb#ffffff\u00a0\u00bb shape=\u00a0\u00bbsquare\u00a0\u00bb link=\u00a0\u00bburl:https%3A%2F%2Fwww.sedi-ati.com%2Ffr%2Fcontact%2F\u00a0\u00bb el_class=\u00a0\u00bbline-bottom line-blue\u00a0\u00bb][\/vc_column][vc_column width=\u00a0\u00bb1\/2&Prime; el_class=\u00a0\u00bbimg-entete\u00a0\u00bb][vc_single_image image=\u00a0\u00bb11806&Prime; img_size=\u00a0\u00bbfull\u00a0\u00bb alignment=\u00a0\u00bbcenter\u00a0\u00bb][\/vc_column][\/vc_row][vc_row full_width=\u00a0\u00bbstretch_row\u00a0\u00bb css=\u00a0\u00bb.vc_custom_1693315547033{background-color: #dfe2e8 !important;}\u00a0\u00bb el_class=\u00a0\u00bbfull-with-4000&Prime;][vc_column width=\u00a0\u00bb1\/2&Prime;][vc_row_inner][vc_column_inner][vc_raw_html el_class=\u00a0\u00bbpetit-titre flex-column-mobile\u00a0\u00bb]JTNDcCUzRVVuJTIwc3lzdCVDMyVBOG1lJTNDc3BhbiUyMGNsYXNzJTNEJTIycG9pbnQtcm91Z2UlMjBwb2ludC1wZXRpdCUyMiUzRSUzQyUyRnNwYW4lM0VxdWFsaXQlQzMlQTklMjBjZXJ0aWZpJUMzJUE5JTNDJTJGcCUzRQ==[\/vc_raw_html][vc_column_text]La soci\u00e9t\u00e9 SEDI-ATI Fibres Optiques est certifi\u00e9e ISO 9001 et ISO 13485, et peut accompagner ses clients dans la constitution du dossier technique n\u00e9cessaire pour apposer le marquage CE concernant les dispositifs m\u00e9dicaux st\u00e9rilis\u00e9s.[\/vc_column_text][\/vc_column_inner][\/vc_row_inner][\/vc_column][vc_column width=\u00a0\u00bb1\/2&Prime;][vc_row_inner][vc_column_inner width=\u00a0\u00bb1\/2&Prime;][vc_single_image image=\u00a0\u00bb19955&Prime; img_size=\u00a0\u00bbmedium\u00a0\u00bb alignment=\u00a0\u00bbcenter\u00a0\u00bb style=\u00a0\u00bbvc_box_shadow_border\u00a0\u00bb onclick=\u00a0\u00bbcustom_link\u00a0\u00bb img_link_target=\u00a0\u00bb_blank\u00a0\u00bb title=\u00a0\u00bbISO 9001 : 2015&Prime; link=\u00a0\u00bbhttps:\/\/www.sedi-ati.com\/wp-content\/uploads\/2024\/09\/SEDI-ATI_CERT_ISO9001-2015.pdf\u00a0\u00bb][\/vc_column_inner][vc_column_inner width=\u00a0\u00bb1\/2&Prime;][vc_single_image image=\u00a0\u00bb19953&Prime; img_size=\u00a0\u00bbmedium\u00a0\u00bb alignment=\u00a0\u00bbcenter\u00a0\u00bb style=\u00a0\u00bbvc_box_shadow_border\u00a0\u00bb onclick=\u00a0\u00bbcustom_link\u00a0\u00bb img_link_target=\u00a0\u00bb_blank\u00a0\u00bb title=\u00a0\u00bbISO 13485 : 2016&Prime; link=\u00a0\u00bbhttps:\/\/www.sedi-ati.com\/wp-content\/uploads\/2024\/09\/SEDI-ATI_CERT_ISO13485-2016.pdf\u00a0\u00bb][\/vc_column_inner][\/vc_row_inner][\/vc_column][\/vc_row][vc_row][vc_column][vc_column_text el_class=\u00a0\u00bbpetit-titre petit-titre-txt\u00a0\u00bb]<\/p>\n<h3>D\u00e9marche RSE<\/h3>\n<p>[\/vc_column_text][vc_column_text]SEDI-ATI est engag\u00e9e, sur la base du volontariat, dans une d\u00e9marche R.S.E. (Responsabilit\u00e9 Sociale des Entreprises), contribuant ainsi au d\u00e9veloppement durable.[\/vc_column_text][\/vc_column][\/vc_row][vc_row][vc_column][vc_single_image image=\u00a0\u00bb21567&Prime; img_size=\u00a0\u00bbfull\u00a0\u00bb alignment=\u00a0\u00bbcenter\u00a0\u00bb][\/vc_column][\/vc_row][vc_row][vc_column width=\u00a0\u00bb1\/3&Prime;][vc_hoverbox image=\u00a0\u00bb21257&Prime; primary_title=\u00a0\u00bbR\u00e9duire l&rsquo;impact de nos activit\u00e9s sur l&rsquo;environnement\u00a0\u00bb hover_title=\u00a0\u00bbImpact environnemental\u00a0\u00bb hover_align=\u00a0\u00bbleft\u00a0\u00bb align=\u00a0\u00bbleft\u00a0\u00bb]<\/p>\n<ul>\n<li><span class=\"a_GcMg font-feature-liga-off font-feature-clig-off font-feature-calt-off text-decoration-none text-strikethrough-none\">Optimiser la consommation \u00e9nerg\u00e9tique des locaux<\/span><\/li>\n<li><span class=\"a_GcMg font-feature-liga-off font-feature-clig-off font-feature-calt-off text-decoration-none text-strikethrough-none\">Favoriser la mobilit\u00e9 durable : covoiturage, bornes \u00e9lectriques, abris v\u00e9los<\/span><\/li>\n<li><span class=\"a_GcMg font-feature-liga-off font-feature-clig-off font-feature-calt-off text-decoration-none text-strikethrough-none\">Sensibiliser les collaborateurs aux \u00e9cogestes et aux pratiques \u00e9co-responsables<\/span><\/li>\n<\/ul>\n<p>[\/vc_hoverbox][\/vc_column][vc_column width=\u00a0\u00bb1\/3&Prime;][vc_hoverbox image=\u00a0\u00bb21259&Prime; primary_title=\u00a0\u00bbS&rsquo;engager pour un impact positif sur la soci\u00e9t\u00e9\u00a0\u00bb hover_title=\u00a0\u00bbImpact soci\u00e9tal\u00a0\u00bb]<\/p>\n<ul>\n<li><span class=\"a_GcMg font-feature-liga-off font-feature-clig-off font-feature-calt-off text-decoration-none text-strikethrough-none\">Encourager et promouvoir des actions soci\u00e9tales responsables<\/span><\/li>\n<li style=\"text-align: left;\"><span class=\"a_GcMg font-feature-liga-off font-feature-clig-off font-feature-calt-off text-decoration-none text-strikethrough-none\">Sensibiliser aux enjeux environnementaux et soci\u00e9taux aupr\u00e8s des parties prenantes<\/span><\/li>\n<\/ul>\n<p>[\/vc_hoverbox][\/vc_column][vc_column width=\u00a0\u00bb1\/3&Prime;][vc_hoverbox image=\u00a0\u00bb21261&Prime; primary_title=\u00a0\u00bbSocial\u00a0\u00bb hover_title=\u00a0\u00bbSocial\u00a0\u00bb]<\/p>\n<ul>\n<li><span class=\"a_GcMg font-feature-liga-off font-feature-clig-off font-feature-calt-off text-decoration-none text-strikethrough-none\">Renforcer les comp\u00e9tences des salari\u00e9s \u00e0 travers la formation et l\u2019accompagnement<\/span><\/li>\n<li><span class=\"a_GcMg font-feature-liga-off font-feature-clig-off font-feature-calt-off text-decoration-none text-strikethrough-none\">Assurer des conditions de travail s\u00fbres, ergonomiques et adapt\u00e9es<\/span><\/li>\n<li><span class=\"a_GcMg font-feature-liga-off font-feature-clig-off font-feature-calt-off text-decoration-none text-strikethrough-none\">Favoriser l\u2019inclusion, la diversit\u00e9 et l\u2019\u00e9galit\u00e9 des chances<\/span><\/li>\n<li><span class=\"a_GcMg font-feature-liga-off font-feature-clig-off font-feature-calt-off text-decoration-none text-strikethrough-none\">Encourager un dialogue social constructif et promouvoir l\u2019engagement des collaborateurs<\/span><\/li>\n<\/ul>\n<p>[\/vc_hoverbox][\/vc_column][\/vc_row][vc_row][vc_column width=\u00a0\u00bb1\/3&Prime;][vc_hoverbox image=\u00a0\u00bb21263&Prime; primary_title=\u00a0\u00bbGouvernance\u00a0\u00bb hover_title=\u00a0\u00bbGouvernance\u00a0\u00bb]<\/p>\n<ul>\n<li><span class=\"a_GcMg font-feature-liga-off font-feature-clig-off font-feature-calt-off text-decoration-none text-strikethrough-none\">Assurer la transparence et le dialogue avec les parties prenantes<\/span><\/li>\n<li><span class=\"a_GcMg font-feature-liga-off font-feature-clig-off font-feature-calt-off text-decoration-none text-strikethrough-none\">Garantir une politique d\u2019\u00e9thique et d\u2019int\u00e9grit\u00e9 dans toutes les pratiques commerciales<\/span><\/li>\n<li><span class=\"a_GcMg font-feature-liga-off font-feature-clig-off font-feature-calt-off text-decoration-none text-strikethrough-none\">Int\u00e9grer les principes RSE dans la strat\u00e9gie globale de l\u2019entreprise<\/span><\/li>\n<\/ul>\n<p>[\/vc_hoverbox][\/vc_column][vc_column width=\u00a0\u00bb1\/3&Prime;][vc_hoverbox image=\u00a0\u00bb21265&Prime; primary_title=\u00a0\u00bb\u00c9conomie\u00a0\u00bb hover_title=\u00a0\u00bb\u00c9conomie\u00a0\u00bb]<\/p>\n<ul>\n<li><span class=\"a_GcMg font-feature-liga-off font-feature-clig-off font-feature-calt-off text-decoration-none text-strikethrough-none\">Contribuer \u00e0 la souverainet\u00e9 et \u00e0 l\u2019ind\u00e9pendance industrielle fran\u00e7aise<\/span><\/li>\n<li><span class=\"a_GcMg font-feature-liga-off font-feature-clig-off font-feature-calt-off text-decoration-none text-strikethrough-none\">Encourager les achats responsables et les circuits courts<\/span><\/li>\n<\/ul>\n<p>[\/vc_hoverbox][\/vc_column][vc_column width=\u00a0\u00bb1\/3&Prime;][\/vc_column][\/vc_row][vc_row full_width=\u00a0\u00bbstretch_row\u00a0\u00bb disable_element=\u00a0\u00bbyes\u00a0\u00bb css=\u00a0\u00bb.vc_custom_1765538120949{background-color: #a4a9ad !important;}\u00a0\u00bb][vc_column][vc_row_inner][vc_column_inner width=\u00a0\u00bb1\/6&Prime;][\/vc_column_inner][vc_column_inner el_class=\u00a0\u00bbshadow border-radius-hd-bd line-bottom line-blue\u00a0\u00bb width=\u00a0\u00bb2\/3&Prime; css=\u00a0\u00bb.vc_custom_1679652604813{background-color: #ffffff !important;}\u00a0\u00bb][vc_column_text el_class=\u00a0\u00bbbaseline\u00a0\u00bb]<\/p>\n<p style=\"text-align: center;\">N\u2019h\u00e9sitez pas \u00e0 vous rapprocher de nous et \u00e0 nous faire part de votre demande sp\u00e9cifique<\/p>\n<p>[\/vc_column_text][vc_btn title=\u00a0\u00bbDemande de devis\u00a0\u00bb style=\u00a0\u00bbcustom\u00a0\u00bb custom_background=\u00a0\u00bb#132f40&Prime; custom_text=\u00a0\u00bb#ffffff\u00a0\u00bb shape=\u00a0\u00bbsquare\u00a0\u00bb align=\u00a0\u00bbcenter\u00a0\u00bb link=\u00a0\u00bburl:%2Ffr%2Fdemande-de-devis\u00a0\u00bb el_class=\u00a0\u00bbline-bottom line-blue\u00a0\u00bb][\/vc_column_inner][vc_column_inner width=\u00a0\u00bb1\/6&Prime;][\/vc_column_inner][\/vc_row_inner][\/vc_column][\/vc_row][vc_row][vc_column][vc_btn title=\u00a0\u00bb^\u00a0\u00bb style=\u00a0\u00bbflat\u00a0\u00bb shape=\u00a0\u00bbsquare\u00a0\u00bb link=\u00a0\u00bburl:%23Wrapper\u00a0\u00bb el_class=\u00a0\u00bbbtn-haut\u00a0\u00bb][\/vc_column][\/vc_row]<\/p>\n<\/section>","protected":false},"excerpt":{"rendered":"<p>[vc_row content_placement=\u00a0\u00bbmiddle\u00a0\u00bb el_class=\u00a0\u00bbz-index-1 chevauchement-horizontal-range range-applications\u00a0\u00bb][vc_column width=\u00a0\u00bb3\/5&Prime; css=\u00a0\u00bb.vc_custom_1685373321199{background-color: #4c4d4f !important;}\u00a0\u00bb el_class=\u00a0\u00bbshadow border-radius-hd-bd line-bottom line-blue txt-blanc block-grand-text\u00a0\u00bb][vc_raw_html el_class=\u00a0\u00bbgros-titre flex-column-mobile\u00a0\u00bb]JTNDcCUzRVByb2pldHMlMjBheCVDMyVBOXMlM0NzcGFuJTIwY2xhc3MlM0QlMjJwb2ludC1yb3VnZSUyMiUzRSUzQyUyRnNwYW4lM0VzdXIlMjBsYSUyMHF1YWxpdCVDMyVBOSUzQyUyRnAlM0U=[\/vc_raw_html][vc_column_text el_class=\u00a0\u00bbtitre-baseline txt-blanc\u00a0\u00bb] Des \u00e9quipes engag\u00e9es dans une d\u00e9marche qualit\u00e9<span class=\"excerpt-hellip\"> [\u2026]<\/span><\/p>\n","protected":false},"author":2,"featured_media":0,"parent":0,"menu_order":0,"comment_status":"closed","ping_status":"closed","template":"","meta":{"_acf_changed":false,"rs_blank_template":"","rs_page_bg_color":"","slide_template_v7":"","footnotes":""},"class_list":["post-5020","page","type-page","status-publish","hentry"],"acf":[],"yoast_head":"<!-- This site is optimized with the Yoast SEO plugin v27.3 - https:\/\/yoast.com\/product\/yoast-seo-wordpress\/ -->\n<title>D\u00e9couvrez la d\u00e9marche qualit\u00e9 et soci\u00e9tale autour de notre expertise<\/title>\n<meta name=\"description\" content=\"SEDI-ATI Fibres Optiques travaille constamment \u00e0 une compr\u00e9hension exemplaire des besoins de ses clients actuels et futurs. La qualit\u00e9 et la performance sont au coeur de nos pr\u00e9occupations.\" \/>\n<meta name=\"robots\" content=\"index, follow, max-snippet:-1, max-image-preview:large, max-video-preview:-1\" \/>\n<link rel=\"canonical\" href=\"https:\/\/www.sedi-ati.com\/fr\/qualite\/\" \/>\n<meta property=\"og:locale\" content=\"fr_FR\" \/>\n<meta property=\"og:type\" content=\"article\" \/>\n<meta property=\"og:title\" content=\"D\u00e9couvrez la d\u00e9marche qualit\u00e9 et soci\u00e9tale autour de notre expertise\" \/>\n<meta property=\"og:description\" content=\"SEDI-ATI Fibres Optiques travaille constamment \u00e0 une compr\u00e9hension exemplaire des besoins de ses clients actuels et futurs. La qualit\u00e9 et la performance sont au coeur de nos pr\u00e9occupations.\" \/>\n<meta property=\"og:url\" content=\"https:\/\/www.sedi-ati.com\/fr\/qualite\/\" \/>\n<meta property=\"og:site_name\" content=\"SEDI-ATI\" \/>\n<meta property=\"article:modified_time\" content=\"2025-12-12T11:14:14+00:00\" \/>\n<meta name=\"twitter:card\" content=\"summary_large_image\" \/>\n<meta name=\"twitter:label1\" content=\"Dur\u00e9e de lecture estim\u00e9e\" \/>\n\t<meta name=\"twitter:data1\" content=\"4 minutes\" \/>\n<script type=\"application\/ld+json\" class=\"yoast-schema-graph\">{\"@context\":\"https:\\\/\\\/schema.org\",\"@graph\":[{\"@type\":\"WebPage\",\"@id\":\"https:\\\/\\\/www.sedi-ati.com\\\/fr\\\/qualite\\\/\",\"url\":\"https:\\\/\\\/www.sedi-ati.com\\\/fr\\\/qualite\\\/\",\"name\":\"D\u00e9couvrez la d\u00e9marche qualit\u00e9 et soci\u00e9tale autour de notre expertise\",\"isPartOf\":{\"@id\":\"https:\\\/\\\/www.sedi-ati.com\\\/fr\\\/#website\"},\"datePublished\":\"2020-11-05T13:22:10+00:00\",\"dateModified\":\"2025-12-12T11:14:14+00:00\",\"description\":\"SEDI-ATI Fibres Optiques travaille constamment \u00e0 une compr\u00e9hension exemplaire des besoins de ses clients actuels et futurs. La qualit\u00e9 et la performance sont au coeur de nos pr\u00e9occupations.\",\"breadcrumb\":{\"@id\":\"https:\\\/\\\/www.sedi-ati.com\\\/fr\\\/qualite\\\/#breadcrumb\"},\"inLanguage\":\"fr-FR\",\"potentialAction\":[{\"@type\":\"ReadAction\",\"target\":[\"https:\\\/\\\/www.sedi-ati.com\\\/fr\\\/qualite\\\/\"]}]},{\"@type\":\"BreadcrumbList\",\"@id\":\"https:\\\/\\\/www.sedi-ati.com\\\/fr\\\/qualite\\\/#breadcrumb\",\"itemListElement\":[{\"@type\":\"ListItem\",\"position\":1,\"name\":\"Home\",\"item\":\"https:\\\/\\\/www.sedi-ati.com\\\/fr\\\/\"},{\"@type\":\"ListItem\",\"position\":2,\"name\":\"Qualit\u00e9\"}]},{\"@type\":\"WebSite\",\"@id\":\"https:\\\/\\\/www.sedi-ati.com\\\/fr\\\/#website\",\"url\":\"https:\\\/\\\/www.sedi-ati.com\\\/fr\\\/\",\"name\":\"SEDI-ATI\",\"description\":\"Assemblages de fibres optiques sur mesure, bundles, fentes et pieuvres\",\"publisher\":{\"@id\":\"https:\\\/\\\/www.sedi-ati.com\\\/fr\\\/#organization\"},\"potentialAction\":[{\"@type\":\"SearchAction\",\"target\":{\"@type\":\"EntryPoint\",\"urlTemplate\":\"https:\\\/\\\/www.sedi-ati.com\\\/fr\\\/?s={search_term_string}\"},\"query-input\":{\"@type\":\"PropertyValueSpecification\",\"valueRequired\":true,\"valueName\":\"search_term_string\"}}],\"inLanguage\":\"fr-FR\"},{\"@type\":\"Organization\",\"@id\":\"https:\\\/\\\/www.sedi-ati.com\\\/fr\\\/#organization\",\"name\":\"SEDI-ATI\",\"url\":\"https:\\\/\\\/www.sedi-ati.com\\\/fr\\\/\",\"logo\":{\"@type\":\"ImageObject\",\"inLanguage\":\"fr-FR\",\"@id\":\"https:\\\/\\\/www.sedi-ati.com\\\/fr\\\/#\\\/schema\\\/logo\\\/image\\\/\",\"url\":\"https:\\\/\\\/www.sedi-ati.com\\\/wp-content\\\/uploads\\\/2019\\\/10\\\/Logo_SEDI-ATI_2019_avec-baseline.png\",\"contentUrl\":\"https:\\\/\\\/www.sedi-ati.com\\\/wp-content\\\/uploads\\\/2019\\\/10\\\/Logo_SEDI-ATI_2019_avec-baseline.png\",\"width\":300,\"height\":73,\"caption\":\"SEDI-ATI\"},\"image\":{\"@id\":\"https:\\\/\\\/www.sedi-ati.com\\\/fr\\\/#\\\/schema\\\/logo\\\/image\\\/\"},\"sameAs\":[\"https:\\\/\\\/www.linkedin.com\\\/company\\\/sedi-ati-fibres-optiques\\\/\",\"https:\\\/\\\/www.youtube.com\\\/@sedi-ati-fibres-optiques\"]}]}<\/script>\n<!-- \/ Yoast SEO plugin. -->","yoast_head_json":{"title":"D\u00e9couvrez la d\u00e9marche qualit\u00e9 et soci\u00e9tale autour de notre expertise","description":"SEDI-ATI Fibres Optiques travaille constamment \u00e0 une compr\u00e9hension exemplaire des besoins de ses clients actuels et futurs. La qualit\u00e9 et la performance sont au coeur de nos pr\u00e9occupations.","robots":{"index":"index","follow":"follow","max-snippet":"max-snippet:-1","max-image-preview":"max-image-preview:large","max-video-preview":"max-video-preview:-1"},"canonical":"https:\/\/www.sedi-ati.com\/fr\/qualite\/","og_locale":"fr_FR","og_type":"article","og_title":"D\u00e9couvrez la d\u00e9marche qualit\u00e9 et soci\u00e9tale autour de notre expertise","og_description":"SEDI-ATI Fibres Optiques travaille constamment \u00e0 une compr\u00e9hension exemplaire des besoins de ses clients actuels et futurs. La qualit\u00e9 et la performance sont au coeur de nos pr\u00e9occupations.","og_url":"https:\/\/www.sedi-ati.com\/fr\/qualite\/","og_site_name":"SEDI-ATI","article_modified_time":"2025-12-12T11:14:14+00:00","twitter_card":"summary_large_image","twitter_misc":{"Dur\u00e9e de lecture estim\u00e9e":"4 minutes"},"schema":{"@context":"https:\/\/schema.org","@graph":[{"@type":"WebPage","@id":"https:\/\/www.sedi-ati.com\/fr\/qualite\/","url":"https:\/\/www.sedi-ati.com\/fr\/qualite\/","name":"D\u00e9couvrez la d\u00e9marche qualit\u00e9 et soci\u00e9tale autour de notre expertise","isPartOf":{"@id":"https:\/\/www.sedi-ati.com\/fr\/#website"},"datePublished":"2020-11-05T13:22:10+00:00","dateModified":"2025-12-12T11:14:14+00:00","description":"SEDI-ATI Fibres Optiques travaille constamment \u00e0 une compr\u00e9hension exemplaire des besoins de ses clients actuels et futurs. La qualit\u00e9 et la performance sont au coeur de nos pr\u00e9occupations.","breadcrumb":{"@id":"https:\/\/www.sedi-ati.com\/fr\/qualite\/#breadcrumb"},"inLanguage":"fr-FR","potentialAction":[{"@type":"ReadAction","target":["https:\/\/www.sedi-ati.com\/fr\/qualite\/"]}]},{"@type":"BreadcrumbList","@id":"https:\/\/www.sedi-ati.com\/fr\/qualite\/#breadcrumb","itemListElement":[{"@type":"ListItem","position":1,"name":"Home","item":"https:\/\/www.sedi-ati.com\/fr\/"},{"@type":"ListItem","position":2,"name":"Qualit\u00e9"}]},{"@type":"WebSite","@id":"https:\/\/www.sedi-ati.com\/fr\/#website","url":"https:\/\/www.sedi-ati.com\/fr\/","name":"SEDI-ATI","description":"Assemblages de fibres optiques sur mesure, bundles, fentes et pieuvres","publisher":{"@id":"https:\/\/www.sedi-ati.com\/fr\/#organization"},"potentialAction":[{"@type":"SearchAction","target":{"@type":"EntryPoint","urlTemplate":"https:\/\/www.sedi-ati.com\/fr\/?s={search_term_string}"},"query-input":{"@type":"PropertyValueSpecification","valueRequired":true,"valueName":"search_term_string"}}],"inLanguage":"fr-FR"},{"@type":"Organization","@id":"https:\/\/www.sedi-ati.com\/fr\/#organization","name":"SEDI-ATI","url":"https:\/\/www.sedi-ati.com\/fr\/","logo":{"@type":"ImageObject","inLanguage":"fr-FR","@id":"https:\/\/www.sedi-ati.com\/fr\/#\/schema\/logo\/image\/","url":"https:\/\/www.sedi-ati.com\/wp-content\/uploads\/2019\/10\/Logo_SEDI-ATI_2019_avec-baseline.png","contentUrl":"https:\/\/www.sedi-ati.com\/wp-content\/uploads\/2019\/10\/Logo_SEDI-ATI_2019_avec-baseline.png","width":300,"height":73,"caption":"SEDI-ATI"},"image":{"@id":"https:\/\/www.sedi-ati.com\/fr\/#\/schema\/logo\/image\/"},"sameAs":["https:\/\/www.linkedin.com\/company\/sedi-ati-fibres-optiques\/","https:\/\/www.youtube.com\/@sedi-ati-fibres-optiques"]}]}},"_links":{"self":[{"href":"https:\/\/www.sedi-ati.com\/fr\/wp-json\/wp\/v2\/pages\/5020","targetHints":{"allow":["GET"]}}],"collection":[{"href":"https:\/\/www.sedi-ati.com\/fr\/wp-json\/wp\/v2\/pages"}],"about":[{"href":"https:\/\/www.sedi-ati.com\/fr\/wp-json\/wp\/v2\/types\/page"}],"author":[{"embeddable":true,"href":"https:\/\/www.sedi-ati.com\/fr\/wp-json\/wp\/v2\/users\/2"}],"replies":[{"embeddable":true,"href":"https:\/\/www.sedi-ati.com\/fr\/wp-json\/wp\/v2\/comments?post=5020"}],"version-history":[{"count":6,"href":"https:\/\/www.sedi-ati.com\/fr\/wp-json\/wp\/v2\/pages\/5020\/revisions"}],"predecessor-version":[{"id":21587,"href":"https:\/\/www.sedi-ati.com\/fr\/wp-json\/wp\/v2\/pages\/5020\/revisions\/21587"}],"wp:attachment":[{"href":"https:\/\/www.sedi-ati.com\/fr\/wp-json\/wp\/v2\/media?parent=5020"}],"curies":[{"name":"wp","href":"https:\/\/api.w.org\/{rel}","templated":true}]}}