{"id":5155,"date":"2020-11-26T20:19:04","date_gmt":"2020-11-26T19:19:04","guid":{"rendered":"https:\/\/www.sedi-ati.com\/?page_id=5155"},"modified":"2023-07-18T11:31:37","modified_gmt":"2023-07-18T09:31:37","slug":"kit-media","status":"publish","type":"page","link":"https:\/\/www.sedi-ati.com\/fr\/kit-media\/","title":{"rendered":"Kit M\u00e9dia"},"content":{"rendered":"<section class=\"wpb-content-wrapper\"><p>[vc_row css=\u00a0\u00bb.vc_custom_1564477411650{padding-bottom: 30px !important;}\u00a0\u00bb][vc_column][vc_custom_heading text=\u00a0\u00bbLogo de SEDI-ATI\u00a0\u00bb use_theme_fonts=\u00a0\u00bbyes\u00a0\u00bb][vc_row_inner][vc_column_inner][vc_column_text]<a href=\"https:\/\/www.sedi-ati.com\/wp-content\/uploads\/2019\/07\/Logo_SEDI-ATI_2019.zip\" target=\"_blank\" rel=\"noopener noreferrer\">T\u00e9l\u00e9chargez le logo de SEDI-ATI en format haute d\u00e9finition<\/a><\/p>\n<p data-wp-editing=\"1\"><img loading=\"lazy\" decoding=\"async\" class=\"alignnone size-medium wp-image-10600\" src=\"https:\/\/www.sedi-ati.com\/wp-content\/uploads\/2023\/03\/Fichier-1logo-sedi-ati-300x71.png\" alt=\"\" width=\"300\" height=\"71\" srcset=\"https:\/\/www.sedi-ati.com\/wp-content\/uploads\/2023\/03\/Fichier-1logo-sedi-ati-300x71.png 300w, https:\/\/www.sedi-ati.com\/wp-content\/uploads\/2023\/03\/Fichier-1logo-sedi-ati-800x190.png 800w, https:\/\/www.sedi-ati.com\/wp-content\/uploads\/2023\/03\/Fichier-1logo-sedi-ati-1024x244.png 1024w, https:\/\/www.sedi-ati.com\/wp-content\/uploads\/2023\/03\/Fichier-1logo-sedi-ati-768x183.png 768w, https:\/\/www.sedi-ati.com\/wp-content\/uploads\/2023\/03\/Fichier-1logo-sedi-ati-1536x365.png 1536w, https:\/\/www.sedi-ati.com\/wp-content\/uploads\/2023\/03\/Fichier-1logo-sedi-ati-2048x487.png 2048w, https:\/\/www.sedi-ati.com\/wp-content\/uploads\/2023\/03\/Fichier-1logo-sedi-ati-260x62.png 260w, https:\/\/www.sedi-ati.com\/wp-content\/uploads\/2023\/03\/Fichier-1logo-sedi-ati-50x12.png 50w, https:\/\/www.sedi-ati.com\/wp-content\/uploads\/2023\/03\/Fichier-1logo-sedi-ati-150x36.png 150w\" sizes=\"auto, (max-width:767px) 300px, 300px\" \/><\/p>\n<p>[\/vc_column_text][\/vc_column_inner][\/vc_row_inner][\/vc_column][\/vc_row][vc_row full_width=\u00a0\u00bbstretch_row\u00a0\u00bb css=\u00a0\u00bb.vc_custom_1564477432857{padding-top: 30px !important;padding-bottom: 30px !important;background-color: #f7f7f7 !important;}\u00a0\u00bb][vc_column][vc_custom_heading text=\u00a0\u00bbCharte graphique\u00a0\u00bb use_theme_fonts=\u00a0\u00bbyes\u00a0\u00bb][vc_column_text]<a href=\"https:\/\/www.sedi-ati.com\/wp-content\/uploads\/2019\/07\/SEDI-ATI_graphic-charter.pdf\" target=\"_blank\" rel=\"noopener noreferrer\">T\u00e9l\u00e9chargez la charte graphique de SEDI-ATI<\/a><\/p>\n<p data-wp-editing=\"1\"><a href=\"https:\/\/www.sedi-ati.com\/wp-content\/uploads\/2019\/07\/SEDI-ATI_graphic-charter.pdf\"><img loading=\"lazy\" decoding=\"async\" class=\"alignleft wp-image-3871 size-medium\" src=\"https:\/\/www.sedi-ati.com\/wp-content\/uploads\/2019\/07\/SEDI-ATI_graphic-charter-187x300.jpg\" alt=\"\" width=\"187\" height=\"300\" srcset=\"https:\/\/www.sedi-ati.com\/wp-content\/uploads\/2019\/07\/SEDI-ATI_graphic-charter-187x300.jpg 187w, https:\/\/www.sedi-ati.com\/wp-content\/uploads\/2019\/07\/SEDI-ATI_graphic-charter.jpg 500w, https:\/\/www.sedi-ati.com\/wp-content\/uploads\/2019\/07\/SEDI-ATI_graphic-charter-400x642.jpg 400w\" sizes=\"auto, (max-width:767px) 187px, 187px\" \/><\/a><\/p>\n<p>[\/vc_column_text][\/vc_column][\/vc_row][vc_row full_width=\u00a0\u00bbstretch_row\u00a0\u00bb css=\u00a0\u00bb.vc_custom_1564477476246{padding-bottom: 30px !important;}\u00a0\u00bb][vc_column][vc_custom_heading text=\u00a0\u00bbVid\u00e9os\u00a0\u00bb use_theme_fonts=\u00a0\u00bbyes\u00a0\u00bb][vc_video link=\u00a0\u00bbhttps:\/\/www.youtube.com\/watch?v=lfb5RD2L10U\u00a0\u00bb el_width=\u00a0\u00bb50&Prime;][\/vc_column][\/vc_row]<\/p>\n<\/section>","protected":false},"excerpt":{"rendered":"<p>[vc_row css=\u00a0\u00bb.vc_custom_1564477411650{padding-bottom: 30px !important;}\u00a0\u00bb][vc_column][vc_custom_heading text=\u00a0\u00bbLogo de SEDI-ATI\u00a0\u00bb use_theme_fonts=\u00a0\u00bbyes\u00a0\u00bb][vc_row_inner][vc_column_inner][vc_column_text]T\u00e9l\u00e9chargez le logo de SEDI-ATI en format haute d\u00e9finition [\/vc_column_text][\/vc_column_inner][\/vc_row_inner][\/vc_column][\/vc_row][vc_row full_width=\u00a0\u00bbstretch_row\u00a0\u00bb css=\u00a0\u00bb.vc_custom_1564477432857{padding-top: 30px !important;padding-bottom: 30px !important;background-color: #f7f7f7 !important;}\u00a0\u00bb][vc_column][vc_custom_heading text=\u00a0\u00bbCharte<span class=\"excerpt-hellip\"> [\u2026]<\/span><\/p>\n","protected":false},"author":2,"featured_media":0,"parent":0,"menu_order":0,"comment_status":"closed","ping_status":"closed","template":"","meta":{"_acf_changed":false,"rs_blank_template":"","rs_page_bg_color":"","slide_template_v7":"","footnotes":""},"class_list":["post-5155","page","type-page","status-publish","hentry"],"acf":[],"yoast_head":"<!-- This site is optimized with the Yoast SEO plugin v27.3 - https:\/\/yoast.com\/product\/yoast-seo-wordpress\/ -->\n<title>Kit M\u00e9dia - SEDI-ATI<\/title>\n<meta name=\"robots\" content=\"noindex, follow\" \/>\n<meta property=\"og:locale\" content=\"fr_FR\" \/>\n<meta property=\"og:type\" content=\"article\" \/>\n<meta property=\"og:title\" content=\"Kit M\u00e9dia - SEDI-ATI\" \/>\n<meta property=\"og:description\" content=\"[vc_row css=\u00a0\u00bb.vc_custom_1564477411650{padding-bottom: 30px !important;}\u00a0\u00bb][vc_column][vc_custom_heading text=\u00a0\u00bbLogo de SEDI-ATI\u00a0\u00bb use_theme_fonts=\u00a0\u00bbyes\u00a0\u00bb][vc_row_inner][vc_column_inner][vc_column_text]T\u00e9l\u00e9chargez le logo de SEDI-ATI en format haute d\u00e9finition [\/vc_column_text][\/vc_column_inner][\/vc_row_inner][\/vc_column][\/vc_row][vc_row full_width=\u00a0\u00bbstretch_row\u00a0\u00bb css=\u00a0\u00bb.vc_custom_1564477432857{padding-top: 30px !important;padding-bottom: 30px !important;background-color: #f7f7f7 !important;}\u00a0\u00bb][vc_column][vc_custom_heading text=\u00a0\u00bbCharte [\u2026]\" \/>\n<meta property=\"og:url\" content=\"https:\/\/www.sedi-ati.com\/fr\/kit-media\/\" \/>\n<meta property=\"og:site_name\" content=\"SEDI-ATI\" \/>\n<meta property=\"article:modified_time\" content=\"2023-07-18T09:31:37+00:00\" \/>\n<meta property=\"og:image\" content=\"https:\/\/www.sedi-ati.com\/wp-content\/uploads\/2023\/03\/Fichier-1logo-sedi-ati-300x71.png\" \/>\n<meta name=\"twitter:card\" content=\"summary_large_image\" \/>\n<meta name=\"twitter:label1\" content=\"Dur\u00e9e de lecture estim\u00e9e\" \/>\n\t<meta name=\"twitter:data1\" content=\"1 minute\" \/>\n<script type=\"application\/ld+json\" class=\"yoast-schema-graph\">{\"@context\":\"https:\\\/\\\/schema.org\",\"@graph\":[{\"@type\":\"WebPage\",\"@id\":\"https:\\\/\\\/www.sedi-ati.com\\\/fr\\\/kit-media\\\/\",\"url\":\"https:\\\/\\\/www.sedi-ati.com\\\/fr\\\/kit-media\\\/\",\"name\":\"Kit M\u00e9dia - SEDI-ATI\",\"isPartOf\":{\"@id\":\"https:\\\/\\\/www.sedi-ati.com\\\/fr\\\/#website\"},\"primaryImageOfPage\":{\"@id\":\"https:\\\/\\\/www.sedi-ati.com\\\/fr\\\/kit-media\\\/#primaryimage\"},\"image\":{\"@id\":\"https:\\\/\\\/www.sedi-ati.com\\\/fr\\\/kit-media\\\/#primaryimage\"},\"thumbnailUrl\":\"https:\\\/\\\/www.sedi-ati.com\\\/wp-content\\\/uploads\\\/2023\\\/03\\\/Fichier-1logo-sedi-ati-300x71.png\",\"datePublished\":\"2020-11-26T19:19:04+00:00\",\"dateModified\":\"2023-07-18T09:31:37+00:00\",\"breadcrumb\":{\"@id\":\"https:\\\/\\\/www.sedi-ati.com\\\/fr\\\/kit-media\\\/#breadcrumb\"},\"inLanguage\":\"fr-FR\",\"potentialAction\":[{\"@type\":\"ReadAction\",\"target\":[\"https:\\\/\\\/www.sedi-ati.com\\\/fr\\\/kit-media\\\/\"]}]},{\"@type\":\"ImageObject\",\"inLanguage\":\"fr-FR\",\"@id\":\"https:\\\/\\\/www.sedi-ati.com\\\/fr\\\/kit-media\\\/#primaryimage\",\"url\":\"https:\\\/\\\/www.sedi-ati.com\\\/wp-content\\\/uploads\\\/2023\\\/03\\\/Fichier-1logo-sedi-ati-300x71.png\",\"contentUrl\":\"https:\\\/\\\/www.sedi-ati.com\\\/wp-content\\\/uploads\\\/2023\\\/03\\\/Fichier-1logo-sedi-ati-300x71.png\"},{\"@type\":\"BreadcrumbList\",\"@id\":\"https:\\\/\\\/www.sedi-ati.com\\\/fr\\\/kit-media\\\/#breadcrumb\",\"itemListElement\":[{\"@type\":\"ListItem\",\"position\":1,\"name\":\"Home\",\"item\":\"https:\\\/\\\/www.sedi-ati.com\\\/fr\\\/\"},{\"@type\":\"ListItem\",\"position\":2,\"name\":\"Kit M\u00e9dia\"}]},{\"@type\":\"WebSite\",\"@id\":\"https:\\\/\\\/www.sedi-ati.com\\\/fr\\\/#website\",\"url\":\"https:\\\/\\\/www.sedi-ati.com\\\/fr\\\/\",\"name\":\"SEDI-ATI\",\"description\":\"Assemblages de fibres optiques sur mesure, bundles, fentes et pieuvres\",\"publisher\":{\"@id\":\"https:\\\/\\\/www.sedi-ati.com\\\/fr\\\/#organization\"},\"potentialAction\":[{\"@type\":\"SearchAction\",\"target\":{\"@type\":\"EntryPoint\",\"urlTemplate\":\"https:\\\/\\\/www.sedi-ati.com\\\/fr\\\/?s={search_term_string}\"},\"query-input\":{\"@type\":\"PropertyValueSpecification\",\"valueRequired\":true,\"valueName\":\"search_term_string\"}}],\"inLanguage\":\"fr-FR\"},{\"@type\":\"Organization\",\"@id\":\"https:\\\/\\\/www.sedi-ati.com\\\/fr\\\/#organization\",\"name\":\"SEDI-ATI\",\"url\":\"https:\\\/\\\/www.sedi-ati.com\\\/fr\\\/\",\"logo\":{\"@type\":\"ImageObject\",\"inLanguage\":\"fr-FR\",\"@id\":\"https:\\\/\\\/www.sedi-ati.com\\\/fr\\\/#\\\/schema\\\/logo\\\/image\\\/\",\"url\":\"https:\\\/\\\/www.sedi-ati.com\\\/wp-content\\\/uploads\\\/2019\\\/10\\\/Logo_SEDI-ATI_2019_avec-baseline.png\",\"contentUrl\":\"https:\\\/\\\/www.sedi-ati.com\\\/wp-content\\\/uploads\\\/2019\\\/10\\\/Logo_SEDI-ATI_2019_avec-baseline.png\",\"width\":300,\"height\":73,\"caption\":\"SEDI-ATI\"},\"image\":{\"@id\":\"https:\\\/\\\/www.sedi-ati.com\\\/fr\\\/#\\\/schema\\\/logo\\\/image\\\/\"},\"sameAs\":[\"https:\\\/\\\/www.linkedin.com\\\/company\\\/sedi-ati-fibres-optiques\\\/\",\"https:\\\/\\\/www.youtube.com\\\/@sedi-ati-fibres-optiques\"]}]}<\/script>\n<!-- \/ Yoast SEO plugin. -->","yoast_head_json":{"title":"Kit M\u00e9dia - SEDI-ATI","robots":{"index":"noindex","follow":"follow"},"og_locale":"fr_FR","og_type":"article","og_title":"Kit M\u00e9dia - SEDI-ATI","og_description":"[vc_row css=\u00a0\u00bb.vc_custom_1564477411650{padding-bottom: 30px !important;}\u00a0\u00bb][vc_column][vc_custom_heading text=\u00a0\u00bbLogo de SEDI-ATI\u00a0\u00bb use_theme_fonts=\u00a0\u00bbyes\u00a0\u00bb][vc_row_inner][vc_column_inner][vc_column_text]T\u00e9l\u00e9chargez le logo de SEDI-ATI en format haute d\u00e9finition [\/vc_column_text][\/vc_column_inner][\/vc_row_inner][\/vc_column][\/vc_row][vc_row full_width=\u00a0\u00bbstretch_row\u00a0\u00bb css=\u00a0\u00bb.vc_custom_1564477432857{padding-top: 30px !important;padding-bottom: 30px !important;background-color: #f7f7f7 !important;}\u00a0\u00bb][vc_column][vc_custom_heading text=\u00a0\u00bbCharte [\u2026]","og_url":"https:\/\/www.sedi-ati.com\/fr\/kit-media\/","og_site_name":"SEDI-ATI","article_modified_time":"2023-07-18T09:31:37+00:00","og_image":[{"url":"https:\/\/www.sedi-ati.com\/wp-content\/uploads\/2023\/03\/Fichier-1logo-sedi-ati-300x71.png","type":"","width":"","height":""}],"twitter_card":"summary_large_image","twitter_misc":{"Dur\u00e9e de lecture estim\u00e9e":"1 minute"},"schema":{"@context":"https:\/\/schema.org","@graph":[{"@type":"WebPage","@id":"https:\/\/www.sedi-ati.com\/fr\/kit-media\/","url":"https:\/\/www.sedi-ati.com\/fr\/kit-media\/","name":"Kit M\u00e9dia - SEDI-ATI","isPartOf":{"@id":"https:\/\/www.sedi-ati.com\/fr\/#website"},"primaryImageOfPage":{"@id":"https:\/\/www.sedi-ati.com\/fr\/kit-media\/#primaryimage"},"image":{"@id":"https:\/\/www.sedi-ati.com\/fr\/kit-media\/#primaryimage"},"thumbnailUrl":"https:\/\/www.sedi-ati.com\/wp-content\/uploads\/2023\/03\/Fichier-1logo-sedi-ati-300x71.png","datePublished":"2020-11-26T19:19:04+00:00","dateModified":"2023-07-18T09:31:37+00:00","breadcrumb":{"@id":"https:\/\/www.sedi-ati.com\/fr\/kit-media\/#breadcrumb"},"inLanguage":"fr-FR","potentialAction":[{"@type":"ReadAction","target":["https:\/\/www.sedi-ati.com\/fr\/kit-media\/"]}]},{"@type":"ImageObject","inLanguage":"fr-FR","@id":"https:\/\/www.sedi-ati.com\/fr\/kit-media\/#primaryimage","url":"https:\/\/www.sedi-ati.com\/wp-content\/uploads\/2023\/03\/Fichier-1logo-sedi-ati-300x71.png","contentUrl":"https:\/\/www.sedi-ati.com\/wp-content\/uploads\/2023\/03\/Fichier-1logo-sedi-ati-300x71.png"},{"@type":"BreadcrumbList","@id":"https:\/\/www.sedi-ati.com\/fr\/kit-media\/#breadcrumb","itemListElement":[{"@type":"ListItem","position":1,"name":"Home","item":"https:\/\/www.sedi-ati.com\/fr\/"},{"@type":"ListItem","position":2,"name":"Kit M\u00e9dia"}]},{"@type":"WebSite","@id":"https:\/\/www.sedi-ati.com\/fr\/#website","url":"https:\/\/www.sedi-ati.com\/fr\/","name":"SEDI-ATI","description":"Assemblages de fibres optiques sur mesure, bundles, fentes et pieuvres","publisher":{"@id":"https:\/\/www.sedi-ati.com\/fr\/#organization"},"potentialAction":[{"@type":"SearchAction","target":{"@type":"EntryPoint","urlTemplate":"https:\/\/www.sedi-ati.com\/fr\/?s={search_term_string}"},"query-input":{"@type":"PropertyValueSpecification","valueRequired":true,"valueName":"search_term_string"}}],"inLanguage":"fr-FR"},{"@type":"Organization","@id":"https:\/\/www.sedi-ati.com\/fr\/#organization","name":"SEDI-ATI","url":"https:\/\/www.sedi-ati.com\/fr\/","logo":{"@type":"ImageObject","inLanguage":"fr-FR","@id":"https:\/\/www.sedi-ati.com\/fr\/#\/schema\/logo\/image\/","url":"https:\/\/www.sedi-ati.com\/wp-content\/uploads\/2019\/10\/Logo_SEDI-ATI_2019_avec-baseline.png","contentUrl":"https:\/\/www.sedi-ati.com\/wp-content\/uploads\/2019\/10\/Logo_SEDI-ATI_2019_avec-baseline.png","width":300,"height":73,"caption":"SEDI-ATI"},"image":{"@id":"https:\/\/www.sedi-ati.com\/fr\/#\/schema\/logo\/image\/"},"sameAs":["https:\/\/www.linkedin.com\/company\/sedi-ati-fibres-optiques\/","https:\/\/www.youtube.com\/@sedi-ati-fibres-optiques"]}]}},"_links":{"self":[{"href":"https:\/\/www.sedi-ati.com\/fr\/wp-json\/wp\/v2\/pages\/5155","targetHints":{"allow":["GET"]}}],"collection":[{"href":"https:\/\/www.sedi-ati.com\/fr\/wp-json\/wp\/v2\/pages"}],"about":[{"href":"https:\/\/www.sedi-ati.com\/fr\/wp-json\/wp\/v2\/types\/page"}],"author":[{"embeddable":true,"href":"https:\/\/www.sedi-ati.com\/fr\/wp-json\/wp\/v2\/users\/2"}],"replies":[{"embeddable":true,"href":"https:\/\/www.sedi-ati.com\/fr\/wp-json\/wp\/v2\/comments?post=5155"}],"version-history":[{"count":1,"href":"https:\/\/www.sedi-ati.com\/fr\/wp-json\/wp\/v2\/pages\/5155\/revisions"}],"predecessor-version":[{"id":15810,"href":"https:\/\/www.sedi-ati.com\/fr\/wp-json\/wp\/v2\/pages\/5155\/revisions\/15810"}],"wp:attachment":[{"href":"https:\/\/www.sedi-ati.com\/fr\/wp-json\/wp\/v2\/media?parent=5155"}],"curies":[{"name":"wp","href":"https:\/\/api.w.org\/{rel}","templated":true}]}}