{"id":11301,"date":"2023-05-31T11:22:37","date_gmt":"2023-05-31T09:22:37","guid":{"rendered":"https:\/\/www.sedi-ati.com\/?post_type=product&#038;p=11301"},"modified":"2026-03-05T17:40:40","modified_gmt":"2026-03-05T16:40:40","slug":"bobine-de-fibre-optique-deployable-pour-applications-marines","status":"publish","type":"product","link":"https:\/\/www.sedi-ati.com\/fr\/bobines-fibre-optique-pour-vehicules-filoguides\/bobine-de-fibre-optique-deployable-pour-applications-marines\/","title":{"rendered":"Bobine de fibre optique d\u00e9ployable pour applications marines [UUV-ROV]"},"content":{"rendered":"<section class=\"wpb-content-wrapper\"><p>[vc_row content_placement=\u00a0\u00bbmiddle\u00a0\u00bb el_class=\u00a0\u00bbz-index-1 chevauchement-horizontal-range range-applications\u00a0\u00bb][vc_column width=\u00a0\u00bb3\/5&Prime; css=\u00a0\u00bb.vc_custom_1685374011530{background-color: #dfe2e8 !important;}\u00a0\u00bb el_class=\u00a0\u00bbshadow border-radius-hd-bd line-bottom line-blue\u00a0\u00bb][vc_raw_html el_class=\u00a0\u00bbgros-titre flex-column-mobile\u00a0\u00bb]JTNDcCUzRUJvYmluZXMlM0NzcGFuJTIwY2xhc3MlM0QlMjJwb2ludC1yb3VnZSUyMiUzRSUzQyUyRnNwYW4lM0VGaWJyZXMlMjBvcHRpcXVlcyUzQyUyRnAlM0U=[\/vc_raw_html][vc_column_text el_class=\u00a0\u00bbtitre-baseline\u00a0\u00bb]<\/p>\n<h2>Bobine de fibre optique d\u00e9ployable pour applications marines<\/h2>\n<p>[\/vc_column_text][vc_column_text]Le concept innovant de notre <strong class=\"d2b\">bobine de fibre optique \u00e0 usage unique<\/strong> RBOB-UUV pour ROV (v\u00e9hicule sous-marin t\u00e9l\u00e9op\u00e9r\u00e9), r\u00e9side dans le fait qu\u2019elle est directement mont\u00e9e sur le <strong class=\"d2b\">drone sous-marin<\/strong>. Ainsi, la fibre ne subit aucune contrainte puisqu\u2019elle se d\u00e9ploie en m\u00eame temps que le drone se d\u00e9place.[\/vc_column_text][vc_btn title=\u00a0\u00bbDemandez un devis\u00a0\u00bb style=\u00a0\u00bbcustom\u00a0\u00bb custom_background=\u00a0\u00bb#132f40&Prime; custom_text=\u00a0\u00bb#ffffff\u00a0\u00bb shape=\u00a0\u00bbsquare\u00a0\u00bb link=\u00a0\u00bburl:%2Ffr%2Fdemande-de-devis%2F\u00a0\u00bb el_class=\u00a0\u00bbline-bottom line-blue\u00a0\u00bb][\/vc_column][vc_column width=\u00a0\u00bb1\/2&Prime; el_class=\u00a0\u00bbimg-entete\u00a0\u00bb][vc_single_image image=\u00a0\u00bb11302&Prime; img_size=\u00a0\u00bbfull\u00a0\u00bb alignment=\u00a0\u00bbcenter\u00a0\u00bb][\/vc_column][\/vc_row][vc_row full_width=\u00a0\u00bbstretch_row_content\u00a0\u00bb css=\u00a0\u00bb.vc_custom_1685526032642{background-color: #dfe2e8 !important;}\u00a0\u00bb el_class=\u00a0\u00bbfull-with-4000&Prime;][vc_column width=\u00a0\u00bb1\/2&Prime;][vc_row_inner][vc_column_inner el_class=\u00a0\u00bbwith-0-1240&Prime; width=\u00a0\u00bb1\/3&Prime;][\/vc_column_inner][vc_column_inner width=\u00a0\u00bb2\/3&Prime;][vc_raw_html el_class=\u00a0\u00bbpetit-titre\u00a0\u00bb]JTNDcCUzRUNhcmFjdCVDMyVBOXJpc3RpcXVlcyUzQ3NwYW4lMjBjbGFzcyUzRCUyMnBvaW50LXJvdWdlJTIwcG9pbnQtcGV0aXQlMjIlM0UlM0MlMkZzcGFuJTNFUHJpbmNpcGFsZXMlM0MlMkZwJTNF[\/vc_raw_html][vc_column_text css=\u00a0\u00bb.vc_custom_1770815623567{margin-top: 5px !important;border-top-width: 0px !important;padding-top: 0px !important;}\u00a0\u00bb]<\/p>\n<ul>\n<li>Liaison bidirectionnelle,<\/li>\n<li>Longueurs de 1 km, 2 km, 5 km, 10 km, 20 km, 30 km et 50 km<\/li>\n<li>Compact et l\u00e9ger,<\/li>\n<li>Large bande passante permettant les transmissions vid\u00e9o et de contr\u00f4le,<\/li>\n<li>Immunit\u00e9 EMI,<\/li>\n<li>Installable sur le terrain,<\/li>\n<li>Montage direct sur le v\u00e9hicule terrestre,<\/li>\n<li>Bobine de fibre optique d\u00e9tromp\u00e9e pour un d\u00e9ploiement rapide et s\u00e9curis\u00e9,<\/li>\n<li>R\u00e9siste \u00e0 la pression des eaux profondes,<\/li>\n<li>R\u00e9siste \u00e0 la corrosion par le sel marin,<\/li>\n<li>Flottabilit\u00e9 neutre sur demande,<\/li>\n<li>Fibre SM 1310-1550 nm,<\/li>\n<li>Connecteur ST,<\/li>\n<li>Configurations personnalis\u00e9es sup\u00e9rieures \u00e0 50 km.<\/li>\n<\/ul>\n<p>[\/vc_column_text][\/vc_column_inner][\/vc_row_inner][\/vc_column][vc_column width=\u00a0\u00bb1\/2&Prime;][vc_row_inner][vc_column_inner width=\u00a0\u00bb1\/6&Prime;][\/vc_column_inner][vc_column_inner el_class=\u00a0\u00bbshadow border-radius-hd-bd line-bottom line-blue\u00a0\u00bb width=\u00a0\u00bb2\/3&Prime; css=\u00a0\u00bb.vc_custom_1686139580881{background-color: #ffffff !important;}\u00a0\u00bb offset=\u00a0\u00bbvc_col-xs-9&Prime;][vc_column_text el_class=\u00a0\u00bbbaseline\u00a0\u00bb]<\/p>\n<p style=\"text-align: center;\">Cliquez pour t\u00e9l\u00e9charger la brochure en PDF<\/p>\n<p>[\/vc_column_text][vc_btn title=\u00a0\u00bbBrochure\u00a0\u00bb style=\u00a0\u00bbcustom\u00a0\u00bb custom_background=\u00a0\u00bb#132f40&Prime; custom_text=\u00a0\u00bb#ffffff\u00a0\u00bb shape=\u00a0\u00bbsquare\u00a0\u00bb align=\u00a0\u00bbcenter\u00a0\u00bb i_icon_fontawesome=\u00a0\u00bbfas fa-cloud-download-alt\u00a0\u00bb add_icon=\u00a0\u00bbtrue\u00a0\u00bb link=\u00a0\u00bburl:%2Ftelechargement-brochure%2F%3Ffor_c%3D11301&Prime; el_class=\u00a0\u00bbline-bottom line-blue\u00a0\u00bb][\/vc_column_inner][vc_column_inner width=\u00a0\u00bb1\/6&Prime;][\/vc_column_inner][\/vc_row_inner][\/vc_column][\/vc_row][vc_row][vc_column width=\u00a0\u00bb1\/2&Prime;][vc_column_text]Le c\u00f4t\u00e9 d\u00e9ployable de la <strong>bobine de fibre optique<\/strong> est reli\u00e9 par un connecteur ST \u00e0 la station de contr\u00f4le sur un navire, un drone de surface ou \u00e0 terre. La <strong>fibre optique<\/strong> stationnaire est reli\u00e9e au ROV par une interface herm\u00e9tiquement scell\u00e9e pour r\u00e9sister \u00e0 la pression en eau profonde. De plus, notre <strong>fibre optique est r\u00e9sistante \u00e0 la corrosion par le sel marin<\/strong>.<\/p>\n<p>En outre, ce <strong>syst\u00e8me de bobine de fibre optique<\/strong> permet un d\u00e9ploiement rapide sur de longues distances, <strong>jusqu\u2019\u00e0 50 km<\/strong>.<\/p>\n<p>Cette solution dot\u00e9e d\u2019<strong>\u00e9vents<\/strong> sur le bo\u00eetier est tr\u00e8s compacte et l\u00e9g\u00e8re. Nous proposons diff\u00e9rents conditionnements en fonction de la capacit\u00e9 de bobine requise. Des bo\u00eetiers \u00e0 flottabilit\u00e9 neutre peuvent \u00eatre r\u00e9alis\u00e9s sur demande.<\/p>\n<p>Ce concept a le potentiel pour des applications navales civiles et de d\u00e9fense. En effet, cette technologie permet la transmission en temps r\u00e9el d\u2019\u00e9normes flux de donn\u00e9es provenant de <strong>cam\u00e9ras et de capteurs embarqu\u00e9s \u00e0 haute r\u00e9solution<\/strong>. De plus, elle permet le <strong>guidage des drones en eaux profondes<\/strong>.[\/vc_column_text][\/vc_column][vc_column width=\u00a0\u00bb1\/2&Prime;][vc_column_text]Les applications potentielles vont de l\u2019<strong>inspection d\u2019\u00e9paves aux missions de d\u00e9minage<\/strong>. Veuillez noter que le ROV et la station de contr\u00f4le doivent \u00eatre \u00e9quip\u00e9s d&rsquo;un dispositif opto\u00e9lectronique.<\/p>\n<p>Un autre avantage de la bobine <strong>RBOB-UUV<\/strong> est qu\u2019il s\u2019agit d\u2019un <strong>syst\u00e8me \u00e0 usage unique<\/strong> bas\u00e9 sur le concept : 1 mission = 1 bobine. La fibre peut \u00eatre facilement d\u00e9tach\u00e9e, ce qui \u00e9vite de rembobiner le c\u00e2ble optique et permet donc de gagner du temps et de raccourcir les missions. La fibre abandonn\u00e9e en mer se d\u00e9t\u00e9riorera rapidement. La pollution g\u00e9n\u00e9r\u00e9e est extr\u00eamement faible : la fibre optique est compos\u00e9e de silice et d&rsquo;une couche d&rsquo;\u00e9poxy acrylate. La silice n&rsquo;est rien d&rsquo;autre que du sable, et l&rsquo;\u00e9poxy acrylate du coating ne repr\u00e9sente qu&rsquo;un faible volume : 0,14 dm<sup>3<\/sup> pour 1 km de fibre.<\/p>\n<p>Par ailleurs, la fibre peut \u00eatre facilement reconnect\u00e9e sur le terrain avec un simple kit de connectorisation.[\/vc_column_text][\/vc_column][\/vc_row][vc_row][vc_column][vc_empty_space][\/vc_column][\/vc_row][vc_row full_width=\u00a0\u00bbstretch_row\u00a0\u00bb css=\u00a0\u00bb.vc_custom_1685526040240{background-color: #dfe2e8 !important;}\u00a0\u00bb][vc_column][vc_row_inner][vc_column_inner width=\u00a0\u00bb1\/6&Prime;][\/vc_column_inner][vc_column_inner el_class=\u00a0\u00bbshadow border-radius-hd-bd line-bottom line-blue\u00a0\u00bb width=\u00a0\u00bb2\/3&Prime; css=\u00a0\u00bb.vc_custom_1685525971395{background-color: #ffffff !important;}\u00a0\u00bb][vc_column_text el_class=\u00a0\u00bbbaseline\u00a0\u00bb]<\/p>\n<p style=\"text-align: center;\">N\u2019h\u00e9sitez pas \u00e0 vous rapprocher de nous et \u00e0 nous faire part de votre demande sp\u00e9cifique<\/p>\n<p>[\/vc_column_text][vc_btn title=\u00a0\u00bbDemandez un devis\u00a0\u00bb style=\u00a0\u00bbcustom\u00a0\u00bb custom_background=\u00a0\u00bb#132f40&Prime; custom_text=\u00a0\u00bb#ffffff\u00a0\u00bb shape=\u00a0\u00bbsquare\u00a0\u00bb align=\u00a0\u00bbcenter\u00a0\u00bb link=\u00a0\u00bburl:%2Ffr%2Fdemande-de-devis%2F\u00a0\u00bb el_class=\u00a0\u00bbline-bottom line-blue\u00a0\u00bb][\/vc_column_inner][vc_column_inner width=\u00a0\u00bb1\/6&Prime;][\/vc_column_inner][\/vc_row_inner][\/vc_column][\/vc_row][vc_row full_width=\u00a0\u00bbstretch_row\u00a0\u00bb][vc_column][vc_text_separator title=\u00a0\u00bbCas client\u00a0\u00bb title_align=\u00a0\u00bbseparator_align_left\u00a0\u00bb color=\u00a0\u00bbcustom\u00a0\u00bb border_width=\u00a0\u00bb2&Prime; accent_color=\u00a0\u00bb#0f0f0f\u00a0\u00bb el_class=\u00a0\u00bbpetit-titre\u00a0\u00bb][vc_empty_space height=\u00a0\u00bb10px\u00a0\u00bb][vc_basic_grid post_type=\u00a0\u00bbcas_client\u00a0\u00bb max_items=\u00a0\u00bb5&Prime; item=\u00a0\u00bb10738&Prime; initial_loading_animation=\u00a0\u00bbfadeInUp\u00a0\u00bb grid_id=\u00a0\u00bbvc_gid:1770815584442-d6b1383a-e294-10&Prime; taxonomies=\u00a0\u00bb434102, 434103&Prime;][\/vc_column][\/vc_row][vc_row][vc_column][vc_btn title=\u00a0\u00bb^\u00a0\u00bb style=\u00a0\u00bbflat\u00a0\u00bb shape=\u00a0\u00bbsquare\u00a0\u00bb link=\u00a0\u00bburl:%23Wrapper\u00a0\u00bb el_class=\u00a0\u00bbbtn-haut\u00a0\u00bb][\/vc_column][\/vc_row]<\/p>\n<\/section>","protected":false},"excerpt":{"rendered":"<p>Le concept innovant de notre\u00a0bobine de fibre optique \u00e0 usage unique\u00a0pour ROV, r\u00e9side dans le fait qu\u2019elle est directement mont\u00e9e sur le\u00a0drone sous-marin.<\/p>\n","protected":false},"featured_media":11303,"template":"","meta":{"_acf_changed":false,"rs_blank_template":"","rs_page_bg_color":"","slide_template_v7":""},"product_brand":[],"product_cat":[432296],"product_tag":[434219],"class_list":{"0":"post-11301","1":"product","2":"type-product","3":"status-publish","4":"has-post-thumbnail","6":"product_cat-bobines-fibre-optique-pour-vehicules-filoguides","7":"product_tag-bobines-deployables","9":"first","10":"instock","11":"shipping-taxable","12":"product-type-simple"},"acf":[],"yoast_head":"<!-- This site is optimized with the Yoast SEO plugin v27.3 - https:\/\/yoast.com\/product\/yoast-seo-wordpress\/ -->\n<title>Bobine de fibre optique d\u00e9ployable pour applications marines<\/title>\n<meta name=\"description\" content=\"SEDI-ATI est une entreprise fabricante de bobine de fibre optique utilis\u00e9e pour les applications marine comme le guidage de drone en eaux profondes. Demandez un devis !\" \/>\n<meta name=\"robots\" content=\"index, follow, max-snippet:-1, max-image-preview:large, max-video-preview:-1\" \/>\n<link rel=\"canonical\" href=\"https:\/\/www.sedi-ati.com\/fr\/bobines-fibre-optique-pour-vehicules-filoguides\/bobine-de-fibre-optique-deployable-pour-applications-marines\/\" \/>\n<meta property=\"og:locale\" content=\"fr_FR\" \/>\n<meta property=\"og:type\" content=\"article\" \/>\n<meta property=\"og:title\" content=\"Bobine de fibre optique d\u00e9ployable pour applications marines\" \/>\n<meta property=\"og:description\" content=\"SEDI-ATI est une entreprise fabricante de bobine de fibre optique utilis\u00e9e pour les applications marine comme le guidage de drone en eaux profondes. Demandez un devis !\" \/>\n<meta property=\"og:url\" content=\"https:\/\/www.sedi-ati.com\/fr\/bobines-fibre-optique-pour-vehicules-filoguides\/bobine-de-fibre-optique-deployable-pour-applications-marines\/\" \/>\n<meta property=\"og:site_name\" content=\"SEDI-ATI\" \/>\n<meta property=\"article:modified_time\" content=\"2026-03-05T16:40:40+00:00\" \/>\n<meta property=\"og:image\" content=\"https:\/\/www.sedi-ati.com\/wp-content\/uploads\/2023\/05\/bobine-de-fibre-optique-application-marine.jpg\" \/>\n\t<meta property=\"og:image:width\" content=\"300\" \/>\n\t<meta property=\"og:image:height\" content=\"300\" \/>\n\t<meta property=\"og:image:type\" content=\"image\/jpeg\" \/>\n<meta name=\"twitter:card\" content=\"summary_large_image\" \/>\n<meta name=\"twitter:label1\" content=\"Dur\u00e9e de lecture estim\u00e9e\" \/>\n\t<meta name=\"twitter:data1\" content=\"4 minutes\" \/>\n<script type=\"application\/ld+json\" class=\"yoast-schema-graph\">{\"@context\":\"https:\\\/\\\/schema.org\",\"@graph\":[{\"@type\":\"WebPage\",\"@id\":\"https:\\\/\\\/www.sedi-ati.com\\\/fr\\\/bobines-fibre-optique-pour-vehicules-filoguides\\\/bobine-de-fibre-optique-deployable-pour-applications-marines\\\/\",\"url\":\"https:\\\/\\\/www.sedi-ati.com\\\/fr\\\/bobines-fibre-optique-pour-vehicules-filoguides\\\/bobine-de-fibre-optique-deployable-pour-applications-marines\\\/\",\"name\":\"Bobine de fibre optique d\u00e9ployable pour applications marines\",\"isPartOf\":{\"@id\":\"https:\\\/\\\/www.sedi-ati.com\\\/fr\\\/#website\"},\"primaryImageOfPage\":{\"@id\":\"https:\\\/\\\/www.sedi-ati.com\\\/fr\\\/bobines-fibre-optique-pour-vehicules-filoguides\\\/bobine-de-fibre-optique-deployable-pour-applications-marines\\\/#primaryimage\"},\"image\":{\"@id\":\"https:\\\/\\\/www.sedi-ati.com\\\/fr\\\/bobines-fibre-optique-pour-vehicules-filoguides\\\/bobine-de-fibre-optique-deployable-pour-applications-marines\\\/#primaryimage\"},\"thumbnailUrl\":\"https:\\\/\\\/www.sedi-ati.com\\\/wp-content\\\/uploads\\\/2023\\\/05\\\/bobine-de-fibre-optique-application-marine.jpg\",\"datePublished\":\"2023-05-31T09:22:37+00:00\",\"dateModified\":\"2026-03-05T16:40:40+00:00\",\"description\":\"SEDI-ATI est une entreprise fabricante de bobine de fibre optique utilis\u00e9e pour les applications marine comme le guidage de drone en eaux profondes. Demandez un devis !\",\"breadcrumb\":{\"@id\":\"https:\\\/\\\/www.sedi-ati.com\\\/fr\\\/bobines-fibre-optique-pour-vehicules-filoguides\\\/bobine-de-fibre-optique-deployable-pour-applications-marines\\\/#breadcrumb\"},\"inLanguage\":\"fr-FR\",\"potentialAction\":[{\"@type\":\"ReadAction\",\"target\":[\"https:\\\/\\\/www.sedi-ati.com\\\/fr\\\/bobines-fibre-optique-pour-vehicules-filoguides\\\/bobine-de-fibre-optique-deployable-pour-applications-marines\\\/\"]}]},{\"@type\":\"ImageObject\",\"inLanguage\":\"fr-FR\",\"@id\":\"https:\\\/\\\/www.sedi-ati.com\\\/fr\\\/bobines-fibre-optique-pour-vehicules-filoguides\\\/bobine-de-fibre-optique-deployable-pour-applications-marines\\\/#primaryimage\",\"url\":\"https:\\\/\\\/www.sedi-ati.com\\\/wp-content\\\/uploads\\\/2023\\\/05\\\/bobine-de-fibre-optique-application-marine.jpg\",\"contentUrl\":\"https:\\\/\\\/www.sedi-ati.com\\\/wp-content\\\/uploads\\\/2023\\\/05\\\/bobine-de-fibre-optique-application-marine.jpg\",\"width\":300,\"height\":300},{\"@type\":\"BreadcrumbList\",\"@id\":\"https:\\\/\\\/www.sedi-ati.com\\\/fr\\\/bobines-fibre-optique-pour-vehicules-filoguides\\\/bobine-de-fibre-optique-deployable-pour-applications-marines\\\/#breadcrumb\",\"itemListElement\":[{\"@type\":\"ListItem\",\"position\":1,\"name\":\"Home\",\"item\":\"https:\\\/\\\/www.sedi-ati.com\\\/fr\\\/\"},{\"@type\":\"ListItem\",\"position\":2,\"name\":\"Produits\",\"item\":\"https:\\\/\\\/www.sedi-ati.com\\\/fr\\\/shop\\\/\"},{\"@type\":\"ListItem\",\"position\":3,\"name\":\"Bobines fibre optique pour v\u00e9hicules filoguid\u00e9s\",\"item\":\"https:\\\/\\\/www.sedi-ati.com\\\/fr\\\/bobines-fibre-optique-pour-vehicules-filoguides\\\/\"},{\"@type\":\"ListItem\",\"position\":4,\"name\":\"Application marine\"}]},{\"@type\":\"WebSite\",\"@id\":\"https:\\\/\\\/www.sedi-ati.com\\\/fr\\\/#website\",\"url\":\"https:\\\/\\\/www.sedi-ati.com\\\/fr\\\/\",\"name\":\"SEDI-ATI\",\"description\":\"Assemblages de fibres optiques sur mesure, bundles, fentes et pieuvres\",\"publisher\":{\"@id\":\"https:\\\/\\\/www.sedi-ati.com\\\/fr\\\/#organization\"},\"potentialAction\":[{\"@type\":\"SearchAction\",\"target\":{\"@type\":\"EntryPoint\",\"urlTemplate\":\"https:\\\/\\\/www.sedi-ati.com\\\/fr\\\/?s={search_term_string}\"},\"query-input\":{\"@type\":\"PropertyValueSpecification\",\"valueRequired\":true,\"valueName\":\"search_term_string\"}}],\"inLanguage\":\"fr-FR\"},{\"@type\":\"Organization\",\"@id\":\"https:\\\/\\\/www.sedi-ati.com\\\/fr\\\/#organization\",\"name\":\"SEDI-ATI\",\"url\":\"https:\\\/\\\/www.sedi-ati.com\\\/fr\\\/\",\"logo\":{\"@type\":\"ImageObject\",\"inLanguage\":\"fr-FR\",\"@id\":\"https:\\\/\\\/www.sedi-ati.com\\\/fr\\\/#\\\/schema\\\/logo\\\/image\\\/\",\"url\":\"https:\\\/\\\/www.sedi-ati.com\\\/wp-content\\\/uploads\\\/2019\\\/10\\\/Logo_SEDI-ATI_2019_avec-baseline.png\",\"contentUrl\":\"https:\\\/\\\/www.sedi-ati.com\\\/wp-content\\\/uploads\\\/2019\\\/10\\\/Logo_SEDI-ATI_2019_avec-baseline.png\",\"width\":300,\"height\":73,\"caption\":\"SEDI-ATI\"},\"image\":{\"@id\":\"https:\\\/\\\/www.sedi-ati.com\\\/fr\\\/#\\\/schema\\\/logo\\\/image\\\/\"},\"sameAs\":[\"https:\\\/\\\/www.linkedin.com\\\/company\\\/sedi-ati-fibres-optiques\\\/\",\"https:\\\/\\\/www.youtube.com\\\/@sedi-ati-fibres-optiques\"]}]}<\/script>\n<!-- \/ Yoast SEO plugin. -->","yoast_head_json":{"title":"Bobine de fibre optique d\u00e9ployable pour applications marines","description":"SEDI-ATI est une entreprise fabricante de bobine de fibre optique utilis\u00e9e pour les applications marine comme le guidage de drone en eaux profondes. Demandez un devis !","robots":{"index":"index","follow":"follow","max-snippet":"max-snippet:-1","max-image-preview":"max-image-preview:large","max-video-preview":"max-video-preview:-1"},"canonical":"https:\/\/www.sedi-ati.com\/fr\/bobines-fibre-optique-pour-vehicules-filoguides\/bobine-de-fibre-optique-deployable-pour-applications-marines\/","og_locale":"fr_FR","og_type":"article","og_title":"Bobine de fibre optique d\u00e9ployable pour applications marines","og_description":"SEDI-ATI est une entreprise fabricante de bobine de fibre optique utilis\u00e9e pour les applications marine comme le guidage de drone en eaux profondes. Demandez un devis !","og_url":"https:\/\/www.sedi-ati.com\/fr\/bobines-fibre-optique-pour-vehicules-filoguides\/bobine-de-fibre-optique-deployable-pour-applications-marines\/","og_site_name":"SEDI-ATI","article_modified_time":"2026-03-05T16:40:40+00:00","og_image":[{"width":300,"height":300,"url":"https:\/\/www.sedi-ati.com\/wp-content\/uploads\/2023\/05\/bobine-de-fibre-optique-application-marine.jpg","type":"image\/jpeg"}],"twitter_card":"summary_large_image","twitter_misc":{"Dur\u00e9e de lecture estim\u00e9e":"4 minutes"},"schema":{"@context":"https:\/\/schema.org","@graph":[{"@type":"WebPage","@id":"https:\/\/www.sedi-ati.com\/fr\/bobines-fibre-optique-pour-vehicules-filoguides\/bobine-de-fibre-optique-deployable-pour-applications-marines\/","url":"https:\/\/www.sedi-ati.com\/fr\/bobines-fibre-optique-pour-vehicules-filoguides\/bobine-de-fibre-optique-deployable-pour-applications-marines\/","name":"Bobine de fibre optique d\u00e9ployable pour applications marines","isPartOf":{"@id":"https:\/\/www.sedi-ati.com\/fr\/#website"},"primaryImageOfPage":{"@id":"https:\/\/www.sedi-ati.com\/fr\/bobines-fibre-optique-pour-vehicules-filoguides\/bobine-de-fibre-optique-deployable-pour-applications-marines\/#primaryimage"},"image":{"@id":"https:\/\/www.sedi-ati.com\/fr\/bobines-fibre-optique-pour-vehicules-filoguides\/bobine-de-fibre-optique-deployable-pour-applications-marines\/#primaryimage"},"thumbnailUrl":"https:\/\/www.sedi-ati.com\/wp-content\/uploads\/2023\/05\/bobine-de-fibre-optique-application-marine.jpg","datePublished":"2023-05-31T09:22:37+00:00","dateModified":"2026-03-05T16:40:40+00:00","description":"SEDI-ATI est une entreprise fabricante de bobine de fibre optique utilis\u00e9e pour les applications marine comme le guidage de drone en eaux profondes. Demandez un devis !","breadcrumb":{"@id":"https:\/\/www.sedi-ati.com\/fr\/bobines-fibre-optique-pour-vehicules-filoguides\/bobine-de-fibre-optique-deployable-pour-applications-marines\/#breadcrumb"},"inLanguage":"fr-FR","potentialAction":[{"@type":"ReadAction","target":["https:\/\/www.sedi-ati.com\/fr\/bobines-fibre-optique-pour-vehicules-filoguides\/bobine-de-fibre-optique-deployable-pour-applications-marines\/"]}]},{"@type":"ImageObject","inLanguage":"fr-FR","@id":"https:\/\/www.sedi-ati.com\/fr\/bobines-fibre-optique-pour-vehicules-filoguides\/bobine-de-fibre-optique-deployable-pour-applications-marines\/#primaryimage","url":"https:\/\/www.sedi-ati.com\/wp-content\/uploads\/2023\/05\/bobine-de-fibre-optique-application-marine.jpg","contentUrl":"https:\/\/www.sedi-ati.com\/wp-content\/uploads\/2023\/05\/bobine-de-fibre-optique-application-marine.jpg","width":300,"height":300},{"@type":"BreadcrumbList","@id":"https:\/\/www.sedi-ati.com\/fr\/bobines-fibre-optique-pour-vehicules-filoguides\/bobine-de-fibre-optique-deployable-pour-applications-marines\/#breadcrumb","itemListElement":[{"@type":"ListItem","position":1,"name":"Home","item":"https:\/\/www.sedi-ati.com\/fr\/"},{"@type":"ListItem","position":2,"name":"Produits","item":"https:\/\/www.sedi-ati.com\/fr\/shop\/"},{"@type":"ListItem","position":3,"name":"Bobines fibre optique pour v\u00e9hicules filoguid\u00e9s","item":"https:\/\/www.sedi-ati.com\/fr\/bobines-fibre-optique-pour-vehicules-filoguides\/"},{"@type":"ListItem","position":4,"name":"Application marine"}]},{"@type":"WebSite","@id":"https:\/\/www.sedi-ati.com\/fr\/#website","url":"https:\/\/www.sedi-ati.com\/fr\/","name":"SEDI-ATI","description":"Assemblages de fibres optiques sur mesure, bundles, fentes et pieuvres","publisher":{"@id":"https:\/\/www.sedi-ati.com\/fr\/#organization"},"potentialAction":[{"@type":"SearchAction","target":{"@type":"EntryPoint","urlTemplate":"https:\/\/www.sedi-ati.com\/fr\/?s={search_term_string}"},"query-input":{"@type":"PropertyValueSpecification","valueRequired":true,"valueName":"search_term_string"}}],"inLanguage":"fr-FR"},{"@type":"Organization","@id":"https:\/\/www.sedi-ati.com\/fr\/#organization","name":"SEDI-ATI","url":"https:\/\/www.sedi-ati.com\/fr\/","logo":{"@type":"ImageObject","inLanguage":"fr-FR","@id":"https:\/\/www.sedi-ati.com\/fr\/#\/schema\/logo\/image\/","url":"https:\/\/www.sedi-ati.com\/wp-content\/uploads\/2019\/10\/Logo_SEDI-ATI_2019_avec-baseline.png","contentUrl":"https:\/\/www.sedi-ati.com\/wp-content\/uploads\/2019\/10\/Logo_SEDI-ATI_2019_avec-baseline.png","width":300,"height":73,"caption":"SEDI-ATI"},"image":{"@id":"https:\/\/www.sedi-ati.com\/fr\/#\/schema\/logo\/image\/"},"sameAs":["https:\/\/www.linkedin.com\/company\/sedi-ati-fibres-optiques\/","https:\/\/www.youtube.com\/@sedi-ati-fibres-optiques"]}]}},"_links":{"self":[{"href":"https:\/\/www.sedi-ati.com\/fr\/wp-json\/wp\/v2\/product\/11301","targetHints":{"allow":["GET"]}}],"collection":[{"href":"https:\/\/www.sedi-ati.com\/fr\/wp-json\/wp\/v2\/product"}],"about":[{"href":"https:\/\/www.sedi-ati.com\/fr\/wp-json\/wp\/v2\/types\/product"}],"wp:featuredmedia":[{"embeddable":true,"href":"https:\/\/www.sedi-ati.com\/fr\/wp-json\/wp\/v2\/media\/11303"}],"wp:attachment":[{"href":"https:\/\/www.sedi-ati.com\/fr\/wp-json\/wp\/v2\/media?parent=11301"}],"wp:term":[{"taxonomy":"product_brand","embeddable":true,"href":"https:\/\/www.sedi-ati.com\/fr\/wp-json\/wp\/v2\/product_brand?post=11301"},{"taxonomy":"product_cat","embeddable":true,"href":"https:\/\/www.sedi-ati.com\/fr\/wp-json\/wp\/v2\/product_cat?post=11301"},{"taxonomy":"product_tag","embeddable":true,"href":"https:\/\/www.sedi-ati.com\/fr\/wp-json\/wp\/v2\/product_tag?post=11301"}],"curies":[{"name":"wp","href":"https:\/\/api.w.org\/{rel}","templated":true}]}}