{"id":11316,"date":"2023-05-31T14:25:54","date_gmt":"2023-05-31T12:25:54","guid":{"rendered":"https:\/\/www.sedi-ati.com\/?post_type=product&#038;p=11316"},"modified":"2025-09-25T16:20:20","modified_gmt":"2025-09-25T14:20:20","slug":"cables-fibres-optiques-avioniques","status":"publish","type":"product","link":"https:\/\/www.sedi-ati.com\/fr\/cordons-et-cables-fibre-optique-speciaux\/cables-fibres-optiques-avioniques\/","title":{"rendered":"C\u00e2bles fibres optiques avioniques"},"content":{"rendered":"<section class=\"wpb-content-wrapper\"><p>[vc_row content_placement=\u00a0\u00bbmiddle\u00a0\u00bb el_class=\u00a0\u00bbz-index-1 chevauchement-horizontal-range range-applications\u00a0\u00bb][vc_column width=\u00a0\u00bb3\/5&Prime; css=\u00a0\u00bb.vc_custom_1685526785543{background-color: #dfe2e8 !important;}\u00a0\u00bb el_class=\u00a0\u00bbshadow border-radius-hd-bd line-bottom line-blue\u00a0\u00bb][vc_raw_html el_class=\u00a0\u00bbgros-titre flex-column-mobile\u00a0\u00bb]JTNDcCUzRUMlQzMlQTJibGUlM0NzcGFuJTIwY2xhc3MlM0QlMjJwb2ludC1yb3VnZSUyMiUzRSUzQyUyRnNwYW4lM0VGaWJyZXMlMjBvcHRpcXVlcyUzQyUyRnAlM0U=[\/vc_raw_html][vc_column_text el_class=\u00a0\u00bbtitre-baseline\u00a0\u00bb]<\/p>\n<h2>C\u00e2bles fibres optiques avioniques<\/h2>\n<p>[\/vc_column_text][vc_column_text]SEDI-ATI a con\u00e7u des <strong class=\"d2b\">c\u00e2bles de fibre optique avionique robustes<\/strong> qui r\u00e9pondent aux contraintes a\u00e9ronautiques. En effet, dans les avions, il y a des restrictions d\u2019espace et de poids.[\/vc_column_text][vc_btn title=\u00a0\u00bbDemandez un devis\u00a0\u00bb style=\u00a0\u00bbcustom\u00a0\u00bb custom_background=\u00a0\u00bb#132f40&Prime; custom_text=\u00a0\u00bb#ffffff\u00a0\u00bb shape=\u00a0\u00bbsquare\u00a0\u00bb link=\u00a0\u00bburl:https%3A%2F%2Fwww.sedi-ati.com%2Ffr%2Fdemande-de-devis%2F\u00a0\u00bb el_class=\u00a0\u00bbline-bottom line-blue\u00a0\u00bb][\/vc_column][vc_column width=\u00a0\u00bb1\/2&Prime; el_class=\u00a0\u00bbimg-entete\u00a0\u00bb][vc_single_image image=\u00a0\u00bb11330&Prime; img_size=\u00a0\u00bbfull\u00a0\u00bb alignment=\u00a0\u00bbcenter\u00a0\u00bb][\/vc_column][\/vc_row][vc_row full_width=\u00a0\u00bbstretch_row_content\u00a0\u00bb css=\u00a0\u00bb.vc_custom_1683119658248{background-color: #dfe2e8 !important;}\u00a0\u00bb el_class=\u00a0\u00bbfull-with-4000&Prime;][vc_column width=\u00a0\u00bb1\/2&Prime;][vc_row_inner][vc_column_inner el_class=\u00a0\u00bbwith-0-1240&Prime; width=\u00a0\u00bb1\/3&Prime;][\/vc_column_inner][vc_column_inner width=\u00a0\u00bb2\/3&Prime;][vc_raw_html el_class=\u00a0\u00bbpetit-titre\u00a0\u00bb]JTNDcCUzRUNhcmFjdCVDMyVBOXJpc3RpcXVlcyUzQ3NwYW4lMjBjbGFzcyUzRCUyMnBvaW50LXJvdWdlJTIwcG9pbnQtcGV0aXQlMjIlM0UlM0MlMkZzcGFuJTNFUHJpbmNpcGFsZXMlM0MlMkZwJTNF[\/vc_raw_html][vc_column_text]<\/p>\n<ul>\n<li>Type de fibre : monomode ou multimode GI 50\/125 \u00b5m, GI 62.5\/125\u00b5m, saut d&rsquo;indice,<\/li>\n<li>Type de gaine \/ tube : Peek de 900 \u00b5m \u00e0 1.7 mm, ou inox souple 1 mm, 2.3 mm ou 4 mm,<\/li>\n<li>Structure : tube serr\u00e9 ou l\u00e2che,<\/li>\n<li>Connecteurs : FCXtreme\u00ae ou NanoXtreme\u00ae ou contacts ELIO, LUXCIS,<\/li>\n<li>Scellement fibre \/ connecteur : epoxy ou enverrage,<\/li>\n<li>Niveaux de temp\u00e9rature : -45 \u00b0C \u00e0 +110 \u00b0C.<\/li>\n<\/ul>\n<p>[\/vc_column_text][\/vc_column_inner][\/vc_row_inner][\/vc_column][vc_column width=\u00a0\u00bb1\/2&Prime;][vc_row_inner][vc_column_inner width=\u00a0\u00bb1\/6&Prime;][\/vc_column_inner][vc_column_inner el_class=\u00a0\u00bbshadow border-radius-hd-bd line-bottom line-blue\u00a0\u00bb width=\u00a0\u00bb2\/3&Prime; css=\u00a0\u00bb.vc_custom_1686138405394{background-color: #ffffff !important;}\u00a0\u00bb offset=\u00a0\u00bbvc_col-xs-9&Prime;][vc_column_text el_class=\u00a0\u00bbbaseline\u00a0\u00bb]<\/p>\n<p style=\"text-align: center;\">Cliquez pour t\u00e9l\u00e9charger la brochure en PDF<\/p>\n<p>[\/vc_column_text][vc_btn title=\u00a0\u00bbBrochure\u00a0\u00bb style=\u00a0\u00bbcustom\u00a0\u00bb custom_background=\u00a0\u00bb#132f40&Prime; custom_text=\u00a0\u00bb#ffffff\u00a0\u00bb shape=\u00a0\u00bbsquare\u00a0\u00bb align=\u00a0\u00bbcenter\u00a0\u00bb i_icon_fontawesome=\u00a0\u00bbfas fa-cloud-download-alt\u00a0\u00bb add_icon=\u00a0\u00bbtrue\u00a0\u00bb link=\u00a0\u00bburl:%2Ftelechargement-brochure%2F%3Ffor_c%3D11316&Prime; el_class=\u00a0\u00bbline-bottom line-blue\u00a0\u00bb][\/vc_column_inner][vc_column_inner width=\u00a0\u00bb1\/6&Prime;][\/vc_column_inner][\/vc_row_inner][\/vc_column][\/vc_row][vc_row][vc_column width=\u00a0\u00bb1\/2&Prime;][vc_column_text]Afin de r\u00e9pondre aux <strong>exigences de l\u2019a\u00e9ronautiqu<\/strong>e, nous avons choisi des mat\u00e9riaux l\u00e9gers et tr\u00e8s peu d\u00e9gazants. Et nous avons s\u00e9lectionn\u00e9 des <strong>c\u00e2bles de fibres optiques sp\u00e9ciaux<\/strong> qui augmentent le mouvement des fibres sous compression.<\/p>\n<p>Par cons\u00e9quent, nos c\u00e2bles\u00a0 peuvent supporter des vibrations et des chocs m\u00e9caniques de haute intensit\u00e9 sans d\u00e9gradation ni perte optique. De plus, nous avons am\u00e9lior\u00e9 la terminaison avec des <strong>syst\u00e8mes de connecteurs a\u00e9rospatiaux<\/strong> conformes.[\/vc_column_text][\/vc_column][vc_column width=\u00a0\u00bb1\/2&Prime;][vc_column_text]Nous proposons deux <strong>cordons \u00e0 fibre optique avionique<\/strong> pour des <a href=\"\/fibre-optique-pour-le-secteur-militaire-et-aerospatial\/\">applications a\u00e9ronautiques et spatiales<\/a> :<\/p>\n<ul>\n<li>Fibre LCH105 dans une gaine inox souple de \u00f8 1mm, avec connecteurs FC haute fiabilit\u00e9<\/li>\n<li>Fibre LCH105 dans un c\u00e2ble de \u00f8 1.8 mm \u00e9quip\u00e9 de connecteurs FC haute fiabilit\u00e9<\/li>\n<\/ul>\n<p>D\u00e9couvrez nos <a href=\"https:\/\/www.sedi-ati.com\/fr\/connecteurs-optiques-et-raccords\/fcxtreme-connecteur-pour-applications-militaires-et-aerospatiales\/\">connecteurs optiques qualifi\u00e9s pour les applications a\u00e9rospatiales<\/a> !<\/p>\n<p>[\/vc_column_text][\/vc_column][\/vc_row][vc_row][vc_column][vc_column_text]<br \/>\n[\/vc_column_text][\/vc_column][\/vc_row][vc_row full_width=\u00a0\u00bbstretch_row\u00a0\u00bb css=\u00a0\u00bb.vc_custom_1685526799785{background-color: #dfe2e8 !important;}\u00a0\u00bb][vc_column][vc_row_inner][vc_column_inner width=\u00a0\u00bb1\/6&Prime;][\/vc_column_inner][vc_column_inner el_class=\u00a0\u00bbshadow border-radius-hd-bd line-bottom line-blue\u00a0\u00bb width=\u00a0\u00bb2\/3&Prime; css=\u00a0\u00bb.vc_custom_1679652604813{background-color: #ffffff !important;}\u00a0\u00bb][vc_column_text el_class=\u00a0\u00bbbaseline\u00a0\u00bb]<\/p>\n<p style=\"text-align: center;\">N\u2019h\u00e9sitez pas \u00e0 vous rapprocher de nous et \u00e0 nous faire part de votre demande sp\u00e9cifique<\/p>\n<p>[\/vc_column_text][vc_btn title=\u00a0\u00bbDemande de devis\u00a0\u00bb style=\u00a0\u00bbcustom\u00a0\u00bb custom_background=\u00a0\u00bb#132f40&Prime; custom_text=\u00a0\u00bb#ffffff\u00a0\u00bb shape=\u00a0\u00bbsquare\u00a0\u00bb align=\u00a0\u00bbcenter\u00a0\u00bb link=\u00a0\u00bburl:%2Ffr%2Fdemande-de-devis%2F\u00a0\u00bb el_class=\u00a0\u00bbline-bottom line-blue\u00a0\u00bb][\/vc_column_inner][vc_column_inner width=\u00a0\u00bb1\/6&Prime;][\/vc_column_inner][\/vc_row_inner][\/vc_column][\/vc_row][vc_row full_width=\u00a0\u00bbstretch_row\u00a0\u00bb][vc_column][vc_text_separator title=\u00a0\u00bbCas clients\u00a0\u00bb title_align=\u00a0\u00bbseparator_align_left\u00a0\u00bb color=\u00a0\u00bbcustom\u00a0\u00bb border_width=\u00a0\u00bb2&Prime; el_class=\u00a0\u00bbpetit-titre\u00a0\u00bb accent_color=\u00a0\u00bb#000000&Prime;][vc_empty_space height=\u00a0\u00bb10px\u00a0\u00bb][vc_basic_grid post_type=\u00a0\u00bbcas_client\u00a0\u00bb max_items=\u00a0\u00bb5&Prime; item=\u00a0\u00bb10738&Prime; grid_id=\u00a0\u00bbvc_gid:1744722868810-f8d8e9a8-3bb3-10&Prime; taxonomies=\u00a0\u00bb434096, 434124&Prime;][\/vc_column][\/vc_row][vc_row][vc_column][vc_btn title=\u00a0\u00bb^\u00a0\u00bb style=\u00a0\u00bbflat\u00a0\u00bb shape=\u00a0\u00bbsquare\u00a0\u00bb link=\u00a0\u00bburl:%23Wrapper\u00a0\u00bb el_class=\u00a0\u00bbbtn-haut\u00a0\u00bb][\/vc_column][\/vc_row]<\/p>\n<\/section>","protected":false},"excerpt":{"rendered":"<p>SEDI-ATI a con\u00e7u des c\u00e2bles de fibre optique avionique robustes qui r\u00e9pondent aux contraintes a\u00e9ronautiques. En effet, dans les avions, il y a des restrictions d\u2019espace et de poids.<\/p>\n","protected":false},"featured_media":11328,"template":"","meta":{"_acf_changed":false,"rs_blank_template":"","rs_page_bg_color":"","slide_template_v7":""},"product_brand":[],"product_cat":[432298],"product_tag":[434224,434200],"class_list":{"0":"post-11316","1":"product","2":"type-product","3":"status-publish","4":"has-post-thumbnail","6":"product_cat-cordons-et-cables-fibre-optique-speciaux","7":"product_tag-cordons-et-cables","8":"product_tag-spatial","10":"first","11":"instock","12":"shipping-taxable","13":"product-type-simple"},"acf":[],"yoast_head":"<!-- This site is optimized with the Yoast SEO plugin v27.5 - https:\/\/yoast.com\/product\/yoast-seo-wordpress\/ -->\n<title>Conception de c\u00e2ble de fibre optique avionique, c\u00e2bles sp\u00e9ciaux<\/title>\n<meta name=\"description\" content=\"SEDI-ATI est une entreprise qui fabrique des c\u00e2bles de fibres optiques avioniques pour les applications d&#039;a\u00e9ronautique et spatial. Demandez un devis !\" \/>\n<meta name=\"robots\" content=\"index, follow, max-snippet:-1, max-image-preview:large, max-video-preview:-1\" \/>\n<link rel=\"canonical\" href=\"https:\/\/www.sedi-ati.com\/fr\/cordons-et-cables-fibre-optique-speciaux\/cables-fibres-optiques-avioniques\/\" \/>\n<meta property=\"og:locale\" content=\"fr_FR\" \/>\n<meta property=\"og:type\" content=\"article\" \/>\n<meta property=\"og:title\" content=\"Conception de c\u00e2ble de fibre optique avionique, c\u00e2bles sp\u00e9ciaux\" \/>\n<meta property=\"og:description\" content=\"SEDI-ATI est une entreprise qui fabrique des c\u00e2bles de fibres optiques avioniques pour les applications d&#039;a\u00e9ronautique et spatial. Demandez un devis !\" \/>\n<meta property=\"og:url\" content=\"https:\/\/www.sedi-ati.com\/fr\/cordons-et-cables-fibre-optique-speciaux\/cables-fibres-optiques-avioniques\/\" \/>\n<meta property=\"og:site_name\" content=\"SEDI-ATI\" \/>\n<meta property=\"article:modified_time\" content=\"2025-09-25T14:20:20+00:00\" \/>\n<meta property=\"og:image\" content=\"https:\/\/www.sedi-ati.com\/wp-content\/uploads\/2023\/05\/fabrication-cable-fibre-optique-avionique.jpg\" \/>\n\t<meta property=\"og:image:width\" content=\"400\" \/>\n\t<meta property=\"og:image:height\" content=\"400\" \/>\n\t<meta property=\"og:image:type\" content=\"image\/jpeg\" \/>\n<meta name=\"twitter:card\" content=\"summary_large_image\" \/>\n<meta name=\"twitter:label1\" content=\"Dur\u00e9e de lecture estim\u00e9e\" \/>\n\t<meta name=\"twitter:data1\" content=\"3 minutes\" \/>\n<script type=\"application\/ld+json\" class=\"yoast-schema-graph\">{\"@context\":\"https:\\\/\\\/schema.org\",\"@graph\":[{\"@type\":\"WebPage\",\"@id\":\"https:\\\/\\\/www.sedi-ati.com\\\/fr\\\/cordons-et-cables-fibre-optique-speciaux\\\/cables-fibres-optiques-avioniques\\\/\",\"url\":\"https:\\\/\\\/www.sedi-ati.com\\\/fr\\\/cordons-et-cables-fibre-optique-speciaux\\\/cables-fibres-optiques-avioniques\\\/\",\"name\":\"Conception de c\u00e2ble de fibre optique avionique, c\u00e2bles sp\u00e9ciaux\",\"isPartOf\":{\"@id\":\"https:\\\/\\\/www.sedi-ati.com\\\/fr\\\/#website\"},\"primaryImageOfPage\":{\"@id\":\"https:\\\/\\\/www.sedi-ati.com\\\/fr\\\/cordons-et-cables-fibre-optique-speciaux\\\/cables-fibres-optiques-avioniques\\\/#primaryimage\"},\"image\":{\"@id\":\"https:\\\/\\\/www.sedi-ati.com\\\/fr\\\/cordons-et-cables-fibre-optique-speciaux\\\/cables-fibres-optiques-avioniques\\\/#primaryimage\"},\"thumbnailUrl\":\"https:\\\/\\\/www.sedi-ati.com\\\/wp-content\\\/uploads\\\/2023\\\/05\\\/fabrication-cable-fibre-optique-avionique.jpg\",\"datePublished\":\"2023-05-31T12:25:54+00:00\",\"dateModified\":\"2025-09-25T14:20:20+00:00\",\"description\":\"SEDI-ATI est une entreprise qui fabrique des c\u00e2bles de fibres optiques avioniques pour les applications d'a\u00e9ronautique et spatial. Demandez un devis !\",\"breadcrumb\":{\"@id\":\"https:\\\/\\\/www.sedi-ati.com\\\/fr\\\/cordons-et-cables-fibre-optique-speciaux\\\/cables-fibres-optiques-avioniques\\\/#breadcrumb\"},\"inLanguage\":\"fr-FR\",\"potentialAction\":[{\"@type\":\"ReadAction\",\"target\":[\"https:\\\/\\\/www.sedi-ati.com\\\/fr\\\/cordons-et-cables-fibre-optique-speciaux\\\/cables-fibres-optiques-avioniques\\\/\"]}]},{\"@type\":\"ImageObject\",\"inLanguage\":\"fr-FR\",\"@id\":\"https:\\\/\\\/www.sedi-ati.com\\\/fr\\\/cordons-et-cables-fibre-optique-speciaux\\\/cables-fibres-optiques-avioniques\\\/#primaryimage\",\"url\":\"https:\\\/\\\/www.sedi-ati.com\\\/wp-content\\\/uploads\\\/2023\\\/05\\\/fabrication-cable-fibre-optique-avionique.jpg\",\"contentUrl\":\"https:\\\/\\\/www.sedi-ati.com\\\/wp-content\\\/uploads\\\/2023\\\/05\\\/fabrication-cable-fibre-optique-avionique.jpg\",\"width\":400,\"height\":400},{\"@type\":\"BreadcrumbList\",\"@id\":\"https:\\\/\\\/www.sedi-ati.com\\\/fr\\\/cordons-et-cables-fibre-optique-speciaux\\\/cables-fibres-optiques-avioniques\\\/#breadcrumb\",\"itemListElement\":[{\"@type\":\"ListItem\",\"position\":1,\"name\":\"Home\",\"item\":\"https:\\\/\\\/www.sedi-ati.com\\\/fr\\\/\"},{\"@type\":\"ListItem\",\"position\":2,\"name\":\"Produits\",\"item\":\"https:\\\/\\\/www.sedi-ati.com\\\/fr\\\/shop\\\/\"},{\"@type\":\"ListItem\",\"position\":3,\"name\":\"Cordons et c\u00e2bles fibre optique sp\u00e9ciaux\",\"item\":\"https:\\\/\\\/www.sedi-ati.com\\\/fr\\\/cordons-et-cables-fibre-optique-speciaux\\\/\"},{\"@type\":\"ListItem\",\"position\":4,\"name\":\"C\u00e2ble fibre optique\"}]},{\"@type\":\"WebSite\",\"@id\":\"https:\\\/\\\/www.sedi-ati.com\\\/fr\\\/#website\",\"url\":\"https:\\\/\\\/www.sedi-ati.com\\\/fr\\\/\",\"name\":\"SEDI-ATI\",\"description\":\"Assemblages de fibres optiques sur mesure, bundles, fentes et pieuvres\",\"publisher\":{\"@id\":\"https:\\\/\\\/www.sedi-ati.com\\\/fr\\\/#organization\"},\"potentialAction\":[{\"@type\":\"SearchAction\",\"target\":{\"@type\":\"EntryPoint\",\"urlTemplate\":\"https:\\\/\\\/www.sedi-ati.com\\\/fr\\\/?s={search_term_string}\"},\"query-input\":{\"@type\":\"PropertyValueSpecification\",\"valueRequired\":true,\"valueName\":\"search_term_string\"}}],\"inLanguage\":\"fr-FR\"},{\"@type\":\"Organization\",\"@id\":\"https:\\\/\\\/www.sedi-ati.com\\\/fr\\\/#organization\",\"name\":\"SEDI-ATI\",\"url\":\"https:\\\/\\\/www.sedi-ati.com\\\/fr\\\/\",\"logo\":{\"@type\":\"ImageObject\",\"inLanguage\":\"fr-FR\",\"@id\":\"https:\\\/\\\/www.sedi-ati.com\\\/fr\\\/#\\\/schema\\\/logo\\\/image\\\/\",\"url\":\"https:\\\/\\\/www.sedi-ati.com\\\/wp-content\\\/uploads\\\/2019\\\/10\\\/Logo_SEDI-ATI_2019_avec-baseline.png\",\"contentUrl\":\"https:\\\/\\\/www.sedi-ati.com\\\/wp-content\\\/uploads\\\/2019\\\/10\\\/Logo_SEDI-ATI_2019_avec-baseline.png\",\"width\":300,\"height\":73,\"caption\":\"SEDI-ATI\"},\"image\":{\"@id\":\"https:\\\/\\\/www.sedi-ati.com\\\/fr\\\/#\\\/schema\\\/logo\\\/image\\\/\"},\"sameAs\":[\"https:\\\/\\\/www.linkedin.com\\\/company\\\/sedi-ati-fibres-optiques\\\/\",\"https:\\\/\\\/www.youtube.com\\\/@sedi-ati-fibres-optiques\"]}]}<\/script>\n<!-- \/ Yoast SEO plugin. -->","yoast_head_json":{"title":"Conception de c\u00e2ble de fibre optique avionique, c\u00e2bles sp\u00e9ciaux","description":"SEDI-ATI est une entreprise qui fabrique des c\u00e2bles de fibres optiques avioniques pour les applications d'a\u00e9ronautique et spatial. Demandez un devis !","robots":{"index":"index","follow":"follow","max-snippet":"max-snippet:-1","max-image-preview":"max-image-preview:large","max-video-preview":"max-video-preview:-1"},"canonical":"https:\/\/www.sedi-ati.com\/fr\/cordons-et-cables-fibre-optique-speciaux\/cables-fibres-optiques-avioniques\/","og_locale":"fr_FR","og_type":"article","og_title":"Conception de c\u00e2ble de fibre optique avionique, c\u00e2bles sp\u00e9ciaux","og_description":"SEDI-ATI est une entreprise qui fabrique des c\u00e2bles de fibres optiques avioniques pour les applications d'a\u00e9ronautique et spatial. Demandez un devis !","og_url":"https:\/\/www.sedi-ati.com\/fr\/cordons-et-cables-fibre-optique-speciaux\/cables-fibres-optiques-avioniques\/","og_site_name":"SEDI-ATI","article_modified_time":"2025-09-25T14:20:20+00:00","og_image":[{"width":400,"height":400,"url":"https:\/\/www.sedi-ati.com\/wp-content\/uploads\/2023\/05\/fabrication-cable-fibre-optique-avionique.jpg","type":"image\/jpeg"}],"twitter_card":"summary_large_image","twitter_misc":{"Dur\u00e9e de lecture estim\u00e9e":"3 minutes"},"schema":{"@context":"https:\/\/schema.org","@graph":[{"@type":"WebPage","@id":"https:\/\/www.sedi-ati.com\/fr\/cordons-et-cables-fibre-optique-speciaux\/cables-fibres-optiques-avioniques\/","url":"https:\/\/www.sedi-ati.com\/fr\/cordons-et-cables-fibre-optique-speciaux\/cables-fibres-optiques-avioniques\/","name":"Conception de c\u00e2ble de fibre optique avionique, c\u00e2bles sp\u00e9ciaux","isPartOf":{"@id":"https:\/\/www.sedi-ati.com\/fr\/#website"},"primaryImageOfPage":{"@id":"https:\/\/www.sedi-ati.com\/fr\/cordons-et-cables-fibre-optique-speciaux\/cables-fibres-optiques-avioniques\/#primaryimage"},"image":{"@id":"https:\/\/www.sedi-ati.com\/fr\/cordons-et-cables-fibre-optique-speciaux\/cables-fibres-optiques-avioniques\/#primaryimage"},"thumbnailUrl":"https:\/\/www.sedi-ati.com\/wp-content\/uploads\/2023\/05\/fabrication-cable-fibre-optique-avionique.jpg","datePublished":"2023-05-31T12:25:54+00:00","dateModified":"2025-09-25T14:20:20+00:00","description":"SEDI-ATI est une entreprise qui fabrique des c\u00e2bles de fibres optiques avioniques pour les applications d'a\u00e9ronautique et spatial. Demandez un devis !","breadcrumb":{"@id":"https:\/\/www.sedi-ati.com\/fr\/cordons-et-cables-fibre-optique-speciaux\/cables-fibres-optiques-avioniques\/#breadcrumb"},"inLanguage":"fr-FR","potentialAction":[{"@type":"ReadAction","target":["https:\/\/www.sedi-ati.com\/fr\/cordons-et-cables-fibre-optique-speciaux\/cables-fibres-optiques-avioniques\/"]}]},{"@type":"ImageObject","inLanguage":"fr-FR","@id":"https:\/\/www.sedi-ati.com\/fr\/cordons-et-cables-fibre-optique-speciaux\/cables-fibres-optiques-avioniques\/#primaryimage","url":"https:\/\/www.sedi-ati.com\/wp-content\/uploads\/2023\/05\/fabrication-cable-fibre-optique-avionique.jpg","contentUrl":"https:\/\/www.sedi-ati.com\/wp-content\/uploads\/2023\/05\/fabrication-cable-fibre-optique-avionique.jpg","width":400,"height":400},{"@type":"BreadcrumbList","@id":"https:\/\/www.sedi-ati.com\/fr\/cordons-et-cables-fibre-optique-speciaux\/cables-fibres-optiques-avioniques\/#breadcrumb","itemListElement":[{"@type":"ListItem","position":1,"name":"Home","item":"https:\/\/www.sedi-ati.com\/fr\/"},{"@type":"ListItem","position":2,"name":"Produits","item":"https:\/\/www.sedi-ati.com\/fr\/shop\/"},{"@type":"ListItem","position":3,"name":"Cordons et c\u00e2bles fibre optique sp\u00e9ciaux","item":"https:\/\/www.sedi-ati.com\/fr\/cordons-et-cables-fibre-optique-speciaux\/"},{"@type":"ListItem","position":4,"name":"C\u00e2ble fibre optique"}]},{"@type":"WebSite","@id":"https:\/\/www.sedi-ati.com\/fr\/#website","url":"https:\/\/www.sedi-ati.com\/fr\/","name":"SEDI-ATI","description":"Assemblages de fibres optiques sur mesure, bundles, fentes et pieuvres","publisher":{"@id":"https:\/\/www.sedi-ati.com\/fr\/#organization"},"potentialAction":[{"@type":"SearchAction","target":{"@type":"EntryPoint","urlTemplate":"https:\/\/www.sedi-ati.com\/fr\/?s={search_term_string}"},"query-input":{"@type":"PropertyValueSpecification","valueRequired":true,"valueName":"search_term_string"}}],"inLanguage":"fr-FR"},{"@type":"Organization","@id":"https:\/\/www.sedi-ati.com\/fr\/#organization","name":"SEDI-ATI","url":"https:\/\/www.sedi-ati.com\/fr\/","logo":{"@type":"ImageObject","inLanguage":"fr-FR","@id":"https:\/\/www.sedi-ati.com\/fr\/#\/schema\/logo\/image\/","url":"https:\/\/www.sedi-ati.com\/wp-content\/uploads\/2019\/10\/Logo_SEDI-ATI_2019_avec-baseline.png","contentUrl":"https:\/\/www.sedi-ati.com\/wp-content\/uploads\/2019\/10\/Logo_SEDI-ATI_2019_avec-baseline.png","width":300,"height":73,"caption":"SEDI-ATI"},"image":{"@id":"https:\/\/www.sedi-ati.com\/fr\/#\/schema\/logo\/image\/"},"sameAs":["https:\/\/www.linkedin.com\/company\/sedi-ati-fibres-optiques\/","https:\/\/www.youtube.com\/@sedi-ati-fibres-optiques"]}]}},"_links":{"self":[{"href":"https:\/\/www.sedi-ati.com\/fr\/wp-json\/wp\/v2\/product\/11316","targetHints":{"allow":["GET"]}}],"collection":[{"href":"https:\/\/www.sedi-ati.com\/fr\/wp-json\/wp\/v2\/product"}],"about":[{"href":"https:\/\/www.sedi-ati.com\/fr\/wp-json\/wp\/v2\/types\/product"}],"wp:featuredmedia":[{"embeddable":true,"href":"https:\/\/www.sedi-ati.com\/fr\/wp-json\/wp\/v2\/media\/11328"}],"wp:attachment":[{"href":"https:\/\/www.sedi-ati.com\/fr\/wp-json\/wp\/v2\/media?parent=11316"}],"wp:term":[{"taxonomy":"product_brand","embeddable":true,"href":"https:\/\/www.sedi-ati.com\/fr\/wp-json\/wp\/v2\/product_brand?post=11316"},{"taxonomy":"product_cat","embeddable":true,"href":"https:\/\/www.sedi-ati.com\/fr\/wp-json\/wp\/v2\/product_cat?post=11316"},{"taxonomy":"product_tag","embeddable":true,"href":"https:\/\/www.sedi-ati.com\/fr\/wp-json\/wp\/v2\/product_tag?post=11316"}],"curies":[{"name":"wp","href":"https:\/\/api.w.org\/{rel}","templated":true}]}}