{"id":11353,"date":"2023-05-31T17:05:47","date_gmt":"2023-05-31T15:05:47","guid":{"rendered":"https:\/\/www.sedi-ati.com\/?post_type=product&#038;p=11353"},"modified":"2025-09-25T17:21:16","modified_gmt":"2025-09-25T15:21:16","slug":"fcxtreme-connecteur-pour-applications-de-defense-et-aerospatiales","status":"publish","type":"product","link":"https:\/\/www.sedi-ati.com\/fr\/connecteurs-optiques-et-raccords\/fcxtreme-connecteur-pour-applications-de-defense-et-aerospatiales\/","title":{"rendered":"FCXtreme\u00ae connecteur pour applications de d\u00e9fense et a\u00e9rospatiales"},"content":{"rendered":"<section class=\"wpb-content-wrapper\"><p>[vc_row content_placement=\u00a0\u00bbmiddle\u00a0\u00bb el_class=\u00a0\u00bbz-index-1 chevauchement-horizontal-range range-applications\u00a0\u00bb][vc_column width=\u00a0\u00bb3\/5&Prime; css=\u00a0\u00bb.vc_custom_1686324582781{background-color: #dfe2e8 !important;}\u00a0\u00bb el_class=\u00a0\u00bbshadow border-radius-hd-bd line-bottom line-blue\u00a0\u00bb][vc_raw_html el_class=\u00a0\u00bbgros-titre flex-column-mobile\u00a0\u00bb]JTNDcCUzRUNvbm5lY3RldXJzJTNDc3BhbiUyMGNsYXNzJTNEJTIycG9pbnQtcm91Z2UlMjIlM0UlM0MlMkZzcGFuJTNFRmlicmVzJTIwb3B0aXF1ZXMlM0MlMkZwJTNF[\/vc_raw_html][vc_column_text el_class=\u00a0\u00bbtitre-baseline\u00a0\u00bb]<\/p>\n<h2>R\u00e9alisation connecteur \u00e0 base fibre optique<\/h2>\n<p>[\/vc_column_text][vc_column_text]SEDI-ATI lance le connecteur FCXtreme\u00ae, un connecteur pour <a href=\"\/fibre-optique-pour-le-secteur-militaire-et-aerospatial\/\">applications de d\u00e9fense et a\u00e9rospatiales<\/a>, \u00e0 la fois tr\u00e8s performant, polyvalent et compact.[\/vc_column_text][vc_btn title=\u00a0\u00bbDemandez un devis\u00a0\u00bb style=\u00a0\u00bbcustom\u00a0\u00bb custom_background=\u00a0\u00bb#132f40&Prime; custom_text=\u00a0\u00bb#ffffff\u00a0\u00bb shape=\u00a0\u00bbsquare\u00a0\u00bb link=\u00a0\u00bburl:%2Ffr%2Fdemande-de-devis%2F\u00a0\u00bb el_class=\u00a0\u00bbline-bottom line-blue\u00a0\u00bb][\/vc_column][vc_column width=\u00a0\u00bb1\/2&Prime; el_class=\u00a0\u00bbimg-entete\u00a0\u00bb][vc_single_image image=\u00a0\u00bb11355&Prime; img_size=\u00a0\u00bbfull\u00a0\u00bb alignment=\u00a0\u00bbcenter\u00a0\u00bb][\/vc_column][\/vc_row][vc_row full_width=\u00a0\u00bbstretch_row_content\u00a0\u00bb css=\u00a0\u00bb.vc_custom_1683119658248{background-color: #dfe2e8 !important;}\u00a0\u00bb el_class=\u00a0\u00bbfull-with-4000&Prime;][vc_column width=\u00a0\u00bb1\/2&Prime;][vc_row_inner][vc_column_inner el_class=\u00a0\u00bbwith-0-1240&Prime; width=\u00a0\u00bb1\/3&Prime;][\/vc_column_inner][vc_column_inner width=\u00a0\u00bb2\/3&Prime;][vc_raw_html el_class=\u00a0\u00bbpetit-titre\u00a0\u00bb]JTNDcCUzRUNhcmFjdCVDMyVBOXJpc3RpcXVlcyUzQ3NwYW4lMjBjbGFzcyUzRCUyMnBvaW50LXJvdWdlJTIwcG9pbnQtcGV0aXQlMjIlM0UlM0MlMkZzcGFuJTNFUHJpbmNpcGFsZXMlM0MlMkZwJTNF[\/vc_raw_html][vc_column_text]<\/p>\n<ul>\n<li>Compatible FC J.I.S.<\/li>\n<li>Renforc\u00e9<\/li>\n<li>Versatile<\/li>\n<li>Compact<\/li>\n<li>Z\u00e9ro mat\u00e9riau d\u00e9gazant<\/li>\n<li>R\u00e9sistant \u00e0 la corrosion et aux hautes temp\u00e9ratures<\/li>\n<li>Compatible pour le vide<\/li>\n<li>Finition PC ou APC<\/li>\n<li>Fibres PM, SM ou MM jusqu\u2019\u00e0 1000 \u03bcm de diam\u00e8tre de c\u0153ur<\/li>\n<li>Qualifications : sismiques, chocs, vibrations, variations dynamiques de la temp\u00e9rature de -55 \u00b0C \u00e0 +125 \u00b0C<\/li>\n<\/ul>\n<p>[\/vc_column_text][\/vc_column_inner][\/vc_row_inner][\/vc_column][vc_column width=\u00a0\u00bb1\/2&Prime;][vc_row_inner][vc_column_inner width=\u00a0\u00bb1\/6&Prime;][\/vc_column_inner][vc_column_inner el_class=\u00a0\u00bbshadow border-radius-hd-bd line-bottom line-blue\u00a0\u00bb width=\u00a0\u00bb2\/3&Prime; css=\u00a0\u00bb.vc_custom_1686131991293{background-color: #ffffff !important;}\u00a0\u00bb offset=\u00a0\u00bbvc_col-xs-9&Prime;][vc_column_text el_class=\u00a0\u00bbbaseline\u00a0\u00bb]<\/p>\n<p style=\"text-align: center;\">Cliquez pour t\u00e9l\u00e9charger la brochure en PDF<\/p>\n<p>[\/vc_column_text][vc_btn title=\u00a0\u00bbBrochure\u00a0\u00bb style=\u00a0\u00bbcustom\u00a0\u00bb custom_background=\u00a0\u00bb#132f40&Prime; custom_text=\u00a0\u00bb#ffffff\u00a0\u00bb shape=\u00a0\u00bbsquare\u00a0\u00bb align=\u00a0\u00bbcenter\u00a0\u00bb i_icon_fontawesome=\u00a0\u00bbfas fa-cloud-download-alt\u00a0\u00bb add_icon=\u00a0\u00bbtrue\u00a0\u00bb link=\u00a0\u00bburl:%2Ftelechargement-brochure%2F%3Ffor_c%3D11353&Prime; el_class=\u00a0\u00bbline-bottom line-blue\u00a0\u00bb][\/vc_column_inner][vc_column_inner width=\u00a0\u00bb1\/6&Prime;][\/vc_column_inner][\/vc_row_inner][\/vc_column][\/vc_row][vc_row][vc_column width=\u00a0\u00bb1\/2&Prime;][vc_column_text el_class=\u00a0\u00bbpetit-titre petit-titre-txt petit-titre-txt-p\u00a0\u00bb]<\/p>\n<h3>Connecteur de fibre optique pour les environnements extr\u00eames<\/h3>\n<p>[\/vc_column_text][vc_column_text]Enti\u00e8rement compatible avec la norme FC J.I.S., le <strong>connecteur de fibre optique<\/strong> <span class=\"fort\">FCXtreme<sup>\u00ae<\/sup><\/span>\u00a0pr\u00e9sente des performances exceptionnelles dans des <strong>environnements difficiles<\/strong>. Jusqu\u2019\u00e0 pr\u00e9sent, il a \u00e9t\u00e9 qualifi\u00e9 pour fonctionner dans des <span class=\"fort\">conditions de chocs<\/span> et <span class=\"fort\">de vibrations<\/span> ainsi que sous des <span class=\"fort\">variations dynamiques de temp\u00e9rature de -55 \u00b0C \u00e0 +125 \u00b0C<\/span>, sans affecter ses performances. Il a \u00e9galement pass\u00e9 avec succ\u00e8s des tests de qualification sismique. Par cons\u00e9quent, SEDI-ATI peut garantir des variations de moins de 1 dB en perte d\u2019insertion. De plus, le <span class=\"fort\">connecteur de fibre optique<\/span> FCXtreme<sup>\u00ae<\/sup>\u00a0est r\u00e9sistant aux <strong>environnements corrosifs et au vide<\/strong>.[\/vc_column_text][\/vc_column][vc_column width=\u00a0\u00bb1\/2&Prime;][vc_column_text el_class=\u00a0\u00bbpetit-titre petit-titre-txt petit-titre-txt-p\u00a0\u00bb]<\/p>\n<h3>Un connecteur de fibre optique compact pour les applications de d\u00e9fense<\/h3>\n<p>[\/vc_column_text][vc_column_text]Ses dimensions ont \u00e9t\u00e9 \u00e9tudi\u00e9es pour offrir la meilleure solution possible en terme de volume. C\u2019est un crit\u00e8re primordial dans les <a href=\"\/fibre-optique-pour-le-secteur-militaire-et-aerospatial\/\">applications de d\u00e9fense et a\u00e9ronautique<\/a>. Le connecteur FCXtreme<sup>\u00ae<\/sup>\u00a0est assez court avec une longueur de 31 mm et a un diam\u00e8tre ext\u00e9rieur inf\u00e9rieur \u00e0 10 mm. De ce fait, il est plus petit que les connecteurs FC classiques, ce qui ouvre de nouvelles perspectives d\u2019utilisation.[\/vc_column_text][\/vc_column][\/vc_row][vc_row][vc_column][vc_empty_space][\/vc_column][\/vc_row][vc_row][vc_column width=\u00a0\u00bb1\/2&Prime;][vc_column_text el_class=\u00a0\u00bbpetit-titre petit-titre-txt petit-titre-txt-p\u00a0\u00bb]<\/p>\n<h3>Une conception robuste et polyvalente<\/h3>\n<p>[\/vc_column_text][vc_column_text]Le\u00a0<strong>connecteur de fibre optique<\/strong>\u00a0FCXtreme<sup>\u00ae<\/sup>\u00a0est compos\u00e9 de mat\u00e9riaux en acier inoxydable et est disponible avec des f\u00e9rules c\u00e9ramiques ou m\u00e9talliques FC\/PC ou FC\/APC. Il est recommand\u00e9 pour des\u00a0<span class=\"fort\">applications vides, a\u00e9ronautiques, haute temp\u00e9rature<\/span>\u2026 En outre, sa conception intelligente accepte tous les types de fibres monomodes et multimodes. De plus, il peut \u00eatre mont\u00e9 avec tout type de protection des fibres, y compris des tubes en m\u00e9tal et en plastique de 900 \u00b5m \u00e0 2,3 mm de diam\u00e8tre. Ce connecteur pr\u00e9sente un \u00e9crou hexagonal pour assurer une connexion \u00e9tanche. Enfin, il peut \u00eatre fix\u00e9 par un fil d\u2019enrobage pour r\u00e9sister \u00e0 des chocs et de fortes vibrations.[\/vc_column_text][\/vc_column][vc_column width=\u00a0\u00bb1\/2&Prime;][vc_column_text el_class=\u00a0\u00bbpetit-titre petit-titre-txt petit-titre-txt-p\u00a0\u00bb]Vers l\u2019avenir[\/vc_column_text][vc_column_text]SEDI-ATI m\u00e8ne actuellement d\u2019autres qualifications approfondies en termes de r\u00e9sistance aux environnements extr\u00eames. Le connecteur FCXtreme<sup>\u00ae<\/sup>, connecteur pour applications de d\u00e9fense et a\u00e9rospatiales, doit passer un test au brouillard salin. Des tests rigoureux sont \u00e9galement men\u00e9s dans des conditions nucl\u00e9aires et g\u00e9ophysiques jusqu\u2019\u00e0 +200 \u00b0C. Enfin, des tests et des am\u00e9liorations sont pr\u00e9vus pour r\u00e9pondre progressivement aux applications jusqu\u2019\u00e0 +600 \u00b0C.<\/p>\n<p><span class=\"fort\">Note importante : les connecteurs font partie int\u00e9grante de nos produits et ne peuvent en aucun cas \u00eatre vendus seuls.<\/span>[\/vc_column_text][\/vc_column][\/vc_row][vc_row][vc_column][vc_empty_space][\/vc_column][\/vc_row][vc_row full_width=\u00a0\u00bbstretch_row\u00a0\u00bb css=\u00a0\u00bb.vc_custom_1685526799785{background-color: #dfe2e8 !important;}\u00a0\u00bb][vc_column][vc_row_inner][vc_column_inner width=\u00a0\u00bb1\/6&Prime;][\/vc_column_inner][vc_column_inner el_class=\u00a0\u00bbshadow border-radius-hd-bd line-bottom line-blue\u00a0\u00bb width=\u00a0\u00bb2\/3&Prime; css=\u00a0\u00bb.vc_custom_1679652604813{background-color: #ffffff !important;}\u00a0\u00bb][vc_column_text el_class=\u00a0\u00bbbaseline\u00a0\u00bb]<\/p>\n<p style=\"text-align: center;\">N\u2019h\u00e9sitez pas \u00e0 vous rapprocher de nous et \u00e0 nous faire part de votre demande sp\u00e9cifique<\/p>\n<p>[\/vc_column_text][vc_btn title=\u00a0\u00bbDemande de devis\u00a0\u00bb style=\u00a0\u00bbcustom\u00a0\u00bb custom_background=\u00a0\u00bb#132f40&Prime; custom_text=\u00a0\u00bb#ffffff\u00a0\u00bb shape=\u00a0\u00bbsquare\u00a0\u00bb align=\u00a0\u00bbcenter\u00a0\u00bb link=\u00a0\u00bburl:%2Ffr%2Fdemande-de-devis%2F\u00a0\u00bb el_class=\u00a0\u00bbline-bottom line-blue\u00a0\u00bb][\/vc_column_inner][vc_column_inner width=\u00a0\u00bb1\/6&Prime;][\/vc_column_inner][\/vc_row_inner][\/vc_column][\/vc_row][vc_row full_width=\u00a0\u00bbstretch_row\u00a0\u00bb][vc_column][vc_text_separator title=\u00a0\u00bbCas clients\u00a0\u00bb title_align=\u00a0\u00bbseparator_align_left\u00a0\u00bb color=\u00a0\u00bbcustom\u00a0\u00bb border_width=\u00a0\u00bb2&Prime; el_class=\u00a0\u00bbpetit-titre\u00a0\u00bb accent_color=\u00a0\u00bb#000000&Prime;][vc_empty_space height=\u00a0\u00bb10px\u00a0\u00bb][vc_basic_grid post_type=\u00a0\u00bbcas_client\u00a0\u00bb max_items=\u00a0\u00bb5&Prime; item=\u00a0\u00bb10738&Prime; grid_id=\u00a0\u00bbvc_gid:1712244486747-c9e8fb88-6f56-7&Prime; taxonomies=\u00a0\u00bb433856, 434152&Prime;][\/vc_column][\/vc_row][vc_row][vc_column][vc_btn title=\u00a0\u00bb^\u00a0\u00bb style=\u00a0\u00bbflat\u00a0\u00bb shape=\u00a0\u00bbsquare\u00a0\u00bb link=\u00a0\u00bburl:%23Wrapper\u00a0\u00bb el_class=\u00a0\u00bbbtn-haut\u00a0\u00bb][\/vc_column][\/vc_row]<\/p>\n<\/section>","protected":false},"excerpt":{"rendered":"<p>SEDI-ATI lance le connecteur FCXtreme\u00ae, un connecteur pour applications de d\u00e9fense et a\u00e9rospatiales, \u00e0 la fois tr\u00e8s performant, polyvalent et compact.<\/p>\n","protected":false},"featured_media":4503,"template":"","meta":{"_acf_changed":false,"rs_blank_template":"","rs_page_bg_color":"","slide_template_v7":""},"product_brand":[],"product_cat":[432417],"product_tag":[434226,434222,434225,434227,434200,434221],"class_list":{"0":"post-11353","1":"product","2":"type-product","3":"status-publish","4":"has-post-thumbnail","6":"product_cat-connecteurs-optiques-et-raccords","7":"product_tag-connecteurs-optiques","8":"product_tag-cryogenie","9":"product_tag-hautes-temperatures","10":"product_tag-opto-pyrotechnie","11":"product_tag-spatial","12":"product_tag-vide-ultra-vide","14":"first","15":"instock","16":"shipping-taxable","17":"product-type-simple"},"acf":[],"yoast_head":"<!-- This site is optimized with the Yoast SEO plugin v27.6 - https:\/\/yoast.com\/product\/yoast-seo-wordpress\/ -->\n<title>FCXtreme\u00ae connecteur pour applications de d\u00e9fense et a\u00e9rospatiales<\/title>\n<meta name=\"description\" content=\"SEDI-ATI, connecteur de fibre optique, secteur de la d\u00e9fense pour l&#039;a\u00e9ronautique. Contactez-nous pour un devis !\" \/>\n<meta name=\"robots\" content=\"index, follow, max-snippet:-1, max-image-preview:large, max-video-preview:-1\" \/>\n<link rel=\"canonical\" href=\"https:\/\/www.sedi-ati.com\/fr\/connecteurs-optiques-et-raccords\/fcxtreme-connecteur-pour-applications-de-defense-et-aerospatiales\/\" \/>\n<meta property=\"og:locale\" content=\"fr_FR\" \/>\n<meta property=\"og:type\" content=\"article\" \/>\n<meta property=\"og:title\" content=\"FCXtreme\u00ae connecteur pour applications de d\u00e9fense et a\u00e9rospatiales\" \/>\n<meta property=\"og:description\" content=\"SEDI-ATI, connecteur de fibre optique, secteur de la d\u00e9fense pour l&#039;a\u00e9ronautique. Contactez-nous pour un devis !\" \/>\n<meta property=\"og:url\" content=\"https:\/\/www.sedi-ati.com\/fr\/connecteurs-optiques-et-raccords\/fcxtreme-connecteur-pour-applications-de-defense-et-aerospatiales\/\" \/>\n<meta property=\"og:site_name\" content=\"SEDI-ATI\" \/>\n<meta property=\"article:modified_time\" content=\"2025-09-25T15:21:16+00:00\" \/>\n<meta property=\"og:image\" content=\"https:\/\/www.sedi-ati.com\/wp-content\/uploads\/2020\/02\/thumbnail-connector-fcxtreme.jpg\" \/>\n\t<meta property=\"og:image:width\" content=\"600\" \/>\n\t<meta property=\"og:image:height\" content=\"600\" \/>\n\t<meta property=\"og:image:type\" content=\"image\/jpeg\" \/>\n<meta name=\"twitter:card\" content=\"summary_large_image\" \/>\n<meta name=\"twitter:label1\" content=\"Dur\u00e9e de lecture estim\u00e9e\" \/>\n\t<meta name=\"twitter:data1\" content=\"4 minutes\" \/>\n<script type=\"application\/ld+json\" class=\"yoast-schema-graph\">{\"@context\":\"https:\\\/\\\/schema.org\",\"@graph\":[{\"@type\":\"WebPage\",\"@id\":\"https:\\\/\\\/www.sedi-ati.com\\\/fr\\\/connecteurs-optiques-et-raccords\\\/fcxtreme-connecteur-pour-applications-de-defense-et-aerospatiales\\\/\",\"url\":\"https:\\\/\\\/www.sedi-ati.com\\\/fr\\\/connecteurs-optiques-et-raccords\\\/fcxtreme-connecteur-pour-applications-de-defense-et-aerospatiales\\\/\",\"name\":\"FCXtreme\u00ae connecteur pour applications de d\u00e9fense et a\u00e9rospatiales\",\"isPartOf\":{\"@id\":\"https:\\\/\\\/www.sedi-ati.com\\\/fr\\\/#website\"},\"primaryImageOfPage\":{\"@id\":\"https:\\\/\\\/www.sedi-ati.com\\\/fr\\\/connecteurs-optiques-et-raccords\\\/fcxtreme-connecteur-pour-applications-de-defense-et-aerospatiales\\\/#primaryimage\"},\"image\":{\"@id\":\"https:\\\/\\\/www.sedi-ati.com\\\/fr\\\/connecteurs-optiques-et-raccords\\\/fcxtreme-connecteur-pour-applications-de-defense-et-aerospatiales\\\/#primaryimage\"},\"thumbnailUrl\":\"https:\\\/\\\/www.sedi-ati.com\\\/wp-content\\\/uploads\\\/2020\\\/02\\\/thumbnail-connector-fcxtreme.jpg\",\"datePublished\":\"2023-05-31T15:05:47+00:00\",\"dateModified\":\"2025-09-25T15:21:16+00:00\",\"description\":\"SEDI-ATI, connecteur de fibre optique, secteur de la d\u00e9fense pour l'a\u00e9ronautique. Contactez-nous pour un devis !\",\"breadcrumb\":{\"@id\":\"https:\\\/\\\/www.sedi-ati.com\\\/fr\\\/connecteurs-optiques-et-raccords\\\/fcxtreme-connecteur-pour-applications-de-defense-et-aerospatiales\\\/#breadcrumb\"},\"inLanguage\":\"fr-FR\",\"potentialAction\":[{\"@type\":\"ReadAction\",\"target\":[\"https:\\\/\\\/www.sedi-ati.com\\\/fr\\\/connecteurs-optiques-et-raccords\\\/fcxtreme-connecteur-pour-applications-de-defense-et-aerospatiales\\\/\"]}]},{\"@type\":\"ImageObject\",\"inLanguage\":\"fr-FR\",\"@id\":\"https:\\\/\\\/www.sedi-ati.com\\\/fr\\\/connecteurs-optiques-et-raccords\\\/fcxtreme-connecteur-pour-applications-de-defense-et-aerospatiales\\\/#primaryimage\",\"url\":\"https:\\\/\\\/www.sedi-ati.com\\\/wp-content\\\/uploads\\\/2020\\\/02\\\/thumbnail-connector-fcxtreme.jpg\",\"contentUrl\":\"https:\\\/\\\/www.sedi-ati.com\\\/wp-content\\\/uploads\\\/2020\\\/02\\\/thumbnail-connector-fcxtreme.jpg\",\"width\":600,\"height\":600,\"caption\":\"High-performance versatile and compact FC type connector qualified for military and space flight applications\"},{\"@type\":\"BreadcrumbList\",\"@id\":\"https:\\\/\\\/www.sedi-ati.com\\\/fr\\\/connecteurs-optiques-et-raccords\\\/fcxtreme-connecteur-pour-applications-de-defense-et-aerospatiales\\\/#breadcrumb\",\"itemListElement\":[{\"@type\":\"ListItem\",\"position\":1,\"name\":\"Home\",\"item\":\"https:\\\/\\\/www.sedi-ati.com\\\/fr\\\/\"},{\"@type\":\"ListItem\",\"position\":2,\"name\":\"Produits\",\"item\":\"https:\\\/\\\/www.sedi-ati.com\\\/fr\\\/shop\\\/\"},{\"@type\":\"ListItem\",\"position\":3,\"name\":\"Connecteurs optiques et accessoires\",\"item\":\"https:\\\/\\\/www.sedi-ati.com\\\/fr\\\/connecteurs-optiques-et-raccords\\\/\"},{\"@type\":\"ListItem\",\"position\":4,\"name\":\"FCXtreme\u00ae connecteur\"}]},{\"@type\":\"WebSite\",\"@id\":\"https:\\\/\\\/www.sedi-ati.com\\\/fr\\\/#website\",\"url\":\"https:\\\/\\\/www.sedi-ati.com\\\/fr\\\/\",\"name\":\"SEDI-ATI\",\"description\":\"Assemblages de fibres optiques sur mesure, bundles, fentes et pieuvres\",\"publisher\":{\"@id\":\"https:\\\/\\\/www.sedi-ati.com\\\/fr\\\/#organization\"},\"potentialAction\":[{\"@type\":\"SearchAction\",\"target\":{\"@type\":\"EntryPoint\",\"urlTemplate\":\"https:\\\/\\\/www.sedi-ati.com\\\/fr\\\/?s={search_term_string}\"},\"query-input\":{\"@type\":\"PropertyValueSpecification\",\"valueRequired\":true,\"valueName\":\"search_term_string\"}}],\"inLanguage\":\"fr-FR\"},{\"@type\":\"Organization\",\"@id\":\"https:\\\/\\\/www.sedi-ati.com\\\/fr\\\/#organization\",\"name\":\"SEDI-ATI\",\"url\":\"https:\\\/\\\/www.sedi-ati.com\\\/fr\\\/\",\"logo\":{\"@type\":\"ImageObject\",\"inLanguage\":\"fr-FR\",\"@id\":\"https:\\\/\\\/www.sedi-ati.com\\\/fr\\\/#\\\/schema\\\/logo\\\/image\\\/\",\"url\":\"https:\\\/\\\/www.sedi-ati.com\\\/wp-content\\\/uploads\\\/2019\\\/10\\\/Logo_SEDI-ATI_2019_avec-baseline.png\",\"contentUrl\":\"https:\\\/\\\/www.sedi-ati.com\\\/wp-content\\\/uploads\\\/2019\\\/10\\\/Logo_SEDI-ATI_2019_avec-baseline.png\",\"width\":300,\"height\":73,\"caption\":\"SEDI-ATI\"},\"image\":{\"@id\":\"https:\\\/\\\/www.sedi-ati.com\\\/fr\\\/#\\\/schema\\\/logo\\\/image\\\/\"},\"sameAs\":[\"https:\\\/\\\/www.linkedin.com\\\/company\\\/sedi-ati-fibres-optiques\\\/\",\"https:\\\/\\\/www.youtube.com\\\/@sedi-ati-fibres-optiques\"]}]}<\/script>\n<!-- \/ Yoast SEO plugin. -->","yoast_head_json":{"title":"FCXtreme\u00ae connecteur pour applications de d\u00e9fense et a\u00e9rospatiales","description":"SEDI-ATI, connecteur de fibre optique, secteur de la d\u00e9fense pour l'a\u00e9ronautique. Contactez-nous pour un devis !","robots":{"index":"index","follow":"follow","max-snippet":"max-snippet:-1","max-image-preview":"max-image-preview:large","max-video-preview":"max-video-preview:-1"},"canonical":"https:\/\/www.sedi-ati.com\/fr\/connecteurs-optiques-et-raccords\/fcxtreme-connecteur-pour-applications-de-defense-et-aerospatiales\/","og_locale":"fr_FR","og_type":"article","og_title":"FCXtreme\u00ae connecteur pour applications de d\u00e9fense et a\u00e9rospatiales","og_description":"SEDI-ATI, connecteur de fibre optique, secteur de la d\u00e9fense pour l'a\u00e9ronautique. Contactez-nous pour un devis !","og_url":"https:\/\/www.sedi-ati.com\/fr\/connecteurs-optiques-et-raccords\/fcxtreme-connecteur-pour-applications-de-defense-et-aerospatiales\/","og_site_name":"SEDI-ATI","article_modified_time":"2025-09-25T15:21:16+00:00","og_image":[{"width":600,"height":600,"url":"https:\/\/www.sedi-ati.com\/wp-content\/uploads\/2020\/02\/thumbnail-connector-fcxtreme.jpg","type":"image\/jpeg"}],"twitter_card":"summary_large_image","twitter_misc":{"Dur\u00e9e de lecture estim\u00e9e":"4 minutes"},"schema":{"@context":"https:\/\/schema.org","@graph":[{"@type":"WebPage","@id":"https:\/\/www.sedi-ati.com\/fr\/connecteurs-optiques-et-raccords\/fcxtreme-connecteur-pour-applications-de-defense-et-aerospatiales\/","url":"https:\/\/www.sedi-ati.com\/fr\/connecteurs-optiques-et-raccords\/fcxtreme-connecteur-pour-applications-de-defense-et-aerospatiales\/","name":"FCXtreme\u00ae connecteur pour applications de d\u00e9fense et a\u00e9rospatiales","isPartOf":{"@id":"https:\/\/www.sedi-ati.com\/fr\/#website"},"primaryImageOfPage":{"@id":"https:\/\/www.sedi-ati.com\/fr\/connecteurs-optiques-et-raccords\/fcxtreme-connecteur-pour-applications-de-defense-et-aerospatiales\/#primaryimage"},"image":{"@id":"https:\/\/www.sedi-ati.com\/fr\/connecteurs-optiques-et-raccords\/fcxtreme-connecteur-pour-applications-de-defense-et-aerospatiales\/#primaryimage"},"thumbnailUrl":"https:\/\/www.sedi-ati.com\/wp-content\/uploads\/2020\/02\/thumbnail-connector-fcxtreme.jpg","datePublished":"2023-05-31T15:05:47+00:00","dateModified":"2025-09-25T15:21:16+00:00","description":"SEDI-ATI, connecteur de fibre optique, secteur de la d\u00e9fense pour l'a\u00e9ronautique. Contactez-nous pour un devis !","breadcrumb":{"@id":"https:\/\/www.sedi-ati.com\/fr\/connecteurs-optiques-et-raccords\/fcxtreme-connecteur-pour-applications-de-defense-et-aerospatiales\/#breadcrumb"},"inLanguage":"fr-FR","potentialAction":[{"@type":"ReadAction","target":["https:\/\/www.sedi-ati.com\/fr\/connecteurs-optiques-et-raccords\/fcxtreme-connecteur-pour-applications-de-defense-et-aerospatiales\/"]}]},{"@type":"ImageObject","inLanguage":"fr-FR","@id":"https:\/\/www.sedi-ati.com\/fr\/connecteurs-optiques-et-raccords\/fcxtreme-connecteur-pour-applications-de-defense-et-aerospatiales\/#primaryimage","url":"https:\/\/www.sedi-ati.com\/wp-content\/uploads\/2020\/02\/thumbnail-connector-fcxtreme.jpg","contentUrl":"https:\/\/www.sedi-ati.com\/wp-content\/uploads\/2020\/02\/thumbnail-connector-fcxtreme.jpg","width":600,"height":600,"caption":"High-performance versatile and compact FC type connector qualified for military and space flight applications"},{"@type":"BreadcrumbList","@id":"https:\/\/www.sedi-ati.com\/fr\/connecteurs-optiques-et-raccords\/fcxtreme-connecteur-pour-applications-de-defense-et-aerospatiales\/#breadcrumb","itemListElement":[{"@type":"ListItem","position":1,"name":"Home","item":"https:\/\/www.sedi-ati.com\/fr\/"},{"@type":"ListItem","position":2,"name":"Produits","item":"https:\/\/www.sedi-ati.com\/fr\/shop\/"},{"@type":"ListItem","position":3,"name":"Connecteurs optiques et accessoires","item":"https:\/\/www.sedi-ati.com\/fr\/connecteurs-optiques-et-raccords\/"},{"@type":"ListItem","position":4,"name":"FCXtreme\u00ae connecteur"}]},{"@type":"WebSite","@id":"https:\/\/www.sedi-ati.com\/fr\/#website","url":"https:\/\/www.sedi-ati.com\/fr\/","name":"SEDI-ATI","description":"Assemblages de fibres optiques sur mesure, bundles, fentes et pieuvres","publisher":{"@id":"https:\/\/www.sedi-ati.com\/fr\/#organization"},"potentialAction":[{"@type":"SearchAction","target":{"@type":"EntryPoint","urlTemplate":"https:\/\/www.sedi-ati.com\/fr\/?s={search_term_string}"},"query-input":{"@type":"PropertyValueSpecification","valueRequired":true,"valueName":"search_term_string"}}],"inLanguage":"fr-FR"},{"@type":"Organization","@id":"https:\/\/www.sedi-ati.com\/fr\/#organization","name":"SEDI-ATI","url":"https:\/\/www.sedi-ati.com\/fr\/","logo":{"@type":"ImageObject","inLanguage":"fr-FR","@id":"https:\/\/www.sedi-ati.com\/fr\/#\/schema\/logo\/image\/","url":"https:\/\/www.sedi-ati.com\/wp-content\/uploads\/2019\/10\/Logo_SEDI-ATI_2019_avec-baseline.png","contentUrl":"https:\/\/www.sedi-ati.com\/wp-content\/uploads\/2019\/10\/Logo_SEDI-ATI_2019_avec-baseline.png","width":300,"height":73,"caption":"SEDI-ATI"},"image":{"@id":"https:\/\/www.sedi-ati.com\/fr\/#\/schema\/logo\/image\/"},"sameAs":["https:\/\/www.linkedin.com\/company\/sedi-ati-fibres-optiques\/","https:\/\/www.youtube.com\/@sedi-ati-fibres-optiques"]}]}},"_links":{"self":[{"href":"https:\/\/www.sedi-ati.com\/fr\/wp-json\/wp\/v2\/product\/11353","targetHints":{"allow":["GET"]}}],"collection":[{"href":"https:\/\/www.sedi-ati.com\/fr\/wp-json\/wp\/v2\/product"}],"about":[{"href":"https:\/\/www.sedi-ati.com\/fr\/wp-json\/wp\/v2\/types\/product"}],"wp:featuredmedia":[{"embeddable":true,"href":"https:\/\/www.sedi-ati.com\/fr\/wp-json\/wp\/v2\/media\/4503"}],"wp:attachment":[{"href":"https:\/\/www.sedi-ati.com\/fr\/wp-json\/wp\/v2\/media?parent=11353"}],"wp:term":[{"taxonomy":"product_brand","embeddable":true,"href":"https:\/\/www.sedi-ati.com\/fr\/wp-json\/wp\/v2\/product_brand?post=11353"},{"taxonomy":"product_cat","embeddable":true,"href":"https:\/\/www.sedi-ati.com\/fr\/wp-json\/wp\/v2\/product_cat?post=11353"},{"taxonomy":"product_tag","embeddable":true,"href":"https:\/\/www.sedi-ati.com\/fr\/wp-json\/wp\/v2\/product_tag?post=11353"}],"curies":[{"name":"wp","href":"https:\/\/api.w.org\/{rel}","templated":true}]}}