{"id":11374,"date":"2023-05-31T17:53:23","date_gmt":"2023-05-31T15:53:23","guid":{"rendered":"https:\/\/www.sedi-ati.com\/?post_type=product&#038;p=11374"},"modified":"2025-09-25T17:16:42","modified_gmt":"2025-09-25T15:16:42","slug":"coupleurs-optiques-multimodes-haute-directivite-1x2","status":"publish","type":"product","link":"https:\/\/www.sedi-ati.com\/fr\/coupleurs-fibre-optique-multimodes\/coupleurs-optiques-multimodes-haute-directivite-1x2\/","title":{"rendered":"Coupleurs optiques multimodes haute-directivit\u00e9 1&#215;2"},"content":{"rendered":"<section class=\"wpb-content-wrapper\"><p>[vc_row content_placement=\u00a0\u00bbmiddle\u00a0\u00bb el_class=\u00a0\u00bbz-index-1 chevauchement-horizontal-range range-applications\u00a0\u00bb][vc_column width=\u00a0\u00bb3\/5&Prime; css=\u00a0\u00bb.vc_custom_1685526785543{background-color: #dfe2e8 !important;}\u00a0\u00bb el_class=\u00a0\u00bbshadow border-radius-hd-bd line-bottom line-blue\u00a0\u00bb][vc_raw_html el_class=\u00a0\u00bbgros-titre flex-column-mobile\u00a0\u00bb]JTNDcCUzRUNvdXBsZXVycyUzQ3NwYW4lMjBjbGFzcyUzRCUyMnBvaW50LXJvdWdlJTIyJTNFJTNDJTJGc3BhbiUzRU9wdGlxdWUlM0MlMkZwJTNF[\/vc_raw_html][vc_column_text el_class=\u00a0\u00bbtitre-baseline\u00a0\u00bb]<\/p>\n<h2>R\u00e9alisation de coupleur optique haute-directivit\u00e9<\/h2>\n<p>[\/vc_column_text][vc_column_text]Les\u00a0<a href=\"https:\/\/www.sedi-ati.com\/fr\/coupleurs-fibre-optique-multimodes\/\">coupleurs optiques<\/a>\u00a0multimodes haute-directivit\u00e9 1\u00d72 de SEDI-ATI sont id\u00e9aux pour les <strong class=\"d2b\">applications de m\u00e9trologie optique et de d\u00e9tection<\/strong> o\u00f9 la gamme dynamique du capteur est un param\u00e8tre cl\u00e9.[\/vc_column_text][vc_btn title=\u00a0\u00bbDemandez un devis\u00a0\u00bb style=\u00a0\u00bbcustom\u00a0\u00bb custom_background=\u00a0\u00bb#132f40&Prime; custom_text=\u00a0\u00bb#ffffff\u00a0\u00bb shape=\u00a0\u00bbsquare\u00a0\u00bb link=\u00a0\u00bburl:%2Ffr%2Fdemande-de-devis%2F\u00a0\u00bb el_class=\u00a0\u00bbline-bottom line-blue\u00a0\u00bb][\/vc_column][vc_column width=\u00a0\u00bb1\/2&Prime; el_class=\u00a0\u00bbimg-entete\u00a0\u00bb][vc_single_image image=\u00a0\u00bb11375&Prime; img_size=\u00a0\u00bbfull\u00a0\u00bb alignment=\u00a0\u00bbcenter\u00a0\u00bb][\/vc_column][\/vc_row][vc_row full_width=\u00a0\u00bbstretch_row_content\u00a0\u00bb css=\u00a0\u00bb.vc_custom_1683119658248{background-color: #dfe2e8 !important;}\u00a0\u00bb el_class=\u00a0\u00bbfull-with-4000&Prime;][vc_column width=\u00a0\u00bb1\/2&Prime;][vc_row_inner][vc_column_inner el_class=\u00a0\u00bbwith-0-1240&Prime; width=\u00a0\u00bb1\/3&Prime;][\/vc_column_inner][vc_column_inner width=\u00a0\u00bb2\/3&Prime;][vc_raw_html el_class=\u00a0\u00bbpetit-titre\u00a0\u00bb]JTNDcCUzRUNhcmFjdCVDMyVBOXJpc3RpcXVlcyUzQ3NwYW4lMjBjbGFzcyUzRCUyMnBvaW50LXJvdWdlJTIwcG9pbnQtcGV0aXQlMjIlM0UlM0MlMkZzcGFuJTNFUHJpbmNpcGFsZXMlM0MlMkZwJTNF[\/vc_raw_html][vc_column_text]<\/p>\n<ul>\n<li>Fibres GI50\/125 ou GI62.5\/125,<\/li>\n<li>Large gamme de longueurs d\u2019onde de l\u2019UV \u00e0 l\u2019IR,<\/li>\n<li>Haute-directivit\u00e9,<\/li>\n<li>Insensibilit\u00e9 aux longueurs d\u2019ondes,<\/li>\n<li>Achromaticit\u00e9,<\/li>\n<li>Ratio de couplage stable,<\/li>\n<li>Haute fiabilit\u00e9,<\/li>\n<li>Faibles pertes d\u2019insertion,<\/li>\n<li>Configurations sur mesure possibles.<\/li>\n<\/ul>\n<p>[\/vc_column_text][\/vc_column_inner][\/vc_row_inner][\/vc_column][vc_column width=\u00a0\u00bb1\/2&Prime;][vc_row_inner][vc_column_inner width=\u00a0\u00bb1\/6&Prime;][\/vc_column_inner][vc_column_inner el_class=\u00a0\u00bbshadow border-radius-hd-bd line-bottom line-blue\u00a0\u00bb width=\u00a0\u00bb2\/3&Prime; css=\u00a0\u00bb.vc_custom_1686131277160{background-color: #ffffff !important;}\u00a0\u00bb offset=\u00a0\u00bbvc_col-xs-9&Prime;][vc_column_text el_class=\u00a0\u00bbbaseline\u00a0\u00bb]<\/p>\n<p style=\"text-align: center;\">Cliquez pour t\u00e9l\u00e9charger la brochure en PDF<\/p>\n<p>[\/vc_column_text][vc_btn title=\u00a0\u00bbBrochure\u00a0\u00bb style=\u00a0\u00bbcustom\u00a0\u00bb custom_background=\u00a0\u00bb#132f40&Prime; custom_text=\u00a0\u00bb#ffffff\u00a0\u00bb shape=\u00a0\u00bbsquare\u00a0\u00bb align=\u00a0\u00bbcenter\u00a0\u00bb i_icon_fontawesome=\u00a0\u00bbfas fa-cloud-download-alt\u00a0\u00bb add_icon=\u00a0\u00bbtrue\u00a0\u00bb link=\u00a0\u00bburl:%2Ftelechargement-brochure%2F%3Ffor_c%3D11374&Prime; el_class=\u00a0\u00bbline-bottom line-blue\u00a0\u00bb][\/vc_column_inner][vc_column_inner width=\u00a0\u00bb1\/6&Prime;][\/vc_column_inner][\/vc_row_inner][\/vc_column][\/vc_row][vc_row][vc_column width=\u00a0\u00bb1\/2&Prime;][vc_column_text]En effet, pour ce type d&rsquo;applications, une forte directivit\u00e9 est un fabuleux avantage ! Une directivit\u00e9 \u00e9lev\u00e9e est absolument essentielle pour minimiser la lumi\u00e8re qui peut passer directement du port d&rsquo;injection du coupleur 1&#215;2 (port 1 : source lumineuse) au port de d\u00e9tection (port 2 : d\u00e9tecteur).<\/p>\n<p>Dans une configuration aller-retour (en fonction de la condition de lancement), la perte d&rsquo;insertion du port 1 au port 2 est 6,5 dB avec une r\u00e9flexion totale au port commun 3. De cette fa\u00e7on, une inad\u00e9quation minimale entre l&rsquo;entr\u00e9e et le signal r\u00e9fl\u00e9chi est obtenue ![\/vc_column_text][\/vc_column][vc_column width=\u00a0\u00bb1\/2&Prime;][vc_column_text]En outre, les principaux autres avantages des coupleurs multimodes haute directivit\u00e9 de SEDI-ATI sont l&rsquo;insensibilit\u00e9 au mode et l&rsquo;achromaticit\u00e9.<\/p>\n<p>Ils peuvent \u00eatre r\u00e9alis\u00e9s avec n\u2019importe quel type de fibre \u00e0 gradient d\u2019indice comme la GI50\/125 \u03bcm avec une <span class=\"fort\">directivit\u00e9 aussi \u00e9lev\u00e9e que 55 dB<\/span>\u00a0ou la GI62.5\/125 \u03bcm avec une directivit\u00e9 &gt; 45 dB.<\/p>\n<p>Pour les\u00a0<span class=\"fort\">applications UV de haute puissance<\/span>, nous avons d\u00e9velopp\u00e9 la s\u00e9rie HDS qui peut tenir jusqu\u2019\u00e0\u00a0<span class=\"fort\">2 W @ 420 nm<\/span>.<\/p>\n<p>Nos <strong class=\"d2b\">coupleurs optiques multimodes haute-directivit\u00e9 1\u00d72<\/strong> sont \u00e9galement disponibles avec diff\u00e9rents ratios de couplage et longueurs de fibres sur demande.[\/vc_column_text][\/vc_column][\/vc_row][vc_row][vc_column][vc_empty_space][\/vc_column][\/vc_row][vc_row full_width=\u00a0\u00bbstretch_row\u00a0\u00bb css=\u00a0\u00bb.vc_custom_1685526799785{background-color: #dfe2e8 !important;}\u00a0\u00bb][vc_column][vc_row_inner][vc_column_inner width=\u00a0\u00bb1\/6&Prime;][\/vc_column_inner][vc_column_inner el_class=\u00a0\u00bbshadow border-radius-hd-bd line-bottom line-blue\u00a0\u00bb width=\u00a0\u00bb2\/3&Prime; css=\u00a0\u00bb.vc_custom_1679652604813{background-color: #ffffff !important;}\u00a0\u00bb][vc_column_text el_class=\u00a0\u00bbbaseline\u00a0\u00bb]<\/p>\n<p style=\"text-align: center;\">N\u2019h\u00e9sitez pas \u00e0 vous rapprocher de nous et \u00e0 nous faire part de votre demande sp\u00e9cifique<\/p>\n<p>[\/vc_column_text][vc_btn title=\u00a0\u00bbDemande de devis\u00a0\u00bb style=\u00a0\u00bbcustom\u00a0\u00bb custom_background=\u00a0\u00bb#132f40&Prime; custom_text=\u00a0\u00bb#ffffff\u00a0\u00bb shape=\u00a0\u00bbsquare\u00a0\u00bb align=\u00a0\u00bbcenter\u00a0\u00bb link=\u00a0\u00bburl:%2Ffr%2Fdemande-de-devis%2F\u00a0\u00bb el_class=\u00a0\u00bbline-bottom line-blue\u00a0\u00bb][\/vc_column_inner][vc_column_inner width=\u00a0\u00bb1\/6&Prime;][\/vc_column_inner][\/vc_row_inner][\/vc_column][\/vc_row][vc_row full_width=\u00a0\u00bbstretch_row\u00a0\u00bb][vc_column][vc_text_separator title=\u00a0\u00bbCas clients\u00a0\u00bb title_align=\u00a0\u00bbseparator_align_left\u00a0\u00bb color=\u00a0\u00bbcustom\u00a0\u00bb border_width=\u00a0\u00bb2&Prime; el_class=\u00a0\u00bbpetit-titre\u00a0\u00bb accent_color=\u00a0\u00bb#000000&Prime;][vc_empty_space height=\u00a0\u00bb10px\u00a0\u00bb][vc_basic_grid post_type=\u00a0\u00bbcas_client\u00a0\u00bb max_items=\u00a0\u00bb5&Prime; item=\u00a0\u00bb10738&Prime; grid_id=\u00a0\u00bbvc_gid:1704374078993-952d58e2-d228-1&Prime; taxonomies=\u00a0\u00bb433859&Prime;][\/vc_column][\/vc_row][vc_row][vc_column][vc_btn title=\u00a0\u00bb^\u00a0\u00bb style=\u00a0\u00bbflat\u00a0\u00bb shape=\u00a0\u00bbsquare\u00a0\u00bb link=\u00a0\u00bburl:%23Wrapper\u00a0\u00bb el_class=\u00a0\u00bbbtn-haut\u00a0\u00bb][\/vc_column][\/vc_row]<\/p>\n<\/section>","protected":false},"excerpt":{"rendered":"<p>Les coupleurs optiques multimodes haute-directivit\u00e9 1\u00d72 de SEDI-ATI sont id\u00e9aux pour les applications de m\u00e9trologie optique et de d\u00e9tection o\u00f9 la gamme dynamique du capteur est un param\u00e8tre cl\u00e9.<\/p>\n","protected":false},"featured_media":11376,"template":"","meta":{"_acf_changed":false,"rs_blank_template":"","rs_page_bg_color":"","slide_template_v7":""},"product_brand":[],"product_cat":[432288],"product_tag":[434229],"class_list":{"0":"post-11374","1":"product","2":"type-product","3":"status-publish","4":"has-post-thumbnail","6":"product_cat-coupleurs-fibre-optique-multimodes","7":"product_tag-coupleurs-multimodes","9":"first","10":"instock","11":"shipping-taxable","12":"product-type-simple"},"acf":[],"yoast_head":"<!-- This site is optimized with the Yoast SEO plugin v27.5 - https:\/\/yoast.com\/product\/yoast-seo-wordpress\/ -->\n<title>Coupleur optique multimode haute-directivit\u00e9 1\u00d72<\/title>\n<meta name=\"description\" content=\"SEDI-ATI est une entreprise sp\u00e9cialis\u00e9e dans la fibre optique et r\u00e9alise des coupleurs optiques multimode de haute-directivit\u00e9. Demandez un devis !\" \/>\n<meta name=\"robots\" content=\"index, follow, max-snippet:-1, max-image-preview:large, max-video-preview:-1\" \/>\n<link rel=\"canonical\" href=\"https:\/\/www.sedi-ati.com\/fr\/coupleurs-fibre-optique-multimodes\/coupleurs-optiques-multimodes-haute-directivite-1x2\/\" \/>\n<meta property=\"og:locale\" content=\"fr_FR\" \/>\n<meta property=\"og:type\" content=\"article\" \/>\n<meta property=\"og:title\" content=\"Coupleur optique multimode haute-directivit\u00e9 1\u00d72\" \/>\n<meta property=\"og:description\" content=\"SEDI-ATI est une entreprise sp\u00e9cialis\u00e9e dans la fibre optique et r\u00e9alise des coupleurs optiques multimode de haute-directivit\u00e9. Demandez un devis !\" \/>\n<meta property=\"og:url\" content=\"https:\/\/www.sedi-ati.com\/fr\/coupleurs-fibre-optique-multimodes\/coupleurs-optiques-multimodes-haute-directivite-1x2\/\" \/>\n<meta property=\"og:site_name\" content=\"SEDI-ATI\" \/>\n<meta property=\"article:modified_time\" content=\"2025-09-25T15:16:42+00:00\" \/>\n<meta property=\"og:image\" content=\"https:\/\/www.sedi-ati.com\/wp-content\/uploads\/2023\/05\/fabricant-coupleur-optique.jpg\" \/>\n\t<meta property=\"og:image:width\" content=\"400\" \/>\n\t<meta property=\"og:image:height\" content=\"400\" \/>\n\t<meta property=\"og:image:type\" content=\"image\/jpeg\" \/>\n<meta name=\"twitter:card\" content=\"summary_large_image\" \/>\n<meta name=\"twitter:label1\" content=\"Dur\u00e9e de lecture estim\u00e9e\" \/>\n\t<meta name=\"twitter:data1\" content=\"3 minutes\" \/>\n<script type=\"application\/ld+json\" class=\"yoast-schema-graph\">{\"@context\":\"https:\\\/\\\/schema.org\",\"@graph\":[{\"@type\":\"WebPage\",\"@id\":\"https:\\\/\\\/www.sedi-ati.com\\\/fr\\\/coupleurs-fibre-optique-multimodes\\\/coupleurs-optiques-multimodes-haute-directivite-1x2\\\/\",\"url\":\"https:\\\/\\\/www.sedi-ati.com\\\/fr\\\/coupleurs-fibre-optique-multimodes\\\/coupleurs-optiques-multimodes-haute-directivite-1x2\\\/\",\"name\":\"Coupleur optique multimode haute-directivit\u00e9 1\u00d72\",\"isPartOf\":{\"@id\":\"https:\\\/\\\/www.sedi-ati.com\\\/fr\\\/#website\"},\"primaryImageOfPage\":{\"@id\":\"https:\\\/\\\/www.sedi-ati.com\\\/fr\\\/coupleurs-fibre-optique-multimodes\\\/coupleurs-optiques-multimodes-haute-directivite-1x2\\\/#primaryimage\"},\"image\":{\"@id\":\"https:\\\/\\\/www.sedi-ati.com\\\/fr\\\/coupleurs-fibre-optique-multimodes\\\/coupleurs-optiques-multimodes-haute-directivite-1x2\\\/#primaryimage\"},\"thumbnailUrl\":\"https:\\\/\\\/www.sedi-ati.com\\\/wp-content\\\/uploads\\\/2023\\\/05\\\/fabricant-coupleur-optique.jpg\",\"datePublished\":\"2023-05-31T15:53:23+00:00\",\"dateModified\":\"2025-09-25T15:16:42+00:00\",\"description\":\"SEDI-ATI est une entreprise sp\u00e9cialis\u00e9e dans la fibre optique et r\u00e9alise des coupleurs optiques multimode de haute-directivit\u00e9. Demandez un devis !\",\"breadcrumb\":{\"@id\":\"https:\\\/\\\/www.sedi-ati.com\\\/fr\\\/coupleurs-fibre-optique-multimodes\\\/coupleurs-optiques-multimodes-haute-directivite-1x2\\\/#breadcrumb\"},\"inLanguage\":\"fr-FR\",\"potentialAction\":[{\"@type\":\"ReadAction\",\"target\":[\"https:\\\/\\\/www.sedi-ati.com\\\/fr\\\/coupleurs-fibre-optique-multimodes\\\/coupleurs-optiques-multimodes-haute-directivite-1x2\\\/\"]}]},{\"@type\":\"ImageObject\",\"inLanguage\":\"fr-FR\",\"@id\":\"https:\\\/\\\/www.sedi-ati.com\\\/fr\\\/coupleurs-fibre-optique-multimodes\\\/coupleurs-optiques-multimodes-haute-directivite-1x2\\\/#primaryimage\",\"url\":\"https:\\\/\\\/www.sedi-ati.com\\\/wp-content\\\/uploads\\\/2023\\\/05\\\/fabricant-coupleur-optique.jpg\",\"contentUrl\":\"https:\\\/\\\/www.sedi-ati.com\\\/wp-content\\\/uploads\\\/2023\\\/05\\\/fabricant-coupleur-optique.jpg\",\"width\":400,\"height\":400,\"caption\":\"Fabricant coupleur optique\"},{\"@type\":\"BreadcrumbList\",\"@id\":\"https:\\\/\\\/www.sedi-ati.com\\\/fr\\\/coupleurs-fibre-optique-multimodes\\\/coupleurs-optiques-multimodes-haute-directivite-1x2\\\/#breadcrumb\",\"itemListElement\":[{\"@type\":\"ListItem\",\"position\":1,\"name\":\"Home\",\"item\":\"https:\\\/\\\/www.sedi-ati.com\\\/fr\\\/\"},{\"@type\":\"ListItem\",\"position\":2,\"name\":\"Produits\",\"item\":\"https:\\\/\\\/www.sedi-ati.com\\\/fr\\\/shop\\\/\"},{\"@type\":\"ListItem\",\"position\":3,\"name\":\"Coupleurs fibre optique multimodes\",\"item\":\"https:\\\/\\\/www.sedi-ati.com\\\/fr\\\/coupleurs-fibre-optique-multimodes\\\/\"},{\"@type\":\"ListItem\",\"position\":4,\"name\":\"Coupleurs optiques multimodes haute-directivit\u00e9 1&#215;2\"}]},{\"@type\":\"WebSite\",\"@id\":\"https:\\\/\\\/www.sedi-ati.com\\\/fr\\\/#website\",\"url\":\"https:\\\/\\\/www.sedi-ati.com\\\/fr\\\/\",\"name\":\"SEDI-ATI\",\"description\":\"Assemblages de fibres optiques sur mesure, bundles, fentes et pieuvres\",\"publisher\":{\"@id\":\"https:\\\/\\\/www.sedi-ati.com\\\/fr\\\/#organization\"},\"potentialAction\":[{\"@type\":\"SearchAction\",\"target\":{\"@type\":\"EntryPoint\",\"urlTemplate\":\"https:\\\/\\\/www.sedi-ati.com\\\/fr\\\/?s={search_term_string}\"},\"query-input\":{\"@type\":\"PropertyValueSpecification\",\"valueRequired\":true,\"valueName\":\"search_term_string\"}}],\"inLanguage\":\"fr-FR\"},{\"@type\":\"Organization\",\"@id\":\"https:\\\/\\\/www.sedi-ati.com\\\/fr\\\/#organization\",\"name\":\"SEDI-ATI\",\"url\":\"https:\\\/\\\/www.sedi-ati.com\\\/fr\\\/\",\"logo\":{\"@type\":\"ImageObject\",\"inLanguage\":\"fr-FR\",\"@id\":\"https:\\\/\\\/www.sedi-ati.com\\\/fr\\\/#\\\/schema\\\/logo\\\/image\\\/\",\"url\":\"https:\\\/\\\/www.sedi-ati.com\\\/wp-content\\\/uploads\\\/2019\\\/10\\\/Logo_SEDI-ATI_2019_avec-baseline.png\",\"contentUrl\":\"https:\\\/\\\/www.sedi-ati.com\\\/wp-content\\\/uploads\\\/2019\\\/10\\\/Logo_SEDI-ATI_2019_avec-baseline.png\",\"width\":300,\"height\":73,\"caption\":\"SEDI-ATI\"},\"image\":{\"@id\":\"https:\\\/\\\/www.sedi-ati.com\\\/fr\\\/#\\\/schema\\\/logo\\\/image\\\/\"},\"sameAs\":[\"https:\\\/\\\/www.linkedin.com\\\/company\\\/sedi-ati-fibres-optiques\\\/\",\"https:\\\/\\\/www.youtube.com\\\/@sedi-ati-fibres-optiques\"]}]}<\/script>\n<!-- \/ Yoast SEO plugin. -->","yoast_head_json":{"title":"Coupleur optique multimode haute-directivit\u00e9 1\u00d72","description":"SEDI-ATI est une entreprise sp\u00e9cialis\u00e9e dans la fibre optique et r\u00e9alise des coupleurs optiques multimode de haute-directivit\u00e9. Demandez un devis !","robots":{"index":"index","follow":"follow","max-snippet":"max-snippet:-1","max-image-preview":"max-image-preview:large","max-video-preview":"max-video-preview:-1"},"canonical":"https:\/\/www.sedi-ati.com\/fr\/coupleurs-fibre-optique-multimodes\/coupleurs-optiques-multimodes-haute-directivite-1x2\/","og_locale":"fr_FR","og_type":"article","og_title":"Coupleur optique multimode haute-directivit\u00e9 1\u00d72","og_description":"SEDI-ATI est une entreprise sp\u00e9cialis\u00e9e dans la fibre optique et r\u00e9alise des coupleurs optiques multimode de haute-directivit\u00e9. Demandez un devis !","og_url":"https:\/\/www.sedi-ati.com\/fr\/coupleurs-fibre-optique-multimodes\/coupleurs-optiques-multimodes-haute-directivite-1x2\/","og_site_name":"SEDI-ATI","article_modified_time":"2025-09-25T15:16:42+00:00","og_image":[{"width":400,"height":400,"url":"https:\/\/www.sedi-ati.com\/wp-content\/uploads\/2023\/05\/fabricant-coupleur-optique.jpg","type":"image\/jpeg"}],"twitter_card":"summary_large_image","twitter_misc":{"Dur\u00e9e de lecture estim\u00e9e":"3 minutes"},"schema":{"@context":"https:\/\/schema.org","@graph":[{"@type":"WebPage","@id":"https:\/\/www.sedi-ati.com\/fr\/coupleurs-fibre-optique-multimodes\/coupleurs-optiques-multimodes-haute-directivite-1x2\/","url":"https:\/\/www.sedi-ati.com\/fr\/coupleurs-fibre-optique-multimodes\/coupleurs-optiques-multimodes-haute-directivite-1x2\/","name":"Coupleur optique multimode haute-directivit\u00e9 1\u00d72","isPartOf":{"@id":"https:\/\/www.sedi-ati.com\/fr\/#website"},"primaryImageOfPage":{"@id":"https:\/\/www.sedi-ati.com\/fr\/coupleurs-fibre-optique-multimodes\/coupleurs-optiques-multimodes-haute-directivite-1x2\/#primaryimage"},"image":{"@id":"https:\/\/www.sedi-ati.com\/fr\/coupleurs-fibre-optique-multimodes\/coupleurs-optiques-multimodes-haute-directivite-1x2\/#primaryimage"},"thumbnailUrl":"https:\/\/www.sedi-ati.com\/wp-content\/uploads\/2023\/05\/fabricant-coupleur-optique.jpg","datePublished":"2023-05-31T15:53:23+00:00","dateModified":"2025-09-25T15:16:42+00:00","description":"SEDI-ATI est une entreprise sp\u00e9cialis\u00e9e dans la fibre optique et r\u00e9alise des coupleurs optiques multimode de haute-directivit\u00e9. Demandez un devis !","breadcrumb":{"@id":"https:\/\/www.sedi-ati.com\/fr\/coupleurs-fibre-optique-multimodes\/coupleurs-optiques-multimodes-haute-directivite-1x2\/#breadcrumb"},"inLanguage":"fr-FR","potentialAction":[{"@type":"ReadAction","target":["https:\/\/www.sedi-ati.com\/fr\/coupleurs-fibre-optique-multimodes\/coupleurs-optiques-multimodes-haute-directivite-1x2\/"]}]},{"@type":"ImageObject","inLanguage":"fr-FR","@id":"https:\/\/www.sedi-ati.com\/fr\/coupleurs-fibre-optique-multimodes\/coupleurs-optiques-multimodes-haute-directivite-1x2\/#primaryimage","url":"https:\/\/www.sedi-ati.com\/wp-content\/uploads\/2023\/05\/fabricant-coupleur-optique.jpg","contentUrl":"https:\/\/www.sedi-ati.com\/wp-content\/uploads\/2023\/05\/fabricant-coupleur-optique.jpg","width":400,"height":400,"caption":"Fabricant coupleur optique"},{"@type":"BreadcrumbList","@id":"https:\/\/www.sedi-ati.com\/fr\/coupleurs-fibre-optique-multimodes\/coupleurs-optiques-multimodes-haute-directivite-1x2\/#breadcrumb","itemListElement":[{"@type":"ListItem","position":1,"name":"Home","item":"https:\/\/www.sedi-ati.com\/fr\/"},{"@type":"ListItem","position":2,"name":"Produits","item":"https:\/\/www.sedi-ati.com\/fr\/shop\/"},{"@type":"ListItem","position":3,"name":"Coupleurs fibre optique multimodes","item":"https:\/\/www.sedi-ati.com\/fr\/coupleurs-fibre-optique-multimodes\/"},{"@type":"ListItem","position":4,"name":"Coupleurs optiques multimodes haute-directivit\u00e9 1&#215;2"}]},{"@type":"WebSite","@id":"https:\/\/www.sedi-ati.com\/fr\/#website","url":"https:\/\/www.sedi-ati.com\/fr\/","name":"SEDI-ATI","description":"Assemblages de fibres optiques sur mesure, bundles, fentes et pieuvres","publisher":{"@id":"https:\/\/www.sedi-ati.com\/fr\/#organization"},"potentialAction":[{"@type":"SearchAction","target":{"@type":"EntryPoint","urlTemplate":"https:\/\/www.sedi-ati.com\/fr\/?s={search_term_string}"},"query-input":{"@type":"PropertyValueSpecification","valueRequired":true,"valueName":"search_term_string"}}],"inLanguage":"fr-FR"},{"@type":"Organization","@id":"https:\/\/www.sedi-ati.com\/fr\/#organization","name":"SEDI-ATI","url":"https:\/\/www.sedi-ati.com\/fr\/","logo":{"@type":"ImageObject","inLanguage":"fr-FR","@id":"https:\/\/www.sedi-ati.com\/fr\/#\/schema\/logo\/image\/","url":"https:\/\/www.sedi-ati.com\/wp-content\/uploads\/2019\/10\/Logo_SEDI-ATI_2019_avec-baseline.png","contentUrl":"https:\/\/www.sedi-ati.com\/wp-content\/uploads\/2019\/10\/Logo_SEDI-ATI_2019_avec-baseline.png","width":300,"height":73,"caption":"SEDI-ATI"},"image":{"@id":"https:\/\/www.sedi-ati.com\/fr\/#\/schema\/logo\/image\/"},"sameAs":["https:\/\/www.linkedin.com\/company\/sedi-ati-fibres-optiques\/","https:\/\/www.youtube.com\/@sedi-ati-fibres-optiques"]}]}},"_links":{"self":[{"href":"https:\/\/www.sedi-ati.com\/fr\/wp-json\/wp\/v2\/product\/11374","targetHints":{"allow":["GET"]}}],"collection":[{"href":"https:\/\/www.sedi-ati.com\/fr\/wp-json\/wp\/v2\/product"}],"about":[{"href":"https:\/\/www.sedi-ati.com\/fr\/wp-json\/wp\/v2\/types\/product"}],"wp:featuredmedia":[{"embeddable":true,"href":"https:\/\/www.sedi-ati.com\/fr\/wp-json\/wp\/v2\/media\/11376"}],"wp:attachment":[{"href":"https:\/\/www.sedi-ati.com\/fr\/wp-json\/wp\/v2\/media?parent=11374"}],"wp:term":[{"taxonomy":"product_brand","embeddable":true,"href":"https:\/\/www.sedi-ati.com\/fr\/wp-json\/wp\/v2\/product_brand?post=11374"},{"taxonomy":"product_cat","embeddable":true,"href":"https:\/\/www.sedi-ati.com\/fr\/wp-json\/wp\/v2\/product_cat?post=11374"},{"taxonomy":"product_tag","embeddable":true,"href":"https:\/\/www.sedi-ati.com\/fr\/wp-json\/wp\/v2\/product_tag?post=11374"}],"curies":[{"name":"wp","href":"https:\/\/api.w.org\/{rel}","templated":true}]}}