{"id":11488,"date":"2023-06-01T17:49:22","date_gmt":"2023-06-01T15:49:22","guid":{"rendered":"https:\/\/www.sedi-ati.com\/?post_type=product&#038;p=11488"},"modified":"2025-09-25T15:54:01","modified_gmt":"2025-09-25T13:54:01","slug":"traversees-etanches-pour-fibres-optiques-ruban-terminees-par-des-connecteurs-mtp","status":"publish","type":"product","link":"https:\/\/www.sedi-ati.com\/fr\/traversees-et-passages-etanches-a-fibres-optiques\/traversees-etanches-pour-fibres-optiques-ruban-terminees-par-des-connecteurs-mtp\/","title":{"rendered":"Travers\u00e9es \u00e9tanches pour fibres optiques ruban termin\u00e9es par des connecteurs MTP"},"content":{"rendered":"<section class=\"wpb-content-wrapper\"><p>[vc_row content_placement=\u00a0\u00bbmiddle\u00a0\u00bb el_class=\u00a0\u00bbz-index-1 chevauchement-horizontal-range range-applications\u00a0\u00bb][vc_column width=\u00a0\u00bb3\/5&Prime; css=\u00a0\u00bb.vc_custom_1685526785543{background-color: #dfe2e8 !important;}\u00a0\u00bb el_class=\u00a0\u00bbshadow border-radius-hd-bd line-bottom line-blue\u00a0\u00bb][vc_raw_html el_class=\u00a0\u00bbgros-titre flex-column-mobile\u00a0\u00bb]JTNDcCUzRVRyYXZlcnMlQzMlQTllJTNDc3BhbiUyMGNsYXNzJTNEJTIycG9pbnQtcm91Z2UlMjIlM0UlM0MlMkZzcGFuJTNFJUMzJTg5dGFuY2hlJTNDJTJGcCUzRQ==[\/vc_raw_html][vc_column_text el_class=\u00a0\u00bbtitre-baseline\u00a0\u00bb]<\/p>\n<h2>Fibre optiques multimode pour la technologie WDM<\/h2>\n<p>[\/vc_column_text][vc_column_text]La s\u00e9rie RETA-RIB se compose de\u00a0<strong>travers\u00e9es \u00e9tanches\u00a0pour rubans multi-fibres termin\u00e9s par des connecteurs MTP<sup>\u00ae<\/sup><\/strong>.[\/vc_column_text][vc_btn title=\u00a0\u00bbDemandez un devis\u00a0\u00bb style=\u00a0\u00bbcustom\u00a0\u00bb custom_background=\u00a0\u00bb#132f40&Prime; custom_text=\u00a0\u00bb#ffffff\u00a0\u00bb shape=\u00a0\u00bbsquare\u00a0\u00bb link=\u00a0\u00bburl:%2Ffr%2Fdemande-de-devis%2F\u00a0\u00bb el_class=\u00a0\u00bbline-bottom line-blue\u00a0\u00bb][\/vc_column][vc_column width=\u00a0\u00bb1\/2&Prime; el_class=\u00a0\u00bbimg-entete\u00a0\u00bb][vc_single_image image=\u00a0\u00bb11495&Prime; img_size=\u00a0\u00bbfull\u00a0\u00bb alignment=\u00a0\u00bbcenter\u00a0\u00bb][\/vc_column][\/vc_row][vc_row full_width=\u00a0\u00bbstretch_row_content\u00a0\u00bb css=\u00a0\u00bb.vc_custom_1683119658248{background-color: #dfe2e8 !important;}\u00a0\u00bb el_class=\u00a0\u00bbfull-with-4000&Prime;][vc_column width=\u00a0\u00bb1\/2&Prime;][vc_row_inner][vc_column_inner el_class=\u00a0\u00bbwith-0-1240&Prime; width=\u00a0\u00bb1\/3&Prime;][\/vc_column_inner][vc_column_inner width=\u00a0\u00bb2\/3&Prime;][vc_raw_html el_class=\u00a0\u00bbpetit-titre\u00a0\u00bb]JTNDcCUzRUNhcmFjdCVDMyVBOXJpc3RpcXVlcyUzQ3NwYW4lMjBjbGFzcyUzRCUyMnBvaW50LXJvdWdlJTIwcG9pbnQtcGV0aXQlMjIlM0UlM0MlMkZzcGFuJTNFUHJpbmNpcGFsZXMlM0MlMkZwJTNF[\/vc_raw_html][vc_column_text]<\/p>\n<ul>\n<li>Fibres multimodes de 50 \u00b5m \u00e0 400 \u00b5m de c\u0153ur,<\/li>\n<li>Filtre dichro\u00efque sur mesure,<\/li>\n<li>Longueurs d\u2019ondes UV, VIS, IR,<\/li>\n<li>Bidirectionnel,<\/li>\n<li>Compact,<\/li>\n<li>Robuste,<\/li>\n<li>Fiable,<\/li>\n<li>L\u00e9ger,<\/li>\n<li>Configurations sur mesure.<\/li>\n<\/ul>\n<p>[\/vc_column_text][\/vc_column_inner][\/vc_row_inner][\/vc_column][vc_column width=\u00a0\u00bb1\/2&Prime;][vc_row_inner][vc_column_inner width=\u00a0\u00bb1\/6&Prime;][\/vc_column_inner][vc_column_inner el_class=\u00a0\u00bbshadow border-radius-hd-bd line-bottom line-blue\u00a0\u00bb width=\u00a0\u00bb2\/3&Prime; css=\u00a0\u00bb.vc_custom_1686129901475{background-color: #ffffff !important;}\u00a0\u00bb offset=\u00a0\u00bbvc_col-xs-9&Prime;][vc_column_text el_class=\u00a0\u00bbbaseline\u00a0\u00bb]<\/p>\n<p style=\"text-align: center;\">Cliquez pour t\u00e9l\u00e9charger la brochure en PDF<\/p>\n<p>[\/vc_column_text][vc_btn title=\u00a0\u00bbBrochure\u00a0\u00bb style=\u00a0\u00bbcustom\u00a0\u00bb custom_background=\u00a0\u00bb#132f40&Prime; custom_text=\u00a0\u00bb#ffffff\u00a0\u00bb shape=\u00a0\u00bbsquare\u00a0\u00bb align=\u00a0\u00bbcenter\u00a0\u00bb i_icon_fontawesome=\u00a0\u00bbfas fa-cloud-download-alt\u00a0\u00bb add_icon=\u00a0\u00bbtrue\u00a0\u00bb link=\u00a0\u00bburl:%2Ftelechargement-brochure%2F%3Ffor_c%3D11488&Prime; el_class=\u00a0\u00bbline-bottom line-blue\u00a0\u00bb][\/vc_column_inner][vc_column_inner width=\u00a0\u00bb1\/6&Prime;][\/vc_column_inner][\/vc_row_inner][\/vc_column][\/vc_row][vc_row][vc_column width=\u00a0\u00bb1\/2&Prime;][vc_column_text]Ces <strong class=\"d2b\">travers\u00e9es \u00e9tanches pour fibre optique<\/strong> sont adapt\u00e9es aux applications vide o\u00f9 un grand nombre de fibres optique est requis dans un ensemble compact.<\/p>\n<p>En effet, le <strong>ruban de fibres optiques<\/strong> est scell\u00e9 herm\u00e9tiquement sur une bride CF ou KF. Il est livr\u00e9 avec un rapport de test de fuite \u00e0 l\u2019h\u00e9lium garantissant un haut niveau d\u2019herm\u00e9ticit\u00e9 sup\u00e9rieur \u00e0 10<sup>-8<\/sup>\u00a0mbar.l\/s.<\/p>\n<p>Le RETA-RIB peut accepter jusqu\u2019\u00e0 deux rang\u00e9es de rubans de 12 fibres de chaque c\u00f4t\u00e9 de la bride. Ainsi, le RETA-RIB offre jusqu\u2019\u00e0 24 fibres en amont et 24 fibres en aval.[\/vc_column_text][\/vc_column][vc_column width=\u00a0\u00bb1\/2&Prime;][vc_column_text]Ces <strong class=\"d2b\">travers\u00e9es \u00e9tanches pour fibre optique<\/strong> peuvent \u00eatre r\u00e9alis\u00e9es avec des <strong>rubans multi-fibres monomodes ou multimodes<\/strong> \u00e0 gradient d\u2019indice (50\/125 \u03bcm).<\/p>\n<p>Nous proposons un large choix de connecteurs MTP\u00ae en fonction des pr\u00e9f\u00e9rences du client. Ils conviennent soit \u00e0 une rang\u00e9e de 12 fibres, soit \u00e0 deux rang\u00e9es parall\u00e8les de 12 fibres. Ils peuvent \u00e9galement avoir un polissage PC (polissage droit), ou un polissage APC (angle de polissage de 8\u00b0). Enfin, ils peuvent \u00eatre de type m\u00e2le (dot\u00e9 de broches de guidage en m\u00e9tal) ou femelle (sans broches).<\/p>\n<p>Enfin, nous proposons des rubans nus ou des tubes en acier inoxydable pour prot\u00e9ger les rubans.[\/vc_column_text][\/vc_column][\/vc_row][vc_row][vc_column][vc_empty_space][\/vc_column][\/vc_row][vc_row full_width=\u00a0\u00bbstretch_row\u00a0\u00bb css=\u00a0\u00bb.vc_custom_1685526799785{background-color: #dfe2e8 !important;}\u00a0\u00bb][vc_column][vc_row_inner][vc_column_inner width=\u00a0\u00bb1\/6&Prime;][\/vc_column_inner][vc_column_inner el_class=\u00a0\u00bbshadow border-radius-hd-bd line-bottom line-blue\u00a0\u00bb width=\u00a0\u00bb2\/3&Prime; css=\u00a0\u00bb.vc_custom_1679652604813{background-color: #ffffff !important;}\u00a0\u00bb][vc_column_text el_class=\u00a0\u00bbbaseline\u00a0\u00bb]<\/p>\n<p style=\"text-align: center;\">N\u2019h\u00e9sitez pas \u00e0 vous rapprocher de nous et \u00e0 nous faire part de votre demande sp\u00e9cifique<\/p>\n<p>[\/vc_column_text][vc_btn title=\u00a0\u00bbDemande de devis\u00a0\u00bb style=\u00a0\u00bbcustom\u00a0\u00bb custom_background=\u00a0\u00bb#132f40&Prime; custom_text=\u00a0\u00bb#ffffff\u00a0\u00bb shape=\u00a0\u00bbsquare\u00a0\u00bb align=\u00a0\u00bbcenter\u00a0\u00bb link=\u00a0\u00bburl:%2Ffr%2Fdemande-de-devis%2F\u00a0\u00bb el_class=\u00a0\u00bbline-bottom line-blue\u00a0\u00bb][\/vc_column_inner][vc_column_inner width=\u00a0\u00bb1\/6&Prime;][\/vc_column_inner][\/vc_row_inner][\/vc_column][\/vc_row][vc_row full_width=\u00a0\u00bbstretch_row\u00a0\u00bb disable_element=\u00a0\u00bbyes\u00a0\u00bb el_class=\u00a0\u00bbchevauchement-vertical-range petit-chevauchement\u00a0\u00bb][vc_column][vc_text_separator title=\u00a0\u00bbCas clients\u00a0\u00bb title_align=\u00a0\u00bbseparator_align_left\u00a0\u00bb color=\u00a0\u00bbcustom\u00a0\u00bb border_width=\u00a0\u00bb2&Prime; el_class=\u00a0\u00bbpetit-titre\u00a0\u00bb accent_color=\u00a0\u00bb#000000&Prime;][vc_column_text el_class=\u00a0\u00bbpetit-titre\u00a0\u00bb]Travers\u00e9es \u00e9tanches[\/vc_column_text][vc_empty_space height=\u00a0\u00bb10px\u00a0\u00bb][vc_basic_grid post_type=\u00a0\u00bbcas_client\u00a0\u00bb max_items=\u00a0\u00bb5&Prime; item=\u00a0\u00bb10738&Prime; grid_id=\u00a0\u00bbvc_gid:1692793550590-94e37404-ef75-0&Prime;][\/vc_column][\/vc_row][vc_row][vc_column][vc_btn title=\u00a0\u00bb^\u00a0\u00bb style=\u00a0\u00bbflat\u00a0\u00bb shape=\u00a0\u00bbsquare\u00a0\u00bb link=\u00a0\u00bburl:%23Wrapper\u00a0\u00bb el_class=\u00a0\u00bbbtn-haut\u00a0\u00bb][\/vc_column][\/vc_row]<\/p>\n<\/section>","protected":false},"excerpt":{"rendered":"<p>La s\u00e9rie RETA-RIB se compose de travers\u00e9es \u00e9tanches pour rubans multi-fibres termin\u00e9s par des connecteurs MTP\u00ae.<\/p>\n","protected":false},"featured_media":11496,"template":"","meta":{"_acf_changed":false,"rs_blank_template":"","rs_page_bg_color":"","slide_template_v7":""},"product_brand":[],"product_cat":[432292],"product_tag":[434222,434200,434220,434221],"class_list":{"0":"post-11488","1":"product","2":"type-product","3":"status-publish","4":"has-post-thumbnail","6":"product_cat-traversees-et-passages-etanches-a-fibres-optiques","7":"product_tag-cryogenie","8":"product_tag-spatial","9":"product_tag-traversees-etanches","10":"product_tag-vide-ultra-vide","12":"first","13":"instock","14":"shipping-taxable","15":"product-type-simple"},"acf":[],"yoast_head":"<!-- This site is optimized with the Yoast SEO plugin v27.5 - https:\/\/yoast.com\/product\/yoast-seo-wordpress\/ -->\n<title>Travers\u00e9e \u00e9tanche pour fibre optique<\/title>\n<meta name=\"description\" content=\"SEDI-ATI con\u00e7oit une travers\u00e9e \u00e9tanche pour la fibre optique. Contactez-nous pour en savoir plus !\" \/>\n<meta name=\"robots\" content=\"index, follow, max-snippet:-1, max-image-preview:large, max-video-preview:-1\" \/>\n<link rel=\"canonical\" href=\"https:\/\/www.sedi-ati.com\/fr\/traversees-et-passages-etanches-a-fibres-optiques\/traversees-etanches-pour-fibres-optiques-ruban-terminees-par-des-connecteurs-mtp\/\" \/>\n<meta property=\"og:locale\" content=\"fr_FR\" \/>\n<meta property=\"og:type\" content=\"article\" \/>\n<meta property=\"og:title\" content=\"Travers\u00e9e \u00e9tanche pour fibre optique\" \/>\n<meta property=\"og:description\" content=\"SEDI-ATI con\u00e7oit une travers\u00e9e \u00e9tanche pour la fibre optique. Contactez-nous pour en savoir plus !\" \/>\n<meta property=\"og:url\" content=\"https:\/\/www.sedi-ati.com\/fr\/traversees-et-passages-etanches-a-fibres-optiques\/traversees-etanches-pour-fibres-optiques-ruban-terminees-par-des-connecteurs-mtp\/\" \/>\n<meta property=\"og:site_name\" content=\"SEDI-ATI\" \/>\n<meta property=\"article:modified_time\" content=\"2025-09-25T13:54:01+00:00\" \/>\n<meta property=\"og:image\" content=\"https:\/\/www.sedi-ati.com\/wp-content\/uploads\/2023\/06\/fabricant-traversee-etanche-pour-fibre-optique.jpg\" \/>\n\t<meta property=\"og:image:width\" content=\"400\" \/>\n\t<meta property=\"og:image:height\" content=\"400\" \/>\n\t<meta property=\"og:image:type\" content=\"image\/jpeg\" \/>\n<meta name=\"twitter:card\" content=\"summary_large_image\" \/>\n<meta name=\"twitter:label1\" content=\"Dur\u00e9e de lecture estim\u00e9e\" \/>\n\t<meta name=\"twitter:data1\" content=\"3 minutes\" \/>\n<script type=\"application\/ld+json\" class=\"yoast-schema-graph\">{\"@context\":\"https:\\\/\\\/schema.org\",\"@graph\":[{\"@type\":\"WebPage\",\"@id\":\"https:\\\/\\\/www.sedi-ati.com\\\/fr\\\/traversees-et-passages-etanches-a-fibres-optiques\\\/traversees-etanches-pour-fibres-optiques-ruban-terminees-par-des-connecteurs-mtp\\\/\",\"url\":\"https:\\\/\\\/www.sedi-ati.com\\\/fr\\\/traversees-et-passages-etanches-a-fibres-optiques\\\/traversees-etanches-pour-fibres-optiques-ruban-terminees-par-des-connecteurs-mtp\\\/\",\"name\":\"Travers\u00e9e \u00e9tanche pour fibre optique\",\"isPartOf\":{\"@id\":\"https:\\\/\\\/www.sedi-ati.com\\\/fr\\\/#website\"},\"primaryImageOfPage\":{\"@id\":\"https:\\\/\\\/www.sedi-ati.com\\\/fr\\\/traversees-et-passages-etanches-a-fibres-optiques\\\/traversees-etanches-pour-fibres-optiques-ruban-terminees-par-des-connecteurs-mtp\\\/#primaryimage\"},\"image\":{\"@id\":\"https:\\\/\\\/www.sedi-ati.com\\\/fr\\\/traversees-et-passages-etanches-a-fibres-optiques\\\/traversees-etanches-pour-fibres-optiques-ruban-terminees-par-des-connecteurs-mtp\\\/#primaryimage\"},\"thumbnailUrl\":\"https:\\\/\\\/www.sedi-ati.com\\\/wp-content\\\/uploads\\\/2023\\\/06\\\/fabricant-traversee-etanche-pour-fibre-optique.jpg\",\"datePublished\":\"2023-06-01T15:49:22+00:00\",\"dateModified\":\"2025-09-25T13:54:01+00:00\",\"description\":\"SEDI-ATI con\u00e7oit une travers\u00e9e \u00e9tanche pour la fibre optique. Contactez-nous pour en savoir plus !\",\"breadcrumb\":{\"@id\":\"https:\\\/\\\/www.sedi-ati.com\\\/fr\\\/traversees-et-passages-etanches-a-fibres-optiques\\\/traversees-etanches-pour-fibres-optiques-ruban-terminees-par-des-connecteurs-mtp\\\/#breadcrumb\"},\"inLanguage\":\"fr-FR\",\"potentialAction\":[{\"@type\":\"ReadAction\",\"target\":[\"https:\\\/\\\/www.sedi-ati.com\\\/fr\\\/traversees-et-passages-etanches-a-fibres-optiques\\\/traversees-etanches-pour-fibres-optiques-ruban-terminees-par-des-connecteurs-mtp\\\/\"]}]},{\"@type\":\"ImageObject\",\"inLanguage\":\"fr-FR\",\"@id\":\"https:\\\/\\\/www.sedi-ati.com\\\/fr\\\/traversees-et-passages-etanches-a-fibres-optiques\\\/traversees-etanches-pour-fibres-optiques-ruban-terminees-par-des-connecteurs-mtp\\\/#primaryimage\",\"url\":\"https:\\\/\\\/www.sedi-ati.com\\\/wp-content\\\/uploads\\\/2023\\\/06\\\/fabricant-traversee-etanche-pour-fibre-optique.jpg\",\"contentUrl\":\"https:\\\/\\\/www.sedi-ati.com\\\/wp-content\\\/uploads\\\/2023\\\/06\\\/fabricant-traversee-etanche-pour-fibre-optique.jpg\",\"width\":400,\"height\":400,\"caption\":\"Fabricant travers\u00e9e \u00e9tanche pour fibre optique\"},{\"@type\":\"BreadcrumbList\",\"@id\":\"https:\\\/\\\/www.sedi-ati.com\\\/fr\\\/traversees-et-passages-etanches-a-fibres-optiques\\\/traversees-etanches-pour-fibres-optiques-ruban-terminees-par-des-connecteurs-mtp\\\/#breadcrumb\",\"itemListElement\":[{\"@type\":\"ListItem\",\"position\":1,\"name\":\"Home\",\"item\":\"https:\\\/\\\/www.sedi-ati.com\\\/fr\\\/\"},{\"@type\":\"ListItem\",\"position\":2,\"name\":\"Produits\",\"item\":\"https:\\\/\\\/www.sedi-ati.com\\\/fr\\\/shop\\\/\"},{\"@type\":\"ListItem\",\"position\":3,\"name\":\"Travers\u00e9es et passages \u00e9tanches \u00e0 fibres optiques\",\"item\":\"https:\\\/\\\/www.sedi-ati.com\\\/fr\\\/traversees-et-passages-etanches-a-fibres-optiques\\\/\"},{\"@type\":\"ListItem\",\"position\":4,\"name\":\"Travers\u00e9es \u00e9tanches pour fibres optiques ruban termin\u00e9es par des connecteurs MTP\"}]},{\"@type\":\"WebSite\",\"@id\":\"https:\\\/\\\/www.sedi-ati.com\\\/fr\\\/#website\",\"url\":\"https:\\\/\\\/www.sedi-ati.com\\\/fr\\\/\",\"name\":\"SEDI-ATI\",\"description\":\"Assemblages de fibres optiques sur mesure, bundles, fentes et pieuvres\",\"publisher\":{\"@id\":\"https:\\\/\\\/www.sedi-ati.com\\\/fr\\\/#organization\"},\"potentialAction\":[{\"@type\":\"SearchAction\",\"target\":{\"@type\":\"EntryPoint\",\"urlTemplate\":\"https:\\\/\\\/www.sedi-ati.com\\\/fr\\\/?s={search_term_string}\"},\"query-input\":{\"@type\":\"PropertyValueSpecification\",\"valueRequired\":true,\"valueName\":\"search_term_string\"}}],\"inLanguage\":\"fr-FR\"},{\"@type\":\"Organization\",\"@id\":\"https:\\\/\\\/www.sedi-ati.com\\\/fr\\\/#organization\",\"name\":\"SEDI-ATI\",\"url\":\"https:\\\/\\\/www.sedi-ati.com\\\/fr\\\/\",\"logo\":{\"@type\":\"ImageObject\",\"inLanguage\":\"fr-FR\",\"@id\":\"https:\\\/\\\/www.sedi-ati.com\\\/fr\\\/#\\\/schema\\\/logo\\\/image\\\/\",\"url\":\"https:\\\/\\\/www.sedi-ati.com\\\/wp-content\\\/uploads\\\/2019\\\/10\\\/Logo_SEDI-ATI_2019_avec-baseline.png\",\"contentUrl\":\"https:\\\/\\\/www.sedi-ati.com\\\/wp-content\\\/uploads\\\/2019\\\/10\\\/Logo_SEDI-ATI_2019_avec-baseline.png\",\"width\":300,\"height\":73,\"caption\":\"SEDI-ATI\"},\"image\":{\"@id\":\"https:\\\/\\\/www.sedi-ati.com\\\/fr\\\/#\\\/schema\\\/logo\\\/image\\\/\"},\"sameAs\":[\"https:\\\/\\\/www.linkedin.com\\\/company\\\/sedi-ati-fibres-optiques\\\/\",\"https:\\\/\\\/www.youtube.com\\\/@sedi-ati-fibres-optiques\"]}]}<\/script>\n<!-- \/ Yoast SEO plugin. -->","yoast_head_json":{"title":"Travers\u00e9e \u00e9tanche pour fibre optique","description":"SEDI-ATI con\u00e7oit une travers\u00e9e \u00e9tanche pour la fibre optique. Contactez-nous pour en savoir plus !","robots":{"index":"index","follow":"follow","max-snippet":"max-snippet:-1","max-image-preview":"max-image-preview:large","max-video-preview":"max-video-preview:-1"},"canonical":"https:\/\/www.sedi-ati.com\/fr\/traversees-et-passages-etanches-a-fibres-optiques\/traversees-etanches-pour-fibres-optiques-ruban-terminees-par-des-connecteurs-mtp\/","og_locale":"fr_FR","og_type":"article","og_title":"Travers\u00e9e \u00e9tanche pour fibre optique","og_description":"SEDI-ATI con\u00e7oit une travers\u00e9e \u00e9tanche pour la fibre optique. Contactez-nous pour en savoir plus !","og_url":"https:\/\/www.sedi-ati.com\/fr\/traversees-et-passages-etanches-a-fibres-optiques\/traversees-etanches-pour-fibres-optiques-ruban-terminees-par-des-connecteurs-mtp\/","og_site_name":"SEDI-ATI","article_modified_time":"2025-09-25T13:54:01+00:00","og_image":[{"width":400,"height":400,"url":"https:\/\/www.sedi-ati.com\/wp-content\/uploads\/2023\/06\/fabricant-traversee-etanche-pour-fibre-optique.jpg","type":"image\/jpeg"}],"twitter_card":"summary_large_image","twitter_misc":{"Dur\u00e9e de lecture estim\u00e9e":"3 minutes"},"schema":{"@context":"https:\/\/schema.org","@graph":[{"@type":"WebPage","@id":"https:\/\/www.sedi-ati.com\/fr\/traversees-et-passages-etanches-a-fibres-optiques\/traversees-etanches-pour-fibres-optiques-ruban-terminees-par-des-connecteurs-mtp\/","url":"https:\/\/www.sedi-ati.com\/fr\/traversees-et-passages-etanches-a-fibres-optiques\/traversees-etanches-pour-fibres-optiques-ruban-terminees-par-des-connecteurs-mtp\/","name":"Travers\u00e9e \u00e9tanche pour fibre optique","isPartOf":{"@id":"https:\/\/www.sedi-ati.com\/fr\/#website"},"primaryImageOfPage":{"@id":"https:\/\/www.sedi-ati.com\/fr\/traversees-et-passages-etanches-a-fibres-optiques\/traversees-etanches-pour-fibres-optiques-ruban-terminees-par-des-connecteurs-mtp\/#primaryimage"},"image":{"@id":"https:\/\/www.sedi-ati.com\/fr\/traversees-et-passages-etanches-a-fibres-optiques\/traversees-etanches-pour-fibres-optiques-ruban-terminees-par-des-connecteurs-mtp\/#primaryimage"},"thumbnailUrl":"https:\/\/www.sedi-ati.com\/wp-content\/uploads\/2023\/06\/fabricant-traversee-etanche-pour-fibre-optique.jpg","datePublished":"2023-06-01T15:49:22+00:00","dateModified":"2025-09-25T13:54:01+00:00","description":"SEDI-ATI con\u00e7oit une travers\u00e9e \u00e9tanche pour la fibre optique. Contactez-nous pour en savoir plus !","breadcrumb":{"@id":"https:\/\/www.sedi-ati.com\/fr\/traversees-et-passages-etanches-a-fibres-optiques\/traversees-etanches-pour-fibres-optiques-ruban-terminees-par-des-connecteurs-mtp\/#breadcrumb"},"inLanguage":"fr-FR","potentialAction":[{"@type":"ReadAction","target":["https:\/\/www.sedi-ati.com\/fr\/traversees-et-passages-etanches-a-fibres-optiques\/traversees-etanches-pour-fibres-optiques-ruban-terminees-par-des-connecteurs-mtp\/"]}]},{"@type":"ImageObject","inLanguage":"fr-FR","@id":"https:\/\/www.sedi-ati.com\/fr\/traversees-et-passages-etanches-a-fibres-optiques\/traversees-etanches-pour-fibres-optiques-ruban-terminees-par-des-connecteurs-mtp\/#primaryimage","url":"https:\/\/www.sedi-ati.com\/wp-content\/uploads\/2023\/06\/fabricant-traversee-etanche-pour-fibre-optique.jpg","contentUrl":"https:\/\/www.sedi-ati.com\/wp-content\/uploads\/2023\/06\/fabricant-traversee-etanche-pour-fibre-optique.jpg","width":400,"height":400,"caption":"Fabricant travers\u00e9e \u00e9tanche pour fibre optique"},{"@type":"BreadcrumbList","@id":"https:\/\/www.sedi-ati.com\/fr\/traversees-et-passages-etanches-a-fibres-optiques\/traversees-etanches-pour-fibres-optiques-ruban-terminees-par-des-connecteurs-mtp\/#breadcrumb","itemListElement":[{"@type":"ListItem","position":1,"name":"Home","item":"https:\/\/www.sedi-ati.com\/fr\/"},{"@type":"ListItem","position":2,"name":"Produits","item":"https:\/\/www.sedi-ati.com\/fr\/shop\/"},{"@type":"ListItem","position":3,"name":"Travers\u00e9es et passages \u00e9tanches \u00e0 fibres optiques","item":"https:\/\/www.sedi-ati.com\/fr\/traversees-et-passages-etanches-a-fibres-optiques\/"},{"@type":"ListItem","position":4,"name":"Travers\u00e9es \u00e9tanches pour fibres optiques ruban termin\u00e9es par des connecteurs MTP"}]},{"@type":"WebSite","@id":"https:\/\/www.sedi-ati.com\/fr\/#website","url":"https:\/\/www.sedi-ati.com\/fr\/","name":"SEDI-ATI","description":"Assemblages de fibres optiques sur mesure, bundles, fentes et pieuvres","publisher":{"@id":"https:\/\/www.sedi-ati.com\/fr\/#organization"},"potentialAction":[{"@type":"SearchAction","target":{"@type":"EntryPoint","urlTemplate":"https:\/\/www.sedi-ati.com\/fr\/?s={search_term_string}"},"query-input":{"@type":"PropertyValueSpecification","valueRequired":true,"valueName":"search_term_string"}}],"inLanguage":"fr-FR"},{"@type":"Organization","@id":"https:\/\/www.sedi-ati.com\/fr\/#organization","name":"SEDI-ATI","url":"https:\/\/www.sedi-ati.com\/fr\/","logo":{"@type":"ImageObject","inLanguage":"fr-FR","@id":"https:\/\/www.sedi-ati.com\/fr\/#\/schema\/logo\/image\/","url":"https:\/\/www.sedi-ati.com\/wp-content\/uploads\/2019\/10\/Logo_SEDI-ATI_2019_avec-baseline.png","contentUrl":"https:\/\/www.sedi-ati.com\/wp-content\/uploads\/2019\/10\/Logo_SEDI-ATI_2019_avec-baseline.png","width":300,"height":73,"caption":"SEDI-ATI"},"image":{"@id":"https:\/\/www.sedi-ati.com\/fr\/#\/schema\/logo\/image\/"},"sameAs":["https:\/\/www.linkedin.com\/company\/sedi-ati-fibres-optiques\/","https:\/\/www.youtube.com\/@sedi-ati-fibres-optiques"]}]}},"_links":{"self":[{"href":"https:\/\/www.sedi-ati.com\/fr\/wp-json\/wp\/v2\/product\/11488","targetHints":{"allow":["GET"]}}],"collection":[{"href":"https:\/\/www.sedi-ati.com\/fr\/wp-json\/wp\/v2\/product"}],"about":[{"href":"https:\/\/www.sedi-ati.com\/fr\/wp-json\/wp\/v2\/types\/product"}],"wp:featuredmedia":[{"embeddable":true,"href":"https:\/\/www.sedi-ati.com\/fr\/wp-json\/wp\/v2\/media\/11496"}],"wp:attachment":[{"href":"https:\/\/www.sedi-ati.com\/fr\/wp-json\/wp\/v2\/media?parent=11488"}],"wp:term":[{"taxonomy":"product_brand","embeddable":true,"href":"https:\/\/www.sedi-ati.com\/fr\/wp-json\/wp\/v2\/product_brand?post=11488"},{"taxonomy":"product_cat","embeddable":true,"href":"https:\/\/www.sedi-ati.com\/fr\/wp-json\/wp\/v2\/product_cat?post=11488"},{"taxonomy":"product_tag","embeddable":true,"href":"https:\/\/www.sedi-ati.com\/fr\/wp-json\/wp\/v2\/product_tag?post=11488"}],"curies":[{"name":"wp","href":"https:\/\/api.w.org\/{rel}","templated":true}]}}