{"id":11518,"date":"2023-06-05T15:42:19","date_gmt":"2023-06-05T13:42:19","guid":{"rendered":"https:\/\/www.sedi-ati.com\/?post_type=product&#038;p=11518"},"modified":"2025-09-25T15:53:57","modified_gmt":"2025-09-25T13:53:57","slug":"traversees-optiques-etanches-a-maintien-de-polarisation-sur-bride-cf-ou-kf-pour-le-vide","status":"publish","type":"product","link":"https:\/\/www.sedi-ati.com\/fr\/traversees-et-passages-etanches-a-fibres-optiques\/traversees-optiques-etanches-a-maintien-de-polarisation-sur-bride-cf-ou-kf-pour-le-vide\/","title":{"rendered":"Travers\u00e9es \u00e9tanches fibres optiques \u00e0 maintien de polarisation pour le vide"},"content":{"rendered":"<section class=\"wpb-content-wrapper\"><p>[vc_row content_placement=\u00a0\u00bbmiddle\u00a0\u00bb el_class=\u00a0\u00bbz-index-1 chevauchement-horizontal-range range-applications\u00a0\u00bb][vc_column width=\u00a0\u00bb3\/5&Prime; css=\u00a0\u00bb.vc_custom_1685526785543{background-color: #dfe2e8 !important;}\u00a0\u00bb el_class=\u00a0\u00bbshadow border-radius-hd-bd line-bottom line-blue\u00a0\u00bb][vc_raw_html el_class=\u00a0\u00bbgros-titre flex-column-mobile\u00a0\u00bb]JTNDcCUzRVRyYXZlcnMlQzMlQTllcyUzQ3NwYW4lMjBjbGFzcyUzRCUyMnBvaW50LXJvdWdlJTIyJTNFJTNDJTJGc3BhbiUzRUV0YW5jaGVzJTNDJTJGcCUzRQ==[\/vc_raw_html][vc_column_text el_class=\u00a0\u00bbtitre-baseline\u00a0\u00bb]<\/p>\n<h2>Conception de travers\u00e9es \u00e9tanches fibres optiques \u00e0 maintien de polarisation sur bride<\/h2>\n<p>[\/vc_column_text][vc_column_text]Les <strong class=\"d2b\">travers\u00e9es \u00e9tanches fibres optiquesmulti-f\u00fbts<\/strong> \u00e0 <strong class=\"d2b\">maintien de polarisation sur bride<\/strong> KTRAV-T12 sont des <strong>travers\u00e9es multicanales<\/strong>. Elles sont con\u00e7ues pour les <strong class=\"d2b\">applications de vide pouss\u00e9 et d\u2019ultravide<\/strong> jusqu\u2019\u00e0 10<sup>-11<\/sup> mbar. Elles pr\u00e9sentent une interface de connexion sur la bride.[\/vc_column_text][vc_btn title=\u00a0\u00bbDemandez un devis\u00a0\u00bb style=\u00a0\u00bbcustom\u00a0\u00bb custom_background=\u00a0\u00bb#132f40&Prime; custom_text=\u00a0\u00bb#ffffff\u00a0\u00bb shape=\u00a0\u00bbsquare\u00a0\u00bb link=\u00a0\u00bburl:%2Ffr%2Fdemande-de-devis%2F\u00a0\u00bb el_class=\u00a0\u00bbline-bottom line-blue\u00a0\u00bb][\/vc_column][vc_column width=\u00a0\u00bb1\/2&Prime; el_class=\u00a0\u00bbimg-entete\u00a0\u00bb][vc_single_image image=\u00a0\u00bb11523&Prime; img_size=\u00a0\u00bbfull\u00a0\u00bb alignment=\u00a0\u00bbcenter\u00a0\u00bb][\/vc_column][\/vc_row][vc_row full_width=\u00a0\u00bbstretch_row_content\u00a0\u00bb css=\u00a0\u00bb.vc_custom_1683119658248{background-color: #dfe2e8 !important;}\u00a0\u00bb el_class=\u00a0\u00bbfull-with-4000&Prime;][vc_column width=\u00a0\u00bb1\/2&Prime;][vc_row_inner][vc_column_inner el_class=\u00a0\u00bbwith-0-1240&Prime; width=\u00a0\u00bb1\/3&Prime;][\/vc_column_inner][vc_column_inner width=\u00a0\u00bb2\/3&Prime;][vc_raw_html el_class=\u00a0\u00bbpetit-titre\u00a0\u00bb]JTNDcCUzRUNhcmFjdCVDMyVBOXJpc3RpcXVlcyUzQ3NwYW4lMjBjbGFzcyUzRCUyMnBvaW50LXJvdWdlJTIwcG9pbnQtcGV0aXQlMjIlM0UlM0MlMkZzcGFuJTNFUHJpbmNpcGFsZXMlM0MlMkZwJTNF[\/vc_raw_html][vc_column_text]<\/p>\n<ul>\n<li>Applications : vide et ultra-vide,<\/li>\n<li>Herm\u00e9ticit\u00e9 : 10<sup>-11<\/sup> mbar.l\/s,<\/li>\n<li>Fibres : PM,<\/li>\n<li>Interfaces : FC\/APC ou FC\/PC,<\/li>\n<li>Multicanaux : jusqu\u2019\u00e0 4 voies selon le type de bride,<\/li>\n<li>Brides disponibles : DN 40 CF et DN 40 KF,<\/li>\n<li>Plages de longueurs d\u2019ondes : UV-VIS-NIR,<\/li>\n<li>Conception : durcie.<\/li>\n<\/ul>\n<p>[\/vc_column_text][\/vc_column_inner][\/vc_row_inner][\/vc_column][vc_column width=\u00a0\u00bb1\/2&Prime;][vc_row_inner][vc_column_inner width=\u00a0\u00bb1\/6&Prime;][\/vc_column_inner][vc_column_inner el_class=\u00a0\u00bbshadow border-radius-hd-bd line-bottom line-blue\u00a0\u00bb width=\u00a0\u00bb2\/3&Prime; css=\u00a0\u00bb.vc_custom_1686129217169{background-color: #ffffff !important;}\u00a0\u00bb offset=\u00a0\u00bbvc_col-xs-9&Prime;][vc_column_text el_class=\u00a0\u00bbbaseline\u00a0\u00bb]<\/p>\n<p style=\"text-align: center;\">Cliquez pour t\u00e9l\u00e9charger la brochure en PDF<\/p>\n<p>[\/vc_column_text][vc_btn title=\u00a0\u00bbBrochure\u00a0\u00bb style=\u00a0\u00bbcustom\u00a0\u00bb custom_background=\u00a0\u00bb#132f40&Prime; custom_text=\u00a0\u00bb#ffffff\u00a0\u00bb shape=\u00a0\u00bbsquare\u00a0\u00bb align=\u00a0\u00bbcenter\u00a0\u00bb i_icon_fontawesome=\u00a0\u00bbfas fa-cloud-download-alt\u00a0\u00bb add_icon=\u00a0\u00bbtrue\u00a0\u00bb link=\u00a0\u00bburl:%2Ftelechargement-brochure%2F%3Ffor_c%3D11518&Prime; el_class=\u00a0\u00bbline-bottom line-blue\u00a0\u00bb][\/vc_column_inner][vc_column_inner width=\u00a0\u00bb1\/6&Prime;][\/vc_column_inner][\/vc_row_inner][\/vc_column][\/vc_row][vc_row][vc_column width=\u00a0\u00bb1\/2&Prime;][vc_column_text]Les configurations standards sont disponibles pour :<\/p>\n<ul>\n<li><strong>1 \u00e0 4 f\u00fbts individuels<\/strong> sur une bride DN 40 CF,<\/li>\n<li><strong>1 \u00e0 3 f\u00fbts individuels<\/strong> sur une bride DN 40 KF.<\/li>\n<\/ul>\n<p>Des <span class=\"fort\">conceptions personnalis\u00e9es<\/span> sont \u00e9galement possibles sur demande puisque nous proposons diff\u00e9rentes tailles de brides ISO, CF et KF. Nous consulter pour en savoir plus.[\/vc_column_text][\/vc_column][vc_column width=\u00a0\u00bb1\/2&Prime;][vc_column_text]Les f\u00fbts sont soud\u00e9s sur la bride en acier inoxydable 304L, ce qui garantit de faibles taux de d\u00e9gazage et de fuite compatibles avec un environnement ultra-vide. La travers\u00e9e de maintien de la polarisation sous vide KTRAV-T12 assure un haut niveau d&rsquo;herm\u00e9ticit\u00e9 sup\u00e9rieur \u00e0 10<sup>-11<\/sup> mbar.l\/s.<\/p>\n<p>Les <strong>travers\u00e9es optiques \u00e9tanches<\/strong> KTRAV-T12 sont optimis\u00e9es pour les <strong class=\"d2b\">fibres optiques \u00e0 maintien de polarisation<\/strong>. Elles sont propos\u00e9es avec des interfaces FC\/APC ou FC\/PC.<\/p>\n<p>N\u2019h\u00e9sitez pas \u00e0 nous contacter pour discuter de vos besoins particuliers.[\/vc_column_text][\/vc_column][\/vc_row][vc_row][vc_column][vc_empty_space][\/vc_column][\/vc_row][vc_row full_width=\u00a0\u00bbstretch_row\u00a0\u00bb css=\u00a0\u00bb.vc_custom_1685526799785{background-color: #dfe2e8 !important;}\u00a0\u00bb][vc_column][vc_row_inner][vc_column_inner width=\u00a0\u00bb1\/6&Prime;][\/vc_column_inner][vc_column_inner el_class=\u00a0\u00bbshadow border-radius-hd-bd line-bottom line-blue\u00a0\u00bb width=\u00a0\u00bb2\/3&Prime; css=\u00a0\u00bb.vc_custom_1679652604813{background-color: #ffffff !important;}\u00a0\u00bb][vc_column_text el_class=\u00a0\u00bbbaseline\u00a0\u00bb]<\/p>\n<p style=\"text-align: center;\">N\u2019h\u00e9sitez pas \u00e0 vous rapprocher de nous et \u00e0 nous faire part de votre demande sp\u00e9cifique<\/p>\n<p>[\/vc_column_text][vc_btn title=\u00a0\u00bbDemande de devis\u00a0\u00bb style=\u00a0\u00bbcustom\u00a0\u00bb custom_background=\u00a0\u00bb#132f40&Prime; custom_text=\u00a0\u00bb#ffffff\u00a0\u00bb shape=\u00a0\u00bbsquare\u00a0\u00bb align=\u00a0\u00bbcenter\u00a0\u00bb link=\u00a0\u00bburl:%2Ffr%2Fdemande-de-devis%2F\u00a0\u00bb el_class=\u00a0\u00bbline-bottom line-blue\u00a0\u00bb][\/vc_column_inner][vc_column_inner width=\u00a0\u00bb1\/6&Prime;][\/vc_column_inner][\/vc_row_inner][\/vc_column][\/vc_row][vc_row full_width=\u00a0\u00bbstretch_row\u00a0\u00bb disable_element=\u00a0\u00bbyes\u00a0\u00bb el_class=\u00a0\u00bbchevauchement-vertical-range petit-chevauchement\u00a0\u00bb][vc_column][vc_text_separator title=\u00a0\u00bbCas clients\u00a0\u00bb title_align=\u00a0\u00bbseparator_align_left\u00a0\u00bb color=\u00a0\u00bbcustom\u00a0\u00bb border_width=\u00a0\u00bb2&Prime; el_class=\u00a0\u00bbpetit-titre\u00a0\u00bb accent_color=\u00a0\u00bb#000000&Prime;][vc_column_text el_class=\u00a0\u00bbpetit-titre\u00a0\u00bb]Travers\u00e9es \u00e9tanches[\/vc_column_text][vc_empty_space height=\u00a0\u00bb10px\u00a0\u00bb][vc_basic_grid post_type=\u00a0\u00bbcas_client\u00a0\u00bb max_items=\u00a0\u00bb5&Prime; item=\u00a0\u00bb10738&Prime; grid_id=\u00a0\u00bbvc_gid:1692793793415-8f8a6ca2-0b1d-10&Prime; taxonomies=\u00a0\u00bb433877&Prime;][\/vc_column][\/vc_row][vc_row][vc_column][vc_btn title=\u00a0\u00bb^\u00a0\u00bb style=\u00a0\u00bbflat\u00a0\u00bb shape=\u00a0\u00bbsquare\u00a0\u00bb link=\u00a0\u00bburl:%23Wrapper\u00a0\u00bb el_class=\u00a0\u00bbbtn-haut\u00a0\u00bb][\/vc_column][\/vc_row]<\/p>\n<\/section>","protected":false},"excerpt":{"rendered":"<p>Les travers\u00e9es optiques \u00e9tanches multi-f\u00fbts \u00e0 maintien de polarisation sur bride KTRAV-T12 sont con\u00e7ues pour les applications de vide pouss\u00e9 et d\u2019ultravide jusqu\u2019\u00e0 10-11 mbar.<\/p>\n","protected":false},"featured_media":11522,"template":"","meta":{"_acf_changed":false,"rs_blank_template":"","rs_page_bg_color":"","slide_template_v7":""},"product_brand":[],"product_cat":[432292],"product_tag":[434222,434200,434220,434221],"class_list":{"0":"post-11518","1":"product","2":"type-product","3":"status-publish","4":"has-post-thumbnail","6":"product_cat-traversees-et-passages-etanches-a-fibres-optiques","7":"product_tag-cryogenie","8":"product_tag-spatial","9":"product_tag-traversees-etanches","10":"product_tag-vide-ultra-vide","12":"first","13":"instock","14":"shipping-taxable","15":"product-type-simple"},"acf":[],"yoast_head":"<!-- This site is optimized with the Yoast SEO plugin v27.5 - https:\/\/yoast.com\/product\/yoast-seo-wordpress\/ -->\n<title>Travers\u00e9es \u00e9tanches fibres \u00e0 maintien de polarisation pour le vide<\/title>\n<meta name=\"description\" content=\"SEDI-ATI est une entreprise sp\u00e9cialis\u00e9e dans la fibre optique et la conception des travers\u00e9es optiques \u00e9tanches. Contactez-nous pour en savoir plus !\" \/>\n<meta name=\"robots\" content=\"index, follow, max-snippet:-1, max-image-preview:large, max-video-preview:-1\" \/>\n<link rel=\"canonical\" href=\"https:\/\/www.sedi-ati.com\/fr\/traversees-et-passages-etanches-a-fibres-optiques\/traversees-optiques-etanches-a-maintien-de-polarisation-sur-bride-cf-ou-kf-pour-le-vide\/\" \/>\n<meta property=\"og:locale\" content=\"fr_FR\" \/>\n<meta property=\"og:type\" content=\"article\" \/>\n<meta property=\"og:title\" content=\"Travers\u00e9es \u00e9tanches fibres \u00e0 maintien de polarisation pour le vide\" \/>\n<meta property=\"og:description\" content=\"SEDI-ATI est une entreprise sp\u00e9cialis\u00e9e dans la fibre optique et la conception des travers\u00e9es optiques \u00e9tanches. Contactez-nous pour en savoir plus !\" \/>\n<meta property=\"og:url\" content=\"https:\/\/www.sedi-ati.com\/fr\/traversees-et-passages-etanches-a-fibres-optiques\/traversees-optiques-etanches-a-maintien-de-polarisation-sur-bride-cf-ou-kf-pour-le-vide\/\" \/>\n<meta property=\"og:site_name\" content=\"SEDI-ATI\" \/>\n<meta property=\"article:modified_time\" content=\"2025-09-25T13:53:57+00:00\" \/>\n<meta property=\"og:image\" content=\"https:\/\/www.sedi-ati.com\/wp-content\/uploads\/2023\/06\/traversee-optique-etanche-polarisation-sur-bride.jpg\" \/>\n\t<meta property=\"og:image:width\" content=\"400\" \/>\n\t<meta property=\"og:image:height\" content=\"400\" \/>\n\t<meta property=\"og:image:type\" content=\"image\/jpeg\" \/>\n<meta name=\"twitter:card\" content=\"summary_large_image\" \/>\n<meta name=\"twitter:label1\" content=\"Dur\u00e9e de lecture estim\u00e9e\" \/>\n\t<meta name=\"twitter:data1\" content=\"3 minutes\" \/>\n<script type=\"application\/ld+json\" class=\"yoast-schema-graph\">{\"@context\":\"https:\\\/\\\/schema.org\",\"@graph\":[{\"@type\":\"WebPage\",\"@id\":\"https:\\\/\\\/www.sedi-ati.com\\\/fr\\\/traversees-et-passages-etanches-a-fibres-optiques\\\/traversees-optiques-etanches-a-maintien-de-polarisation-sur-bride-cf-ou-kf-pour-le-vide\\\/\",\"url\":\"https:\\\/\\\/www.sedi-ati.com\\\/fr\\\/traversees-et-passages-etanches-a-fibres-optiques\\\/traversees-optiques-etanches-a-maintien-de-polarisation-sur-bride-cf-ou-kf-pour-le-vide\\\/\",\"name\":\"Travers\u00e9es \u00e9tanches fibres \u00e0 maintien de polarisation pour le vide\",\"isPartOf\":{\"@id\":\"https:\\\/\\\/www.sedi-ati.com\\\/fr\\\/#website\"},\"primaryImageOfPage\":{\"@id\":\"https:\\\/\\\/www.sedi-ati.com\\\/fr\\\/traversees-et-passages-etanches-a-fibres-optiques\\\/traversees-optiques-etanches-a-maintien-de-polarisation-sur-bride-cf-ou-kf-pour-le-vide\\\/#primaryimage\"},\"image\":{\"@id\":\"https:\\\/\\\/www.sedi-ati.com\\\/fr\\\/traversees-et-passages-etanches-a-fibres-optiques\\\/traversees-optiques-etanches-a-maintien-de-polarisation-sur-bride-cf-ou-kf-pour-le-vide\\\/#primaryimage\"},\"thumbnailUrl\":\"https:\\\/\\\/www.sedi-ati.com\\\/wp-content\\\/uploads\\\/2023\\\/06\\\/traversee-optique-etanche-polarisation-sur-bride.jpg\",\"datePublished\":\"2023-06-05T13:42:19+00:00\",\"dateModified\":\"2025-09-25T13:53:57+00:00\",\"description\":\"SEDI-ATI est une entreprise sp\u00e9cialis\u00e9e dans la fibre optique et la conception des travers\u00e9es optiques \u00e9tanches. Contactez-nous pour en savoir plus !\",\"breadcrumb\":{\"@id\":\"https:\\\/\\\/www.sedi-ati.com\\\/fr\\\/traversees-et-passages-etanches-a-fibres-optiques\\\/traversees-optiques-etanches-a-maintien-de-polarisation-sur-bride-cf-ou-kf-pour-le-vide\\\/#breadcrumb\"},\"inLanguage\":\"fr-FR\",\"potentialAction\":[{\"@type\":\"ReadAction\",\"target\":[\"https:\\\/\\\/www.sedi-ati.com\\\/fr\\\/traversees-et-passages-etanches-a-fibres-optiques\\\/traversees-optiques-etanches-a-maintien-de-polarisation-sur-bride-cf-ou-kf-pour-le-vide\\\/\"]}]},{\"@type\":\"ImageObject\",\"inLanguage\":\"fr-FR\",\"@id\":\"https:\\\/\\\/www.sedi-ati.com\\\/fr\\\/traversees-et-passages-etanches-a-fibres-optiques\\\/traversees-optiques-etanches-a-maintien-de-polarisation-sur-bride-cf-ou-kf-pour-le-vide\\\/#primaryimage\",\"url\":\"https:\\\/\\\/www.sedi-ati.com\\\/wp-content\\\/uploads\\\/2023\\\/06\\\/traversee-optique-etanche-polarisation-sur-bride.jpg\",\"contentUrl\":\"https:\\\/\\\/www.sedi-ati.com\\\/wp-content\\\/uploads\\\/2023\\\/06\\\/traversee-optique-etanche-polarisation-sur-bride.jpg\",\"width\":400,\"height\":400,\"caption\":\"Travers\u00e9e optique \u00e9tanche de polarisation sur bride\"},{\"@type\":\"BreadcrumbList\",\"@id\":\"https:\\\/\\\/www.sedi-ati.com\\\/fr\\\/traversees-et-passages-etanches-a-fibres-optiques\\\/traversees-optiques-etanches-a-maintien-de-polarisation-sur-bride-cf-ou-kf-pour-le-vide\\\/#breadcrumb\",\"itemListElement\":[{\"@type\":\"ListItem\",\"position\":1,\"name\":\"Home\",\"item\":\"https:\\\/\\\/www.sedi-ati.com\\\/fr\\\/\"},{\"@type\":\"ListItem\",\"position\":2,\"name\":\"Produits\",\"item\":\"https:\\\/\\\/www.sedi-ati.com\\\/fr\\\/shop\\\/\"},{\"@type\":\"ListItem\",\"position\":3,\"name\":\"Travers\u00e9es et passages \u00e9tanches \u00e0 fibres optiques\",\"item\":\"https:\\\/\\\/www.sedi-ati.com\\\/fr\\\/traversees-et-passages-etanches-a-fibres-optiques\\\/\"},{\"@type\":\"ListItem\",\"position\":4,\"name\":\"Travers\u00e9es optiques \u00e9tanches \u00e0 maintien de polarisation\"}]},{\"@type\":\"WebSite\",\"@id\":\"https:\\\/\\\/www.sedi-ati.com\\\/fr\\\/#website\",\"url\":\"https:\\\/\\\/www.sedi-ati.com\\\/fr\\\/\",\"name\":\"SEDI-ATI\",\"description\":\"Assemblages de fibres optiques sur mesure, bundles, fentes et pieuvres\",\"publisher\":{\"@id\":\"https:\\\/\\\/www.sedi-ati.com\\\/fr\\\/#organization\"},\"potentialAction\":[{\"@type\":\"SearchAction\",\"target\":{\"@type\":\"EntryPoint\",\"urlTemplate\":\"https:\\\/\\\/www.sedi-ati.com\\\/fr\\\/?s={search_term_string}\"},\"query-input\":{\"@type\":\"PropertyValueSpecification\",\"valueRequired\":true,\"valueName\":\"search_term_string\"}}],\"inLanguage\":\"fr-FR\"},{\"@type\":\"Organization\",\"@id\":\"https:\\\/\\\/www.sedi-ati.com\\\/fr\\\/#organization\",\"name\":\"SEDI-ATI\",\"url\":\"https:\\\/\\\/www.sedi-ati.com\\\/fr\\\/\",\"logo\":{\"@type\":\"ImageObject\",\"inLanguage\":\"fr-FR\",\"@id\":\"https:\\\/\\\/www.sedi-ati.com\\\/fr\\\/#\\\/schema\\\/logo\\\/image\\\/\",\"url\":\"https:\\\/\\\/www.sedi-ati.com\\\/wp-content\\\/uploads\\\/2019\\\/10\\\/Logo_SEDI-ATI_2019_avec-baseline.png\",\"contentUrl\":\"https:\\\/\\\/www.sedi-ati.com\\\/wp-content\\\/uploads\\\/2019\\\/10\\\/Logo_SEDI-ATI_2019_avec-baseline.png\",\"width\":300,\"height\":73,\"caption\":\"SEDI-ATI\"},\"image\":{\"@id\":\"https:\\\/\\\/www.sedi-ati.com\\\/fr\\\/#\\\/schema\\\/logo\\\/image\\\/\"},\"sameAs\":[\"https:\\\/\\\/www.linkedin.com\\\/company\\\/sedi-ati-fibres-optiques\\\/\",\"https:\\\/\\\/www.youtube.com\\\/@sedi-ati-fibres-optiques\"]}]}<\/script>\n<!-- \/ Yoast SEO plugin. -->","yoast_head_json":{"title":"Travers\u00e9es \u00e9tanches fibres \u00e0 maintien de polarisation pour le vide","description":"SEDI-ATI est une entreprise sp\u00e9cialis\u00e9e dans la fibre optique et la conception des travers\u00e9es optiques \u00e9tanches. Contactez-nous pour en savoir plus !","robots":{"index":"index","follow":"follow","max-snippet":"max-snippet:-1","max-image-preview":"max-image-preview:large","max-video-preview":"max-video-preview:-1"},"canonical":"https:\/\/www.sedi-ati.com\/fr\/traversees-et-passages-etanches-a-fibres-optiques\/traversees-optiques-etanches-a-maintien-de-polarisation-sur-bride-cf-ou-kf-pour-le-vide\/","og_locale":"fr_FR","og_type":"article","og_title":"Travers\u00e9es \u00e9tanches fibres \u00e0 maintien de polarisation pour le vide","og_description":"SEDI-ATI est une entreprise sp\u00e9cialis\u00e9e dans la fibre optique et la conception des travers\u00e9es optiques \u00e9tanches. Contactez-nous pour en savoir plus !","og_url":"https:\/\/www.sedi-ati.com\/fr\/traversees-et-passages-etanches-a-fibres-optiques\/traversees-optiques-etanches-a-maintien-de-polarisation-sur-bride-cf-ou-kf-pour-le-vide\/","og_site_name":"SEDI-ATI","article_modified_time":"2025-09-25T13:53:57+00:00","og_image":[{"width":400,"height":400,"url":"https:\/\/www.sedi-ati.com\/wp-content\/uploads\/2023\/06\/traversee-optique-etanche-polarisation-sur-bride.jpg","type":"image\/jpeg"}],"twitter_card":"summary_large_image","twitter_misc":{"Dur\u00e9e de lecture estim\u00e9e":"3 minutes"},"schema":{"@context":"https:\/\/schema.org","@graph":[{"@type":"WebPage","@id":"https:\/\/www.sedi-ati.com\/fr\/traversees-et-passages-etanches-a-fibres-optiques\/traversees-optiques-etanches-a-maintien-de-polarisation-sur-bride-cf-ou-kf-pour-le-vide\/","url":"https:\/\/www.sedi-ati.com\/fr\/traversees-et-passages-etanches-a-fibres-optiques\/traversees-optiques-etanches-a-maintien-de-polarisation-sur-bride-cf-ou-kf-pour-le-vide\/","name":"Travers\u00e9es \u00e9tanches fibres \u00e0 maintien de polarisation pour le vide","isPartOf":{"@id":"https:\/\/www.sedi-ati.com\/fr\/#website"},"primaryImageOfPage":{"@id":"https:\/\/www.sedi-ati.com\/fr\/traversees-et-passages-etanches-a-fibres-optiques\/traversees-optiques-etanches-a-maintien-de-polarisation-sur-bride-cf-ou-kf-pour-le-vide\/#primaryimage"},"image":{"@id":"https:\/\/www.sedi-ati.com\/fr\/traversees-et-passages-etanches-a-fibres-optiques\/traversees-optiques-etanches-a-maintien-de-polarisation-sur-bride-cf-ou-kf-pour-le-vide\/#primaryimage"},"thumbnailUrl":"https:\/\/www.sedi-ati.com\/wp-content\/uploads\/2023\/06\/traversee-optique-etanche-polarisation-sur-bride.jpg","datePublished":"2023-06-05T13:42:19+00:00","dateModified":"2025-09-25T13:53:57+00:00","description":"SEDI-ATI est une entreprise sp\u00e9cialis\u00e9e dans la fibre optique et la conception des travers\u00e9es optiques \u00e9tanches. Contactez-nous pour en savoir plus !","breadcrumb":{"@id":"https:\/\/www.sedi-ati.com\/fr\/traversees-et-passages-etanches-a-fibres-optiques\/traversees-optiques-etanches-a-maintien-de-polarisation-sur-bride-cf-ou-kf-pour-le-vide\/#breadcrumb"},"inLanguage":"fr-FR","potentialAction":[{"@type":"ReadAction","target":["https:\/\/www.sedi-ati.com\/fr\/traversees-et-passages-etanches-a-fibres-optiques\/traversees-optiques-etanches-a-maintien-de-polarisation-sur-bride-cf-ou-kf-pour-le-vide\/"]}]},{"@type":"ImageObject","inLanguage":"fr-FR","@id":"https:\/\/www.sedi-ati.com\/fr\/traversees-et-passages-etanches-a-fibres-optiques\/traversees-optiques-etanches-a-maintien-de-polarisation-sur-bride-cf-ou-kf-pour-le-vide\/#primaryimage","url":"https:\/\/www.sedi-ati.com\/wp-content\/uploads\/2023\/06\/traversee-optique-etanche-polarisation-sur-bride.jpg","contentUrl":"https:\/\/www.sedi-ati.com\/wp-content\/uploads\/2023\/06\/traversee-optique-etanche-polarisation-sur-bride.jpg","width":400,"height":400,"caption":"Travers\u00e9e optique \u00e9tanche de polarisation sur bride"},{"@type":"BreadcrumbList","@id":"https:\/\/www.sedi-ati.com\/fr\/traversees-et-passages-etanches-a-fibres-optiques\/traversees-optiques-etanches-a-maintien-de-polarisation-sur-bride-cf-ou-kf-pour-le-vide\/#breadcrumb","itemListElement":[{"@type":"ListItem","position":1,"name":"Home","item":"https:\/\/www.sedi-ati.com\/fr\/"},{"@type":"ListItem","position":2,"name":"Produits","item":"https:\/\/www.sedi-ati.com\/fr\/shop\/"},{"@type":"ListItem","position":3,"name":"Travers\u00e9es et passages \u00e9tanches \u00e0 fibres optiques","item":"https:\/\/www.sedi-ati.com\/fr\/traversees-et-passages-etanches-a-fibres-optiques\/"},{"@type":"ListItem","position":4,"name":"Travers\u00e9es optiques \u00e9tanches \u00e0 maintien de polarisation"}]},{"@type":"WebSite","@id":"https:\/\/www.sedi-ati.com\/fr\/#website","url":"https:\/\/www.sedi-ati.com\/fr\/","name":"SEDI-ATI","description":"Assemblages de fibres optiques sur mesure, bundles, fentes et pieuvres","publisher":{"@id":"https:\/\/www.sedi-ati.com\/fr\/#organization"},"potentialAction":[{"@type":"SearchAction","target":{"@type":"EntryPoint","urlTemplate":"https:\/\/www.sedi-ati.com\/fr\/?s={search_term_string}"},"query-input":{"@type":"PropertyValueSpecification","valueRequired":true,"valueName":"search_term_string"}}],"inLanguage":"fr-FR"},{"@type":"Organization","@id":"https:\/\/www.sedi-ati.com\/fr\/#organization","name":"SEDI-ATI","url":"https:\/\/www.sedi-ati.com\/fr\/","logo":{"@type":"ImageObject","inLanguage":"fr-FR","@id":"https:\/\/www.sedi-ati.com\/fr\/#\/schema\/logo\/image\/","url":"https:\/\/www.sedi-ati.com\/wp-content\/uploads\/2019\/10\/Logo_SEDI-ATI_2019_avec-baseline.png","contentUrl":"https:\/\/www.sedi-ati.com\/wp-content\/uploads\/2019\/10\/Logo_SEDI-ATI_2019_avec-baseline.png","width":300,"height":73,"caption":"SEDI-ATI"},"image":{"@id":"https:\/\/www.sedi-ati.com\/fr\/#\/schema\/logo\/image\/"},"sameAs":["https:\/\/www.linkedin.com\/company\/sedi-ati-fibres-optiques\/","https:\/\/www.youtube.com\/@sedi-ati-fibres-optiques"]}]}},"_links":{"self":[{"href":"https:\/\/www.sedi-ati.com\/fr\/wp-json\/wp\/v2\/product\/11518","targetHints":{"allow":["GET"]}}],"collection":[{"href":"https:\/\/www.sedi-ati.com\/fr\/wp-json\/wp\/v2\/product"}],"about":[{"href":"https:\/\/www.sedi-ati.com\/fr\/wp-json\/wp\/v2\/types\/product"}],"wp:featuredmedia":[{"embeddable":true,"href":"https:\/\/www.sedi-ati.com\/fr\/wp-json\/wp\/v2\/media\/11522"}],"wp:attachment":[{"href":"https:\/\/www.sedi-ati.com\/fr\/wp-json\/wp\/v2\/media?parent=11518"}],"wp:term":[{"taxonomy":"product_brand","embeddable":true,"href":"https:\/\/www.sedi-ati.com\/fr\/wp-json\/wp\/v2\/product_brand?post=11518"},{"taxonomy":"product_cat","embeddable":true,"href":"https:\/\/www.sedi-ati.com\/fr\/wp-json\/wp\/v2\/product_cat?post=11518"},{"taxonomy":"product_tag","embeddable":true,"href":"https:\/\/www.sedi-ati.com\/fr\/wp-json\/wp\/v2\/product_tag?post=11518"}],"curies":[{"name":"wp","href":"https:\/\/api.w.org\/{rel}","templated":true}]}}