{"id":11525,"date":"2023-06-05T16:16:32","date_gmt":"2023-06-05T14:16:32","guid":{"rendered":"https:\/\/www.sedi-ati.com\/?post_type=product&#038;p=11525"},"modified":"2025-09-25T16:13:14","modified_gmt":"2025-09-25T14:13:14","slug":"traversees-etanches-fibres-optiques-sur-mesure","status":"publish","type":"product","link":"https:\/\/www.sedi-ati.com\/fr\/traversees-et-passages-etanches-a-fibres-optiques\/traversees-etanches-fibres-optiques-sur-mesure\/","title":{"rendered":"Travers\u00e9es \u00e9tanches fibres optiques sur mesure"},"content":{"rendered":"<section class=\"wpb-content-wrapper\"><p>[vc_row content_placement=\u00a0\u00bbmiddle\u00a0\u00bb el_class=\u00a0\u00bbz-index-1 chevauchement-horizontal-range range-applications\u00a0\u00bb][vc_column width=\u00a0\u00bb3\/5&Prime; css=\u00a0\u00bb.vc_custom_1685526785543{background-color: #dfe2e8 !important;}\u00a0\u00bb el_class=\u00a0\u00bbshadow border-radius-hd-bd line-bottom line-blue\u00a0\u00bb][vc_raw_html el_class=\u00a0\u00bbgros-titre flex-column-mobile\u00a0\u00bb]JTNDcCUzRVRyYXZlcnMlQzMlQTllcyUzQ3NwYW4lMjBjbGFzcyUzRCUyMnBvaW50LXJvdWdlJTIyJTNFJTNDJTJGc3BhbiUzRUV0YW5jaGVzJTNDJTJGcCUzRQ==[\/vc_raw_html][vc_column_text el_class=\u00a0\u00bbtitre-baseline\u00a0\u00bb]<\/p>\n<h2>Conception de travers\u00e9es \u00e9tanches fibres optiques sur mesure<\/h2>\n<p>[\/vc_column_text][vc_column_text]En fonction de vos besoins sp\u00e9cifiques, SEDI-ATI peut \u00e9tudier la faisabilit\u00e9 de conception de <a href=\"\/fr\/traversees-et-passages-etanches-a-fibres-optiques\/\"><strong>travers\u00e9es \u00e9tanches fibre optique sur mesure<\/strong><\/a>.[\/vc_column_text][vc_btn title=\u00a0\u00bbDemandez un devis\u00a0\u00bb style=\u00a0\u00bbcustom\u00a0\u00bb custom_background=\u00a0\u00bb#132f40&Prime; custom_text=\u00a0\u00bb#ffffff\u00a0\u00bb shape=\u00a0\u00bbsquare\u00a0\u00bb link=\u00a0\u00bburl:%2Ffr%2Fdemande-de-devis%2F\u00a0\u00bb el_class=\u00a0\u00bbline-bottom line-blue\u00a0\u00bb][\/vc_column][vc_column width=\u00a0\u00bb1\/2&Prime; el_class=\u00a0\u00bbimg-entete\u00a0\u00bb][vc_single_image image=\u00a0\u00bb11528&Prime; img_size=\u00a0\u00bbfull\u00a0\u00bb alignment=\u00a0\u00bbcenter\u00a0\u00bb][\/vc_column][\/vc_row][vc_row full_width=\u00a0\u00bbstretch_row_content\u00a0\u00bb css=\u00a0\u00bb.vc_custom_1683119658248{background-color: #dfe2e8 !important;}\u00a0\u00bb el_class=\u00a0\u00bbfull-with-4000&Prime;][vc_column width=\u00a0\u00bb1\/2&Prime;][vc_row_inner][vc_column_inner el_class=\u00a0\u00bbwith-0-1240&Prime; width=\u00a0\u00bb1\/3&Prime;][\/vc_column_inner][vc_column_inner width=\u00a0\u00bb2\/3&Prime;][vc_raw_html el_class=\u00a0\u00bbpetit-titre\u00a0\u00bb]JTNDcCUzRUNhcmFjdCVDMyVBOXJpc3RpcXVlcyUzQ3NwYW4lMjBjbGFzcyUzRCUyMnBvaW50LXJvdWdlJTIwcG9pbnQtcGV0aXQlMjIlM0UlM0MlMkZzcGFuJTNFUHJpbmNpcGFsZXMlM0MlMkZwJTNF[\/vc_raw_html][vc_column_text]<\/p>\n<ul>\n<li>Design du client,<\/li>\n<li>Monovoie, multivoies ou fibre ruban,<\/li>\n<li>Fibres PM, SM ou MM,<\/li>\n<li>En ligne ou raccordable avec un grand choix de connecteurs : FC\/APC, FC\/PC, <a href=\"https:\/\/www.sedi-ati.com\/fr\/connecteurs-optiques-et-raccords\/fcxtreme-connecteur-pour-applications-militaires-et-aerospatiales\/\">FCXtreme<sup>\u00ae<\/sup><\/a>, NANOXtreme<sup>\u00ae<\/sup>, SMA, MPO, MTP, etc,<\/li>\n<li>Large choix de brides : ISO, KF, CF, sur mesure,<\/li>\n<li>Environnements s\u00e9v\u00e8res : vide, pression, temp\u00e9rature, radiations, champs \u00e9lectromagn\u00e9tiques, etc,&#8230;<\/li>\n<\/ul>\n<p>[\/vc_column_text][\/vc_column_inner][\/vc_row_inner][\/vc_column][vc_column width=\u00a0\u00bb1\/2&Prime;][vc_row_inner][vc_column_inner width=\u00a0\u00bb1\/6&Prime;][\/vc_column_inner][vc_column_inner el_class=\u00a0\u00bbshadow border-radius-hd-bd line-bottom line-blue\u00a0\u00bb width=\u00a0\u00bb2\/3&Prime; css=\u00a0\u00bb.vc_custom_1686129045853{background-color: #ffffff !important;}\u00a0\u00bb offset=\u00a0\u00bbvc_col-xs-9&Prime;][vc_column_text el_class=\u00a0\u00bbbaseline\u00a0\u00bb]<\/p>\n<p style=\"text-align: center;\">N\u2019h\u00e9sitez pas \u00e0 vous rapprocher de nous et \u00e0 nous faire part de votre demande sp\u00e9cifique<\/p>\n<p>[\/vc_column_text][vc_btn title=\u00a0\u00bbContactez-nous\u00a0\u00bb style=\u00a0\u00bbcustom\u00a0\u00bb custom_background=\u00a0\u00bb#132f40&Prime; custom_text=\u00a0\u00bb#ffffff\u00a0\u00bb shape=\u00a0\u00bbsquare\u00a0\u00bb align=\u00a0\u00bbcenter\u00a0\u00bb link=\u00a0\u00bburl:https%3A%2F%2Fwww.sedi-ati.com%2Ffr%2Fcontact%2F\u00a0\u00bb el_class=\u00a0\u00bbline-bottom line-blue\u00a0\u00bb][\/vc_column_inner][vc_column_inner width=\u00a0\u00bb1\/6&Prime;][\/vc_column_inner][\/vc_row_inner][\/vc_column][\/vc_row][vc_row][vc_column width=\u00a0\u00bb1\/2&Prime;][vc_column_text]En fonction de vos besoins sp\u00e9cifiques, SEDI-ATI peut \u00e9tudier la faisabilit\u00e9 de la construction de <strong>travers\u00e9es herm\u00e9tiques en fibre optique sur mesure<\/strong>.<\/p>\n<p>Que vous recherchiez des <strong>travers\u00e9es \u00e9tanches fibres optiques<\/strong> raccordables ou en ligne, mono ou multivoies, avec des pi\u00e8ces rempla\u00e7ables, avec une bride exotique, pour une utilisation avec des <strong class=\"d2b\">fibres optiques sp\u00e9cifiques<\/strong>, pour une utilisation dans un <strong>environnement complexe ou extr\u00eame<\/strong>, etc.<\/p>\n<p>Consultez-nous car nous avons peut-\u00eatre la solution appropri\u00e9e pour r\u00e9pondre \u00e0 vos besoins ![\/vc_column_text][\/vc_column][vc_column width=\u00a0\u00bb1\/2&Prime;][vc_column_text]Voici des exemples de <strong>travers\u00e9es \u00e9tanches fibres optiques<\/strong> exotiques <span class=\"fort\">fabriqu\u00e9es sur mesure<\/span> que nous avons con\u00e7ues pour nos clients :<\/p>\n<p>\u00ab <strong>Travers\u00e9es \u00e9tanches fibres optiques<\/strong> pour <strong>applications g\u00e9ophysiques<\/strong> \u00bb ; elles doivent \u00e0 la fois r\u00e9sister \u00e0 des temp\u00e9ratures \u00e9lev\u00e9es de l\u2019ordre de 200 \u00b0C et \u00e0 des pressions \u00e9lev\u00e9es de l\u2019ordre de 15 000 psi, tout en \u00e9tant r\u00e9sistantes et herm\u00e9tiques au gaz.<br \/>\n\u00ab <strong>Travers\u00e9es \u00e9tanches fibres optiques pour applications sous-marines<\/strong> \u00bb ; elles doivent r\u00e9sister \u00e0 des pressions \u00e9lev\u00e9es, de l\u2019ordre de 15 000 psi, et \u00eatre en m\u00eame temps r\u00e9sistantes au sel marin.<\/p>\n<p>Veuillez nous contacter pour discuter de vos besoins et attentes sp\u00e9cifiques. Nous serons heureux de vous aider dans votre projet.[\/vc_column_text][\/vc_column][\/vc_row][vc_row][vc_column][vc_empty_space][\/vc_column][\/vc_row][vc_row full_width=\u00a0\u00bbstretch_row\u00a0\u00bb css=\u00a0\u00bb.vc_custom_1685526799785{background-color: #dfe2e8 !important;}\u00a0\u00bb][vc_column][vc_row_inner][vc_column_inner width=\u00a0\u00bb1\/6&Prime;][\/vc_column_inner][vc_column_inner el_class=\u00a0\u00bbshadow border-radius-hd-bd line-bottom line-blue\u00a0\u00bb width=\u00a0\u00bb2\/3&Prime; css=\u00a0\u00bb.vc_custom_1679652604813{background-color: #ffffff !important;}\u00a0\u00bb][vc_column_text el_class=\u00a0\u00bbbaseline\u00a0\u00bb]<\/p>\n<p style=\"text-align: center;\">N\u2019h\u00e9sitez pas \u00e0 vous rapprocher de nous et \u00e0 nous faire part de votre demande sp\u00e9cifique<\/p>\n<p>[\/vc_column_text][vc_btn title=\u00a0\u00bbDemande de devis\u00a0\u00bb style=\u00a0\u00bbcustom\u00a0\u00bb custom_background=\u00a0\u00bb#132f40&Prime; custom_text=\u00a0\u00bb#ffffff\u00a0\u00bb shape=\u00a0\u00bbsquare\u00a0\u00bb align=\u00a0\u00bbcenter\u00a0\u00bb link=\u00a0\u00bburl:%2Ffr%2Fdemande-de-devis%2F\u00a0\u00bb el_class=\u00a0\u00bbline-bottom line-blue\u00a0\u00bb][\/vc_column_inner][vc_column_inner width=\u00a0\u00bb1\/6&Prime;][\/vc_column_inner][\/vc_row_inner][\/vc_column][\/vc_row][vc_row full_width=\u00a0\u00bbstretch_row\u00a0\u00bb disable_element=\u00a0\u00bbyes\u00a0\u00bb el_class=\u00a0\u00bbchevauchement-vertical-range petit-chevauchement\u00a0\u00bb][vc_column][vc_text_separator title=\u00a0\u00bbCas clients\u00a0\u00bb title_align=\u00a0\u00bbseparator_align_left\u00a0\u00bb color=\u00a0\u00bbcustom\u00a0\u00bb border_width=\u00a0\u00bb2&Prime; el_class=\u00a0\u00bbpetit-titre\u00a0\u00bb accent_color=\u00a0\u00bb#000000&Prime;][vc_column_text el_class=\u00a0\u00bbpetit-titre\u00a0\u00bb]Travers\u00e9es \u00e9tanches[\/vc_column_text][vc_empty_space height=\u00a0\u00bb10px\u00a0\u00bb][vc_basic_grid post_type=\u00a0\u00bbcas_client\u00a0\u00bb max_items=\u00a0\u00bb5&Prime; item=\u00a0\u00bb10738&Prime; grid_id=\u00a0\u00bbvc_gid:1692791980653-91bfa016-7c37-10&Prime; taxonomies=\u00a0\u00bb433855&Prime;][\/vc_column][\/vc_row][vc_row][vc_column][vc_btn title=\u00a0\u00bb^\u00a0\u00bb style=\u00a0\u00bbflat\u00a0\u00bb shape=\u00a0\u00bbsquare\u00a0\u00bb link=\u00a0\u00bburl:%23Wrapper\u00a0\u00bb el_class=\u00a0\u00bbbtn-haut\u00a0\u00bb][\/vc_column][\/vc_row]<\/p>\n<\/section>","protected":false},"excerpt":{"rendered":"<p>En fonction de vos besoins sp\u00e9cifiques, SEDI-ATI peut \u00e9tudier la faisabilit\u00e9 de conception de travers\u00e9es \u00e9tanches fibre optique sur mesure.<\/p>\n","protected":false},"featured_media":15216,"template":"","meta":{"_acf_changed":false,"rs_blank_template":"","rs_page_bg_color":"","slide_template_v7":""},"product_brand":[],"product_cat":[432292],"product_tag":[434222,434223,434200,434220,434221],"class_list":{"0":"post-11525","1":"product","2":"type-product","3":"status-publish","4":"has-post-thumbnail","6":"product_cat-traversees-et-passages-etanches-a-fibres-optiques","7":"product_tag-cryogenie","8":"product_tag-pression","9":"product_tag-spatial","10":"product_tag-traversees-etanches","11":"product_tag-vide-ultra-vide","13":"first","14":"instock","15":"shipping-taxable","16":"product-type-simple"},"acf":[],"yoast_head":"<!-- This site is optimized with the Yoast SEO plugin v27.5 - https:\/\/yoast.com\/product\/yoast-seo-wordpress\/ -->\n<title>Expert fibre optique, travers\u00e9e \u00e9tanche fibre optique sur mesure<\/title>\n<meta name=\"description\" content=\"SEDI-ATI est expert dans la fibre optique pour diverses applications et fabrique des travers\u00e9es \u00e9tanches pour la fibre optique. Contactez-nous !\" \/>\n<meta name=\"robots\" content=\"index, follow, max-snippet:-1, max-image-preview:large, max-video-preview:-1\" \/>\n<link rel=\"canonical\" href=\"https:\/\/www.sedi-ati.com\/fr\/traversees-et-passages-etanches-a-fibres-optiques\/traversees-etanches-fibres-optiques-sur-mesure\/\" \/>\n<meta property=\"og:locale\" content=\"fr_FR\" \/>\n<meta property=\"og:type\" content=\"article\" \/>\n<meta property=\"og:title\" content=\"Expert fibre optique, travers\u00e9e \u00e9tanche fibre optique sur mesure\" \/>\n<meta property=\"og:description\" content=\"SEDI-ATI est expert dans la fibre optique pour diverses applications et fabrique des travers\u00e9es \u00e9tanches pour la fibre optique. Contactez-nous !\" \/>\n<meta property=\"og:url\" content=\"https:\/\/www.sedi-ati.com\/fr\/traversees-et-passages-etanches-a-fibres-optiques\/traversees-etanches-fibres-optiques-sur-mesure\/\" \/>\n<meta property=\"og:site_name\" content=\"SEDI-ATI\" \/>\n<meta property=\"article:modified_time\" content=\"2025-09-25T14:13:14+00:00\" \/>\n<meta property=\"og:image\" content=\"https:\/\/www.sedi-ati.com\/wp-content\/uploads\/2023\/06\/fabricant-traversee-etanche-sur-mesure.jpg\" \/>\n\t<meta property=\"og:image:width\" content=\"400\" \/>\n\t<meta property=\"og:image:height\" content=\"400\" \/>\n\t<meta property=\"og:image:type\" content=\"image\/jpeg\" \/>\n<meta name=\"twitter:card\" content=\"summary_large_image\" \/>\n<meta name=\"twitter:label1\" content=\"Dur\u00e9e de lecture estim\u00e9e\" \/>\n\t<meta name=\"twitter:data1\" content=\"3 minutes\" \/>\n<script type=\"application\/ld+json\" class=\"yoast-schema-graph\">{\"@context\":\"https:\\\/\\\/schema.org\",\"@graph\":[{\"@type\":\"WebPage\",\"@id\":\"https:\\\/\\\/www.sedi-ati.com\\\/fr\\\/traversees-et-passages-etanches-a-fibres-optiques\\\/traversees-etanches-fibres-optiques-sur-mesure\\\/\",\"url\":\"https:\\\/\\\/www.sedi-ati.com\\\/fr\\\/traversees-et-passages-etanches-a-fibres-optiques\\\/traversees-etanches-fibres-optiques-sur-mesure\\\/\",\"name\":\"Expert fibre optique, travers\u00e9e \u00e9tanche fibre optique sur mesure\",\"isPartOf\":{\"@id\":\"https:\\\/\\\/www.sedi-ati.com\\\/fr\\\/#website\"},\"primaryImageOfPage\":{\"@id\":\"https:\\\/\\\/www.sedi-ati.com\\\/fr\\\/traversees-et-passages-etanches-a-fibres-optiques\\\/traversees-etanches-fibres-optiques-sur-mesure\\\/#primaryimage\"},\"image\":{\"@id\":\"https:\\\/\\\/www.sedi-ati.com\\\/fr\\\/traversees-et-passages-etanches-a-fibres-optiques\\\/traversees-etanches-fibres-optiques-sur-mesure\\\/#primaryimage\"},\"thumbnailUrl\":\"https:\\\/\\\/www.sedi-ati.com\\\/wp-content\\\/uploads\\\/2023\\\/06\\\/fabricant-traversee-etanche-sur-mesure.jpg\",\"datePublished\":\"2023-06-05T14:16:32+00:00\",\"dateModified\":\"2025-09-25T14:13:14+00:00\",\"description\":\"SEDI-ATI est expert dans la fibre optique pour diverses applications et fabrique des travers\u00e9es \u00e9tanches pour la fibre optique. Contactez-nous !\",\"breadcrumb\":{\"@id\":\"https:\\\/\\\/www.sedi-ati.com\\\/fr\\\/traversees-et-passages-etanches-a-fibres-optiques\\\/traversees-etanches-fibres-optiques-sur-mesure\\\/#breadcrumb\"},\"inLanguage\":\"fr-FR\",\"potentialAction\":[{\"@type\":\"ReadAction\",\"target\":[\"https:\\\/\\\/www.sedi-ati.com\\\/fr\\\/traversees-et-passages-etanches-a-fibres-optiques\\\/traversees-etanches-fibres-optiques-sur-mesure\\\/\"]}]},{\"@type\":\"ImageObject\",\"inLanguage\":\"fr-FR\",\"@id\":\"https:\\\/\\\/www.sedi-ati.com\\\/fr\\\/traversees-et-passages-etanches-a-fibres-optiques\\\/traversees-etanches-fibres-optiques-sur-mesure\\\/#primaryimage\",\"url\":\"https:\\\/\\\/www.sedi-ati.com\\\/wp-content\\\/uploads\\\/2023\\\/06\\\/fabricant-traversee-etanche-sur-mesure.jpg\",\"contentUrl\":\"https:\\\/\\\/www.sedi-ati.com\\\/wp-content\\\/uploads\\\/2023\\\/06\\\/fabricant-traversee-etanche-sur-mesure.jpg\",\"width\":400,\"height\":400},{\"@type\":\"BreadcrumbList\",\"@id\":\"https:\\\/\\\/www.sedi-ati.com\\\/fr\\\/traversees-et-passages-etanches-a-fibres-optiques\\\/traversees-etanches-fibres-optiques-sur-mesure\\\/#breadcrumb\",\"itemListElement\":[{\"@type\":\"ListItem\",\"position\":1,\"name\":\"Home\",\"item\":\"https:\\\/\\\/www.sedi-ati.com\\\/fr\\\/\"},{\"@type\":\"ListItem\",\"position\":2,\"name\":\"Produits\",\"item\":\"https:\\\/\\\/www.sedi-ati.com\\\/fr\\\/shop\\\/\"},{\"@type\":\"ListItem\",\"position\":3,\"name\":\"Travers\u00e9es et passages \u00e9tanches \u00e0 fibres optiques\",\"item\":\"https:\\\/\\\/www.sedi-ati.com\\\/fr\\\/traversees-et-passages-etanches-a-fibres-optiques\\\/\"},{\"@type\":\"ListItem\",\"position\":4,\"name\":\"Travers\u00e9es \u00e9tanches fibres optiques sur mesure\"}]},{\"@type\":\"WebSite\",\"@id\":\"https:\\\/\\\/www.sedi-ati.com\\\/fr\\\/#website\",\"url\":\"https:\\\/\\\/www.sedi-ati.com\\\/fr\\\/\",\"name\":\"SEDI-ATI\",\"description\":\"Assemblages de fibres optiques sur mesure, bundles, fentes et pieuvres\",\"publisher\":{\"@id\":\"https:\\\/\\\/www.sedi-ati.com\\\/fr\\\/#organization\"},\"potentialAction\":[{\"@type\":\"SearchAction\",\"target\":{\"@type\":\"EntryPoint\",\"urlTemplate\":\"https:\\\/\\\/www.sedi-ati.com\\\/fr\\\/?s={search_term_string}\"},\"query-input\":{\"@type\":\"PropertyValueSpecification\",\"valueRequired\":true,\"valueName\":\"search_term_string\"}}],\"inLanguage\":\"fr-FR\"},{\"@type\":\"Organization\",\"@id\":\"https:\\\/\\\/www.sedi-ati.com\\\/fr\\\/#organization\",\"name\":\"SEDI-ATI\",\"url\":\"https:\\\/\\\/www.sedi-ati.com\\\/fr\\\/\",\"logo\":{\"@type\":\"ImageObject\",\"inLanguage\":\"fr-FR\",\"@id\":\"https:\\\/\\\/www.sedi-ati.com\\\/fr\\\/#\\\/schema\\\/logo\\\/image\\\/\",\"url\":\"https:\\\/\\\/www.sedi-ati.com\\\/wp-content\\\/uploads\\\/2019\\\/10\\\/Logo_SEDI-ATI_2019_avec-baseline.png\",\"contentUrl\":\"https:\\\/\\\/www.sedi-ati.com\\\/wp-content\\\/uploads\\\/2019\\\/10\\\/Logo_SEDI-ATI_2019_avec-baseline.png\",\"width\":300,\"height\":73,\"caption\":\"SEDI-ATI\"},\"image\":{\"@id\":\"https:\\\/\\\/www.sedi-ati.com\\\/fr\\\/#\\\/schema\\\/logo\\\/image\\\/\"},\"sameAs\":[\"https:\\\/\\\/www.linkedin.com\\\/company\\\/sedi-ati-fibres-optiques\\\/\",\"https:\\\/\\\/www.youtube.com\\\/@sedi-ati-fibres-optiques\"]}]}<\/script>\n<!-- \/ Yoast SEO plugin. -->","yoast_head_json":{"title":"Expert fibre optique, travers\u00e9e \u00e9tanche fibre optique sur mesure","description":"SEDI-ATI est expert dans la fibre optique pour diverses applications et fabrique des travers\u00e9es \u00e9tanches pour la fibre optique. Contactez-nous !","robots":{"index":"index","follow":"follow","max-snippet":"max-snippet:-1","max-image-preview":"max-image-preview:large","max-video-preview":"max-video-preview:-1"},"canonical":"https:\/\/www.sedi-ati.com\/fr\/traversees-et-passages-etanches-a-fibres-optiques\/traversees-etanches-fibres-optiques-sur-mesure\/","og_locale":"fr_FR","og_type":"article","og_title":"Expert fibre optique, travers\u00e9e \u00e9tanche fibre optique sur mesure","og_description":"SEDI-ATI est expert dans la fibre optique pour diverses applications et fabrique des travers\u00e9es \u00e9tanches pour la fibre optique. Contactez-nous !","og_url":"https:\/\/www.sedi-ati.com\/fr\/traversees-et-passages-etanches-a-fibres-optiques\/traversees-etanches-fibres-optiques-sur-mesure\/","og_site_name":"SEDI-ATI","article_modified_time":"2025-09-25T14:13:14+00:00","og_image":[{"width":400,"height":400,"url":"https:\/\/www.sedi-ati.com\/wp-content\/uploads\/2023\/06\/fabricant-traversee-etanche-sur-mesure.jpg","type":"image\/jpeg"}],"twitter_card":"summary_large_image","twitter_misc":{"Dur\u00e9e de lecture estim\u00e9e":"3 minutes"},"schema":{"@context":"https:\/\/schema.org","@graph":[{"@type":"WebPage","@id":"https:\/\/www.sedi-ati.com\/fr\/traversees-et-passages-etanches-a-fibres-optiques\/traversees-etanches-fibres-optiques-sur-mesure\/","url":"https:\/\/www.sedi-ati.com\/fr\/traversees-et-passages-etanches-a-fibres-optiques\/traversees-etanches-fibres-optiques-sur-mesure\/","name":"Expert fibre optique, travers\u00e9e \u00e9tanche fibre optique sur mesure","isPartOf":{"@id":"https:\/\/www.sedi-ati.com\/fr\/#website"},"primaryImageOfPage":{"@id":"https:\/\/www.sedi-ati.com\/fr\/traversees-et-passages-etanches-a-fibres-optiques\/traversees-etanches-fibres-optiques-sur-mesure\/#primaryimage"},"image":{"@id":"https:\/\/www.sedi-ati.com\/fr\/traversees-et-passages-etanches-a-fibres-optiques\/traversees-etanches-fibres-optiques-sur-mesure\/#primaryimage"},"thumbnailUrl":"https:\/\/www.sedi-ati.com\/wp-content\/uploads\/2023\/06\/fabricant-traversee-etanche-sur-mesure.jpg","datePublished":"2023-06-05T14:16:32+00:00","dateModified":"2025-09-25T14:13:14+00:00","description":"SEDI-ATI est expert dans la fibre optique pour diverses applications et fabrique des travers\u00e9es \u00e9tanches pour la fibre optique. Contactez-nous !","breadcrumb":{"@id":"https:\/\/www.sedi-ati.com\/fr\/traversees-et-passages-etanches-a-fibres-optiques\/traversees-etanches-fibres-optiques-sur-mesure\/#breadcrumb"},"inLanguage":"fr-FR","potentialAction":[{"@type":"ReadAction","target":["https:\/\/www.sedi-ati.com\/fr\/traversees-et-passages-etanches-a-fibres-optiques\/traversees-etanches-fibres-optiques-sur-mesure\/"]}]},{"@type":"ImageObject","inLanguage":"fr-FR","@id":"https:\/\/www.sedi-ati.com\/fr\/traversees-et-passages-etanches-a-fibres-optiques\/traversees-etanches-fibres-optiques-sur-mesure\/#primaryimage","url":"https:\/\/www.sedi-ati.com\/wp-content\/uploads\/2023\/06\/fabricant-traversee-etanche-sur-mesure.jpg","contentUrl":"https:\/\/www.sedi-ati.com\/wp-content\/uploads\/2023\/06\/fabricant-traversee-etanche-sur-mesure.jpg","width":400,"height":400},{"@type":"BreadcrumbList","@id":"https:\/\/www.sedi-ati.com\/fr\/traversees-et-passages-etanches-a-fibres-optiques\/traversees-etanches-fibres-optiques-sur-mesure\/#breadcrumb","itemListElement":[{"@type":"ListItem","position":1,"name":"Home","item":"https:\/\/www.sedi-ati.com\/fr\/"},{"@type":"ListItem","position":2,"name":"Produits","item":"https:\/\/www.sedi-ati.com\/fr\/shop\/"},{"@type":"ListItem","position":3,"name":"Travers\u00e9es et passages \u00e9tanches \u00e0 fibres optiques","item":"https:\/\/www.sedi-ati.com\/fr\/traversees-et-passages-etanches-a-fibres-optiques\/"},{"@type":"ListItem","position":4,"name":"Travers\u00e9es \u00e9tanches fibres optiques sur mesure"}]},{"@type":"WebSite","@id":"https:\/\/www.sedi-ati.com\/fr\/#website","url":"https:\/\/www.sedi-ati.com\/fr\/","name":"SEDI-ATI","description":"Assemblages de fibres optiques sur mesure, bundles, fentes et pieuvres","publisher":{"@id":"https:\/\/www.sedi-ati.com\/fr\/#organization"},"potentialAction":[{"@type":"SearchAction","target":{"@type":"EntryPoint","urlTemplate":"https:\/\/www.sedi-ati.com\/fr\/?s={search_term_string}"},"query-input":{"@type":"PropertyValueSpecification","valueRequired":true,"valueName":"search_term_string"}}],"inLanguage":"fr-FR"},{"@type":"Organization","@id":"https:\/\/www.sedi-ati.com\/fr\/#organization","name":"SEDI-ATI","url":"https:\/\/www.sedi-ati.com\/fr\/","logo":{"@type":"ImageObject","inLanguage":"fr-FR","@id":"https:\/\/www.sedi-ati.com\/fr\/#\/schema\/logo\/image\/","url":"https:\/\/www.sedi-ati.com\/wp-content\/uploads\/2019\/10\/Logo_SEDI-ATI_2019_avec-baseline.png","contentUrl":"https:\/\/www.sedi-ati.com\/wp-content\/uploads\/2019\/10\/Logo_SEDI-ATI_2019_avec-baseline.png","width":300,"height":73,"caption":"SEDI-ATI"},"image":{"@id":"https:\/\/www.sedi-ati.com\/fr\/#\/schema\/logo\/image\/"},"sameAs":["https:\/\/www.linkedin.com\/company\/sedi-ati-fibres-optiques\/","https:\/\/www.youtube.com\/@sedi-ati-fibres-optiques"]}]}},"_links":{"self":[{"href":"https:\/\/www.sedi-ati.com\/fr\/wp-json\/wp\/v2\/product\/11525","targetHints":{"allow":["GET"]}}],"collection":[{"href":"https:\/\/www.sedi-ati.com\/fr\/wp-json\/wp\/v2\/product"}],"about":[{"href":"https:\/\/www.sedi-ati.com\/fr\/wp-json\/wp\/v2\/types\/product"}],"wp:featuredmedia":[{"embeddable":true,"href":"https:\/\/www.sedi-ati.com\/fr\/wp-json\/wp\/v2\/media\/15216"}],"wp:attachment":[{"href":"https:\/\/www.sedi-ati.com\/fr\/wp-json\/wp\/v2\/media?parent=11525"}],"wp:term":[{"taxonomy":"product_brand","embeddable":true,"href":"https:\/\/www.sedi-ati.com\/fr\/wp-json\/wp\/v2\/product_brand?post=11525"},{"taxonomy":"product_cat","embeddable":true,"href":"https:\/\/www.sedi-ati.com\/fr\/wp-json\/wp\/v2\/product_cat?post=11525"},{"taxonomy":"product_tag","embeddable":true,"href":"https:\/\/www.sedi-ati.com\/fr\/wp-json\/wp\/v2\/product_tag?post=11525"}],"curies":[{"name":"wp","href":"https:\/\/api.w.org\/{rel}","templated":true}]}}