{"id":20184,"date":"2024-10-10T10:19:13","date_gmt":"2024-10-10T08:19:13","guid":{"rendered":"https:\/\/www.sedi-ati.com\/?post_type=product&#038;p=20184"},"modified":"2025-09-26T09:26:46","modified_gmt":"2025-09-26T07:26:46","slug":"connecteur-nanoxtreme-pour-la-defense-et-le-spatial","status":"publish","type":"product","link":"https:\/\/www.sedi-ati.com\/fr\/connecteurs-optiques-et-raccords\/connecteur-nanoxtreme-pour-la-defense-et-le-spatial\/","title":{"rendered":"Connecteur NANOXtreme\u00ae pour la d\u00e9fense et le spatial"},"content":{"rendered":"<section class=\"wpb-content-wrapper\"><p>[vc_row content_placement=\u00a0\u00bbmiddle\u00a0\u00bb el_class=\u00a0\u00bbz-index-1 chevauchement-horizontal-range range-applications\u00a0\u00bb][vc_column width=\u00a0\u00bb3\/5&Prime; el_class=\u00a0\u00bbshadow border-radius-hd-bd line-bottom line-blue block-grand-text\u00a0\u00bb css=\u00a0\u00bb.vc_custom_1697122932878{background-color: #dfe2e8 !important;}\u00a0\u00bb][vc_raw_html el_class=\u00a0\u00bbgros-titre flex-column-mobile\u00a0\u00bb]JTNDcCUzRUNvbm5lY3RldXIlM0NzcGFuJTIwY2xhc3MlM0QlMjJwb2ludC1yb3VnZSUyMiUzRSUzQyUyRnNwYW4lM0VGaWJyZXMlMjBvcHRpcXVlcyUzQyUyRnAlM0U=[\/vc_raw_html][vc_column_text el_class=\u00a0\u00bbtitre-baseline\u00a0\u00bb]<\/p>\n<h2>R\u00e9alisation connecteur \u00e0 base de fibre optique<\/h2>\n<p>[\/vc_column_text][vc_column_text]NANOXtreme\u00ae est un connecteur optique miniature con\u00e7u pour des applications dans les domaines de la d\u00e9fense, de l&rsquo;a\u00e9ronautique et de l&rsquo;espace.[\/vc_column_text][vc_btn title=\u00a0\u00bbDemandez un devis\u00a0\u00bb style=\u00a0\u00bbcustom\u00a0\u00bb custom_background=\u00a0\u00bb#132f40&Prime; custom_text=\u00a0\u00bb#ffffff\u00a0\u00bb shape=\u00a0\u00bbsquare\u00a0\u00bb link=\u00a0\u00bburl:https%3A%2F%2Fwww.sedi-ati.com%2Ffr%2Fdemande-de-devis%2F\u00a0\u00bb el_class=\u00a0\u00bbline-bottom line-blue\u00a0\u00bb][\/vc_column][vc_column width=\u00a0\u00bb1\/2&Prime; el_class=\u00a0\u00bbimg-entete\u00a0\u00bb][vc_single_image image=\u00a0\u00bb20181&Prime; img_size=\u00a0\u00bbfull\u00a0\u00bb][\/vc_column][\/vc_row][vc_row full_width=\u00a0\u00bbstretch_row_content\u00a0\u00bb el_class=\u00a0\u00bbfull-with-4000&Prime; css=\u00a0\u00bb.vc_custom_1697123857798{background-color: #dfe2e8 !important;}\u00a0\u00bb][vc_column width=\u00a0\u00bb1\/2&Prime;][vc_row_inner][vc_column_inner width=\u00a0\u00bb1\/3&Prime;][\/vc_column_inner][vc_column_inner width=\u00a0\u00bb2\/3&Prime;][vc_raw_html el_class=\u00a0\u00bbpetit-titre\u00a0\u00bb]JTNDcCUzRUNhcmFjdCVDMyVBOXJpc3RpcXVlcyUzQ3NwYW4lMjBjbGFzcyUzRCUyMnBvaW50LXJvdWdlJTIwcG9pbnQtcGV0aXQlMjIlM0UlM0MlMkZzcGFuJTNFUHJpbmNpcGFsZXMlM0MlMkZwJTNF[\/vc_raw_html][vc_column_text]<\/p>\n<ul>\n<li>Faible encombrement,<\/li>\n<li>2 versions : avec ou sans bride de montage,<\/li>\n<li>Robuste, polyvalent et tr\u00e8s l\u00e9ger,<\/li>\n<li>Mat\u00e9riaux non-d\u00e9gazants,<\/li>\n<li>Fibres PM, SM ou MM jusqu&rsquo;\u00e0 125 \u03bcm de diam\u00e8tre de gaine,<\/li>\n<li>Polissage PC ou APC,<\/li>\n<li>Compatible avec le vide,<\/li>\n<li>R\u00e9sistant \u00e0 la corrosion,<\/li>\n<li>Test\u00e9 pour les s\u00e9ismes, les chocs, les vibrations, les variations dynamiques de la temp\u00e9rature de -55 \u00b0C \u00e0 +125 \u00b0C.<\/li>\n<\/ul>\n<p>[\/vc_column_text][\/vc_column_inner][\/vc_row_inner][\/vc_column][vc_column width=\u00a0\u00bb1\/2&Prime;][vc_row_inner][vc_column_inner width=\u00a0\u00bb1\/6&Prime;][\/vc_column_inner][vc_column_inner el_class=\u00a0\u00bbshadow border-radius-hd-bd line-bottom line-blue\u00a0\u00bb width=\u00a0\u00bb2\/3&Prime; css=\u00a0\u00bb.vc_custom_1697123826377{background-color: #ffffff !important;}\u00a0\u00bb][vc_column_text el_class=\u00a0\u00bbbaseline\u00a0\u00bb]<\/p>\n<p style=\"text-align: center;\">Cliquez pour t\u00e9l\u00e9charger la brochure en PDF<\/p>\n<p>[\/vc_column_text][vc_btn title=\u00a0\u00bbBrochure\u00a0\u00bb style=\u00a0\u00bbcustom\u00a0\u00bb custom_background=\u00a0\u00bb#132f40&Prime; custom_text=\u00a0\u00bb#ffffff\u00a0\u00bb shape=\u00a0\u00bbsquare\u00a0\u00bb align=\u00a0\u00bbcenter\u00a0\u00bb i_icon_fontawesome=\u00a0\u00bbfas fa-cloud-download-alt\u00a0\u00bb add_icon=\u00a0\u00bbtrue\u00a0\u00bb link=\u00a0\u00bburl:%2Ftelechargement-brochure%2F%3Ffor_c%3D20184&Prime; el_class=\u00a0\u00bbline-bottom line-blue\u00a0\u00bb][\/vc_column_inner][vc_column_inner width=\u00a0\u00bb1\/6&Prime;][\/vc_column_inner][\/vc_row_inner][\/vc_column][\/vc_row][vc_row][vc_column width=\u00a0\u00bb1\/2&Prime;][vc_column_text]NANOXtreme\u00ae est un <strong>connecteur optique miniature<\/strong> con\u00e7u pour les applications de <strong>d\u00e9fense, a\u00e9ronautiques et spatiales<\/strong> o\u00f9 de hauts niveaux de performance, des dimensions compactes et un poids l\u00e9ger sont essentiels. Le connecteur existe en 2 versions : avec ou sans bride de montage.<\/p>\n<p>Il \u00e9tablit une <strong>connexion optique point \u00e0 point<\/strong> s\u00e9curis\u00e9e.<\/p>\n<p>Le connecteur NANOXtreme\u00ae a \u00e9t\u00e9 test\u00e9 pour fonctionner dans des conditions de chocs et de vibrations, ainsi que dans des variations dynamiques de temp\u00e9rature de -55 \u00b0C \u00e0 +125 \u00b0C. En outre, il ne d\u00e9gage aucun gaz car il est fabriqu\u00e9 en acier inoxydable et en zircon.[\/vc_column_text][\/vc_column][vc_column width=\u00a0\u00bb1\/2&Prime;][vc_column_text]Il est donc r\u00e9sistant aux temp\u00e9ratures \u00e9lev\u00e9es et \u00e0 la corrosion, et il est parfaitement adapt\u00e9 aux applications sous vide.<\/p>\n<p>Le connecteur NANOXtreme\u00ae est propos\u00e9 avec une <strong>f\u00e9rule en c\u00e9ramique<\/strong> (zircon) de <strong>1,25 mm<\/strong> avec un polissage de la face terminale en PC ou en APC. Il accepte les fibres monomodes et multimodes avec une <strong>gaine de 125 \u03bcm<\/strong>.<\/p>\n<p>Ce connecteur peut accepter tout type de protections de fibre d&rsquo;un diam\u00e8tre inf\u00e9rieur \u00e0 1 mm, y compris l&rsquo;hytrel, le peek et les tubes m\u00e9talliques.<\/p>\n<p><strong>Information importante : les connecteurs font partie int\u00e9grante de nos produits et ne peuvent \u00eatre vendus s\u00e9par\u00e9ment.<\/strong>[\/vc_column_text][\/vc_column][\/vc_row][vc_row][vc_column][vc_empty_space][\/vc_column][\/vc_row][vc_row full_width=\u00a0\u00bbstretch_row\u00a0\u00bb css=\u00a0\u00bb.vc_custom_1697124849661{background-color: #dfe2e8 !important;}\u00a0\u00bb][vc_column][vc_row_inner][vc_column_inner width=\u00a0\u00bb1\/6&Prime;][\/vc_column_inner][vc_column_inner el_class=\u00a0\u00bbshadow border-radius-hd-bd line-bottom line-blue\u00a0\u00bb width=\u00a0\u00bb2\/3&Prime; css=\u00a0\u00bb.vc_custom_1697124911605{background-color: #ffffff !important;}\u00a0\u00bb][vc_column_text el_class=\u00a0\u00bbbaseline\u00a0\u00bb]<\/p>\n<p style=\"text-align: center;\">N&rsquo;h\u00e9sitez pas \u00e0 vous rapprocher de nous et \u00e0 nous faire part de votre demande sp\u00e9cifique<\/p>\n<p>[\/vc_column_text][vc_btn title=\u00a0\u00bbDemande de devis\u00a0\u00bb style=\u00a0\u00bbcustom\u00a0\u00bb custom_background=\u00a0\u00bb#132f40&Prime; custom_text=\u00a0\u00bb#ffffff\u00a0\u00bb shape=\u00a0\u00bbsquare\u00a0\u00bb align=\u00a0\u00bbcenter\u00a0\u00bb link=\u00a0\u00bburl:https%3A%2F%2Fwww.sedi-ati.com%2Ffr%2Fdemande-de-devis%2F\u00a0\u00bb el_class=\u00a0\u00bbline-bottom line-blue\u00a0\u00bb][\/vc_column_inner][vc_column_inner width=\u00a0\u00bb1\/6&Prime;][\/vc_column_inner][\/vc_row_inner][\/vc_column][\/vc_row][vc_row full_width=\u00a0\u00bbstretch_row\u00a0\u00bb content_placement=\u00a0\u00bbmiddle\u00a0\u00bb disable_element=\u00a0\u00bbyes\u00a0\u00bb][vc_column][vc_text_separator title=\u00a0\u00bbCas clients\u00a0\u00bb title_align=\u00a0\u00bbseparator_align_left\u00a0\u00bb color=\u00a0\u00bbcustom\u00a0\u00bb border_width=\u00a0\u00bb2&Prime; accent_color=\u00a0\u00bb#0f0f0f\u00a0\u00bb el_class=\u00a0\u00bbpetit-titre\u00a0\u00bb][vc_empty_space height=\u00a0\u00bb10px\u00a0\u00bb][vc_basic_grid post_type=\u00a0\u00bbcas_client\u00a0\u00bb max_items=\u00a0\u00bb10&Prime; item=\u00a0\u00bb14900&Prime; grid_id=\u00a0\u00bbvc_gid:1728547651529-6e386c52-9305-7&Prime; taxonomies=\u00a0\u00bb434018, 434120&Prime;][\/vc_column][\/vc_row][vc_row][vc_column][vc_btn title=\u00a0\u00bb^\u00a0\u00bb style=\u00a0\u00bbflat\u00a0\u00bb shape=\u00a0\u00bbsquare\u00a0\u00bb link=\u00a0\u00bburl:%23Wrapper\u00a0\u00bb el_class=\u00a0\u00bbbtn-haut\u00a0\u00bb][\/vc_column][\/vc_row]<\/p>\n<\/section>","protected":false},"excerpt":{"rendered":"<p>NANOXtreme\u00ae est un connecteur optique miniature con\u00e7u pour des applications dans les domaines de la d\u00e9fense, de l&rsquo;a\u00e9ronautique et de l&rsquo;espace.<\/p>\n","protected":false},"featured_media":20185,"template":"","meta":{"_acf_changed":false,"rs_blank_template":"","rs_page_bg_color":"","slide_template_v7":""},"product_brand":[],"product_cat":[432417],"product_tag":[434226,434227],"class_list":{"0":"post-20184","1":"product","2":"type-product","3":"status-publish","4":"has-post-thumbnail","6":"product_cat-connecteurs-optiques-et-raccords","7":"product_tag-connecteurs-optiques","8":"product_tag-opto-pyrotechnie","10":"first","11":"instock","12":"shipping-taxable","13":"product-type-simple"},"acf":[],"yoast_head":"<!-- This site is optimized with the Yoast SEO plugin v27.3 - https:\/\/yoast.com\/product\/yoast-seo-wordpress\/ -->\n<title>Connecteur NANOXtreme\u00ae pour la d\u00e9fense et le spatial - SEDI-ATI<\/title>\n<meta name=\"description\" content=\"Connecteur \u00e0 base de fibres optiques pour les applications de d\u00e9fense et a\u00e9rospatiales. Contactez-nous pour un devis !\" \/>\n<meta name=\"robots\" content=\"index, follow, max-snippet:-1, max-image-preview:large, max-video-preview:-1\" \/>\n<link rel=\"canonical\" href=\"https:\/\/www.sedi-ati.com\/fr\/connecteurs-optiques-et-raccords\/connecteur-nanoxtreme-pour-la-defense-et-le-spatial\/\" \/>\n<meta property=\"og:locale\" content=\"fr_FR\" \/>\n<meta property=\"og:type\" content=\"article\" \/>\n<meta property=\"og:title\" content=\"Connecteur NANOXtreme\u00ae pour la d\u00e9fense et le spatial - SEDI-ATI\" \/>\n<meta property=\"og:description\" content=\"Connecteur \u00e0 base de fibres optiques pour les applications de d\u00e9fense et a\u00e9rospatiales. Contactez-nous pour un devis !\" \/>\n<meta property=\"og:url\" content=\"https:\/\/www.sedi-ati.com\/fr\/connecteurs-optiques-et-raccords\/connecteur-nanoxtreme-pour-la-defense-et-le-spatial\/\" \/>\n<meta property=\"og:site_name\" content=\"SEDI-ATI\" \/>\n<meta property=\"article:modified_time\" content=\"2025-09-26T07:26:46+00:00\" \/>\n<meta property=\"og:image\" content=\"https:\/\/www.sedi-ati.com\/wp-content\/uploads\/2024\/10\/Thumb-nanox.jpg\" \/>\n\t<meta property=\"og:image:width\" content=\"400\" \/>\n\t<meta property=\"og:image:height\" content=\"400\" \/>\n\t<meta property=\"og:image:type\" content=\"image\/jpeg\" \/>\n<meta name=\"twitter:card\" content=\"summary_large_image\" \/>\n<meta name=\"twitter:label1\" content=\"Dur\u00e9e de lecture estim\u00e9e\" \/>\n\t<meta name=\"twitter:data1\" content=\"3 minutes\" \/>\n<script type=\"application\/ld+json\" class=\"yoast-schema-graph\">{\"@context\":\"https:\\\/\\\/schema.org\",\"@graph\":[{\"@type\":\"WebPage\",\"@id\":\"https:\\\/\\\/www.sedi-ati.com\\\/fr\\\/connecteurs-optiques-et-raccords\\\/connecteur-nanoxtreme-pour-la-defense-et-le-spatial\\\/\",\"url\":\"https:\\\/\\\/www.sedi-ati.com\\\/fr\\\/connecteurs-optiques-et-raccords\\\/connecteur-nanoxtreme-pour-la-defense-et-le-spatial\\\/\",\"name\":\"Connecteur NANOXtreme\u00ae pour la d\u00e9fense et le spatial - SEDI-ATI\",\"isPartOf\":{\"@id\":\"https:\\\/\\\/www.sedi-ati.com\\\/fr\\\/#website\"},\"primaryImageOfPage\":{\"@id\":\"https:\\\/\\\/www.sedi-ati.com\\\/fr\\\/connecteurs-optiques-et-raccords\\\/connecteur-nanoxtreme-pour-la-defense-et-le-spatial\\\/#primaryimage\"},\"image\":{\"@id\":\"https:\\\/\\\/www.sedi-ati.com\\\/fr\\\/connecteurs-optiques-et-raccords\\\/connecteur-nanoxtreme-pour-la-defense-et-le-spatial\\\/#primaryimage\"},\"thumbnailUrl\":\"https:\\\/\\\/www.sedi-ati.com\\\/wp-content\\\/uploads\\\/2024\\\/10\\\/Thumb-nanox.jpg\",\"datePublished\":\"2024-10-10T08:19:13+00:00\",\"dateModified\":\"2025-09-26T07:26:46+00:00\",\"description\":\"Connecteur \u00e0 base de fibres optiques pour les applications de d\u00e9fense et a\u00e9rospatiales. Contactez-nous pour un devis !\",\"breadcrumb\":{\"@id\":\"https:\\\/\\\/www.sedi-ati.com\\\/fr\\\/connecteurs-optiques-et-raccords\\\/connecteur-nanoxtreme-pour-la-defense-et-le-spatial\\\/#breadcrumb\"},\"inLanguage\":\"fr-FR\",\"potentialAction\":[{\"@type\":\"ReadAction\",\"target\":[\"https:\\\/\\\/www.sedi-ati.com\\\/fr\\\/connecteurs-optiques-et-raccords\\\/connecteur-nanoxtreme-pour-la-defense-et-le-spatial\\\/\"]}]},{\"@type\":\"ImageObject\",\"inLanguage\":\"fr-FR\",\"@id\":\"https:\\\/\\\/www.sedi-ati.com\\\/fr\\\/connecteurs-optiques-et-raccords\\\/connecteur-nanoxtreme-pour-la-defense-et-le-spatial\\\/#primaryimage\",\"url\":\"https:\\\/\\\/www.sedi-ati.com\\\/wp-content\\\/uploads\\\/2024\\\/10\\\/Thumb-nanox.jpg\",\"contentUrl\":\"https:\\\/\\\/www.sedi-ati.com\\\/wp-content\\\/uploads\\\/2024\\\/10\\\/Thumb-nanox.jpg\",\"width\":400,\"height\":400},{\"@type\":\"BreadcrumbList\",\"@id\":\"https:\\\/\\\/www.sedi-ati.com\\\/fr\\\/connecteurs-optiques-et-raccords\\\/connecteur-nanoxtreme-pour-la-defense-et-le-spatial\\\/#breadcrumb\",\"itemListElement\":[{\"@type\":\"ListItem\",\"position\":1,\"name\":\"Home\",\"item\":\"https:\\\/\\\/www.sedi-ati.com\\\/fr\\\/\"},{\"@type\":\"ListItem\",\"position\":2,\"name\":\"Produits\",\"item\":\"https:\\\/\\\/www.sedi-ati.com\\\/fr\\\/shop\\\/\"},{\"@type\":\"ListItem\",\"position\":3,\"name\":\"Connecteurs optiques et accessoires\",\"item\":\"https:\\\/\\\/www.sedi-ati.com\\\/fr\\\/connecteurs-optiques-et-raccords\\\/\"},{\"@type\":\"ListItem\",\"position\":4,\"name\":\"Connecteur NANOXtreme\u00ae pour la d\u00e9fense et le spatial\"}]},{\"@type\":\"WebSite\",\"@id\":\"https:\\\/\\\/www.sedi-ati.com\\\/fr\\\/#website\",\"url\":\"https:\\\/\\\/www.sedi-ati.com\\\/fr\\\/\",\"name\":\"SEDI-ATI\",\"description\":\"Assemblages de fibres optiques sur mesure, bundles, fentes et pieuvres\",\"publisher\":{\"@id\":\"https:\\\/\\\/www.sedi-ati.com\\\/fr\\\/#organization\"},\"potentialAction\":[{\"@type\":\"SearchAction\",\"target\":{\"@type\":\"EntryPoint\",\"urlTemplate\":\"https:\\\/\\\/www.sedi-ati.com\\\/fr\\\/?s={search_term_string}\"},\"query-input\":{\"@type\":\"PropertyValueSpecification\",\"valueRequired\":true,\"valueName\":\"search_term_string\"}}],\"inLanguage\":\"fr-FR\"},{\"@type\":\"Organization\",\"@id\":\"https:\\\/\\\/www.sedi-ati.com\\\/fr\\\/#organization\",\"name\":\"SEDI-ATI\",\"url\":\"https:\\\/\\\/www.sedi-ati.com\\\/fr\\\/\",\"logo\":{\"@type\":\"ImageObject\",\"inLanguage\":\"fr-FR\",\"@id\":\"https:\\\/\\\/www.sedi-ati.com\\\/fr\\\/#\\\/schema\\\/logo\\\/image\\\/\",\"url\":\"https:\\\/\\\/www.sedi-ati.com\\\/wp-content\\\/uploads\\\/2019\\\/10\\\/Logo_SEDI-ATI_2019_avec-baseline.png\",\"contentUrl\":\"https:\\\/\\\/www.sedi-ati.com\\\/wp-content\\\/uploads\\\/2019\\\/10\\\/Logo_SEDI-ATI_2019_avec-baseline.png\",\"width\":300,\"height\":73,\"caption\":\"SEDI-ATI\"},\"image\":{\"@id\":\"https:\\\/\\\/www.sedi-ati.com\\\/fr\\\/#\\\/schema\\\/logo\\\/image\\\/\"},\"sameAs\":[\"https:\\\/\\\/www.linkedin.com\\\/company\\\/sedi-ati-fibres-optiques\\\/\",\"https:\\\/\\\/www.youtube.com\\\/@sedi-ati-fibres-optiques\"]}]}<\/script>\n<!-- \/ Yoast SEO plugin. -->","yoast_head_json":{"title":"Connecteur NANOXtreme\u00ae pour la d\u00e9fense et le spatial - SEDI-ATI","description":"Connecteur \u00e0 base de fibres optiques pour les applications de d\u00e9fense et a\u00e9rospatiales. Contactez-nous pour un devis !","robots":{"index":"index","follow":"follow","max-snippet":"max-snippet:-1","max-image-preview":"max-image-preview:large","max-video-preview":"max-video-preview:-1"},"canonical":"https:\/\/www.sedi-ati.com\/fr\/connecteurs-optiques-et-raccords\/connecteur-nanoxtreme-pour-la-defense-et-le-spatial\/","og_locale":"fr_FR","og_type":"article","og_title":"Connecteur NANOXtreme\u00ae pour la d\u00e9fense et le spatial - SEDI-ATI","og_description":"Connecteur \u00e0 base de fibres optiques pour les applications de d\u00e9fense et a\u00e9rospatiales. Contactez-nous pour un devis !","og_url":"https:\/\/www.sedi-ati.com\/fr\/connecteurs-optiques-et-raccords\/connecteur-nanoxtreme-pour-la-defense-et-le-spatial\/","og_site_name":"SEDI-ATI","article_modified_time":"2025-09-26T07:26:46+00:00","og_image":[{"width":400,"height":400,"url":"https:\/\/www.sedi-ati.com\/wp-content\/uploads\/2024\/10\/Thumb-nanox.jpg","type":"image\/jpeg"}],"twitter_card":"summary_large_image","twitter_misc":{"Dur\u00e9e de lecture estim\u00e9e":"3 minutes"},"schema":{"@context":"https:\/\/schema.org","@graph":[{"@type":"WebPage","@id":"https:\/\/www.sedi-ati.com\/fr\/connecteurs-optiques-et-raccords\/connecteur-nanoxtreme-pour-la-defense-et-le-spatial\/","url":"https:\/\/www.sedi-ati.com\/fr\/connecteurs-optiques-et-raccords\/connecteur-nanoxtreme-pour-la-defense-et-le-spatial\/","name":"Connecteur NANOXtreme\u00ae pour la d\u00e9fense et le spatial - SEDI-ATI","isPartOf":{"@id":"https:\/\/www.sedi-ati.com\/fr\/#website"},"primaryImageOfPage":{"@id":"https:\/\/www.sedi-ati.com\/fr\/connecteurs-optiques-et-raccords\/connecteur-nanoxtreme-pour-la-defense-et-le-spatial\/#primaryimage"},"image":{"@id":"https:\/\/www.sedi-ati.com\/fr\/connecteurs-optiques-et-raccords\/connecteur-nanoxtreme-pour-la-defense-et-le-spatial\/#primaryimage"},"thumbnailUrl":"https:\/\/www.sedi-ati.com\/wp-content\/uploads\/2024\/10\/Thumb-nanox.jpg","datePublished":"2024-10-10T08:19:13+00:00","dateModified":"2025-09-26T07:26:46+00:00","description":"Connecteur \u00e0 base de fibres optiques pour les applications de d\u00e9fense et a\u00e9rospatiales. Contactez-nous pour un devis !","breadcrumb":{"@id":"https:\/\/www.sedi-ati.com\/fr\/connecteurs-optiques-et-raccords\/connecteur-nanoxtreme-pour-la-defense-et-le-spatial\/#breadcrumb"},"inLanguage":"fr-FR","potentialAction":[{"@type":"ReadAction","target":["https:\/\/www.sedi-ati.com\/fr\/connecteurs-optiques-et-raccords\/connecteur-nanoxtreme-pour-la-defense-et-le-spatial\/"]}]},{"@type":"ImageObject","inLanguage":"fr-FR","@id":"https:\/\/www.sedi-ati.com\/fr\/connecteurs-optiques-et-raccords\/connecteur-nanoxtreme-pour-la-defense-et-le-spatial\/#primaryimage","url":"https:\/\/www.sedi-ati.com\/wp-content\/uploads\/2024\/10\/Thumb-nanox.jpg","contentUrl":"https:\/\/www.sedi-ati.com\/wp-content\/uploads\/2024\/10\/Thumb-nanox.jpg","width":400,"height":400},{"@type":"BreadcrumbList","@id":"https:\/\/www.sedi-ati.com\/fr\/connecteurs-optiques-et-raccords\/connecteur-nanoxtreme-pour-la-defense-et-le-spatial\/#breadcrumb","itemListElement":[{"@type":"ListItem","position":1,"name":"Home","item":"https:\/\/www.sedi-ati.com\/fr\/"},{"@type":"ListItem","position":2,"name":"Produits","item":"https:\/\/www.sedi-ati.com\/fr\/shop\/"},{"@type":"ListItem","position":3,"name":"Connecteurs optiques et accessoires","item":"https:\/\/www.sedi-ati.com\/fr\/connecteurs-optiques-et-raccords\/"},{"@type":"ListItem","position":4,"name":"Connecteur NANOXtreme\u00ae pour la d\u00e9fense et le spatial"}]},{"@type":"WebSite","@id":"https:\/\/www.sedi-ati.com\/fr\/#website","url":"https:\/\/www.sedi-ati.com\/fr\/","name":"SEDI-ATI","description":"Assemblages de fibres optiques sur mesure, bundles, fentes et pieuvres","publisher":{"@id":"https:\/\/www.sedi-ati.com\/fr\/#organization"},"potentialAction":[{"@type":"SearchAction","target":{"@type":"EntryPoint","urlTemplate":"https:\/\/www.sedi-ati.com\/fr\/?s={search_term_string}"},"query-input":{"@type":"PropertyValueSpecification","valueRequired":true,"valueName":"search_term_string"}}],"inLanguage":"fr-FR"},{"@type":"Organization","@id":"https:\/\/www.sedi-ati.com\/fr\/#organization","name":"SEDI-ATI","url":"https:\/\/www.sedi-ati.com\/fr\/","logo":{"@type":"ImageObject","inLanguage":"fr-FR","@id":"https:\/\/www.sedi-ati.com\/fr\/#\/schema\/logo\/image\/","url":"https:\/\/www.sedi-ati.com\/wp-content\/uploads\/2019\/10\/Logo_SEDI-ATI_2019_avec-baseline.png","contentUrl":"https:\/\/www.sedi-ati.com\/wp-content\/uploads\/2019\/10\/Logo_SEDI-ATI_2019_avec-baseline.png","width":300,"height":73,"caption":"SEDI-ATI"},"image":{"@id":"https:\/\/www.sedi-ati.com\/fr\/#\/schema\/logo\/image\/"},"sameAs":["https:\/\/www.linkedin.com\/company\/sedi-ati-fibres-optiques\/","https:\/\/www.youtube.com\/@sedi-ati-fibres-optiques"]}]}},"_links":{"self":[{"href":"https:\/\/www.sedi-ati.com\/fr\/wp-json\/wp\/v2\/product\/20184","targetHints":{"allow":["GET"]}}],"collection":[{"href":"https:\/\/www.sedi-ati.com\/fr\/wp-json\/wp\/v2\/product"}],"about":[{"href":"https:\/\/www.sedi-ati.com\/fr\/wp-json\/wp\/v2\/types\/product"}],"wp:featuredmedia":[{"embeddable":true,"href":"https:\/\/www.sedi-ati.com\/fr\/wp-json\/wp\/v2\/media\/20185"}],"wp:attachment":[{"href":"https:\/\/www.sedi-ati.com\/fr\/wp-json\/wp\/v2\/media?parent=20184"}],"wp:term":[{"taxonomy":"product_brand","embeddable":true,"href":"https:\/\/www.sedi-ati.com\/fr\/wp-json\/wp\/v2\/product_brand?post=20184"},{"taxonomy":"product_cat","embeddable":true,"href":"https:\/\/www.sedi-ati.com\/fr\/wp-json\/wp\/v2\/product_cat?post=20184"},{"taxonomy":"product_tag","embeddable":true,"href":"https:\/\/www.sedi-ati.com\/fr\/wp-json\/wp\/v2\/product_tag?post=20184"}],"curies":[{"name":"wp","href":"https:\/\/api.w.org\/{rel}","templated":true}]}}