{"id":20289,"date":"2024-12-16T11:34:22","date_gmt":"2024-12-16T10:34:22","guid":{"rendered":"https:\/\/www.sedi-ati.com\/?post_type=product&#038;p=20289"},"modified":"2026-03-05T17:39:44","modified_gmt":"2026-03-05T16:39:44","slug":"bobine-de-fibre-deployable-amphibie-pour-applications-aeriennes-et-marines-hauv","status":"publish","type":"product","link":"https:\/\/www.sedi-ati.com\/fr\/bobines-fibre-optique-pour-vehicules-filoguides\/bobine-de-fibre-deployable-amphibie-pour-applications-aeriennes-et-marines-hauv\/","title":{"rendered":"Bobine de fibre d\u00e9ployable amphibie pour applications a\u00e9riennes et marines [HAUV]"},"content":{"rendered":"<section class=\"wpb-content-wrapper\"><p>[vc_row content_placement=\u00a0\u00bbmiddle\u00a0\u00bb el_class=\u00a0\u00bbz-index-1 chevauchement-horizontal-range range-applications\u00a0\u00bb][vc_column width=\u00a0\u00bb3\/5&Prime; el_class=\u00a0\u00bbshadow border-radius-hd-bd line-bottom line-blue\u00a0\u00bb css=\u00a0\u00bb.vc_custom_1693216696578{background-color: #dfe2e8 !important;}\u00a0\u00bb][vc_raw_html el_class=\u00a0\u00bbgros-titre flex-column-mobile\u00a0\u00bb]JTNDcCUzRUJvYmluZXMlM0NzcGFuJTIwY2xhc3MlM0QlMjJwb2ludC1yb3VnZSUyMiUzRSUzQyUyRnNwYW4lM0VGaWJyZXMlMjBvcHRpcXVlcyUzQyUyRnAlM0U=[\/vc_raw_html][vc_column_text el_class=\u00a0\u00bbtitre-baseline\u00a0\u00bb]<\/p>\n<h2>Bobine de fibres optiques d\u00e9ployable pour applications a\u00e9riennes et marines<\/h2>\n<p>[\/vc_column_text][vc_column_text]La\u00a0<strong class=\"d2b\">bobine de fibre optique<\/strong> RBOB-HAUV est id\u00e9ale pour <strong class=\"d2b\">contr\u00f4ler \u00e0 distance les v\u00e9hicules\u00a0<\/strong><strong class=\"d2b\">sans pilote <\/strong><strong class=\"d2b\">hybrides air\/mer<\/strong>. Cette bobine est directement mont\u00e9e sur votre v\u00e9hicule amphibie, capable d&rsquo;\u00e9voluer dans les airs, mais aussi sous l&rsquo;eau.[\/vc_column_text][vc_btn title=\u00a0\u00bbDemandez un devis\u00a0\u00bb style=\u00a0\u00bbcustom\u00a0\u00bb custom_background=\u00a0\u00bb#132f40&Prime; custom_text=\u00a0\u00bb#ffffff\u00a0\u00bb shape=\u00a0\u00bbsquare\u00a0\u00bb el_class=\u00a0\u00bbline-bottom line-blue\u00a0\u00bb link=\u00a0\u00bburl:https%3A%2F%2Fwww.sedi-ati.com%2Ffr%2Fdemande-de-devis%2F\u00a0\u00bb][\/vc_column][vc_column width=\u00a0\u00bb1\/2&Prime;][vc_single_image image=\u00a0\u00bb20294&Prime; img_size=\u00a0\u00bbfull\u00a0\u00bb alignment=\u00a0\u00bbcenter\u00a0\u00bb][\/vc_column][\/vc_row][vc_row full_width=\u00a0\u00bbstretch_row_content\u00a0\u00bb el_class=\u00a0\u00bbfull-with-4000&Prime; css=\u00a0\u00bb.vc_custom_1693217174835{background-color: #dfe2e8 !important;}\u00a0\u00bb][vc_column width=\u00a0\u00bb1\/2&Prime;][vc_row_inner][vc_column_inner width=\u00a0\u00bb1\/3&Prime;][\/vc_column_inner][vc_column_inner width=\u00a0\u00bb2\/3&Prime;][vc_raw_html el_class=\u00a0\u00bbpetit-titre\u00a0\u00bb]JTNDcCUzRUNhcmFjdCVDMyVBOXJpc3RpcXVlcyUzQ3NwYW4lMjBjbGFzcyUzRCUyMnBvaW50LXJvdWdlJTIwcG9pbnQtcGV0aXQlMjIlM0UlM0MlMkZzcGFuJTNFUHJpbmNpcGFsZXMlM0MlMkZwJTNF[\/vc_raw_html][vc_column_text]<\/p>\n<ul>\n<li>Lien bidirectionnel,<\/li>\n<li>Longueurs de 1 km, 2 km, 5 km, 10 km, 20 km, 30 km et 50 km<\/li>\n<li>D\u00e9ploiement s\u00e9curis\u00e9 et rapide,<\/li>\n<li>Compact et l\u00e9ger,<\/li>\n<li>Fibre monomode 1310-1550 nm,<\/li>\n<li>Connecteur ST,<\/li>\n<li>Configurations sur-mesure.<\/li>\n<\/ul>\n<p>[\/vc_column_text][\/vc_column_inner][\/vc_row_inner][\/vc_column][vc_column width=\u00a0\u00bb1\/2&Prime;][vc_row_inner][vc_column_inner width=\u00a0\u00bb1\/6&Prime;][\/vc_column_inner][vc_column_inner el_class=\u00a0\u00bbshadow border-radius-hd-bd line-bottom line-blue\u00a0\u00bb width=\u00a0\u00bb2\/3&Prime; css=\u00a0\u00bb.vc_custom_1693225743704{background-color: #ffffff !important;}\u00a0\u00bb offset=\u00a0\u00bbvc_col-xs-9&Prime;][vc_column_text]<\/p>\n<p style=\"text-align: center;\">Cliquez pour t\u00e9l\u00e9charger la brochure en PDF<\/p>\n<p>[\/vc_column_text][vc_btn title=\u00a0\u00bbBrochure\u00a0\u00bb style=\u00a0\u00bbcustom\u00a0\u00bb custom_background=\u00a0\u00bb#132f40&Prime; custom_text=\u00a0\u00bb#ffffff\u00a0\u00bb shape=\u00a0\u00bbsquare\u00a0\u00bb align=\u00a0\u00bbcenter\u00a0\u00bb i_icon_fontawesome=\u00a0\u00bbfas fa-cloud-download-alt\u00a0\u00bb add_icon=\u00a0\u00bbtrue\u00a0\u00bb link=\u00a0\u00bburl:%2Fdownload-brochure%2F%3Ffor_c%3D20289&Prime; el_class=\u00a0\u00bbline-bottom line-blue\u00a0\u00bb][\/vc_column_inner][vc_column_inner width=\u00a0\u00bb1\/6&Prime;][\/vc_column_inner][\/vc_row_inner][\/vc_column][\/vc_row][vc_row][vc_column width=\u00a0\u00bb1\/2&Prime;][vc_column_text]L&rsquo;exp\u00e9rience de SEDI-ATI dans le domaine des liaisons par fibre optique pour les v\u00e9hicules a\u00e9riens et sous-marins sans pilote lui a permis de concevoir et de fabriquer l&rsquo;innovante RBOB-HAUV, une bobine de fibre optique jetable pour v\u00e9hicules amphibies.<\/p>\n<p>Ultra-compacte et l\u00e9g\u00e8re, elle s\u2019int\u00e8gre directement sur le drone. Con\u00e7ue pour des missions de d\u00e9ploiement jusqu\u2019\u00e0 50 km \u00e0 grande vitesse, elle peut \u00eatre utilis\u00e9e aussi bien en a\u00e9rien qu\u2019en environnement sous-marin.<br data-start=\"275\" data-end=\"278\" \/>La version 50 km a \u00e9t\u00e9 test\u00e9e \u00e0 90 km\/h dans les airs et \u00e0 20 n\u0153uds sous l\u2019eau, tandis que les autres configurations peuvent atteindre jusqu\u2019\u00e0 150 km\/h en a\u00e9rien.<\/p>\n<p>Le RBOB-HAUV est particuli\u00e8rement bien adapt\u00e9 au guidage d&rsquo;un drone amphibie et \u00e0 la transmission en temps r\u00e9el d&rsquo;\u00e9normes flux de donn\u00e9es provenant de cam\u00e9ras et de capteurs haute r\u00e9solution embarqu\u00e9s.<\/p>\n<p>En outre, il est insensible aux interf\u00e9rences \u00e9lectromagn\u00e9tiques, ce qui le rend insensible au brouillage radio.[\/vc_column_text][\/vc_column][vc_column width=\u00a0\u00bb1\/2&Prime;][vc_column_text]Man\u0153uvrer dans et hors de l&rsquo;eau, en cercle ou m\u00eame autour d&rsquo;obstacles n&rsquo;est pas un probl\u00e8me. La fibre optique n&rsquo;est jamais une \u00ab laisse \u00bb pour le drone et assure une communication permanente et en temps r\u00e9el entre le drone et la station de contr\u00f4le.<\/p>\n<p>Ce concept a le potentiel pour de nombreuses applications civiles. En effet, il pourrait \u00eatre utilis\u00e9 pour explorer et collecter des donn\u00e9es dans des environnements sous-marins difficile d&rsquo;acc\u00e8s. Sa capacit\u00e9 \u00e0 couvrir rapidement de vastes zones est \u00e9galement un atout majeur pour les missions de recherche et de sauvetage.<\/p>\n<p>Remarque : le HAUV et la station de contr\u00f4le doivent \u00eatre \u00e9quip\u00e9s d&rsquo;un dispositif opto\u00e9lectronique.<\/p>\n<p>Veuillez nous contacter pour discuter de vos besoins sp\u00e9cifiques.[\/vc_column_text][\/vc_column][\/vc_row][vc_row][vc_column][vc_empty_space][\/vc_column][\/vc_row][vc_row full_width=\u00a0\u00bbstretch_row\u00a0\u00bb css=\u00a0\u00bb.vc_custom_1693224788482{background-color: #dfe2e8 !important;}\u00a0\u00bb][vc_column][vc_row_inner][vc_column_inner width=\u00a0\u00bb1\/6&Prime;][\/vc_column_inner][vc_column_inner el_class=\u00a0\u00bbshadow border-radius-hd-bd line-bottom line-blue\u00a0\u00bb width=\u00a0\u00bb2\/3&Prime; css=\u00a0\u00bb.vc_custom_1693225801841{background-color: #ffffff !important;}\u00a0\u00bb][vc_column_text]<\/p>\n<p style=\"text-align: center;\">N&rsquo;h\u00e9sitez pas \u00e0 vous rapprocher de nous et nous faire part de votre demande sp\u00e9cifique<\/p>\n<p>[\/vc_column_text][vc_btn title=\u00a0\u00bbDemande de devis\u00a0\u00bb style=\u00a0\u00bbcustom\u00a0\u00bb custom_background=\u00a0\u00bb#132f40&Prime; custom_text=\u00a0\u00bb#ffffff\u00a0\u00bb shape=\u00a0\u00bbsquare\u00a0\u00bb align=\u00a0\u00bbcenter\u00a0\u00bb el_class=\u00a0\u00bbline-bottom line-blue\u00a0\u00bb][\/vc_column_inner][vc_column_inner width=\u00a0\u00bb1\/6&Prime;][\/vc_column_inner][\/vc_row_inner][\/vc_column][\/vc_row][vc_row full_width=\u00a0\u00bbstretch_row\u00a0\u00bb disable_element=\u00a0\u00bbyes\u00a0\u00bb][vc_column][vc_text_separator title=\u00a0\u00bbCas clients\u00a0\u00bb title_align=\u00a0\u00bbseparator_align_left\u00a0\u00bb color=\u00a0\u00bbcustom\u00a0\u00bb border_width=\u00a0\u00bb2&Prime; accent_color=\u00a0\u00bb#000000&Prime; el_class=\u00a0\u00bbpetit-titre\u00a0\u00bb][vc_empty_space height=\u00a0\u00bb10px\u00a0\u00bb][vc_basic_grid post_type=\u00a0\u00bbcas_client\u00a0\u00bb max_items=\u00a0\u00bb5&Prime; item=\u00a0\u00bb14900&Prime; grid_id=\u00a0\u00bbvc_gid:1770815751787-6378c064-eb55-1&Prime; taxonomies=\u00a0\u00bb434098&Prime;][\/vc_column][\/vc_row][vc_row][vc_column][vc_btn title=\u00a0\u00bb^\u00a0\u00bb style=\u00a0\u00bbflat\u00a0\u00bb shape=\u00a0\u00bbsquare\u00a0\u00bb link=\u00a0\u00bburl:%23Wrapper\u00a0\u00bb el_class=\u00a0\u00bbbtn-haut\u00a0\u00bb][\/vc_column][\/vc_row]<\/p>\n<\/section>","protected":false},"excerpt":{"rendered":"<p>D\u00e9couvrez la RBOB HAUV, une bobine amphibie \u00e0 usage unique directement mont\u00e9e sous votre drone hybride a\u00e9rien et sous-marin, vous garantissant une communication s\u00e9curis\u00e9e et de qualit\u00e9, m\u00eame pendant le passage d&rsquo;un environnement \u00e0 un autre.<\/p>\n","protected":false},"featured_media":20296,"template":"","meta":{"_acf_changed":false,"rs_blank_template":"","rs_page_bg_color":"","slide_template_v7":""},"product_brand":[],"product_cat":[432296],"product_tag":[434219],"class_list":{"0":"post-20289","1":"product","2":"type-product","3":"status-publish","4":"has-post-thumbnail","6":"product_cat-bobines-fibre-optique-pour-vehicules-filoguides","7":"product_tag-bobines-deployables","9":"first","10":"instock","11":"shipping-taxable","12":"product-type-simple"},"acf":[],"yoast_head":"<!-- This site is optimized with the Yoast SEO plugin v27.5 - https:\/\/yoast.com\/product\/yoast-seo-wordpress\/ -->\n<title>Bobine de fibre d\u00e9ployable amphibie pour applications a\u00e9riennes et marines [HAUV] - SEDI-ATI<\/title>\n<meta name=\"description\" content=\"SEDI-ATI Fibres Optiques propose des bobines \u00e0 usage unique pour v\u00e9hicules hybrides A\u00e9riens et Sous-marins. Diff\u00e9rentes longueurs sont disponibles et peuvent \u00eatre personnalisables sur demande.\" \/>\n<meta name=\"robots\" content=\"index, follow, max-snippet:-1, max-image-preview:large, max-video-preview:-1\" \/>\n<link rel=\"canonical\" href=\"https:\/\/www.sedi-ati.com\/fr\/bobines-fibre-optique-pour-vehicules-filoguides\/bobine-de-fibre-deployable-amphibie-pour-applications-aeriennes-et-marines-hauv\/\" \/>\n<meta property=\"og:locale\" content=\"fr_FR\" \/>\n<meta property=\"og:type\" content=\"article\" \/>\n<meta property=\"og:title\" content=\"Bobine de fibre d\u00e9ployable amphibie pour applications a\u00e9riennes et marines [HAUV] - SEDI-ATI\" \/>\n<meta property=\"og:description\" content=\"SEDI-ATI Fibres Optiques propose des bobines \u00e0 usage unique pour v\u00e9hicules hybrides A\u00e9riens et Sous-marins. Diff\u00e9rentes longueurs sont disponibles et peuvent \u00eatre personnalisables sur demande.\" \/>\n<meta property=\"og:url\" content=\"https:\/\/www.sedi-ati.com\/fr\/bobines-fibre-optique-pour-vehicules-filoguides\/bobine-de-fibre-deployable-amphibie-pour-applications-aeriennes-et-marines-hauv\/\" \/>\n<meta property=\"og:site_name\" content=\"SEDI-ATI\" \/>\n<meta property=\"article:modified_time\" content=\"2026-03-05T16:39:44+00:00\" \/>\n<meta property=\"og:image\" content=\"https:\/\/www.sedi-ati.com\/wp-content\/uploads\/2024\/12\/Drone-HAUV-3.jpg\" \/>\n\t<meta property=\"og:image:width\" content=\"400\" \/>\n\t<meta property=\"og:image:height\" content=\"400\" \/>\n\t<meta property=\"og:image:type\" content=\"image\/jpeg\" \/>\n<meta name=\"twitter:card\" content=\"summary_large_image\" \/>\n<meta name=\"twitter:label1\" content=\"Dur\u00e9e de lecture estim\u00e9e\" \/>\n\t<meta name=\"twitter:data1\" content=\"3 minutes\" \/>\n<script type=\"application\/ld+json\" class=\"yoast-schema-graph\">{\"@context\":\"https:\\\/\\\/schema.org\",\"@graph\":[{\"@type\":\"WebPage\",\"@id\":\"https:\\\/\\\/www.sedi-ati.com\\\/fr\\\/bobines-fibre-optique-pour-vehicules-filoguides\\\/bobine-de-fibre-deployable-amphibie-pour-applications-aeriennes-et-marines-hauv\\\/\",\"url\":\"https:\\\/\\\/www.sedi-ati.com\\\/fr\\\/bobines-fibre-optique-pour-vehicules-filoguides\\\/bobine-de-fibre-deployable-amphibie-pour-applications-aeriennes-et-marines-hauv\\\/\",\"name\":\"Bobine de fibre d\u00e9ployable amphibie pour applications a\u00e9riennes et marines [HAUV] - SEDI-ATI\",\"isPartOf\":{\"@id\":\"https:\\\/\\\/www.sedi-ati.com\\\/fr\\\/#website\"},\"primaryImageOfPage\":{\"@id\":\"https:\\\/\\\/www.sedi-ati.com\\\/fr\\\/bobines-fibre-optique-pour-vehicules-filoguides\\\/bobine-de-fibre-deployable-amphibie-pour-applications-aeriennes-et-marines-hauv\\\/#primaryimage\"},\"image\":{\"@id\":\"https:\\\/\\\/www.sedi-ati.com\\\/fr\\\/bobines-fibre-optique-pour-vehicules-filoguides\\\/bobine-de-fibre-deployable-amphibie-pour-applications-aeriennes-et-marines-hauv\\\/#primaryimage\"},\"thumbnailUrl\":\"https:\\\/\\\/www.sedi-ati.com\\\/wp-content\\\/uploads\\\/2024\\\/12\\\/Drone-HAUV-3.jpg\",\"datePublished\":\"2024-12-16T10:34:22+00:00\",\"dateModified\":\"2026-03-05T16:39:44+00:00\",\"description\":\"SEDI-ATI Fibres Optiques propose des bobines \u00e0 usage unique pour v\u00e9hicules hybrides A\u00e9riens et Sous-marins. Diff\u00e9rentes longueurs sont disponibles et peuvent \u00eatre personnalisables sur demande.\",\"breadcrumb\":{\"@id\":\"https:\\\/\\\/www.sedi-ati.com\\\/fr\\\/bobines-fibre-optique-pour-vehicules-filoguides\\\/bobine-de-fibre-deployable-amphibie-pour-applications-aeriennes-et-marines-hauv\\\/#breadcrumb\"},\"inLanguage\":\"fr-FR\",\"potentialAction\":[{\"@type\":\"ReadAction\",\"target\":[\"https:\\\/\\\/www.sedi-ati.com\\\/fr\\\/bobines-fibre-optique-pour-vehicules-filoguides\\\/bobine-de-fibre-deployable-amphibie-pour-applications-aeriennes-et-marines-hauv\\\/\"]}]},{\"@type\":\"ImageObject\",\"inLanguage\":\"fr-FR\",\"@id\":\"https:\\\/\\\/www.sedi-ati.com\\\/fr\\\/bobines-fibre-optique-pour-vehicules-filoguides\\\/bobine-de-fibre-deployable-amphibie-pour-applications-aeriennes-et-marines-hauv\\\/#primaryimage\",\"url\":\"https:\\\/\\\/www.sedi-ati.com\\\/wp-content\\\/uploads\\\/2024\\\/12\\\/Drone-HAUV-3.jpg\",\"contentUrl\":\"https:\\\/\\\/www.sedi-ati.com\\\/wp-content\\\/uploads\\\/2024\\\/12\\\/Drone-HAUV-3.jpg\",\"width\":400,\"height\":400,\"caption\":\"Bobine hybride air\\\/mer\"},{\"@type\":\"BreadcrumbList\",\"@id\":\"https:\\\/\\\/www.sedi-ati.com\\\/fr\\\/bobines-fibre-optique-pour-vehicules-filoguides\\\/bobine-de-fibre-deployable-amphibie-pour-applications-aeriennes-et-marines-hauv\\\/#breadcrumb\",\"itemListElement\":[{\"@type\":\"ListItem\",\"position\":1,\"name\":\"Home\",\"item\":\"https:\\\/\\\/www.sedi-ati.com\\\/fr\\\/\"},{\"@type\":\"ListItem\",\"position\":2,\"name\":\"Produits\",\"item\":\"https:\\\/\\\/www.sedi-ati.com\\\/fr\\\/shop\\\/\"},{\"@type\":\"ListItem\",\"position\":3,\"name\":\"Bobines fibre optique pour v\u00e9hicules filoguid\u00e9s\",\"item\":\"https:\\\/\\\/www.sedi-ati.com\\\/fr\\\/bobines-fibre-optique-pour-vehicules-filoguides\\\/\"},{\"@type\":\"ListItem\",\"position\":4,\"name\":\"Bobine de fibre d\u00e9ployable amphibie pour applications a\u00e9riennes et marines [HAUV]\"}]},{\"@type\":\"WebSite\",\"@id\":\"https:\\\/\\\/www.sedi-ati.com\\\/fr\\\/#website\",\"url\":\"https:\\\/\\\/www.sedi-ati.com\\\/fr\\\/\",\"name\":\"SEDI-ATI\",\"description\":\"Assemblages de fibres optiques sur mesure, bundles, fentes et pieuvres\",\"publisher\":{\"@id\":\"https:\\\/\\\/www.sedi-ati.com\\\/fr\\\/#organization\"},\"potentialAction\":[{\"@type\":\"SearchAction\",\"target\":{\"@type\":\"EntryPoint\",\"urlTemplate\":\"https:\\\/\\\/www.sedi-ati.com\\\/fr\\\/?s={search_term_string}\"},\"query-input\":{\"@type\":\"PropertyValueSpecification\",\"valueRequired\":true,\"valueName\":\"search_term_string\"}}],\"inLanguage\":\"fr-FR\"},{\"@type\":\"Organization\",\"@id\":\"https:\\\/\\\/www.sedi-ati.com\\\/fr\\\/#organization\",\"name\":\"SEDI-ATI\",\"url\":\"https:\\\/\\\/www.sedi-ati.com\\\/fr\\\/\",\"logo\":{\"@type\":\"ImageObject\",\"inLanguage\":\"fr-FR\",\"@id\":\"https:\\\/\\\/www.sedi-ati.com\\\/fr\\\/#\\\/schema\\\/logo\\\/image\\\/\",\"url\":\"https:\\\/\\\/www.sedi-ati.com\\\/wp-content\\\/uploads\\\/2019\\\/10\\\/Logo_SEDI-ATI_2019_avec-baseline.png\",\"contentUrl\":\"https:\\\/\\\/www.sedi-ati.com\\\/wp-content\\\/uploads\\\/2019\\\/10\\\/Logo_SEDI-ATI_2019_avec-baseline.png\",\"width\":300,\"height\":73,\"caption\":\"SEDI-ATI\"},\"image\":{\"@id\":\"https:\\\/\\\/www.sedi-ati.com\\\/fr\\\/#\\\/schema\\\/logo\\\/image\\\/\"},\"sameAs\":[\"https:\\\/\\\/www.linkedin.com\\\/company\\\/sedi-ati-fibres-optiques\\\/\",\"https:\\\/\\\/www.youtube.com\\\/@sedi-ati-fibres-optiques\"]}]}<\/script>\n<!-- \/ Yoast SEO plugin. -->","yoast_head_json":{"title":"Bobine de fibre d\u00e9ployable amphibie pour applications a\u00e9riennes et marines [HAUV] - SEDI-ATI","description":"SEDI-ATI Fibres Optiques propose des bobines \u00e0 usage unique pour v\u00e9hicules hybrides A\u00e9riens et Sous-marins. Diff\u00e9rentes longueurs sont disponibles et peuvent \u00eatre personnalisables sur demande.","robots":{"index":"index","follow":"follow","max-snippet":"max-snippet:-1","max-image-preview":"max-image-preview:large","max-video-preview":"max-video-preview:-1"},"canonical":"https:\/\/www.sedi-ati.com\/fr\/bobines-fibre-optique-pour-vehicules-filoguides\/bobine-de-fibre-deployable-amphibie-pour-applications-aeriennes-et-marines-hauv\/","og_locale":"fr_FR","og_type":"article","og_title":"Bobine de fibre d\u00e9ployable amphibie pour applications a\u00e9riennes et marines [HAUV] - SEDI-ATI","og_description":"SEDI-ATI Fibres Optiques propose des bobines \u00e0 usage unique pour v\u00e9hicules hybrides A\u00e9riens et Sous-marins. Diff\u00e9rentes longueurs sont disponibles et peuvent \u00eatre personnalisables sur demande.","og_url":"https:\/\/www.sedi-ati.com\/fr\/bobines-fibre-optique-pour-vehicules-filoguides\/bobine-de-fibre-deployable-amphibie-pour-applications-aeriennes-et-marines-hauv\/","og_site_name":"SEDI-ATI","article_modified_time":"2026-03-05T16:39:44+00:00","og_image":[{"width":400,"height":400,"url":"https:\/\/www.sedi-ati.com\/wp-content\/uploads\/2024\/12\/Drone-HAUV-3.jpg","type":"image\/jpeg"}],"twitter_card":"summary_large_image","twitter_misc":{"Dur\u00e9e de lecture estim\u00e9e":"3 minutes"},"schema":{"@context":"https:\/\/schema.org","@graph":[{"@type":"WebPage","@id":"https:\/\/www.sedi-ati.com\/fr\/bobines-fibre-optique-pour-vehicules-filoguides\/bobine-de-fibre-deployable-amphibie-pour-applications-aeriennes-et-marines-hauv\/","url":"https:\/\/www.sedi-ati.com\/fr\/bobines-fibre-optique-pour-vehicules-filoguides\/bobine-de-fibre-deployable-amphibie-pour-applications-aeriennes-et-marines-hauv\/","name":"Bobine de fibre d\u00e9ployable amphibie pour applications a\u00e9riennes et marines [HAUV] - SEDI-ATI","isPartOf":{"@id":"https:\/\/www.sedi-ati.com\/fr\/#website"},"primaryImageOfPage":{"@id":"https:\/\/www.sedi-ati.com\/fr\/bobines-fibre-optique-pour-vehicules-filoguides\/bobine-de-fibre-deployable-amphibie-pour-applications-aeriennes-et-marines-hauv\/#primaryimage"},"image":{"@id":"https:\/\/www.sedi-ati.com\/fr\/bobines-fibre-optique-pour-vehicules-filoguides\/bobine-de-fibre-deployable-amphibie-pour-applications-aeriennes-et-marines-hauv\/#primaryimage"},"thumbnailUrl":"https:\/\/www.sedi-ati.com\/wp-content\/uploads\/2024\/12\/Drone-HAUV-3.jpg","datePublished":"2024-12-16T10:34:22+00:00","dateModified":"2026-03-05T16:39:44+00:00","description":"SEDI-ATI Fibres Optiques propose des bobines \u00e0 usage unique pour v\u00e9hicules hybrides A\u00e9riens et Sous-marins. Diff\u00e9rentes longueurs sont disponibles et peuvent \u00eatre personnalisables sur demande.","breadcrumb":{"@id":"https:\/\/www.sedi-ati.com\/fr\/bobines-fibre-optique-pour-vehicules-filoguides\/bobine-de-fibre-deployable-amphibie-pour-applications-aeriennes-et-marines-hauv\/#breadcrumb"},"inLanguage":"fr-FR","potentialAction":[{"@type":"ReadAction","target":["https:\/\/www.sedi-ati.com\/fr\/bobines-fibre-optique-pour-vehicules-filoguides\/bobine-de-fibre-deployable-amphibie-pour-applications-aeriennes-et-marines-hauv\/"]}]},{"@type":"ImageObject","inLanguage":"fr-FR","@id":"https:\/\/www.sedi-ati.com\/fr\/bobines-fibre-optique-pour-vehicules-filoguides\/bobine-de-fibre-deployable-amphibie-pour-applications-aeriennes-et-marines-hauv\/#primaryimage","url":"https:\/\/www.sedi-ati.com\/wp-content\/uploads\/2024\/12\/Drone-HAUV-3.jpg","contentUrl":"https:\/\/www.sedi-ati.com\/wp-content\/uploads\/2024\/12\/Drone-HAUV-3.jpg","width":400,"height":400,"caption":"Bobine hybride air\/mer"},{"@type":"BreadcrumbList","@id":"https:\/\/www.sedi-ati.com\/fr\/bobines-fibre-optique-pour-vehicules-filoguides\/bobine-de-fibre-deployable-amphibie-pour-applications-aeriennes-et-marines-hauv\/#breadcrumb","itemListElement":[{"@type":"ListItem","position":1,"name":"Home","item":"https:\/\/www.sedi-ati.com\/fr\/"},{"@type":"ListItem","position":2,"name":"Produits","item":"https:\/\/www.sedi-ati.com\/fr\/shop\/"},{"@type":"ListItem","position":3,"name":"Bobines fibre optique pour v\u00e9hicules filoguid\u00e9s","item":"https:\/\/www.sedi-ati.com\/fr\/bobines-fibre-optique-pour-vehicules-filoguides\/"},{"@type":"ListItem","position":4,"name":"Bobine de fibre d\u00e9ployable amphibie pour applications a\u00e9riennes et marines [HAUV]"}]},{"@type":"WebSite","@id":"https:\/\/www.sedi-ati.com\/fr\/#website","url":"https:\/\/www.sedi-ati.com\/fr\/","name":"SEDI-ATI","description":"Assemblages de fibres optiques sur mesure, bundles, fentes et pieuvres","publisher":{"@id":"https:\/\/www.sedi-ati.com\/fr\/#organization"},"potentialAction":[{"@type":"SearchAction","target":{"@type":"EntryPoint","urlTemplate":"https:\/\/www.sedi-ati.com\/fr\/?s={search_term_string}"},"query-input":{"@type":"PropertyValueSpecification","valueRequired":true,"valueName":"search_term_string"}}],"inLanguage":"fr-FR"},{"@type":"Organization","@id":"https:\/\/www.sedi-ati.com\/fr\/#organization","name":"SEDI-ATI","url":"https:\/\/www.sedi-ati.com\/fr\/","logo":{"@type":"ImageObject","inLanguage":"fr-FR","@id":"https:\/\/www.sedi-ati.com\/fr\/#\/schema\/logo\/image\/","url":"https:\/\/www.sedi-ati.com\/wp-content\/uploads\/2019\/10\/Logo_SEDI-ATI_2019_avec-baseline.png","contentUrl":"https:\/\/www.sedi-ati.com\/wp-content\/uploads\/2019\/10\/Logo_SEDI-ATI_2019_avec-baseline.png","width":300,"height":73,"caption":"SEDI-ATI"},"image":{"@id":"https:\/\/www.sedi-ati.com\/fr\/#\/schema\/logo\/image\/"},"sameAs":["https:\/\/www.linkedin.com\/company\/sedi-ati-fibres-optiques\/","https:\/\/www.youtube.com\/@sedi-ati-fibres-optiques"]}]}},"_links":{"self":[{"href":"https:\/\/www.sedi-ati.com\/fr\/wp-json\/wp\/v2\/product\/20289","targetHints":{"allow":["GET"]}}],"collection":[{"href":"https:\/\/www.sedi-ati.com\/fr\/wp-json\/wp\/v2\/product"}],"about":[{"href":"https:\/\/www.sedi-ati.com\/fr\/wp-json\/wp\/v2\/types\/product"}],"wp:featuredmedia":[{"embeddable":true,"href":"https:\/\/www.sedi-ati.com\/fr\/wp-json\/wp\/v2\/media\/20296"}],"wp:attachment":[{"href":"https:\/\/www.sedi-ati.com\/fr\/wp-json\/wp\/v2\/media?parent=20289"}],"wp:term":[{"taxonomy":"product_brand","embeddable":true,"href":"https:\/\/www.sedi-ati.com\/fr\/wp-json\/wp\/v2\/product_brand?post=20289"},{"taxonomy":"product_cat","embeddable":true,"href":"https:\/\/www.sedi-ati.com\/fr\/wp-json\/wp\/v2\/product_cat?post=20289"},{"taxonomy":"product_tag","embeddable":true,"href":"https:\/\/www.sedi-ati.com\/fr\/wp-json\/wp\/v2\/product_tag?post=20289"}],"curies":[{"name":"wp","href":"https:\/\/api.w.org\/{rel}","templated":true}]}}