{"id":20995,"date":"2025-07-02T15:08:45","date_gmt":"2025-07-02T13:08:45","guid":{"rendered":"https:\/\/www.sedi-ati.com\/?post_type=product&#038;p=20995"},"modified":"2026-03-09T17:50:46","modified_gmt":"2026-03-09T16:50:46","slug":"bobine-de-fibre-optique-deployable-allegee-pour-applications-aeriennes-uav","status":"publish","type":"product","link":"https:\/\/www.sedi-ati.com\/fr\/bobines-fibre-optique-pour-vehicules-filoguides\/bobine-de-fibre-optique-deployable-allegee-pour-applications-aeriennes-uav\/","title":{"rendered":"Bobine de fibre optique d\u00e9ployable all\u00e9g\u00e9e pour applications a\u00e9riennes [UAV]"},"content":{"rendered":"<section class=\"wpb-content-wrapper\"><p>[vc_row content_placement=\u00a0\u00bbmiddle\u00a0\u00bb el_class=\u00a0\u00bbz-index-1 chevauchement-horizontal-range range-applications\u00a0\u00bb][vc_column width=\u00a0\u00bb3\/5&Prime; el_class=\u00a0\u00bbshadow border-radius-hd-bd line-bottom line-blue block-grand-text\u00a0\u00bb css=\u00a0\u00bb.vc_custom_1697122932878{background-color: #dfe2e8 !important;}\u00a0\u00bb][vc_raw_html el_class=\u00a0\u00bbgros-titre flex-column-mobile\u00a0\u00bb]JTNDcCUzRUJvYmluZXMlM0NzcGFuJTIwY2xhc3MlM0QlMjJwb2ludC1yb3VnZSUyMiUzRSUzQyUyRnNwYW4lM0VGaWJyZSUyMG9wdGlxdWUlM0MlMkZwJTNF[\/vc_raw_html][vc_column_text el_class=\u00a0\u00bbtitre-baseline\u00a0\u00bb]<\/p>\n<h2>Bobine de fibre d\u00e9ployable pour applications a\u00e9riennes<\/h2>\n<p>[\/vc_column_text][vc_column_text]La solution <strong>RBOB-UAVL<\/strong> est une bobine de fibre optique tr\u00e8s compacte et l\u00e9g\u00e8re, sp\u00e9cialement con\u00e7ue pour \u00eatre plus l\u00e9g\u00e8re que toutes nos autres bobines, pour les besoins de\u00a0 charge utile.[\/vc_column_text][vc_btn title=\u00a0\u00bbDemandez un devis\u00a0\u00bb style=\u00a0\u00bbcustom\u00a0\u00bb custom_background=\u00a0\u00bb#132f40&Prime; custom_text=\u00a0\u00bb#ffffff\u00a0\u00bb shape=\u00a0\u00bbsquare\u00a0\u00bb link=\u00a0\u00bburl:https%3A%2F%2Fwww.sedi-ati.com%2Ffr%2Fdemande-de-devis%2F\u00a0\u00bb el_class=\u00a0\u00bbline-bottom line-blue\u00a0\u00bb][\/vc_column][vc_column width=\u00a0\u00bb1\/2&Prime; el_class=\u00a0\u00bbimg-entete\u00a0\u00bb][vc_single_image image=\u00a0\u00bb20994&Prime; img_size=\u00a0\u00bbfull\u00a0\u00bb][\/vc_column][\/vc_row][vc_row full_width=\u00a0\u00bbstretch_row_content\u00a0\u00bb el_class=\u00a0\u00bbfull-with-4000&Prime; css=\u00a0\u00bb.vc_custom_1697123857798{background-color: #dfe2e8 !important;}\u00a0\u00bb][vc_column width=\u00a0\u00bb1\/2&Prime;][vc_row_inner][vc_column_inner width=\u00a0\u00bb1\/3&Prime;][\/vc_column_inner][vc_column_inner width=\u00a0\u00bb2\/3&Prime;][vc_raw_html el_class=\u00a0\u00bbpetit-titre\u00a0\u00bb]JTNDcCUzRUNhcmFjdCVDMyVBOXJpc3RpcXVlcyUzQ3NwYW4lMjBjbGFzcyUzRCUyMnBvaW50LXJvdWdlJTIwcG9pbnQtcGV0aXQlMjIlM0UlM0MlMkZzcGFuJTNFUHJpbmNpcGFsZXMlM0MlMkZwJTNF[\/vc_raw_html][vc_column_text]<\/p>\n<ul>\n<li>Lien bidirectionnel terre\/air<\/li>\n<li>Longueurs de 20 \u00e0 30 km<\/li>\n<li>D\u00e9ploiement s\u00e9curis\u00e9 et rapide<\/li>\n<li>Compacte et tr\u00e8s l\u00e9g\u00e8re<\/li>\n<li>Fibre monomode 1310 &#8211; 1550 nm<\/li>\n<li>Connecteurs standard ST ou SC, autres sur demande<\/li>\n<li>Mont\u00e9e sur le drone; pas d&rsquo;attache pr\u00e9-\u00e9tablie; suggestion : crochets et boucles type scratch ou Velcro\u00ae (rapide, efficace, abordable)<\/li>\n<\/ul>\n<p>[\/vc_column_text][\/vc_column_inner][\/vc_row_inner][\/vc_column][vc_column width=\u00a0\u00bb1\/2&Prime;][vc_row_inner][vc_column_inner width=\u00a0\u00bb1\/6&Prime;][\/vc_column_inner][vc_column_inner el_class=\u00a0\u00bbshadow border-radius-hd-bd line-bottom line-blue\u00a0\u00bb width=\u00a0\u00bb2\/3&Prime; css=\u00a0\u00bb.vc_custom_1697123826377{background-color: #ffffff !important;}\u00a0\u00bb][vc_column_text el_class=\u00a0\u00bbbaseline\u00a0\u00bb]<\/p>\n<p style=\"text-align: center;\">Cliquez pour t\u00e9l\u00e9charger la brochure en PDF<\/p>\n<p>[\/vc_column_text][vc_btn title=\u00a0\u00bbBrochure\u00a0\u00bb style=\u00a0\u00bbcustom\u00a0\u00bb custom_background=\u00a0\u00bb#132f40&Prime; custom_text=\u00a0\u00bb#ffffff\u00a0\u00bb shape=\u00a0\u00bbsquare\u00a0\u00bb align=\u00a0\u00bbcenter\u00a0\u00bb i_icon_fontawesome=\u00a0\u00bbfas fa-cloud-download-alt\u00a0\u00bb add_icon=\u00a0\u00bbtrue\u00a0\u00bb link=\u00a0\u00bburl:%2Ftelechargement-brochure%2F%3Ffor_c%3D20995&Prime; el_class=\u00a0\u00bbline-bottom line-blue\u00a0\u00bb][\/vc_column_inner][vc_column_inner width=\u00a0\u00bb1\/6&Prime;][\/vc_column_inner][\/vc_row_inner][\/vc_column][\/vc_row][vc_row][vc_column width=\u00a0\u00bb1\/2&Prime;][vc_column_text]Le concept innovant de notre bobine de fibre optique jetable pour les v\u00e9hicules a\u00e9riens sans pilote (UAV) est qu&rsquo;elle est directement mont\u00e9e sur le drone a\u00e9rien. Le c\u00f4t\u00e9 d\u00e9ployable de la bobine est connect\u00e9 \u00e0 la station de contr\u00f4le tandis que la fibre stationnaire est connect\u00e9e \u00e0 l&rsquo;UAV. Ainsi, la fibre ne subit aucune contrainte et n&rsquo;est jamais une laisse pour le drone puisqu&rsquo;elle se d\u00e9ploie pendant que le drone vole. Man\u0153uvrer en cercle, en marche arri\u00e8re ou autour d&rsquo;obstacles n&rsquo;est pas un probl\u00e8me.<\/p>\n<p>Cette technologie sp\u00e9ciale permet un d\u00e9ploiement \u00e0 grande vitesse (&gt;150 km\/h) sur de longues distances allant jusqu&rsquo;\u00e0 30 km ! En outre, elle est intrins\u00e8quement insensible aux interf\u00e9rences \u00e9lectromagn\u00e9tiques (EMI), ce qui la rend insensible au brouillage radio. Ainsi, la fibre optique assure une communication permanente en temps r\u00e9el entre le drone et la station de contr\u00f4le.<\/p>\n<p>Tr\u00e8s compacte et l\u00e9g\u00e8re, la solution RBOB-UAVL est sp\u00e9cifiquement con\u00e7ue pour \u00eatre plus l\u00e9g\u00e8re que toutes nos autres bobines, pour r\u00e9pondre \u00e0 des exigences plus sp\u00e9cifiques de charge utile et pour s&rsquo;adapter \u00e0 un maximum de tailles de drones.[\/vc_column_text][\/vc_column][vc_column width=\u00a0\u00bb1\/2&Prime;][vc_column_text]La solution est disponible en un seul design, quelle que soit la capacit\u00e9 de la bobine. Seul le poids change : 20 km de longueur de fibre et un poids de 3,25 kg ou 30 km de longueur de fibre et un poids de 3,9 kg.<\/p>\n<p>La RBOB-UAVL est un syst\u00e8me jetable, ce qui signifie qu&rsquo;il n&rsquo;est pas possible de r\u00e9utiliser la fibre d\u00e9ploy\u00e9e. Cependant, la fibre peut \u00eatre facilement reconnect\u00e9e sur le terrain \u00e0 l&rsquo;aide d&rsquo;un simple kit de connectorisation.<\/p>\n<p>Ce concept a le potentiel pour de nombreuses applications civiles. En effet, cette technologie permet la transmission en temps r\u00e9el d&rsquo;\u00e9normes flux de donn\u00e9es provenant de cam\u00e9ras et de capteurs haute r\u00e9solution embarqu\u00e9s. Elle permet \u00e9galement de guider les drones sans utiliser d&rsquo;ondes radio. Utilisations possibles pour de la diffusion en 4K.<\/p>\n<p>Note : le drone et la station de contr\u00f4le doivent \u00eatre \u00e9quip\u00e9s d&rsquo;un dispositif opto-\u00e9lectronique, non fourni.[\/vc_column_text][\/vc_column][\/vc_row][vc_row][vc_column][vc_empty_space][\/vc_column][\/vc_row][vc_row full_width=\u00a0\u00bbstretch_row\u00a0\u00bb css=\u00a0\u00bb.vc_custom_1697124849661{background-color: #dfe2e8 !important;}\u00a0\u00bb][vc_column][vc_row_inner][vc_column_inner width=\u00a0\u00bb1\/6&Prime;][\/vc_column_inner][vc_column_inner el_class=\u00a0\u00bbshadow border-radius-hd-bd line-bottom line-blue\u00a0\u00bb width=\u00a0\u00bb2\/3&Prime; css=\u00a0\u00bb.vc_custom_1697124911605{background-color: #ffffff !important;}\u00a0\u00bb][vc_column_text el_class=\u00a0\u00bbbaseline\u00a0\u00bb]<\/p>\n<p style=\"text-align: center;\">N&rsquo;h\u00e9sitez pas \u00e0 vous rapprocher de nous et \u00e0 nous faire part de votre demande sp\u00e9cifique<\/p>\n<p>[\/vc_column_text][vc_btn title=\u00a0\u00bbDemande de devis\u00a0\u00bb style=\u00a0\u00bbcustom\u00a0\u00bb custom_background=\u00a0\u00bb#132f40&Prime; custom_text=\u00a0\u00bb#ffffff\u00a0\u00bb shape=\u00a0\u00bbsquare\u00a0\u00bb align=\u00a0\u00bbcenter\u00a0\u00bb link=\u00a0\u00bburl:https%3A%2F%2Fwww.sedi-ati.com%2Ffr%2Fdemande-de-devis%2F\u00a0\u00bb el_class=\u00a0\u00bbline-bottom line-blue\u00a0\u00bb][\/vc_column_inner][vc_column_inner width=\u00a0\u00bb1\/6&Prime;][\/vc_column_inner][\/vc_row_inner][\/vc_column][\/vc_row][vc_row full_width=\u00a0\u00bbstretch_row\u00a0\u00bb content_placement=\u00a0\u00bbmiddle\u00a0\u00bb disable_element=\u00a0\u00bbyes\u00a0\u00bb][vc_column][vc_text_separator title=\u00a0\u00bbCas clients\u00a0\u00bb title_align=\u00a0\u00bbseparator_align_left\u00a0\u00bb color=\u00a0\u00bbcustom\u00a0\u00bb border_width=\u00a0\u00bb2&Prime; accent_color=\u00a0\u00bb#0f0f0f\u00a0\u00bb el_class=\u00a0\u00bbpetit-titre\u00a0\u00bb][vc_empty_space height=\u00a0\u00bb10px\u00a0\u00bb][vc_basic_grid post_type=\u00a0\u00bbcas_client\u00a0\u00bb max_items=\u00a0\u00bb10&Prime; item=\u00a0\u00bb14900&Prime; grid_id=\u00a0\u00bbvc_gid:1751462616159-8c114a9a-2aa3-5&Prime; taxonomies=\u00a0\u00bb434018, 434120&Prime;][\/vc_column][\/vc_row][vc_row][vc_column][vc_btn title=\u00a0\u00bb^\u00a0\u00bb style=\u00a0\u00bbflat\u00a0\u00bb shape=\u00a0\u00bbsquare\u00a0\u00bb link=\u00a0\u00bburl:%23Wrapper\u00a0\u00bb el_class=\u00a0\u00bbbtn-haut\u00a0\u00bb][\/vc_column][\/vc_row]<\/p>\n<\/section>","protected":false},"excerpt":{"rendered":"<p>La solution RBOB-UAVL est une bobine de fibre optique tr\u00e8s compacte et l\u00e9g\u00e8re, sp\u00e9cialement con\u00e7ue pour \u00eatre plus l\u00e9g\u00e8re que toutes nos autres bobines, pour les besoins de\u00a0 charge utile.<\/p>\n","protected":false},"featured_media":20990,"template":"","meta":{"_acf_changed":false,"rs_blank_template":"","rs_page_bg_color":"","slide_template_v7":""},"product_brand":[],"product_cat":[432296],"product_tag":[434219],"class_list":{"0":"post-20995","1":"product","2":"type-product","3":"status-publish","4":"has-post-thumbnail","6":"product_cat-bobines-fibre-optique-pour-vehicules-filoguides","7":"product_tag-bobines-deployables","9":"first","10":"instock","11":"shipping-taxable","12":"product-type-simple"},"acf":[],"yoast_head":"<!-- This site is optimized with the Yoast SEO plugin v27.3 - https:\/\/yoast.com\/product\/yoast-seo-wordpress\/ -->\n<title>Bobine de fibre optique d\u00e9ployable all\u00e9g\u00e9e pour applications a\u00e9riennes [UAV] - SEDI-ATI<\/title>\n<meta name=\"description\" content=\"La solution RBOB-UAVL est une bobine de fibre optique tr\u00e8s compacte et l\u00e9g\u00e8re, sp\u00e9cialement con\u00e7ue pour \u00eatre plus l\u00e9g\u00e8re que toutes nos autres bobines, pour les besoins de\u00a0 charge utile.\" \/>\n<meta name=\"robots\" content=\"index, follow, max-snippet:-1, max-image-preview:large, max-video-preview:-1\" \/>\n<link rel=\"canonical\" href=\"https:\/\/www.sedi-ati.com\/fr\/bobines-fibre-optique-pour-vehicules-filoguides\/bobine-de-fibre-optique-deployable-allegee-pour-applications-aeriennes-uav\/\" \/>\n<meta property=\"og:locale\" content=\"fr_FR\" \/>\n<meta property=\"og:type\" content=\"article\" \/>\n<meta property=\"og:title\" content=\"Bobine de fibre optique d\u00e9ployable all\u00e9g\u00e9e pour applications a\u00e9riennes [UAV] - SEDI-ATI\" \/>\n<meta property=\"og:description\" content=\"La solution RBOB-UAVL est une bobine de fibre optique tr\u00e8s compacte et l\u00e9g\u00e8re, sp\u00e9cialement con\u00e7ue pour \u00eatre plus l\u00e9g\u00e8re que toutes nos autres bobines, pour les besoins de\u00a0 charge utile.\" \/>\n<meta property=\"og:url\" content=\"https:\/\/www.sedi-ati.com\/fr\/bobines-fibre-optique-pour-vehicules-filoguides\/bobine-de-fibre-optique-deployable-allegee-pour-applications-aeriennes-uav\/\" \/>\n<meta property=\"og:site_name\" content=\"SEDI-ATI\" \/>\n<meta property=\"article:modified_time\" content=\"2026-03-09T16:50:46+00:00\" \/>\n<meta property=\"og:image\" content=\"https:\/\/www.sedi-ati.com\/wp-content\/uploads\/2025\/07\/Bobine-UAVL.jpg\" \/>\n\t<meta property=\"og:image:width\" content=\"400\" \/>\n\t<meta property=\"og:image:height\" content=\"400\" \/>\n\t<meta property=\"og:image:type\" content=\"image\/jpeg\" \/>\n<meta name=\"twitter:card\" content=\"summary_large_image\" \/>\n<meta name=\"twitter:label1\" content=\"Dur\u00e9e de lecture estim\u00e9e\" \/>\n\t<meta name=\"twitter:data1\" content=\"4 minutes\" \/>\n<script type=\"application\/ld+json\" class=\"yoast-schema-graph\">{\"@context\":\"https:\\\/\\\/schema.org\",\"@graph\":[{\"@type\":\"WebPage\",\"@id\":\"https:\\\/\\\/www.sedi-ati.com\\\/fr\\\/bobines-fibre-optique-pour-vehicules-filoguides\\\/bobine-de-fibre-optique-deployable-allegee-pour-applications-aeriennes-uav\\\/\",\"url\":\"https:\\\/\\\/www.sedi-ati.com\\\/fr\\\/bobines-fibre-optique-pour-vehicules-filoguides\\\/bobine-de-fibre-optique-deployable-allegee-pour-applications-aeriennes-uav\\\/\",\"name\":\"Bobine de fibre optique d\u00e9ployable all\u00e9g\u00e9e pour applications a\u00e9riennes [UAV] - SEDI-ATI\",\"isPartOf\":{\"@id\":\"https:\\\/\\\/www.sedi-ati.com\\\/fr\\\/#website\"},\"primaryImageOfPage\":{\"@id\":\"https:\\\/\\\/www.sedi-ati.com\\\/fr\\\/bobines-fibre-optique-pour-vehicules-filoguides\\\/bobine-de-fibre-optique-deployable-allegee-pour-applications-aeriennes-uav\\\/#primaryimage\"},\"image\":{\"@id\":\"https:\\\/\\\/www.sedi-ati.com\\\/fr\\\/bobines-fibre-optique-pour-vehicules-filoguides\\\/bobine-de-fibre-optique-deployable-allegee-pour-applications-aeriennes-uav\\\/#primaryimage\"},\"thumbnailUrl\":\"https:\\\/\\\/www.sedi-ati.com\\\/wp-content\\\/uploads\\\/2025\\\/07\\\/Bobine-UAVL.jpg\",\"datePublished\":\"2025-07-02T13:08:45+00:00\",\"dateModified\":\"2026-03-09T16:50:46+00:00\",\"description\":\"La solution RBOB-UAVL est une bobine de fibre optique tr\u00e8s compacte et l\u00e9g\u00e8re, sp\u00e9cialement con\u00e7ue pour \u00eatre plus l\u00e9g\u00e8re que toutes nos autres bobines, pour les besoins de\u00a0 charge utile.\",\"breadcrumb\":{\"@id\":\"https:\\\/\\\/www.sedi-ati.com\\\/fr\\\/bobines-fibre-optique-pour-vehicules-filoguides\\\/bobine-de-fibre-optique-deployable-allegee-pour-applications-aeriennes-uav\\\/#breadcrumb\"},\"inLanguage\":\"fr-FR\",\"potentialAction\":[{\"@type\":\"ReadAction\",\"target\":[\"https:\\\/\\\/www.sedi-ati.com\\\/fr\\\/bobines-fibre-optique-pour-vehicules-filoguides\\\/bobine-de-fibre-optique-deployable-allegee-pour-applications-aeriennes-uav\\\/\"]}]},{\"@type\":\"ImageObject\",\"inLanguage\":\"fr-FR\",\"@id\":\"https:\\\/\\\/www.sedi-ati.com\\\/fr\\\/bobines-fibre-optique-pour-vehicules-filoguides\\\/bobine-de-fibre-optique-deployable-allegee-pour-applications-aeriennes-uav\\\/#primaryimage\",\"url\":\"https:\\\/\\\/www.sedi-ati.com\\\/wp-content\\\/uploads\\\/2025\\\/07\\\/Bobine-UAVL.jpg\",\"contentUrl\":\"https:\\\/\\\/www.sedi-ati.com\\\/wp-content\\\/uploads\\\/2025\\\/07\\\/Bobine-UAVL.jpg\",\"width\":400,\"height\":400},{\"@type\":\"BreadcrumbList\",\"@id\":\"https:\\\/\\\/www.sedi-ati.com\\\/fr\\\/bobines-fibre-optique-pour-vehicules-filoguides\\\/bobine-de-fibre-optique-deployable-allegee-pour-applications-aeriennes-uav\\\/#breadcrumb\",\"itemListElement\":[{\"@type\":\"ListItem\",\"position\":1,\"name\":\"Home\",\"item\":\"https:\\\/\\\/www.sedi-ati.com\\\/fr\\\/\"},{\"@type\":\"ListItem\",\"position\":2,\"name\":\"Produits\",\"item\":\"https:\\\/\\\/www.sedi-ati.com\\\/fr\\\/shop\\\/\"},{\"@type\":\"ListItem\",\"position\":3,\"name\":\"Bobines fibre optique pour v\u00e9hicules filoguid\u00e9s\",\"item\":\"https:\\\/\\\/www.sedi-ati.com\\\/fr\\\/bobines-fibre-optique-pour-vehicules-filoguides\\\/\"},{\"@type\":\"ListItem\",\"position\":4,\"name\":\"Bobine de fibre optique d\u00e9ployable all\u00e9g\u00e9e pour applications a\u00e9riennes [UAV]\"}]},{\"@type\":\"WebSite\",\"@id\":\"https:\\\/\\\/www.sedi-ati.com\\\/fr\\\/#website\",\"url\":\"https:\\\/\\\/www.sedi-ati.com\\\/fr\\\/\",\"name\":\"SEDI-ATI\",\"description\":\"Assemblages de fibres optiques sur mesure, bundles, fentes et pieuvres\",\"publisher\":{\"@id\":\"https:\\\/\\\/www.sedi-ati.com\\\/fr\\\/#organization\"},\"potentialAction\":[{\"@type\":\"SearchAction\",\"target\":{\"@type\":\"EntryPoint\",\"urlTemplate\":\"https:\\\/\\\/www.sedi-ati.com\\\/fr\\\/?s={search_term_string}\"},\"query-input\":{\"@type\":\"PropertyValueSpecification\",\"valueRequired\":true,\"valueName\":\"search_term_string\"}}],\"inLanguage\":\"fr-FR\"},{\"@type\":\"Organization\",\"@id\":\"https:\\\/\\\/www.sedi-ati.com\\\/fr\\\/#organization\",\"name\":\"SEDI-ATI\",\"url\":\"https:\\\/\\\/www.sedi-ati.com\\\/fr\\\/\",\"logo\":{\"@type\":\"ImageObject\",\"inLanguage\":\"fr-FR\",\"@id\":\"https:\\\/\\\/www.sedi-ati.com\\\/fr\\\/#\\\/schema\\\/logo\\\/image\\\/\",\"url\":\"https:\\\/\\\/www.sedi-ati.com\\\/wp-content\\\/uploads\\\/2019\\\/10\\\/Logo_SEDI-ATI_2019_avec-baseline.png\",\"contentUrl\":\"https:\\\/\\\/www.sedi-ati.com\\\/wp-content\\\/uploads\\\/2019\\\/10\\\/Logo_SEDI-ATI_2019_avec-baseline.png\",\"width\":300,\"height\":73,\"caption\":\"SEDI-ATI\"},\"image\":{\"@id\":\"https:\\\/\\\/www.sedi-ati.com\\\/fr\\\/#\\\/schema\\\/logo\\\/image\\\/\"},\"sameAs\":[\"https:\\\/\\\/www.linkedin.com\\\/company\\\/sedi-ati-fibres-optiques\\\/\",\"https:\\\/\\\/www.youtube.com\\\/@sedi-ati-fibres-optiques\"]}]}<\/script>\n<!-- \/ Yoast SEO plugin. -->","yoast_head_json":{"title":"Bobine de fibre optique d\u00e9ployable all\u00e9g\u00e9e pour applications a\u00e9riennes [UAV] - SEDI-ATI","description":"La solution RBOB-UAVL est une bobine de fibre optique tr\u00e8s compacte et l\u00e9g\u00e8re, sp\u00e9cialement con\u00e7ue pour \u00eatre plus l\u00e9g\u00e8re que toutes nos autres bobines, pour les besoins de\u00a0 charge utile.","robots":{"index":"index","follow":"follow","max-snippet":"max-snippet:-1","max-image-preview":"max-image-preview:large","max-video-preview":"max-video-preview:-1"},"canonical":"https:\/\/www.sedi-ati.com\/fr\/bobines-fibre-optique-pour-vehicules-filoguides\/bobine-de-fibre-optique-deployable-allegee-pour-applications-aeriennes-uav\/","og_locale":"fr_FR","og_type":"article","og_title":"Bobine de fibre optique d\u00e9ployable all\u00e9g\u00e9e pour applications a\u00e9riennes [UAV] - SEDI-ATI","og_description":"La solution RBOB-UAVL est une bobine de fibre optique tr\u00e8s compacte et l\u00e9g\u00e8re, sp\u00e9cialement con\u00e7ue pour \u00eatre plus l\u00e9g\u00e8re que toutes nos autres bobines, pour les besoins de\u00a0 charge utile.","og_url":"https:\/\/www.sedi-ati.com\/fr\/bobines-fibre-optique-pour-vehicules-filoguides\/bobine-de-fibre-optique-deployable-allegee-pour-applications-aeriennes-uav\/","og_site_name":"SEDI-ATI","article_modified_time":"2026-03-09T16:50:46+00:00","og_image":[{"width":400,"height":400,"url":"https:\/\/www.sedi-ati.com\/wp-content\/uploads\/2025\/07\/Bobine-UAVL.jpg","type":"image\/jpeg"}],"twitter_card":"summary_large_image","twitter_misc":{"Dur\u00e9e de lecture estim\u00e9e":"4 minutes"},"schema":{"@context":"https:\/\/schema.org","@graph":[{"@type":"WebPage","@id":"https:\/\/www.sedi-ati.com\/fr\/bobines-fibre-optique-pour-vehicules-filoguides\/bobine-de-fibre-optique-deployable-allegee-pour-applications-aeriennes-uav\/","url":"https:\/\/www.sedi-ati.com\/fr\/bobines-fibre-optique-pour-vehicules-filoguides\/bobine-de-fibre-optique-deployable-allegee-pour-applications-aeriennes-uav\/","name":"Bobine de fibre optique d\u00e9ployable all\u00e9g\u00e9e pour applications a\u00e9riennes [UAV] - SEDI-ATI","isPartOf":{"@id":"https:\/\/www.sedi-ati.com\/fr\/#website"},"primaryImageOfPage":{"@id":"https:\/\/www.sedi-ati.com\/fr\/bobines-fibre-optique-pour-vehicules-filoguides\/bobine-de-fibre-optique-deployable-allegee-pour-applications-aeriennes-uav\/#primaryimage"},"image":{"@id":"https:\/\/www.sedi-ati.com\/fr\/bobines-fibre-optique-pour-vehicules-filoguides\/bobine-de-fibre-optique-deployable-allegee-pour-applications-aeriennes-uav\/#primaryimage"},"thumbnailUrl":"https:\/\/www.sedi-ati.com\/wp-content\/uploads\/2025\/07\/Bobine-UAVL.jpg","datePublished":"2025-07-02T13:08:45+00:00","dateModified":"2026-03-09T16:50:46+00:00","description":"La solution RBOB-UAVL est une bobine de fibre optique tr\u00e8s compacte et l\u00e9g\u00e8re, sp\u00e9cialement con\u00e7ue pour \u00eatre plus l\u00e9g\u00e8re que toutes nos autres bobines, pour les besoins de\u00a0 charge utile.","breadcrumb":{"@id":"https:\/\/www.sedi-ati.com\/fr\/bobines-fibre-optique-pour-vehicules-filoguides\/bobine-de-fibre-optique-deployable-allegee-pour-applications-aeriennes-uav\/#breadcrumb"},"inLanguage":"fr-FR","potentialAction":[{"@type":"ReadAction","target":["https:\/\/www.sedi-ati.com\/fr\/bobines-fibre-optique-pour-vehicules-filoguides\/bobine-de-fibre-optique-deployable-allegee-pour-applications-aeriennes-uav\/"]}]},{"@type":"ImageObject","inLanguage":"fr-FR","@id":"https:\/\/www.sedi-ati.com\/fr\/bobines-fibre-optique-pour-vehicules-filoguides\/bobine-de-fibre-optique-deployable-allegee-pour-applications-aeriennes-uav\/#primaryimage","url":"https:\/\/www.sedi-ati.com\/wp-content\/uploads\/2025\/07\/Bobine-UAVL.jpg","contentUrl":"https:\/\/www.sedi-ati.com\/wp-content\/uploads\/2025\/07\/Bobine-UAVL.jpg","width":400,"height":400},{"@type":"BreadcrumbList","@id":"https:\/\/www.sedi-ati.com\/fr\/bobines-fibre-optique-pour-vehicules-filoguides\/bobine-de-fibre-optique-deployable-allegee-pour-applications-aeriennes-uav\/#breadcrumb","itemListElement":[{"@type":"ListItem","position":1,"name":"Home","item":"https:\/\/www.sedi-ati.com\/fr\/"},{"@type":"ListItem","position":2,"name":"Produits","item":"https:\/\/www.sedi-ati.com\/fr\/shop\/"},{"@type":"ListItem","position":3,"name":"Bobines fibre optique pour v\u00e9hicules filoguid\u00e9s","item":"https:\/\/www.sedi-ati.com\/fr\/bobines-fibre-optique-pour-vehicules-filoguides\/"},{"@type":"ListItem","position":4,"name":"Bobine de fibre optique d\u00e9ployable all\u00e9g\u00e9e pour applications a\u00e9riennes [UAV]"}]},{"@type":"WebSite","@id":"https:\/\/www.sedi-ati.com\/fr\/#website","url":"https:\/\/www.sedi-ati.com\/fr\/","name":"SEDI-ATI","description":"Assemblages de fibres optiques sur mesure, bundles, fentes et pieuvres","publisher":{"@id":"https:\/\/www.sedi-ati.com\/fr\/#organization"},"potentialAction":[{"@type":"SearchAction","target":{"@type":"EntryPoint","urlTemplate":"https:\/\/www.sedi-ati.com\/fr\/?s={search_term_string}"},"query-input":{"@type":"PropertyValueSpecification","valueRequired":true,"valueName":"search_term_string"}}],"inLanguage":"fr-FR"},{"@type":"Organization","@id":"https:\/\/www.sedi-ati.com\/fr\/#organization","name":"SEDI-ATI","url":"https:\/\/www.sedi-ati.com\/fr\/","logo":{"@type":"ImageObject","inLanguage":"fr-FR","@id":"https:\/\/www.sedi-ati.com\/fr\/#\/schema\/logo\/image\/","url":"https:\/\/www.sedi-ati.com\/wp-content\/uploads\/2019\/10\/Logo_SEDI-ATI_2019_avec-baseline.png","contentUrl":"https:\/\/www.sedi-ati.com\/wp-content\/uploads\/2019\/10\/Logo_SEDI-ATI_2019_avec-baseline.png","width":300,"height":73,"caption":"SEDI-ATI"},"image":{"@id":"https:\/\/www.sedi-ati.com\/fr\/#\/schema\/logo\/image\/"},"sameAs":["https:\/\/www.linkedin.com\/company\/sedi-ati-fibres-optiques\/","https:\/\/www.youtube.com\/@sedi-ati-fibres-optiques"]}]}},"_links":{"self":[{"href":"https:\/\/www.sedi-ati.com\/fr\/wp-json\/wp\/v2\/product\/20995","targetHints":{"allow":["GET"]}}],"collection":[{"href":"https:\/\/www.sedi-ati.com\/fr\/wp-json\/wp\/v2\/product"}],"about":[{"href":"https:\/\/www.sedi-ati.com\/fr\/wp-json\/wp\/v2\/types\/product"}],"wp:featuredmedia":[{"embeddable":true,"href":"https:\/\/www.sedi-ati.com\/fr\/wp-json\/wp\/v2\/media\/20990"}],"wp:attachment":[{"href":"https:\/\/www.sedi-ati.com\/fr\/wp-json\/wp\/v2\/media?parent=20995"}],"wp:term":[{"taxonomy":"product_brand","embeddable":true,"href":"https:\/\/www.sedi-ati.com\/fr\/wp-json\/wp\/v2\/product_brand?post=20995"},{"taxonomy":"product_cat","embeddable":true,"href":"https:\/\/www.sedi-ati.com\/fr\/wp-json\/wp\/v2\/product_cat?post=20995"},{"taxonomy":"product_tag","embeddable":true,"href":"https:\/\/www.sedi-ati.com\/fr\/wp-json\/wp\/v2\/product_tag?post=20995"}],"curies":[{"name":"wp","href":"https:\/\/api.w.org\/{rel}","templated":true}]}}