{"id":21043,"date":"2025-10-14T14:28:42","date_gmt":"2025-10-14T12:28:42","guid":{"rendered":"https:\/\/www.sedi-ati.com\/?post_type=product&#038;p=21043"},"modified":"2025-10-14T16:55:41","modified_gmt":"2025-10-14T14:55:41","slug":"coupleurs-optiques-multimodes-durcis-1x2","status":"publish","type":"product","link":"https:\/\/www.sedi-ati.com\/fr\/coupleurs-fibre-optique-multimodes\/coupleurs-optiques-multimodes-durcis-1x2\/","title":{"rendered":"Coupleurs optiques multimodes durcis 1&#215;2"},"content":{"rendered":"<section class=\"wpb-content-wrapper\"><p>[vc_row content_placement=\u00a0\u00bbmiddle\u00a0\u00bb el_class=\u00a0\u00bbz-index-1 chevauchement-horizontal-range range-applications\u00a0\u00bb][vc_column width=\u00a0\u00bb3\/5&Prime; el_class=\u00a0\u00bbshadow border-radius-hd-bd line-bottom line-blue block-grand-text\u00a0\u00bb css=\u00a0\u00bb.vc_custom_1697122932878{background-color: #dfe2e8 !important;}\u00a0\u00bb][vc_raw_html el_class=\u00a0\u00bbgros-titre flex-column-mobile\u00a0\u00bb]JTNDcCUzRUNvdXBsZXVycyUzQ3NwYW4lMjBjbGFzcyUzRCUyMnBvaW50LXJvdWdlJTIyJTNFJTNDJTJGc3BhbiUzRU9wdGlxdWVzJTNDJTJGcCUzRQ==[\/vc_raw_html][vc_column_text el_class=\u00a0\u00bbtitre-baseline\u00a0\u00bb]<\/p>\n<div class=\"wpb_text_column wpb_content_element titre-baseline\">\n<div class=\"wpb_wrapper\">\n<h2>R\u00e9alisation de coupleur optique durci pour applications a\u00e9rospatiales<\/h2>\n<\/div>\n<\/div>\n<p>[\/vc_column_text][vc_column_text]Les <a href=\"https:\/\/www.sedi-ati.com\/fr\/coupleurs-fibre-optique-multimodes\/\">coupleurs multimodes<\/a> durcis de SEDI-ATI sont sp\u00e9cifiquement con\u00e7us pour r\u00e9sister aux vibrations et aux chocs m\u00e9caniques. Ils sont id\u00e9aux pour les applications de m\u00e9trologie optique et de d\u00e9tection dans le domaine a\u00e9rospatial.[\/vc_column_text][vc_btn title=\u00a0\u00bbDemandez un devis\u00a0\u00bb style=\u00a0\u00bbcustom\u00a0\u00bb custom_background=\u00a0\u00bb#132f40&Prime; custom_text=\u00a0\u00bb#ffffff\u00a0\u00bb shape=\u00a0\u00bbsquare\u00a0\u00bb link=\u00a0\u00bburl:https%3A%2F%2Fwww.sedi-ati.com%2Ffr%2Fdemande-de-devis%2F\u00a0\u00bb el_class=\u00a0\u00bbline-bottom line-blue\u00a0\u00bb][\/vc_column][vc_column width=\u00a0\u00bb1\/2&Prime; el_class=\u00a0\u00bbimg-entete\u00a0\u00bb][vc_single_image image=\u00a0\u00bb21040&Prime; img_size=\u00a0\u00bbfull\u00a0\u00bb][\/vc_column][\/vc_row][vc_row full_width=\u00a0\u00bbstretch_row_content\u00a0\u00bb el_class=\u00a0\u00bbfull-with-4000&Prime; css=\u00a0\u00bb.vc_custom_1697123857798{background-color: #dfe2e8 !important;}\u00a0\u00bb][vc_column width=\u00a0\u00bb1\/2&Prime;][vc_row_inner][vc_column_inner width=\u00a0\u00bb1\/3&Prime;][\/vc_column_inner][vc_column_inner width=\u00a0\u00bb2\/3&Prime;][vc_raw_html el_class=\u00a0\u00bbpetit-titre\u00a0\u00bb]JTNDcCUzRUNhcmFjdCVDMyVBOXJpc3RpcXVlcyUzQ3NwYW4lMjBjbGFzcyUzRCUyMnBvaW50LXJvdWdlJTIwcG9pbnQtcGV0aXQlMjIlM0UlM0MlMkZzcGFuJTNFUHJpbmNpcGFsZXMlM0MlMkZwJTNF[\/vc_raw_html][vc_column_text]<\/p>\n<ul>\n<li>Fibres GI 50 \u00b5m, GI 62.5 \u00b5m ou LCH 105 \u00b5m, incluant leurs versions en Acrylate Haute-Temp\u00e9rature (HTA) et HTA Rad-hard (RH),<\/li>\n<li>Conception renforc\u00e9e pour la tenue aux chocs et les vibrations,<\/li>\n<li>Large gamme de longueurs d&rsquo;ondes,<\/li>\n<li>Bidirectionnel,<\/li>\n<li>Insensibilit\u00e9 modale,<\/li>\n<li>Quasi achromatique,<\/li>\n<li>Ratio de couplage stable,<\/li>\n<li>Robuste, fiable et l\u00e9ger,<\/li>\n<li>Configurations sur-mesure.<\/li>\n<\/ul>\n<p>[\/vc_column_text][\/vc_column_inner][\/vc_row_inner][\/vc_column][vc_column width=\u00a0\u00bb1\/2&Prime;][vc_row_inner][vc_column_inner width=\u00a0\u00bb1\/6&Prime;][\/vc_column_inner][vc_column_inner el_class=\u00a0\u00bbshadow border-radius-hd-bd line-bottom line-blue\u00a0\u00bb width=\u00a0\u00bb2\/3&Prime; css=\u00a0\u00bb.vc_custom_1697123826377{background-color: #ffffff !important;}\u00a0\u00bb][vc_column_text el_class=\u00a0\u00bbbaseline\u00a0\u00bb]<\/p>\n<p style=\"text-align: center;\">Faites-nous part de vos contraintes sp\u00e9cifiques<\/p>\n<p>[\/vc_column_text][vc_btn title=\u00a0\u00bbContactez-nous\u00a0\u00bb style=\u00a0\u00bbcustom\u00a0\u00bb custom_background=\u00a0\u00bb#132f40&Prime; custom_text=\u00a0\u00bb#ffffff\u00a0\u00bb shape=\u00a0\u00bbsquare\u00a0\u00bb align=\u00a0\u00bbcenter\u00a0\u00bb link=\u00a0\u00bburl:https%3A%2F%2Fwww.sedi-ati.com%2Ffr%2Fcontact%2F\u00a0\u00bb el_class=\u00a0\u00bbline-bottom line-blue\u00a0\u00bb][\/vc_column_inner][vc_column_inner width=\u00a0\u00bb1\/6&Prime;][\/vc_column_inner][\/vc_row_inner][\/vc_column][\/vc_row][vc_row][vc_column width=\u00a0\u00bb1\/2&Prime;][vc_column_text]Le coupleur multimode 1&#215;2<strong>\u00a0CP-X<\/strong> est con\u00e7u pour r\u00e9sister aux conditions difficiles des environnements a\u00e9rospatiaux, notamment aux vibrations, aux chocs et aux temp\u00e9ratures \u00e9lev\u00e9es. Il pr\u00e9sente une insensibilit\u00e9 modale \u00e9lev\u00e9e, est quasi achromatique et garantit une excellente stabilit\u00e9 de son ratio de couplage sur une large gamme de longueurs d&rsquo;ondes.<\/p>\n<p>Le coupleur CP-X fonctionne de fa\u00e7on bidirectionnelle, permettant \u00e0 la lumi\u00e8re de se d\u00e9placer dans les deux sens \u00e0 travers tous les ports. Cela lui permet d&rsquo;\u00eatre utilis\u00e9e comme un combineur ou un s\u00e9parateur pour les signaux optiques se d\u00e9pla\u00e7ant dans n&rsquo;importe quelle direction \u00e0 travers le coupleur. Il est \u00e9galement parfaitement adapt\u00e9 \u00e0 la configuration aller-retour (\u00ab\u00a0round-trip\u00a0\u00bb), couramment utilis\u00e9e dans la d\u00e9tection par fibre optique, les syst\u00e8mes bas\u00e9s sur la r\u00e9flexion, et les configurations de test optique. Cela permet de s\u00e9parer les signaux transmis et r\u00e9fl\u00e9chis.<\/p>\n<p>Ce composant passif est disponible avec des fibres \u00e0 gradient d&rsquo;indice 50\/125 \u00b5m ou 62,5\/125 \u00b5m, ainsi qu&rsquo;avec des fibres \u00e0 saut d&rsquo;indice Low-OH Launch 105\/125 \u00b5m.[\/vc_column_text][\/vc_column][vc_column width=\u00a0\u00bb1\/2&Prime;][vc_column_text]Des fibres haute performance sont \u00e9galement propos\u00e9es, notamment les versions acrylate haute temp\u00e9rature (HTA) et r\u00e9sistante aux radiations (HTA RH).<\/p>\n<p>Selon la fibre utilis\u00e9e, le CP-X permet de couvrir la gamme de longueurs d&rsquo;ondes 532-1625 nm.<\/p>\n<p>Bien qu&rsquo;il soit compatible avec tous types de connecteurs sur chaque port, les connecteurs <a href=\"https:\/\/www.sedi-ati.com\/fr\/connecteurs-optiques-et-raccords\/fcxtreme-connecteur-pour-applications-de-defense-et-aerospatiales\/\">FCXtreme\u00ae<\/a> ou <a href=\"https:\/\/www.sedi-ati.com\/fr\/connecteurs-optiques-et-raccords\/connecteur-nanoxtreme-pour-la-defense-et-le-spatial\/\">NANOXtreme\u00ae<\/a> certifi\u00e9s pour le mil-a\u00e9ro sont recommand\u00e9s pour les applications a\u00e9rospatiales, en particulier lorsqu&rsquo;ils sont associ\u00e9s \u00e0 des terminaisons APC polies afin de minimiser les r\u00e9flexions arri\u00e8res.<\/p>\n<p>Ce coupleur renforc\u00e9 est livr\u00e9 dans un bo\u00eetier m\u00e9tallique bleu et offre un choix de gaines de protection r\u00e9sistantes \u00e0 la chaleur et \u00e0 faible d\u00e9gazage, notamment un tube PEEK de \u00d8 0,9 mm, un tube en acier inoxydable de \u00d8 1 mm ou un <a href=\"https:\/\/www.sedi-ati.com\/fr\/cordons-et-cables-fibre-optique-speciaux\/cable-fibres-optiques-pour-applications-aerospatiales\/\">c\u00e2ble LTCX<\/a> de \u00d8 1,8 mm.[\/vc_column_text][\/vc_column][\/vc_row][vc_row][vc_column][vc_empty_space][\/vc_column][\/vc_row][vc_row full_width=\u00a0\u00bbstretch_row\u00a0\u00bb css=\u00a0\u00bb.vc_custom_1697124849661{background-color: #dfe2e8 !important;}\u00a0\u00bb][vc_column][vc_row_inner][vc_column_inner width=\u00a0\u00bb1\/6&Prime;][\/vc_column_inner][vc_column_inner el_class=\u00a0\u00bbshadow border-radius-hd-bd line-bottom line-blue\u00a0\u00bb width=\u00a0\u00bb2\/3&Prime; css=\u00a0\u00bb.vc_custom_1697124911605{background-color: #ffffff !important;}\u00a0\u00bb][vc_column_text el_class=\u00a0\u00bbbaseline\u00a0\u00bb]<\/p>\n<p style=\"text-align: center;\">N&rsquo;h\u00e9sitez pas \u00e0 vous rapprocher de nous et \u00e0 nous faire part de votre demande sp\u00e9cifique<\/p>\n<p>[\/vc_column_text][vc_btn title=\u00a0\u00bbDemande de devis\u00a0\u00bb style=\u00a0\u00bbcustom\u00a0\u00bb custom_background=\u00a0\u00bb#132f40&Prime; custom_text=\u00a0\u00bb#ffffff\u00a0\u00bb shape=\u00a0\u00bbsquare\u00a0\u00bb align=\u00a0\u00bbcenter\u00a0\u00bb link=\u00a0\u00bburl:https%3A%2F%2Fwww.sedi-ati.com%2Ffr%2Fdemande-de-devis%2F\u00a0\u00bb el_class=\u00a0\u00bbline-bottom line-blue\u00a0\u00bb][\/vc_column_inner][vc_column_inner width=\u00a0\u00bb1\/6&Prime;][\/vc_column_inner][\/vc_row_inner][\/vc_column][\/vc_row][vc_row full_width=\u00a0\u00bbstretch_row\u00a0\u00bb content_placement=\u00a0\u00bbmiddle\u00a0\u00bb disable_element=\u00a0\u00bbyes\u00a0\u00bb][vc_column][vc_text_separator title=\u00a0\u00bbCas clients\u00a0\u00bb title_align=\u00a0\u00bbseparator_align_left\u00a0\u00bb color=\u00a0\u00bbcustom\u00a0\u00bb border_width=\u00a0\u00bb2&Prime; accent_color=\u00a0\u00bb#0f0f0f\u00a0\u00bb el_class=\u00a0\u00bbpetit-titre\u00a0\u00bb][vc_empty_space height=\u00a0\u00bb10px\u00a0\u00bb][vc_basic_grid post_type=\u00a0\u00bbcas_client\u00a0\u00bb max_items=\u00a0\u00bb10&Prime; item=\u00a0\u00bb14900&Prime; grid_id=\u00a0\u00bbvc_gid:1760453685363-55f844fb-c0bb-9&Prime; taxonomies=\u00a0\u00bb434018, 434120&Prime;][\/vc_column][\/vc_row][vc_row][vc_column][vc_btn title=\u00a0\u00bb^\u00a0\u00bb style=\u00a0\u00bbflat\u00a0\u00bb shape=\u00a0\u00bbsquare\u00a0\u00bb link=\u00a0\u00bburl:%23Wrapper\u00a0\u00bb el_class=\u00a0\u00bbbtn-haut\u00a0\u00bb][\/vc_column][\/vc_row]<\/p>\n<\/section>","protected":false},"excerpt":{"rendered":"<p>Les coupleurs multimodes renforc\u00e9s de SEDI-ATI sont id\u00e9aux pour les applications de m\u00e9trologie optique et de d\u00e9tection dans le domaine a\u00e9rospatial.<\/p>\n","protected":false},"featured_media":21042,"template":"","meta":{"_acf_changed":false,"rs_blank_template":"","rs_page_bg_color":"","slide_template_v7":""},"product_brand":[],"product_cat":[432288],"product_tag":[434229,434200],"class_list":{"0":"post-21043","1":"product","2":"type-product","3":"status-publish","4":"has-post-thumbnail","6":"product_cat-coupleurs-fibre-optique-multimodes","7":"product_tag-coupleurs-multimodes","8":"product_tag-spatial","10":"first","11":"instock","12":"shipping-taxable","13":"product-type-simple"},"acf":[],"yoast_head":"<!-- This site is optimized with the Yoast SEO plugin v27.3 - https:\/\/yoast.com\/product\/yoast-seo-wordpress\/ -->\n<title>Coupleurs optiques multimodes durcis 1x2 - SEDI-ATI<\/title>\n<meta name=\"description\" content=\"Les coupleurs multimodes renforc\u00e9s de SEDI-ATI sont id\u00e9aux pour les applications de m\u00e9trologie optique et de d\u00e9tection dans le domaine a\u00e9rospatial.\" \/>\n<meta name=\"robots\" content=\"index, follow, max-snippet:-1, max-image-preview:large, max-video-preview:-1\" \/>\n<link rel=\"canonical\" href=\"https:\/\/www.sedi-ati.com\/fr\/coupleurs-fibre-optique-multimodes\/coupleurs-optiques-multimodes-durcis-1x2\/\" \/>\n<meta property=\"og:locale\" content=\"fr_FR\" \/>\n<meta property=\"og:type\" content=\"article\" \/>\n<meta property=\"og:title\" content=\"Coupleurs optiques multimodes durcis 1x2 - SEDI-ATI\" \/>\n<meta property=\"og:description\" content=\"Les coupleurs multimodes renforc\u00e9s de SEDI-ATI sont id\u00e9aux pour les applications de m\u00e9trologie optique et de d\u00e9tection dans le domaine a\u00e9rospatial.\" \/>\n<meta property=\"og:url\" content=\"https:\/\/www.sedi-ati.com\/fr\/coupleurs-fibre-optique-multimodes\/coupleurs-optiques-multimodes-durcis-1x2\/\" \/>\n<meta property=\"og:site_name\" content=\"SEDI-ATI\" \/>\n<meta property=\"article:modified_time\" content=\"2025-10-14T14:55:41+00:00\" \/>\n<meta property=\"og:image\" content=\"https:\/\/www.sedi-ati.com\/wp-content\/uploads\/2025\/07\/Coupleur.jpg\" \/>\n\t<meta property=\"og:image:width\" content=\"400\" \/>\n\t<meta property=\"og:image:height\" content=\"400\" \/>\n\t<meta property=\"og:image:type\" content=\"image\/jpeg\" \/>\n<meta name=\"twitter:card\" content=\"summary_large_image\" \/>\n<meta name=\"twitter:label1\" content=\"Dur\u00e9e de lecture estim\u00e9e\" \/>\n\t<meta name=\"twitter:data1\" content=\"4 minutes\" \/>\n<script type=\"application\/ld+json\" class=\"yoast-schema-graph\">{\"@context\":\"https:\\\/\\\/schema.org\",\"@graph\":[{\"@type\":\"WebPage\",\"@id\":\"https:\\\/\\\/www.sedi-ati.com\\\/fr\\\/coupleurs-fibre-optique-multimodes\\\/coupleurs-optiques-multimodes-durcis-1x2\\\/\",\"url\":\"https:\\\/\\\/www.sedi-ati.com\\\/fr\\\/coupleurs-fibre-optique-multimodes\\\/coupleurs-optiques-multimodes-durcis-1x2\\\/\",\"name\":\"Coupleurs optiques multimodes durcis 1x2 - SEDI-ATI\",\"isPartOf\":{\"@id\":\"https:\\\/\\\/www.sedi-ati.com\\\/fr\\\/#website\"},\"primaryImageOfPage\":{\"@id\":\"https:\\\/\\\/www.sedi-ati.com\\\/fr\\\/coupleurs-fibre-optique-multimodes\\\/coupleurs-optiques-multimodes-durcis-1x2\\\/#primaryimage\"},\"image\":{\"@id\":\"https:\\\/\\\/www.sedi-ati.com\\\/fr\\\/coupleurs-fibre-optique-multimodes\\\/coupleurs-optiques-multimodes-durcis-1x2\\\/#primaryimage\"},\"thumbnailUrl\":\"https:\\\/\\\/www.sedi-ati.com\\\/wp-content\\\/uploads\\\/2025\\\/07\\\/Coupleur.jpg\",\"datePublished\":\"2025-10-14T12:28:42+00:00\",\"dateModified\":\"2025-10-14T14:55:41+00:00\",\"description\":\"Les coupleurs multimodes renforc\u00e9s de SEDI-ATI sont id\u00e9aux pour les applications de m\u00e9trologie optique et de d\u00e9tection dans le domaine a\u00e9rospatial.\",\"breadcrumb\":{\"@id\":\"https:\\\/\\\/www.sedi-ati.com\\\/fr\\\/coupleurs-fibre-optique-multimodes\\\/coupleurs-optiques-multimodes-durcis-1x2\\\/#breadcrumb\"},\"inLanguage\":\"fr-FR\",\"potentialAction\":[{\"@type\":\"ReadAction\",\"target\":[\"https:\\\/\\\/www.sedi-ati.com\\\/fr\\\/coupleurs-fibre-optique-multimodes\\\/coupleurs-optiques-multimodes-durcis-1x2\\\/\"]}]},{\"@type\":\"ImageObject\",\"inLanguage\":\"fr-FR\",\"@id\":\"https:\\\/\\\/www.sedi-ati.com\\\/fr\\\/coupleurs-fibre-optique-multimodes\\\/coupleurs-optiques-multimodes-durcis-1x2\\\/#primaryimage\",\"url\":\"https:\\\/\\\/www.sedi-ati.com\\\/wp-content\\\/uploads\\\/2025\\\/07\\\/Coupleur.jpg\",\"contentUrl\":\"https:\\\/\\\/www.sedi-ati.com\\\/wp-content\\\/uploads\\\/2025\\\/07\\\/Coupleur.jpg\",\"width\":400,\"height\":400,\"caption\":\"Coupleurs\"},{\"@type\":\"BreadcrumbList\",\"@id\":\"https:\\\/\\\/www.sedi-ati.com\\\/fr\\\/coupleurs-fibre-optique-multimodes\\\/coupleurs-optiques-multimodes-durcis-1x2\\\/#breadcrumb\",\"itemListElement\":[{\"@type\":\"ListItem\",\"position\":1,\"name\":\"Home\",\"item\":\"https:\\\/\\\/www.sedi-ati.com\\\/fr\\\/\"},{\"@type\":\"ListItem\",\"position\":2,\"name\":\"Produits\",\"item\":\"https:\\\/\\\/www.sedi-ati.com\\\/fr\\\/shop\\\/\"},{\"@type\":\"ListItem\",\"position\":3,\"name\":\"Coupleurs fibre optique multimodes\",\"item\":\"https:\\\/\\\/www.sedi-ati.com\\\/fr\\\/coupleurs-fibre-optique-multimodes\\\/\"},{\"@type\":\"ListItem\",\"position\":4,\"name\":\"Coupleurs optiques multimodes durcis 1&#215;2\"}]},{\"@type\":\"WebSite\",\"@id\":\"https:\\\/\\\/www.sedi-ati.com\\\/fr\\\/#website\",\"url\":\"https:\\\/\\\/www.sedi-ati.com\\\/fr\\\/\",\"name\":\"SEDI-ATI\",\"description\":\"Assemblages de fibres optiques sur mesure, bundles, fentes et pieuvres\",\"publisher\":{\"@id\":\"https:\\\/\\\/www.sedi-ati.com\\\/fr\\\/#organization\"},\"potentialAction\":[{\"@type\":\"SearchAction\",\"target\":{\"@type\":\"EntryPoint\",\"urlTemplate\":\"https:\\\/\\\/www.sedi-ati.com\\\/fr\\\/?s={search_term_string}\"},\"query-input\":{\"@type\":\"PropertyValueSpecification\",\"valueRequired\":true,\"valueName\":\"search_term_string\"}}],\"inLanguage\":\"fr-FR\"},{\"@type\":\"Organization\",\"@id\":\"https:\\\/\\\/www.sedi-ati.com\\\/fr\\\/#organization\",\"name\":\"SEDI-ATI\",\"url\":\"https:\\\/\\\/www.sedi-ati.com\\\/fr\\\/\",\"logo\":{\"@type\":\"ImageObject\",\"inLanguage\":\"fr-FR\",\"@id\":\"https:\\\/\\\/www.sedi-ati.com\\\/fr\\\/#\\\/schema\\\/logo\\\/image\\\/\",\"url\":\"https:\\\/\\\/www.sedi-ati.com\\\/wp-content\\\/uploads\\\/2019\\\/10\\\/Logo_SEDI-ATI_2019_avec-baseline.png\",\"contentUrl\":\"https:\\\/\\\/www.sedi-ati.com\\\/wp-content\\\/uploads\\\/2019\\\/10\\\/Logo_SEDI-ATI_2019_avec-baseline.png\",\"width\":300,\"height\":73,\"caption\":\"SEDI-ATI\"},\"image\":{\"@id\":\"https:\\\/\\\/www.sedi-ati.com\\\/fr\\\/#\\\/schema\\\/logo\\\/image\\\/\"},\"sameAs\":[\"https:\\\/\\\/www.linkedin.com\\\/company\\\/sedi-ati-fibres-optiques\\\/\",\"https:\\\/\\\/www.youtube.com\\\/@sedi-ati-fibres-optiques\"]}]}<\/script>\n<!-- \/ Yoast SEO plugin. -->","yoast_head_json":{"title":"Coupleurs optiques multimodes durcis 1x2 - SEDI-ATI","description":"Les coupleurs multimodes renforc\u00e9s de SEDI-ATI sont id\u00e9aux pour les applications de m\u00e9trologie optique et de d\u00e9tection dans le domaine a\u00e9rospatial.","robots":{"index":"index","follow":"follow","max-snippet":"max-snippet:-1","max-image-preview":"max-image-preview:large","max-video-preview":"max-video-preview:-1"},"canonical":"https:\/\/www.sedi-ati.com\/fr\/coupleurs-fibre-optique-multimodes\/coupleurs-optiques-multimodes-durcis-1x2\/","og_locale":"fr_FR","og_type":"article","og_title":"Coupleurs optiques multimodes durcis 1x2 - SEDI-ATI","og_description":"Les coupleurs multimodes renforc\u00e9s de SEDI-ATI sont id\u00e9aux pour les applications de m\u00e9trologie optique et de d\u00e9tection dans le domaine a\u00e9rospatial.","og_url":"https:\/\/www.sedi-ati.com\/fr\/coupleurs-fibre-optique-multimodes\/coupleurs-optiques-multimodes-durcis-1x2\/","og_site_name":"SEDI-ATI","article_modified_time":"2025-10-14T14:55:41+00:00","og_image":[{"width":400,"height":400,"url":"https:\/\/www.sedi-ati.com\/wp-content\/uploads\/2025\/07\/Coupleur.jpg","type":"image\/jpeg"}],"twitter_card":"summary_large_image","twitter_misc":{"Dur\u00e9e de lecture estim\u00e9e":"4 minutes"},"schema":{"@context":"https:\/\/schema.org","@graph":[{"@type":"WebPage","@id":"https:\/\/www.sedi-ati.com\/fr\/coupleurs-fibre-optique-multimodes\/coupleurs-optiques-multimodes-durcis-1x2\/","url":"https:\/\/www.sedi-ati.com\/fr\/coupleurs-fibre-optique-multimodes\/coupleurs-optiques-multimodes-durcis-1x2\/","name":"Coupleurs optiques multimodes durcis 1x2 - SEDI-ATI","isPartOf":{"@id":"https:\/\/www.sedi-ati.com\/fr\/#website"},"primaryImageOfPage":{"@id":"https:\/\/www.sedi-ati.com\/fr\/coupleurs-fibre-optique-multimodes\/coupleurs-optiques-multimodes-durcis-1x2\/#primaryimage"},"image":{"@id":"https:\/\/www.sedi-ati.com\/fr\/coupleurs-fibre-optique-multimodes\/coupleurs-optiques-multimodes-durcis-1x2\/#primaryimage"},"thumbnailUrl":"https:\/\/www.sedi-ati.com\/wp-content\/uploads\/2025\/07\/Coupleur.jpg","datePublished":"2025-10-14T12:28:42+00:00","dateModified":"2025-10-14T14:55:41+00:00","description":"Les coupleurs multimodes renforc\u00e9s de SEDI-ATI sont id\u00e9aux pour les applications de m\u00e9trologie optique et de d\u00e9tection dans le domaine a\u00e9rospatial.","breadcrumb":{"@id":"https:\/\/www.sedi-ati.com\/fr\/coupleurs-fibre-optique-multimodes\/coupleurs-optiques-multimodes-durcis-1x2\/#breadcrumb"},"inLanguage":"fr-FR","potentialAction":[{"@type":"ReadAction","target":["https:\/\/www.sedi-ati.com\/fr\/coupleurs-fibre-optique-multimodes\/coupleurs-optiques-multimodes-durcis-1x2\/"]}]},{"@type":"ImageObject","inLanguage":"fr-FR","@id":"https:\/\/www.sedi-ati.com\/fr\/coupleurs-fibre-optique-multimodes\/coupleurs-optiques-multimodes-durcis-1x2\/#primaryimage","url":"https:\/\/www.sedi-ati.com\/wp-content\/uploads\/2025\/07\/Coupleur.jpg","contentUrl":"https:\/\/www.sedi-ati.com\/wp-content\/uploads\/2025\/07\/Coupleur.jpg","width":400,"height":400,"caption":"Coupleurs"},{"@type":"BreadcrumbList","@id":"https:\/\/www.sedi-ati.com\/fr\/coupleurs-fibre-optique-multimodes\/coupleurs-optiques-multimodes-durcis-1x2\/#breadcrumb","itemListElement":[{"@type":"ListItem","position":1,"name":"Home","item":"https:\/\/www.sedi-ati.com\/fr\/"},{"@type":"ListItem","position":2,"name":"Produits","item":"https:\/\/www.sedi-ati.com\/fr\/shop\/"},{"@type":"ListItem","position":3,"name":"Coupleurs fibre optique multimodes","item":"https:\/\/www.sedi-ati.com\/fr\/coupleurs-fibre-optique-multimodes\/"},{"@type":"ListItem","position":4,"name":"Coupleurs optiques multimodes durcis 1&#215;2"}]},{"@type":"WebSite","@id":"https:\/\/www.sedi-ati.com\/fr\/#website","url":"https:\/\/www.sedi-ati.com\/fr\/","name":"SEDI-ATI","description":"Assemblages de fibres optiques sur mesure, bundles, fentes et pieuvres","publisher":{"@id":"https:\/\/www.sedi-ati.com\/fr\/#organization"},"potentialAction":[{"@type":"SearchAction","target":{"@type":"EntryPoint","urlTemplate":"https:\/\/www.sedi-ati.com\/fr\/?s={search_term_string}"},"query-input":{"@type":"PropertyValueSpecification","valueRequired":true,"valueName":"search_term_string"}}],"inLanguage":"fr-FR"},{"@type":"Organization","@id":"https:\/\/www.sedi-ati.com\/fr\/#organization","name":"SEDI-ATI","url":"https:\/\/www.sedi-ati.com\/fr\/","logo":{"@type":"ImageObject","inLanguage":"fr-FR","@id":"https:\/\/www.sedi-ati.com\/fr\/#\/schema\/logo\/image\/","url":"https:\/\/www.sedi-ati.com\/wp-content\/uploads\/2019\/10\/Logo_SEDI-ATI_2019_avec-baseline.png","contentUrl":"https:\/\/www.sedi-ati.com\/wp-content\/uploads\/2019\/10\/Logo_SEDI-ATI_2019_avec-baseline.png","width":300,"height":73,"caption":"SEDI-ATI"},"image":{"@id":"https:\/\/www.sedi-ati.com\/fr\/#\/schema\/logo\/image\/"},"sameAs":["https:\/\/www.linkedin.com\/company\/sedi-ati-fibres-optiques\/","https:\/\/www.youtube.com\/@sedi-ati-fibres-optiques"]}]}},"_links":{"self":[{"href":"https:\/\/www.sedi-ati.com\/fr\/wp-json\/wp\/v2\/product\/21043","targetHints":{"allow":["GET"]}}],"collection":[{"href":"https:\/\/www.sedi-ati.com\/fr\/wp-json\/wp\/v2\/product"}],"about":[{"href":"https:\/\/www.sedi-ati.com\/fr\/wp-json\/wp\/v2\/types\/product"}],"wp:featuredmedia":[{"embeddable":true,"href":"https:\/\/www.sedi-ati.com\/fr\/wp-json\/wp\/v2\/media\/21042"}],"wp:attachment":[{"href":"https:\/\/www.sedi-ati.com\/fr\/wp-json\/wp\/v2\/media?parent=21043"}],"wp:term":[{"taxonomy":"product_brand","embeddable":true,"href":"https:\/\/www.sedi-ati.com\/fr\/wp-json\/wp\/v2\/product_brand?post=21043"},{"taxonomy":"product_cat","embeddable":true,"href":"https:\/\/www.sedi-ati.com\/fr\/wp-json\/wp\/v2\/product_cat?post=21043"},{"taxonomy":"product_tag","embeddable":true,"href":"https:\/\/www.sedi-ati.com\/fr\/wp-json\/wp\/v2\/product_tag?post=21043"}],"curies":[{"name":"wp","href":"https:\/\/api.w.org\/{rel}","templated":true}]}}