{"id":21130,"date":"2025-09-02T10:08:49","date_gmt":"2025-09-02T08:08:49","guid":{"rendered":"https:\/\/www.sedi-ati.com\/?post_type=product&#038;p=21130"},"modified":"2025-09-25T16:19:03","modified_gmt":"2025-09-25T14:19:03","slug":"cable-de-fibres-optiques-pour-usage-en-exterieur","status":"publish","type":"product","link":"https:\/\/www.sedi-ati.com\/fr\/cordons-et-cables-fibre-optique-speciaux\/cable-de-fibres-optiques-pour-usage-en-exterieur\/","title":{"rendered":"C\u00e2ble de fibres optiques pour usage en ext\u00e9rieur"},"content":{"rendered":"<section class=\"wpb-content-wrapper\"><p>[vc_row content_placement=\u00a0\u00bbmiddle\u00a0\u00bb el_class=\u00a0\u00bbz-index-1 chevauchement-horizontal-range range-applications\u00a0\u00bb][vc_column width=\u00a0\u00bb3\/5&Prime; el_class=\u00a0\u00bbshadow border-radius-hd-bd line-bottom line-blue block-grand-text\u00a0\u00bb css=\u00a0\u00bb.vc_custom_1697122932878{background-color: #dfe2e8 !important;}\u00a0\u00bb][vc_raw_html el_class=\u00a0\u00bbgros-titre flex-column-mobile\u00a0\u00bb]JTNDcCUzRUMlQzMlQTJibGUlM0NzcGFuJTIwY2xhc3MlM0QlMjJwb2ludC1yb3VnZSUyMiUzRSUzQyUyRnNwYW4lM0VGaWJyZXMlMjBvcHRpcXVlcyUzQyUyRnAlM0U=[\/vc_raw_html][vc_column_text el_class=\u00a0\u00bbtitre-baseline\u00a0\u00bb]<\/p>\n<h2>Conception de c\u00e2bles fibres optiques pour utilisation en ext\u00e9rieur<\/h2>\n<p>[\/vc_column_text][vc_column_text]SEDI-ATI by Fiber Optics Group propose des c\u00e2bles de fibre optique sp\u00e9cifiquement faits pour un usage en ext\u00e9rieur, r\u00e9sistant \u00e0 des contraintes extr\u00eames : feu, eau, traction, passage de v\u00e9hicule&#8230;[\/vc_column_text][vc_btn title=\u00a0\u00bbDemandez un devis\u00a0\u00bb style=\u00a0\u00bbcustom\u00a0\u00bb custom_background=\u00a0\u00bb#132f40&Prime; custom_text=\u00a0\u00bb#ffffff\u00a0\u00bb shape=\u00a0\u00bbsquare\u00a0\u00bb link=\u00a0\u00bburl:https%3A%2F%2Fwww.sedi-ati.com%2Ffr%2Fdemande-de-devis%2F\u00a0\u00bb el_class=\u00a0\u00bbline-bottom line-blue\u00a0\u00bb][\/vc_column][vc_column width=\u00a0\u00bb1\/2&Prime; el_class=\u00a0\u00bbimg-entete\u00a0\u00bb][vc_single_image image=\u00a0\u00bb21229&Prime; img_size=\u00a0\u00bbfull\u00a0\u00bb][\/vc_column][\/vc_row][vc_row full_width=\u00a0\u00bbstretch_row_content\u00a0\u00bb el_class=\u00a0\u00bbfull-with-4000&Prime; css=\u00a0\u00bb.vc_custom_1697123857798{background-color: #dfe2e8 !important;}\u00a0\u00bb][vc_column width=\u00a0\u00bb1\/2&Prime;][vc_row_inner][vc_column_inner width=\u00a0\u00bb1\/3&Prime;][\/vc_column_inner][vc_column_inner width=\u00a0\u00bb2\/3&Prime;][vc_raw_html el_class=\u00a0\u00bbpetit-titre\u00a0\u00bb]JTNDcCUzRUNhcmFjdCVDMyVBOXJpc3RpcXVlcyUzQ3NwYW4lMjBjbGFzcyUzRCUyMnBvaW50LXJvdWdlJTIwcG9pbnQtcGV0aXQlMjIlM0UlM0MlMkZzcGFuJTNFUHJpbmNpcGFsZXMlM0MlMkZwJTNF[\/vc_raw_html][vc_column_text]<\/p>\n<ul>\n<li>Fibres SM, MM GI 50 ou 62.5 \u00b5m, Launch 105, Rad-hard et\/ou temp\u00e9rature,<\/li>\n<li>R\u00e9sistant aux moisissures et immersions,<\/li>\n<li>R\u00e9sistant au feu, pas de propagation,<\/li>\n<li>Personnalisation possible sur demande.<\/li>\n<\/ul>\n<p>[\/vc_column_text][\/vc_column_inner][\/vc_row_inner][\/vc_column][vc_column width=\u00a0\u00bb1\/2&Prime;][vc_row_inner][vc_column_inner width=\u00a0\u00bb1\/6&Prime;][\/vc_column_inner][vc_column_inner el_class=\u00a0\u00bbshadow border-radius-hd-bd line-bottom line-blue\u00a0\u00bb width=\u00a0\u00bb2\/3&Prime; css=\u00a0\u00bb.vc_custom_1697123826377{background-color: #ffffff !important;}\u00a0\u00bb][vc_column_text el_class=\u00a0\u00bbbaseline\u00a0\u00bb]<\/p>\n<p style=\"text-align: center;\">Cliquez pour t\u00e9l\u00e9charger la brochure en PDF<\/p>\n<p>[\/vc_column_text][vc_btn title=\u00a0\u00bbBrochure\u00a0\u00bb style=\u00a0\u00bbcustom\u00a0\u00bb custom_background=\u00a0\u00bb#132f40&Prime; custom_text=\u00a0\u00bb#ffffff\u00a0\u00bb shape=\u00a0\u00bbsquare\u00a0\u00bb align=\u00a0\u00bbcenter\u00a0\u00bb i_icon_fontawesome=\u00a0\u00bbfas fa-cloud-download-alt\u00a0\u00bb add_icon=\u00a0\u00bbtrue\u00a0\u00bb link=\u00a0\u00bburl:%2Ftelechargement-brochure%2F%3Ffor_c%3D21130&Prime; el_class=\u00a0\u00bbline-bottom line-blue\u00a0\u00bb][\/vc_column_inner][vc_column_inner width=\u00a0\u00bb1\/6&Prime;][\/vc_column_inner][\/vc_row_inner][\/vc_column][\/vc_row][vc_row][vc_column width=\u00a0\u00bb1\/2&Prime;][vc_column_text]SEDI-ATI by Fiber Optics Group propose des c\u00e2bles renforc\u00e9s sp\u00e9ciaux pour les applications ext\u00e9rieures dans des environnements complexes ou extr\u00eames.<\/p>\n<p>L&rsquo;assemblage est r\u00e9alis\u00e9 conform\u00e9ment aux sp\u00e9cifications de l&rsquo;environnement ext\u00e9rieur :<\/p>\n<ul>\n<li>d\u00e9ploiement multiple sur le terrain ;<\/li>\n<li>r\u00e9sistance \u00e0 l&rsquo;immersion ;<\/li>\n<li>utilisation dynamique ;<\/li>\n<li>excellente r\u00e9sistance \u00e0 l&rsquo;abrasion ;<\/li>\n<li>haute r\u00e9sistance \u00e0 la traction.<\/li>\n<\/ul>\n<p>Le c\u00e2ble simplex renforc\u00e9 de \u00f8 4,5 mm pour applications ext\u00e9rieures accepte les fibres optiques SM, MM GI 50 ou 62,5 \u03bcm et Launch 105, m\u00eame dans les versions r\u00e9sistantes aux radiations.<\/p>\n<p>Compatible avec les cha\u00eenes c\u00e2bles.[\/vc_column_text][\/vc_column][vc_column width=\u00a0\u00bb1\/2&Prime;][vc_column_text]Gr\u00e2ce \u00e0 cette isolation renforc\u00e9e, la fibre peut \u00eatre utilis\u00e9e dans des environnements industriels, \u00e9nerg\u00e9tiques, militaires ou maritimes, ou pour des applications civiles, militaires ou de communication de donn\u00e9es, o\u00f9 l&rsquo;humidit\u00e9 ou l&rsquo;eau constituent une menace r\u00e9elle pour les autres solutions conventionnelles.<\/p>\n<p>Ce c\u00e2ble sp\u00e9cial a \u00e9t\u00e9 test\u00e9 contre le feu, la traction, l&rsquo;herm\u00e9ticit\u00e9, la flexion et la r\u00e9sistance au passage de v\u00e9hicules.<\/p>\n<p>Cependant, il est essentiel de choisir la protection ad\u00e9quate pour maximiser les avantages et les propri\u00e9t\u00e9s de la fibre optique, tout en la prot\u00e9geant des menaces de l&rsquo;environnement d&rsquo;application.[\/vc_column_text][\/vc_column][\/vc_row][vc_row][vc_column][vc_empty_space][\/vc_column][\/vc_row][vc_row full_width=\u00a0\u00bbstretch_row\u00a0\u00bb css=\u00a0\u00bb.vc_custom_1697124849661{background-color: #dfe2e8 !important;}\u00a0\u00bb][vc_column][vc_row_inner][vc_column_inner width=\u00a0\u00bb1\/6&Prime;][\/vc_column_inner][vc_column_inner el_class=\u00a0\u00bbshadow border-radius-hd-bd line-bottom line-blue\u00a0\u00bb width=\u00a0\u00bb2\/3&Prime; css=\u00a0\u00bb.vc_custom_1697124911605{background-color: #ffffff !important;}\u00a0\u00bb][vc_column_text el_class=\u00a0\u00bbbaseline\u00a0\u00bb]<\/p>\n<p style=\"text-align: center;\">N&rsquo;h\u00e9sitez pas \u00e0 vous rapprocher de nous et \u00e0 nous faire part de votre demande sp\u00e9cifique<\/p>\n<p>[\/vc_column_text][vc_btn title=\u00a0\u00bbDemande de devis\u00a0\u00bb style=\u00a0\u00bbcustom\u00a0\u00bb custom_background=\u00a0\u00bb#132f40&Prime; custom_text=\u00a0\u00bb#ffffff\u00a0\u00bb shape=\u00a0\u00bbsquare\u00a0\u00bb align=\u00a0\u00bbcenter\u00a0\u00bb link=\u00a0\u00bburl:https%3A%2F%2Fwww.sedi-ati.com%2Ffr%2Fdemande-de-devis%2F\u00a0\u00bb el_class=\u00a0\u00bbline-bottom line-blue\u00a0\u00bb][\/vc_column_inner][vc_column_inner width=\u00a0\u00bb1\/6&Prime;][\/vc_column_inner][\/vc_row_inner][\/vc_column][\/vc_row][vc_row full_width=\u00a0\u00bbstretch_row\u00a0\u00bb content_placement=\u00a0\u00bbmiddle\u00a0\u00bb disable_element=\u00a0\u00bbyes\u00a0\u00bb][vc_column][vc_text_separator title=\u00a0\u00bbCas clients\u00a0\u00bb title_align=\u00a0\u00bbseparator_align_left\u00a0\u00bb color=\u00a0\u00bbcustom\u00a0\u00bb border_width=\u00a0\u00bb2&Prime; accent_color=\u00a0\u00bb#0f0f0f\u00a0\u00bb el_class=\u00a0\u00bbpetit-titre\u00a0\u00bb][vc_empty_space height=\u00a0\u00bb10px\u00a0\u00bb][vc_basic_grid post_type=\u00a0\u00bbcas_client\u00a0\u00bb max_items=\u00a0\u00bb10&Prime; item=\u00a0\u00bb14900&Prime; grid_id=\u00a0\u00bbvc_gid:1758703337166-43f39fc3-1a99-3&Prime; taxonomies=\u00a0\u00bb434018, 434120&Prime;][\/vc_column][\/vc_row][vc_row][vc_column][vc_btn title=\u00a0\u00bb^\u00a0\u00bb style=\u00a0\u00bbflat\u00a0\u00bb shape=\u00a0\u00bbsquare\u00a0\u00bb link=\u00a0\u00bburl:%23Wrapper\u00a0\u00bb el_class=\u00a0\u00bbbtn-haut\u00a0\u00bb][\/vc_column][\/vc_row]<\/p>\n<\/section>","protected":false},"excerpt":{"rendered":"<p>SEDI-ATI by Fiber Optics Group propose des c\u00e2bles \u00e0 fibres optiques con\u00e7us pour les applications ext\u00e9rieures, r\u00e9sistants aux contraintes extr\u00eames : feu, eau, traction, passage de v\u00e9hicules&#8230;<\/p>\n","protected":false},"featured_media":21236,"template":"","meta":{"_acf_changed":false,"rs_blank_template":"","rs_page_bg_color":"","slide_template_v7":""},"product_brand":[],"product_cat":[432298],"product_tag":[434224],"class_list":{"0":"post-21130","1":"product","2":"type-product","3":"status-publish","4":"has-post-thumbnail","6":"product_cat-cordons-et-cables-fibre-optique-speciaux","7":"product_tag-cordons-et-cables","9":"first","10":"instock","11":"shipping-taxable","12":"product-type-simple"},"acf":[],"yoast_head":"<!-- This site is optimized with the Yoast SEO plugin v27.3 - https:\/\/yoast.com\/product\/yoast-seo-wordpress\/ -->\n<title>C\u00e2ble de fibres optiques pour usage en ext\u00e9rieur - SEDI-ATI<\/title>\n<meta name=\"description\" content=\"SEDI-ATI by Fiber Optics Group propose des c\u00e2bles \u00e0 fibres optiques con\u00e7us pour les applications ext\u00e9rieures, r\u00e9sistants aux contraintes extr\u00eames : feu, eau, traction, passage de v\u00e9hicules...\" \/>\n<meta name=\"robots\" content=\"index, follow, max-snippet:-1, max-image-preview:large, max-video-preview:-1\" \/>\n<link rel=\"canonical\" href=\"https:\/\/www.sedi-ati.com\/fr\/cordons-et-cables-fibre-optique-speciaux\/cable-de-fibres-optiques-pour-usage-en-exterieur\/\" \/>\n<meta property=\"og:locale\" content=\"fr_FR\" \/>\n<meta property=\"og:type\" content=\"article\" \/>\n<meta property=\"og:title\" content=\"C\u00e2ble de fibres optiques pour usage en ext\u00e9rieur - SEDI-ATI\" \/>\n<meta property=\"og:description\" content=\"SEDI-ATI by Fiber Optics Group propose des c\u00e2bles \u00e0 fibres optiques con\u00e7us pour les applications ext\u00e9rieures, r\u00e9sistants aux contraintes extr\u00eames : feu, eau, traction, passage de v\u00e9hicules...\" \/>\n<meta property=\"og:url\" content=\"https:\/\/www.sedi-ati.com\/fr\/cordons-et-cables-fibre-optique-speciaux\/cable-de-fibres-optiques-pour-usage-en-exterieur\/\" \/>\n<meta property=\"og:site_name\" content=\"SEDI-ATI\" \/>\n<meta property=\"article:modified_time\" content=\"2025-09-25T14:19:03+00:00\" \/>\n<meta property=\"og:image\" content=\"https:\/\/www.sedi-ati.com\/wp-content\/uploads\/2025\/09\/Simplex-ruggedized4.5-mm.jpg\" \/>\n\t<meta property=\"og:image:width\" content=\"400\" \/>\n\t<meta property=\"og:image:height\" content=\"400\" \/>\n\t<meta property=\"og:image:type\" content=\"image\/jpeg\" \/>\n<meta name=\"twitter:card\" content=\"summary_large_image\" \/>\n<meta name=\"twitter:label1\" content=\"Dur\u00e9e de lecture estim\u00e9e\" \/>\n\t<meta name=\"twitter:data1\" content=\"3 minutes\" \/>\n<script type=\"application\/ld+json\" class=\"yoast-schema-graph\">{\"@context\":\"https:\\\/\\\/schema.org\",\"@graph\":[{\"@type\":\"WebPage\",\"@id\":\"https:\\\/\\\/www.sedi-ati.com\\\/fr\\\/cordons-et-cables-fibre-optique-speciaux\\\/cable-de-fibres-optiques-pour-usage-en-exterieur\\\/\",\"url\":\"https:\\\/\\\/www.sedi-ati.com\\\/fr\\\/cordons-et-cables-fibre-optique-speciaux\\\/cable-de-fibres-optiques-pour-usage-en-exterieur\\\/\",\"name\":\"C\u00e2ble de fibres optiques pour usage en ext\u00e9rieur - SEDI-ATI\",\"isPartOf\":{\"@id\":\"https:\\\/\\\/www.sedi-ati.com\\\/fr\\\/#website\"},\"primaryImageOfPage\":{\"@id\":\"https:\\\/\\\/www.sedi-ati.com\\\/fr\\\/cordons-et-cables-fibre-optique-speciaux\\\/cable-de-fibres-optiques-pour-usage-en-exterieur\\\/#primaryimage\"},\"image\":{\"@id\":\"https:\\\/\\\/www.sedi-ati.com\\\/fr\\\/cordons-et-cables-fibre-optique-speciaux\\\/cable-de-fibres-optiques-pour-usage-en-exterieur\\\/#primaryimage\"},\"thumbnailUrl\":\"https:\\\/\\\/www.sedi-ati.com\\\/wp-content\\\/uploads\\\/2025\\\/09\\\/Simplex-ruggedized4.5-mm.jpg\",\"datePublished\":\"2025-09-02T08:08:49+00:00\",\"dateModified\":\"2025-09-25T14:19:03+00:00\",\"description\":\"SEDI-ATI by Fiber Optics Group propose des c\u00e2bles \u00e0 fibres optiques con\u00e7us pour les applications ext\u00e9rieures, r\u00e9sistants aux contraintes extr\u00eames : feu, eau, traction, passage de v\u00e9hicules...\",\"breadcrumb\":{\"@id\":\"https:\\\/\\\/www.sedi-ati.com\\\/fr\\\/cordons-et-cables-fibre-optique-speciaux\\\/cable-de-fibres-optiques-pour-usage-en-exterieur\\\/#breadcrumb\"},\"inLanguage\":\"fr-FR\",\"potentialAction\":[{\"@type\":\"ReadAction\",\"target\":[\"https:\\\/\\\/www.sedi-ati.com\\\/fr\\\/cordons-et-cables-fibre-optique-speciaux\\\/cable-de-fibres-optiques-pour-usage-en-exterieur\\\/\"]}]},{\"@type\":\"ImageObject\",\"inLanguage\":\"fr-FR\",\"@id\":\"https:\\\/\\\/www.sedi-ati.com\\\/fr\\\/cordons-et-cables-fibre-optique-speciaux\\\/cable-de-fibres-optiques-pour-usage-en-exterieur\\\/#primaryimage\",\"url\":\"https:\\\/\\\/www.sedi-ati.com\\\/wp-content\\\/uploads\\\/2025\\\/09\\\/Simplex-ruggedized4.5-mm.jpg\",\"contentUrl\":\"https:\\\/\\\/www.sedi-ati.com\\\/wp-content\\\/uploads\\\/2025\\\/09\\\/Simplex-ruggedized4.5-mm.jpg\",\"width\":400,\"height\":400},{\"@type\":\"BreadcrumbList\",\"@id\":\"https:\\\/\\\/www.sedi-ati.com\\\/fr\\\/cordons-et-cables-fibre-optique-speciaux\\\/cable-de-fibres-optiques-pour-usage-en-exterieur\\\/#breadcrumb\",\"itemListElement\":[{\"@type\":\"ListItem\",\"position\":1,\"name\":\"Home\",\"item\":\"https:\\\/\\\/www.sedi-ati.com\\\/fr\\\/\"},{\"@type\":\"ListItem\",\"position\":2,\"name\":\"Produits\",\"item\":\"https:\\\/\\\/www.sedi-ati.com\\\/fr\\\/shop\\\/\"},{\"@type\":\"ListItem\",\"position\":3,\"name\":\"Cordons et c\u00e2bles fibre optique sp\u00e9ciaux\",\"item\":\"https:\\\/\\\/www.sedi-ati.com\\\/fr\\\/cordons-et-cables-fibre-optique-speciaux\\\/\"},{\"@type\":\"ListItem\",\"position\":4,\"name\":\"C\u00e2ble de fibres optiques pour usage en ext\u00e9rieur\"}]},{\"@type\":\"WebSite\",\"@id\":\"https:\\\/\\\/www.sedi-ati.com\\\/fr\\\/#website\",\"url\":\"https:\\\/\\\/www.sedi-ati.com\\\/fr\\\/\",\"name\":\"SEDI-ATI\",\"description\":\"Assemblages de fibres optiques sur mesure, bundles, fentes et pieuvres\",\"publisher\":{\"@id\":\"https:\\\/\\\/www.sedi-ati.com\\\/fr\\\/#organization\"},\"potentialAction\":[{\"@type\":\"SearchAction\",\"target\":{\"@type\":\"EntryPoint\",\"urlTemplate\":\"https:\\\/\\\/www.sedi-ati.com\\\/fr\\\/?s={search_term_string}\"},\"query-input\":{\"@type\":\"PropertyValueSpecification\",\"valueRequired\":true,\"valueName\":\"search_term_string\"}}],\"inLanguage\":\"fr-FR\"},{\"@type\":\"Organization\",\"@id\":\"https:\\\/\\\/www.sedi-ati.com\\\/fr\\\/#organization\",\"name\":\"SEDI-ATI\",\"url\":\"https:\\\/\\\/www.sedi-ati.com\\\/fr\\\/\",\"logo\":{\"@type\":\"ImageObject\",\"inLanguage\":\"fr-FR\",\"@id\":\"https:\\\/\\\/www.sedi-ati.com\\\/fr\\\/#\\\/schema\\\/logo\\\/image\\\/\",\"url\":\"https:\\\/\\\/www.sedi-ati.com\\\/wp-content\\\/uploads\\\/2019\\\/10\\\/Logo_SEDI-ATI_2019_avec-baseline.png\",\"contentUrl\":\"https:\\\/\\\/www.sedi-ati.com\\\/wp-content\\\/uploads\\\/2019\\\/10\\\/Logo_SEDI-ATI_2019_avec-baseline.png\",\"width\":300,\"height\":73,\"caption\":\"SEDI-ATI\"},\"image\":{\"@id\":\"https:\\\/\\\/www.sedi-ati.com\\\/fr\\\/#\\\/schema\\\/logo\\\/image\\\/\"},\"sameAs\":[\"https:\\\/\\\/www.linkedin.com\\\/company\\\/sedi-ati-fibres-optiques\\\/\",\"https:\\\/\\\/www.youtube.com\\\/@sedi-ati-fibres-optiques\"]}]}<\/script>\n<!-- \/ Yoast SEO plugin. -->","yoast_head_json":{"title":"C\u00e2ble de fibres optiques pour usage en ext\u00e9rieur - SEDI-ATI","description":"SEDI-ATI by Fiber Optics Group propose des c\u00e2bles \u00e0 fibres optiques con\u00e7us pour les applications ext\u00e9rieures, r\u00e9sistants aux contraintes extr\u00eames : feu, eau, traction, passage de v\u00e9hicules...","robots":{"index":"index","follow":"follow","max-snippet":"max-snippet:-1","max-image-preview":"max-image-preview:large","max-video-preview":"max-video-preview:-1"},"canonical":"https:\/\/www.sedi-ati.com\/fr\/cordons-et-cables-fibre-optique-speciaux\/cable-de-fibres-optiques-pour-usage-en-exterieur\/","og_locale":"fr_FR","og_type":"article","og_title":"C\u00e2ble de fibres optiques pour usage en ext\u00e9rieur - SEDI-ATI","og_description":"SEDI-ATI by Fiber Optics Group propose des c\u00e2bles \u00e0 fibres optiques con\u00e7us pour les applications ext\u00e9rieures, r\u00e9sistants aux contraintes extr\u00eames : feu, eau, traction, passage de v\u00e9hicules...","og_url":"https:\/\/www.sedi-ati.com\/fr\/cordons-et-cables-fibre-optique-speciaux\/cable-de-fibres-optiques-pour-usage-en-exterieur\/","og_site_name":"SEDI-ATI","article_modified_time":"2025-09-25T14:19:03+00:00","og_image":[{"width":400,"height":400,"url":"https:\/\/www.sedi-ati.com\/wp-content\/uploads\/2025\/09\/Simplex-ruggedized4.5-mm.jpg","type":"image\/jpeg"}],"twitter_card":"summary_large_image","twitter_misc":{"Dur\u00e9e de lecture estim\u00e9e":"3 minutes"},"schema":{"@context":"https:\/\/schema.org","@graph":[{"@type":"WebPage","@id":"https:\/\/www.sedi-ati.com\/fr\/cordons-et-cables-fibre-optique-speciaux\/cable-de-fibres-optiques-pour-usage-en-exterieur\/","url":"https:\/\/www.sedi-ati.com\/fr\/cordons-et-cables-fibre-optique-speciaux\/cable-de-fibres-optiques-pour-usage-en-exterieur\/","name":"C\u00e2ble de fibres optiques pour usage en ext\u00e9rieur - SEDI-ATI","isPartOf":{"@id":"https:\/\/www.sedi-ati.com\/fr\/#website"},"primaryImageOfPage":{"@id":"https:\/\/www.sedi-ati.com\/fr\/cordons-et-cables-fibre-optique-speciaux\/cable-de-fibres-optiques-pour-usage-en-exterieur\/#primaryimage"},"image":{"@id":"https:\/\/www.sedi-ati.com\/fr\/cordons-et-cables-fibre-optique-speciaux\/cable-de-fibres-optiques-pour-usage-en-exterieur\/#primaryimage"},"thumbnailUrl":"https:\/\/www.sedi-ati.com\/wp-content\/uploads\/2025\/09\/Simplex-ruggedized4.5-mm.jpg","datePublished":"2025-09-02T08:08:49+00:00","dateModified":"2025-09-25T14:19:03+00:00","description":"SEDI-ATI by Fiber Optics Group propose des c\u00e2bles \u00e0 fibres optiques con\u00e7us pour les applications ext\u00e9rieures, r\u00e9sistants aux contraintes extr\u00eames : feu, eau, traction, passage de v\u00e9hicules...","breadcrumb":{"@id":"https:\/\/www.sedi-ati.com\/fr\/cordons-et-cables-fibre-optique-speciaux\/cable-de-fibres-optiques-pour-usage-en-exterieur\/#breadcrumb"},"inLanguage":"fr-FR","potentialAction":[{"@type":"ReadAction","target":["https:\/\/www.sedi-ati.com\/fr\/cordons-et-cables-fibre-optique-speciaux\/cable-de-fibres-optiques-pour-usage-en-exterieur\/"]}]},{"@type":"ImageObject","inLanguage":"fr-FR","@id":"https:\/\/www.sedi-ati.com\/fr\/cordons-et-cables-fibre-optique-speciaux\/cable-de-fibres-optiques-pour-usage-en-exterieur\/#primaryimage","url":"https:\/\/www.sedi-ati.com\/wp-content\/uploads\/2025\/09\/Simplex-ruggedized4.5-mm.jpg","contentUrl":"https:\/\/www.sedi-ati.com\/wp-content\/uploads\/2025\/09\/Simplex-ruggedized4.5-mm.jpg","width":400,"height":400},{"@type":"BreadcrumbList","@id":"https:\/\/www.sedi-ati.com\/fr\/cordons-et-cables-fibre-optique-speciaux\/cable-de-fibres-optiques-pour-usage-en-exterieur\/#breadcrumb","itemListElement":[{"@type":"ListItem","position":1,"name":"Home","item":"https:\/\/www.sedi-ati.com\/fr\/"},{"@type":"ListItem","position":2,"name":"Produits","item":"https:\/\/www.sedi-ati.com\/fr\/shop\/"},{"@type":"ListItem","position":3,"name":"Cordons et c\u00e2bles fibre optique sp\u00e9ciaux","item":"https:\/\/www.sedi-ati.com\/fr\/cordons-et-cables-fibre-optique-speciaux\/"},{"@type":"ListItem","position":4,"name":"C\u00e2ble de fibres optiques pour usage en ext\u00e9rieur"}]},{"@type":"WebSite","@id":"https:\/\/www.sedi-ati.com\/fr\/#website","url":"https:\/\/www.sedi-ati.com\/fr\/","name":"SEDI-ATI","description":"Assemblages de fibres optiques sur mesure, bundles, fentes et pieuvres","publisher":{"@id":"https:\/\/www.sedi-ati.com\/fr\/#organization"},"potentialAction":[{"@type":"SearchAction","target":{"@type":"EntryPoint","urlTemplate":"https:\/\/www.sedi-ati.com\/fr\/?s={search_term_string}"},"query-input":{"@type":"PropertyValueSpecification","valueRequired":true,"valueName":"search_term_string"}}],"inLanguage":"fr-FR"},{"@type":"Organization","@id":"https:\/\/www.sedi-ati.com\/fr\/#organization","name":"SEDI-ATI","url":"https:\/\/www.sedi-ati.com\/fr\/","logo":{"@type":"ImageObject","inLanguage":"fr-FR","@id":"https:\/\/www.sedi-ati.com\/fr\/#\/schema\/logo\/image\/","url":"https:\/\/www.sedi-ati.com\/wp-content\/uploads\/2019\/10\/Logo_SEDI-ATI_2019_avec-baseline.png","contentUrl":"https:\/\/www.sedi-ati.com\/wp-content\/uploads\/2019\/10\/Logo_SEDI-ATI_2019_avec-baseline.png","width":300,"height":73,"caption":"SEDI-ATI"},"image":{"@id":"https:\/\/www.sedi-ati.com\/fr\/#\/schema\/logo\/image\/"},"sameAs":["https:\/\/www.linkedin.com\/company\/sedi-ati-fibres-optiques\/","https:\/\/www.youtube.com\/@sedi-ati-fibres-optiques"]}]}},"_links":{"self":[{"href":"https:\/\/www.sedi-ati.com\/fr\/wp-json\/wp\/v2\/product\/21130","targetHints":{"allow":["GET"]}}],"collection":[{"href":"https:\/\/www.sedi-ati.com\/fr\/wp-json\/wp\/v2\/product"}],"about":[{"href":"https:\/\/www.sedi-ati.com\/fr\/wp-json\/wp\/v2\/types\/product"}],"wp:featuredmedia":[{"embeddable":true,"href":"https:\/\/www.sedi-ati.com\/fr\/wp-json\/wp\/v2\/media\/21236"}],"wp:attachment":[{"href":"https:\/\/www.sedi-ati.com\/fr\/wp-json\/wp\/v2\/media?parent=21130"}],"wp:term":[{"taxonomy":"product_brand","embeddable":true,"href":"https:\/\/www.sedi-ati.com\/fr\/wp-json\/wp\/v2\/product_brand?post=21130"},{"taxonomy":"product_cat","embeddable":true,"href":"https:\/\/www.sedi-ati.com\/fr\/wp-json\/wp\/v2\/product_cat?post=21130"},{"taxonomy":"product_tag","embeddable":true,"href":"https:\/\/www.sedi-ati.com\/fr\/wp-json\/wp\/v2\/product_tag?post=21130"}],"curies":[{"name":"wp","href":"https:\/\/api.w.org\/{rel}","templated":true}]}}