{"id":21595,"date":"2026-01-09T10:31:09","date_gmt":"2026-01-09T09:31:09","guid":{"rendered":"https:\/\/www.sedi-ati.com\/?post_type=product&#038;p=21595"},"modified":"2026-01-09T10:32:55","modified_gmt":"2026-01-09T09:32:55","slug":"traversees-etanches-fibres-optiques-a-souder-sans-bride","status":"publish","type":"product","link":"https:\/\/www.sedi-ati.com\/fr\/traversees-et-passages-etanches-a-fibres-optiques\/traversees-etanches-fibres-optiques-a-souder-sans-bride\/","title":{"rendered":"Travers\u00e9es \u00e9tanches fibres optiques \u00e0 souder sans bride"},"content":{"rendered":"<section class=\"wpb-content-wrapper\"><p>[vc_row content_placement=\u00a0\u00bbmiddle\u00a0\u00bb el_class=\u00a0\u00bbz-index-1 chevauchement-horizontal-range range-applications\u00a0\u00bb][vc_column width=\u00a0\u00bb3\/5&Prime; el_class=\u00a0\u00bbshadow border-radius-hd-bd line-bottom line-blue block-grand-text\u00a0\u00bb css=\u00a0\u00bb.vc_custom_1697122932878{background-color: #dfe2e8 !important;}\u00a0\u00bb][vc_raw_html el_class=\u00a0\u00bbgros-titre flex-column-mobile\u00a0\u00bb]JTNDcCUzRVRyYXZlcnMlQzMlQTllcyUzQ3NwYW4lMjBjbGFzcyUzRCUyMnBvaW50LXJvdWdlJTIyJTNFJTNDJTJGc3BhbiUzRSVDMyU4OXRhbmNoZXMlM0MlMkZwJTNF[\/vc_raw_html][vc_column_text el_class=\u00a0\u00bbtitre-baseline\u00a0\u00bb]<\/p>\n<h2>Conception de travers\u00e9es \u00e9tanches fibres optiques<\/h2>\n<p>[\/vc_column_text][vc_column_text]<strong>Les travers\u00e9es \u00e9tanches \u00e0 base de fibres optiques KTRAV-T10<\/strong> et<strong> KTRAV-T12<\/strong> sont disponibles sans bride pour les applications en environnements vides et ultra-vide. Elles offrent un haut niveau d&rsquo;\u00e9tanch\u00e9it\u00e9 jusqu&rsquo;\u00e0 10<sup>-11<\/sup> mbar.l\/s.[\/vc_column_text][vc_btn title=\u00a0\u00bbDemandez un devis\u00a0\u00bb style=\u00a0\u00bbcustom\u00a0\u00bb custom_background=\u00a0\u00bb#132f40&Prime; custom_text=\u00a0\u00bb#ffffff\u00a0\u00bb shape=\u00a0\u00bbsquare\u00a0\u00bb link=\u00a0\u00bburl:https%3A%2F%2Fwww.sedi-ati.com%2Ffr%2Fdemande-de-devis%2F\u00a0\u00bb el_class=\u00a0\u00bbline-bottom line-blue\u00a0\u00bb][\/vc_column][vc_column width=\u00a0\u00bb1\/2&Prime; el_class=\u00a0\u00bbimg-entete\u00a0\u00bb][vc_single_image image=\u00a0\u00bb21598&Prime; img_size=\u00a0\u00bbfull\u00a0\u00bb][\/vc_column][\/vc_row][vc_row full_width=\u00a0\u00bbstretch_row_content\u00a0\u00bb el_class=\u00a0\u00bbfull-with-4000&Prime; css=\u00a0\u00bb.vc_custom_1697123857798{background-color: #dfe2e8 !important;}\u00a0\u00bb][vc_column width=\u00a0\u00bb1\/2&Prime;][vc_row_inner][vc_column_inner width=\u00a0\u00bb1\/3&Prime;][\/vc_column_inner][vc_column_inner width=\u00a0\u00bb2\/3&Prime;][vc_raw_html el_class=\u00a0\u00bbpetit-titre\u00a0\u00bb]JTNDcCUzRUNhcmFjdCVDMyVBOXJpc3RpcXVlcyUzQ3NwYW4lMjBjbGFzcyUzRCUyMnBvaW50LXJvdWdlJTIwcG9pbnQtcGV0aXQlMjIlM0UlM0MlMkZzcGFuJTNFUHJpbmNpcGFsZXMlM0MlMkZwJTNF[\/vc_raw_html][vc_column_text]KTRAV-T10<\/p>\n<ul>\n<li>\u00c9tanche \u00e0 10<sup>-10<\/sup> mbars.l\/s<\/li>\n<li>Fibres SM ou MM<\/li>\n<li>Adaptateurs FC\/PC pour fibres avec un diam\u00e8tre de gaine maximal de 125 \u03bcm<\/li>\n<li>Adaptateurs SMA pour fibres avec un diam\u00e8tre de c\u0153ur maximal de 1000 \u03bcm<\/li>\n<li>Conception reconfigurable<\/li>\n<\/ul>\n<p>KTRAV-T12<\/p>\n<ul>\n<li>\u00c9tanche \u00e0 10<sup>-11<\/sup> mbars.l\/s<\/li>\n<li>Fibres PM, SM ou MM avec un diam\u00e8tre de gaine maximal de 125 \u03bcm<\/li>\n<li>Adaptateurs FC\/APC ou FC\/PC<\/li>\n<li>Conception robuste<\/li>\n<\/ul>\n<p>[\/vc_column_text][\/vc_column_inner][\/vc_row_inner][\/vc_column][vc_column width=\u00a0\u00bb1\/2&Prime;][vc_row_inner][vc_column_inner width=\u00a0\u00bb1\/6&Prime;][\/vc_column_inner][vc_column_inner el_class=\u00a0\u00bbshadow border-radius-hd-bd line-bottom line-blue\u00a0\u00bb width=\u00a0\u00bb2\/3&Prime; css=\u00a0\u00bb.vc_custom_1697123826377{background-color: #ffffff !important;}\u00a0\u00bb][vc_column_text el_class=\u00a0\u00bbbaseline\u00a0\u00bb]<\/p>\n<p style=\"text-align: center;\">N&rsquo;h\u00e9sitez pas \u00e0 vous rapprocher de nous et \u00e0 nous faire part de votre demande sp\u00e9cifique<\/p>\n<p>[\/vc_column_text][vc_btn title=\u00a0\u00bbContact\u00a0\u00bb style=\u00a0\u00bbcustom\u00a0\u00bb custom_background=\u00a0\u00bb#132f40&Prime; custom_text=\u00a0\u00bb#ffffff\u00a0\u00bb shape=\u00a0\u00bbsquare\u00a0\u00bb align=\u00a0\u00bbcenter\u00a0\u00bb link=\u00a0\u00bburl:https%3A%2F%2Fwww.sedi-ati.com%2Ffr%2Fcontact%2F\u00a0\u00bb el_class=\u00a0\u00bbline-bottom line-blue\u00a0\u00bb][\/vc_column_inner][vc_column_inner width=\u00a0\u00bb1\/6&Prime;][\/vc_column_inner][\/vc_row_inner][\/vc_column][\/vc_row][vc_row][vc_column width=\u00a0\u00bb1\/2&Prime;][vc_column_text]La s\u00e9rie KTRAV-T10\/T12 comprend des travers\u00e9es \u00e0 fibre optique \u00e0 profil bas con\u00e7ues pour les applications en <strong>environnement ultra-vide (UHV)<\/strong>. Ces versions sont livr\u00e9es <strong>sans brides<\/strong> et peuvent \u00eatre <strong>soud\u00e9es au laser<\/strong> sur des brides en acier inoxydable si n\u00e9cessaire.<\/p>\n<p>Deux configurations sont disponibles :<\/p>\n<p><strong>KTRAV-T10<\/strong> \u2013 Conception reconfigurable,<br \/>\n<strong>KTRAV-T12<\/strong> \u2013 Conception robuste.<\/p>\n<p><strong>Travers\u00e9e reconfigurable KTRAV-T10<\/strong><\/p>\n<p>La KTRAV-T10 est dot\u00e9e de pi\u00e8ces internes amovibles, ce qui permet \u00e0 notre \u00e9quipe de production de remplacer la fibre optique \u00e0 la demande du client. Cette version est disponible avec une interface <strong>FC\/PC<\/strong> pour les fibres monomodes, les fibres multimodes \u00e0 gradient d&rsquo;indice et les fibres multimodes \u00e0 saut d&rsquo;indice avec un diam\u00e8tre de gaine maximal de 125 \u03bcm. Elle peut \u00e9galement \u00eatre fournie avec une interface <strong>SMA<\/strong>, compatible avec les fibres multimodes \u00e0 saut d&rsquo;indice \u00e0 grand c\u0153ur allant de 100 \u03bcm \u00e0 1000 \u03bcm, y compris les fibres \u00e0 faible OH, \u00e0 OH \u00e9lev\u00e9 et r\u00e9sistantes \u00e0 la solarisation.[\/vc_column_text][\/vc_column][vc_column width=\u00a0\u00bb1\/2&Prime;][vc_column_text]<strong>KTRAV-T12 Travers\u00e9e renforc\u00e9e<\/strong><\/p>\n<p>Le KTRAV-T12 est une version renforc\u00e9e et scell\u00e9e sans pi\u00e8ces internes amovibles, offrant une stabilit\u00e9 m\u00e9canique am\u00e9lior\u00e9e. Elle est optimis\u00e9e pour les fibres \u00e0<strong> maintien de polarisation (PM)<\/strong> et disponible avec des adaptateurs <strong>FC\/APC<\/strong> ou <strong>FC\/PC<\/strong>. D&rsquo;autres types de fibres avec un diam\u00e8tre de gaine maximal de 125 \u03bcm peuvent \u00e9galement \u00eatre utilis\u00e9s.<\/p>\n<p><strong>Performances herm\u00e9tiques<\/strong><\/p>\n<p>KTRAV-T10 : herm\u00e9ticit\u00e9 sup\u00e9rieure \u00e0 10<sup>-10<\/sup> mbar\u00b7l\/s<br \/>\nKTRAV-T12 : herm\u00e9ticit\u00e9 sup\u00e9rieure \u00e0 10<sup>-11<\/sup> mbar\u00b7l\/s<\/p>\n<p><strong>Remarque<\/strong> : les travers\u00e9es peuvent \u00eatre fournies soud\u00e9es au laser sur une bride en acier inoxydable 304L (CF, KF ou ISO). Pour plus de d\u00e9tails, consultez nos fiches techniques :<\/p>\n<p>DTSKTRAVT10F \u2013 Travers\u00e9e fibre optique UHV avec interface adaptateur sur bride<\/p>\n<p>DTSKTRAVT12F \u2013 Travers\u00e9e fibre optique PM UHV avec interface adaptateur sur bride[\/vc_column_text][\/vc_column][\/vc_row][vc_row][vc_column][vc_empty_space][\/vc_column][\/vc_row][vc_row full_width=\u00a0\u00bbstretch_row\u00a0\u00bb css=\u00a0\u00bb.vc_custom_1697124849661{background-color: #dfe2e8 !important;}\u00a0\u00bb][vc_column][vc_row_inner][vc_column_inner width=\u00a0\u00bb1\/6&Prime;][\/vc_column_inner][vc_column_inner el_class=\u00a0\u00bbshadow border-radius-hd-bd line-bottom line-blue\u00a0\u00bb width=\u00a0\u00bb2\/3&Prime; css=\u00a0\u00bb.vc_custom_1697124911605{background-color: #ffffff !important;}\u00a0\u00bb][vc_column_text el_class=\u00a0\u00bbbaseline\u00a0\u00bb]<\/p>\n<p style=\"text-align: center;\">N&rsquo;h\u00e9sitez pas \u00e0 vous rapprocher de nous et \u00e0 nous faire part de votre demande sp\u00e9cifique<\/p>\n<p>[\/vc_column_text][vc_btn title=\u00a0\u00bbDemande de devis\u00a0\u00bb style=\u00a0\u00bbcustom\u00a0\u00bb custom_background=\u00a0\u00bb#132f40&Prime; custom_text=\u00a0\u00bb#ffffff\u00a0\u00bb shape=\u00a0\u00bbsquare\u00a0\u00bb align=\u00a0\u00bbcenter\u00a0\u00bb link=\u00a0\u00bburl:https%3A%2F%2Fwww.sedi-ati.com%2Ffr%2Fdemande-de-devis%2F\u00a0\u00bb el_class=\u00a0\u00bbline-bottom line-blue\u00a0\u00bb][\/vc_column_inner][vc_column_inner width=\u00a0\u00bb1\/6&Prime;][\/vc_column_inner][\/vc_row_inner][\/vc_column][\/vc_row][vc_row full_width=\u00a0\u00bbstretch_row\u00a0\u00bb content_placement=\u00a0\u00bbmiddle\u00a0\u00bb][vc_column][vc_text_separator title=\u00a0\u00bbCas clients\u00a0\u00bb title_align=\u00a0\u00bbseparator_align_left\u00a0\u00bb color=\u00a0\u00bbcustom\u00a0\u00bb border_width=\u00a0\u00bb2&Prime; accent_color=\u00a0\u00bb#0f0f0f\u00a0\u00bb el_class=\u00a0\u00bbpetit-titre\u00a0\u00bb][vc_empty_space height=\u00a0\u00bb10px\u00a0\u00bb][vc_basic_grid post_type=\u00a0\u00bbcas_client\u00a0\u00bb max_items=\u00a0\u00bb10&Prime; item=\u00a0\u00bb14900&Prime; grid_id=\u00a0\u00bbvc_gid:1767951222000-542b9324-8c63-10&Prime; taxonomies=\u00a0\u00bb434018, 434120&Prime;][\/vc_column][\/vc_row][vc_row][vc_column][vc_btn title=\u00a0\u00bb^\u00a0\u00bb style=\u00a0\u00bbflat\u00a0\u00bb shape=\u00a0\u00bbsquare\u00a0\u00bb link=\u00a0\u00bburl:%23Wrapper\u00a0\u00bb el_class=\u00a0\u00bbbtn-haut\u00a0\u00bb][\/vc_column][\/vc_row]<\/p>\n<\/section>","protected":false},"excerpt":{"rendered":"<p>Les travers\u00e9es \u00e9tanches \u00e0 fibre optique KTRAV-T10 et KTRAV-T12 sont disponibles sans bride pour les applications vide et ultra-vide. Elles offrent un haut niveau d&rsquo;\u00e9tanch\u00e9it\u00e9 jusqu&rsquo;\u00e0 10<sup>-11<\/sup> mbar.l\/s.<\/p>\n","protected":false},"featured_media":21599,"template":"","meta":{"_acf_changed":false,"rs_blank_template":"","rs_page_bg_color":"","slide_template_v7":""},"product_brand":[],"product_cat":[432292],"product_tag":[434220,434221],"class_list":{"0":"post-21595","1":"product","2":"type-product","3":"status-publish","4":"has-post-thumbnail","6":"product_cat-traversees-et-passages-etanches-a-fibres-optiques","7":"product_tag-traversees-etanches","8":"product_tag-vide-ultra-vide","10":"first","11":"instock","12":"shipping-taxable","13":"product-type-simple"},"acf":[],"yoast_head":"<!-- This site is optimized with the Yoast SEO plugin v27.5 - https:\/\/yoast.com\/product\/yoast-seo-wordpress\/ -->\n<title>Travers\u00e9es \u00e9tanches fibres optiques \u00e0 souder sans bride - SEDI-ATI<\/title>\n<meta name=\"description\" content=\"Les travers\u00e9es \u00e9tanches \u00e0 fibre optique KTRAV-T10 et KTRAV-T12 sont disponibles sans bride pour les applications vide et ultra-vide. Elles offrent un haut niveau d&#039;\u00e9tanch\u00e9it\u00e9 jusqu&#039;\u00e0 10-11 mbar.l\/s.\" \/>\n<meta name=\"robots\" content=\"index, follow, max-snippet:-1, max-image-preview:large, max-video-preview:-1\" \/>\n<link rel=\"canonical\" href=\"https:\/\/www.sedi-ati.com\/fr\/traversees-et-passages-etanches-a-fibres-optiques\/traversees-etanches-fibres-optiques-a-souder-sans-bride\/\" \/>\n<meta property=\"og:locale\" content=\"fr_FR\" \/>\n<meta property=\"og:type\" content=\"article\" \/>\n<meta property=\"og:title\" content=\"Travers\u00e9es \u00e9tanches fibres optiques \u00e0 souder sans bride - SEDI-ATI\" \/>\n<meta property=\"og:description\" content=\"Les travers\u00e9es \u00e9tanches \u00e0 fibre optique KTRAV-T10 et KTRAV-T12 sont disponibles sans bride pour les applications vide et ultra-vide. Elles offrent un haut niveau d&#039;\u00e9tanch\u00e9it\u00e9 jusqu&#039;\u00e0 10-11 mbar.l\/s.\" \/>\n<meta property=\"og:url\" content=\"https:\/\/www.sedi-ati.com\/fr\/traversees-et-passages-etanches-a-fibres-optiques\/traversees-etanches-fibres-optiques-a-souder-sans-bride\/\" \/>\n<meta property=\"og:site_name\" content=\"SEDI-ATI\" \/>\n<meta property=\"article:modified_time\" content=\"2026-01-09T09:32:55+00:00\" \/>\n<meta property=\"og:image\" content=\"https:\/\/www.sedi-ati.com\/wp-content\/uploads\/2025\/12\/Fut-a-souder.jpg\" \/>\n\t<meta property=\"og:image:width\" content=\"400\" \/>\n\t<meta property=\"og:image:height\" content=\"400\" \/>\n\t<meta property=\"og:image:type\" content=\"image\/jpeg\" \/>\n<meta name=\"twitter:card\" content=\"summary_large_image\" \/>\n<meta name=\"twitter:label1\" content=\"Dur\u00e9e de lecture estim\u00e9e\" \/>\n\t<meta name=\"twitter:data1\" content=\"4 minutes\" \/>\n<script type=\"application\/ld+json\" class=\"yoast-schema-graph\">{\"@context\":\"https:\\\/\\\/schema.org\",\"@graph\":[{\"@type\":\"WebPage\",\"@id\":\"https:\\\/\\\/www.sedi-ati.com\\\/fr\\\/traversees-et-passages-etanches-a-fibres-optiques\\\/traversees-etanches-fibres-optiques-a-souder-sans-bride\\\/\",\"url\":\"https:\\\/\\\/www.sedi-ati.com\\\/fr\\\/traversees-et-passages-etanches-a-fibres-optiques\\\/traversees-etanches-fibres-optiques-a-souder-sans-bride\\\/\",\"name\":\"Travers\u00e9es \u00e9tanches fibres optiques \u00e0 souder sans bride - SEDI-ATI\",\"isPartOf\":{\"@id\":\"https:\\\/\\\/www.sedi-ati.com\\\/fr\\\/#website\"},\"primaryImageOfPage\":{\"@id\":\"https:\\\/\\\/www.sedi-ati.com\\\/fr\\\/traversees-et-passages-etanches-a-fibres-optiques\\\/traversees-etanches-fibres-optiques-a-souder-sans-bride\\\/#primaryimage\"},\"image\":{\"@id\":\"https:\\\/\\\/www.sedi-ati.com\\\/fr\\\/traversees-et-passages-etanches-a-fibres-optiques\\\/traversees-etanches-fibres-optiques-a-souder-sans-bride\\\/#primaryimage\"},\"thumbnailUrl\":\"https:\\\/\\\/www.sedi-ati.com\\\/wp-content\\\/uploads\\\/2025\\\/12\\\/Fut-a-souder.jpg\",\"datePublished\":\"2026-01-09T09:31:09+00:00\",\"dateModified\":\"2026-01-09T09:32:55+00:00\",\"description\":\"Les travers\u00e9es \u00e9tanches \u00e0 fibre optique KTRAV-T10 et KTRAV-T12 sont disponibles sans bride pour les applications vide et ultra-vide. Elles offrent un haut niveau d'\u00e9tanch\u00e9it\u00e9 jusqu'\u00e0 10-11 mbar.l\\\/s.\",\"breadcrumb\":{\"@id\":\"https:\\\/\\\/www.sedi-ati.com\\\/fr\\\/traversees-et-passages-etanches-a-fibres-optiques\\\/traversees-etanches-fibres-optiques-a-souder-sans-bride\\\/#breadcrumb\"},\"inLanguage\":\"fr-FR\",\"potentialAction\":[{\"@type\":\"ReadAction\",\"target\":[\"https:\\\/\\\/www.sedi-ati.com\\\/fr\\\/traversees-et-passages-etanches-a-fibres-optiques\\\/traversees-etanches-fibres-optiques-a-souder-sans-bride\\\/\"]}]},{\"@type\":\"ImageObject\",\"inLanguage\":\"fr-FR\",\"@id\":\"https:\\\/\\\/www.sedi-ati.com\\\/fr\\\/traversees-et-passages-etanches-a-fibres-optiques\\\/traversees-etanches-fibres-optiques-a-souder-sans-bride\\\/#primaryimage\",\"url\":\"https:\\\/\\\/www.sedi-ati.com\\\/wp-content\\\/uploads\\\/2025\\\/12\\\/Fut-a-souder.jpg\",\"contentUrl\":\"https:\\\/\\\/www.sedi-ati.com\\\/wp-content\\\/uploads\\\/2025\\\/12\\\/Fut-a-souder.jpg\",\"width\":400,\"height\":400},{\"@type\":\"BreadcrumbList\",\"@id\":\"https:\\\/\\\/www.sedi-ati.com\\\/fr\\\/traversees-et-passages-etanches-a-fibres-optiques\\\/traversees-etanches-fibres-optiques-a-souder-sans-bride\\\/#breadcrumb\",\"itemListElement\":[{\"@type\":\"ListItem\",\"position\":1,\"name\":\"Home\",\"item\":\"https:\\\/\\\/www.sedi-ati.com\\\/fr\\\/\"},{\"@type\":\"ListItem\",\"position\":2,\"name\":\"Produits\",\"item\":\"https:\\\/\\\/www.sedi-ati.com\\\/fr\\\/shop\\\/\"},{\"@type\":\"ListItem\",\"position\":3,\"name\":\"Travers\u00e9es et passages \u00e9tanches \u00e0 fibres optiques\",\"item\":\"https:\\\/\\\/www.sedi-ati.com\\\/fr\\\/traversees-et-passages-etanches-a-fibres-optiques\\\/\"},{\"@type\":\"ListItem\",\"position\":4,\"name\":\"Travers\u00e9es \u00e9tanches fibres optiques \u00e0 souder sans bride\"}]},{\"@type\":\"WebSite\",\"@id\":\"https:\\\/\\\/www.sedi-ati.com\\\/fr\\\/#website\",\"url\":\"https:\\\/\\\/www.sedi-ati.com\\\/fr\\\/\",\"name\":\"SEDI-ATI\",\"description\":\"Assemblages de fibres optiques sur mesure, bundles, fentes et pieuvres\",\"publisher\":{\"@id\":\"https:\\\/\\\/www.sedi-ati.com\\\/fr\\\/#organization\"},\"potentialAction\":[{\"@type\":\"SearchAction\",\"target\":{\"@type\":\"EntryPoint\",\"urlTemplate\":\"https:\\\/\\\/www.sedi-ati.com\\\/fr\\\/?s={search_term_string}\"},\"query-input\":{\"@type\":\"PropertyValueSpecification\",\"valueRequired\":true,\"valueName\":\"search_term_string\"}}],\"inLanguage\":\"fr-FR\"},{\"@type\":\"Organization\",\"@id\":\"https:\\\/\\\/www.sedi-ati.com\\\/fr\\\/#organization\",\"name\":\"SEDI-ATI\",\"url\":\"https:\\\/\\\/www.sedi-ati.com\\\/fr\\\/\",\"logo\":{\"@type\":\"ImageObject\",\"inLanguage\":\"fr-FR\",\"@id\":\"https:\\\/\\\/www.sedi-ati.com\\\/fr\\\/#\\\/schema\\\/logo\\\/image\\\/\",\"url\":\"https:\\\/\\\/www.sedi-ati.com\\\/wp-content\\\/uploads\\\/2019\\\/10\\\/Logo_SEDI-ATI_2019_avec-baseline.png\",\"contentUrl\":\"https:\\\/\\\/www.sedi-ati.com\\\/wp-content\\\/uploads\\\/2019\\\/10\\\/Logo_SEDI-ATI_2019_avec-baseline.png\",\"width\":300,\"height\":73,\"caption\":\"SEDI-ATI\"},\"image\":{\"@id\":\"https:\\\/\\\/www.sedi-ati.com\\\/fr\\\/#\\\/schema\\\/logo\\\/image\\\/\"},\"sameAs\":[\"https:\\\/\\\/www.linkedin.com\\\/company\\\/sedi-ati-fibres-optiques\\\/\",\"https:\\\/\\\/www.youtube.com\\\/@sedi-ati-fibres-optiques\"]}]}<\/script>\n<!-- \/ Yoast SEO plugin. -->","yoast_head_json":{"title":"Travers\u00e9es \u00e9tanches fibres optiques \u00e0 souder sans bride - SEDI-ATI","description":"Les travers\u00e9es \u00e9tanches \u00e0 fibre optique KTRAV-T10 et KTRAV-T12 sont disponibles sans bride pour les applications vide et ultra-vide. Elles offrent un haut niveau d'\u00e9tanch\u00e9it\u00e9 jusqu'\u00e0 10-11 mbar.l\/s.","robots":{"index":"index","follow":"follow","max-snippet":"max-snippet:-1","max-image-preview":"max-image-preview:large","max-video-preview":"max-video-preview:-1"},"canonical":"https:\/\/www.sedi-ati.com\/fr\/traversees-et-passages-etanches-a-fibres-optiques\/traversees-etanches-fibres-optiques-a-souder-sans-bride\/","og_locale":"fr_FR","og_type":"article","og_title":"Travers\u00e9es \u00e9tanches fibres optiques \u00e0 souder sans bride - SEDI-ATI","og_description":"Les travers\u00e9es \u00e9tanches \u00e0 fibre optique KTRAV-T10 et KTRAV-T12 sont disponibles sans bride pour les applications vide et ultra-vide. Elles offrent un haut niveau d'\u00e9tanch\u00e9it\u00e9 jusqu'\u00e0 10-11 mbar.l\/s.","og_url":"https:\/\/www.sedi-ati.com\/fr\/traversees-et-passages-etanches-a-fibres-optiques\/traversees-etanches-fibres-optiques-a-souder-sans-bride\/","og_site_name":"SEDI-ATI","article_modified_time":"2026-01-09T09:32:55+00:00","og_image":[{"width":400,"height":400,"url":"https:\/\/www.sedi-ati.com\/wp-content\/uploads\/2025\/12\/Fut-a-souder.jpg","type":"image\/jpeg"}],"twitter_card":"summary_large_image","twitter_misc":{"Dur\u00e9e de lecture estim\u00e9e":"4 minutes"},"schema":{"@context":"https:\/\/schema.org","@graph":[{"@type":"WebPage","@id":"https:\/\/www.sedi-ati.com\/fr\/traversees-et-passages-etanches-a-fibres-optiques\/traversees-etanches-fibres-optiques-a-souder-sans-bride\/","url":"https:\/\/www.sedi-ati.com\/fr\/traversees-et-passages-etanches-a-fibres-optiques\/traversees-etanches-fibres-optiques-a-souder-sans-bride\/","name":"Travers\u00e9es \u00e9tanches fibres optiques \u00e0 souder sans bride - SEDI-ATI","isPartOf":{"@id":"https:\/\/www.sedi-ati.com\/fr\/#website"},"primaryImageOfPage":{"@id":"https:\/\/www.sedi-ati.com\/fr\/traversees-et-passages-etanches-a-fibres-optiques\/traversees-etanches-fibres-optiques-a-souder-sans-bride\/#primaryimage"},"image":{"@id":"https:\/\/www.sedi-ati.com\/fr\/traversees-et-passages-etanches-a-fibres-optiques\/traversees-etanches-fibres-optiques-a-souder-sans-bride\/#primaryimage"},"thumbnailUrl":"https:\/\/www.sedi-ati.com\/wp-content\/uploads\/2025\/12\/Fut-a-souder.jpg","datePublished":"2026-01-09T09:31:09+00:00","dateModified":"2026-01-09T09:32:55+00:00","description":"Les travers\u00e9es \u00e9tanches \u00e0 fibre optique KTRAV-T10 et KTRAV-T12 sont disponibles sans bride pour les applications vide et ultra-vide. Elles offrent un haut niveau d'\u00e9tanch\u00e9it\u00e9 jusqu'\u00e0 10-11 mbar.l\/s.","breadcrumb":{"@id":"https:\/\/www.sedi-ati.com\/fr\/traversees-et-passages-etanches-a-fibres-optiques\/traversees-etanches-fibres-optiques-a-souder-sans-bride\/#breadcrumb"},"inLanguage":"fr-FR","potentialAction":[{"@type":"ReadAction","target":["https:\/\/www.sedi-ati.com\/fr\/traversees-et-passages-etanches-a-fibres-optiques\/traversees-etanches-fibres-optiques-a-souder-sans-bride\/"]}]},{"@type":"ImageObject","inLanguage":"fr-FR","@id":"https:\/\/www.sedi-ati.com\/fr\/traversees-et-passages-etanches-a-fibres-optiques\/traversees-etanches-fibres-optiques-a-souder-sans-bride\/#primaryimage","url":"https:\/\/www.sedi-ati.com\/wp-content\/uploads\/2025\/12\/Fut-a-souder.jpg","contentUrl":"https:\/\/www.sedi-ati.com\/wp-content\/uploads\/2025\/12\/Fut-a-souder.jpg","width":400,"height":400},{"@type":"BreadcrumbList","@id":"https:\/\/www.sedi-ati.com\/fr\/traversees-et-passages-etanches-a-fibres-optiques\/traversees-etanches-fibres-optiques-a-souder-sans-bride\/#breadcrumb","itemListElement":[{"@type":"ListItem","position":1,"name":"Home","item":"https:\/\/www.sedi-ati.com\/fr\/"},{"@type":"ListItem","position":2,"name":"Produits","item":"https:\/\/www.sedi-ati.com\/fr\/shop\/"},{"@type":"ListItem","position":3,"name":"Travers\u00e9es et passages \u00e9tanches \u00e0 fibres optiques","item":"https:\/\/www.sedi-ati.com\/fr\/traversees-et-passages-etanches-a-fibres-optiques\/"},{"@type":"ListItem","position":4,"name":"Travers\u00e9es \u00e9tanches fibres optiques \u00e0 souder sans bride"}]},{"@type":"WebSite","@id":"https:\/\/www.sedi-ati.com\/fr\/#website","url":"https:\/\/www.sedi-ati.com\/fr\/","name":"SEDI-ATI","description":"Assemblages de fibres optiques sur mesure, bundles, fentes et pieuvres","publisher":{"@id":"https:\/\/www.sedi-ati.com\/fr\/#organization"},"potentialAction":[{"@type":"SearchAction","target":{"@type":"EntryPoint","urlTemplate":"https:\/\/www.sedi-ati.com\/fr\/?s={search_term_string}"},"query-input":{"@type":"PropertyValueSpecification","valueRequired":true,"valueName":"search_term_string"}}],"inLanguage":"fr-FR"},{"@type":"Organization","@id":"https:\/\/www.sedi-ati.com\/fr\/#organization","name":"SEDI-ATI","url":"https:\/\/www.sedi-ati.com\/fr\/","logo":{"@type":"ImageObject","inLanguage":"fr-FR","@id":"https:\/\/www.sedi-ati.com\/fr\/#\/schema\/logo\/image\/","url":"https:\/\/www.sedi-ati.com\/wp-content\/uploads\/2019\/10\/Logo_SEDI-ATI_2019_avec-baseline.png","contentUrl":"https:\/\/www.sedi-ati.com\/wp-content\/uploads\/2019\/10\/Logo_SEDI-ATI_2019_avec-baseline.png","width":300,"height":73,"caption":"SEDI-ATI"},"image":{"@id":"https:\/\/www.sedi-ati.com\/fr\/#\/schema\/logo\/image\/"},"sameAs":["https:\/\/www.linkedin.com\/company\/sedi-ati-fibres-optiques\/","https:\/\/www.youtube.com\/@sedi-ati-fibres-optiques"]}]}},"_links":{"self":[{"href":"https:\/\/www.sedi-ati.com\/fr\/wp-json\/wp\/v2\/product\/21595","targetHints":{"allow":["GET"]}}],"collection":[{"href":"https:\/\/www.sedi-ati.com\/fr\/wp-json\/wp\/v2\/product"}],"about":[{"href":"https:\/\/www.sedi-ati.com\/fr\/wp-json\/wp\/v2\/types\/product"}],"wp:featuredmedia":[{"embeddable":true,"href":"https:\/\/www.sedi-ati.com\/fr\/wp-json\/wp\/v2\/media\/21599"}],"wp:attachment":[{"href":"https:\/\/www.sedi-ati.com\/fr\/wp-json\/wp\/v2\/media?parent=21595"}],"wp:term":[{"taxonomy":"product_brand","embeddable":true,"href":"https:\/\/www.sedi-ati.com\/fr\/wp-json\/wp\/v2\/product_brand?post=21595"},{"taxonomy":"product_cat","embeddable":true,"href":"https:\/\/www.sedi-ati.com\/fr\/wp-json\/wp\/v2\/product_cat?post=21595"},{"taxonomy":"product_tag","embeddable":true,"href":"https:\/\/www.sedi-ati.com\/fr\/wp-json\/wp\/v2\/product_tag?post=21595"}],"curies":[{"name":"wp","href":"https:\/\/api.w.org\/{rel}","templated":true}]}}