{"id":22038,"date":"2026-04-13T17:15:45","date_gmt":"2026-04-13T15:15:45","guid":{"rendered":"https:\/\/www.sedi-ati.com\/?post_type=product&#038;p=22038"},"modified":"2026-04-13T17:53:06","modified_gmt":"2026-04-13T15:53:06","slug":"idil-huxscope-visualisateur-de-fibres-optiques","status":"publish","type":"product","link":"https:\/\/www.sedi-ati.com\/fr\/connecteurs-optiques-et-raccords\/idil-huxscope-visualisateur-de-fibres-optiques\/","title":{"rendered":"Visualisateurs de fibres optiques (HUXSCOPE)"},"content":{"rendered":"<section class=\"wpb-content-wrapper\"><p>[vc_row content_placement=\u00a0\u00bbmiddle\u00a0\u00bb el_class=\u00a0\u00bbz-index-1 chevauchement-horizontal-range range-applications\u00a0\u00bb][vc_column width=\u00a0\u00bb3\/5&Prime; el_class=\u00a0\u00bbshadow border-radius-hd-bd line-bottom line-blue block-grand-text\u00a0\u00bb css=\u00a0\u00bb.vc_custom_1697122932878{background-color: #dfe2e8 !important;}\u00a0\u00bb][vc_raw_html el_class=\u00a0\u00bbgros-titre flex-column-mobile\u00a0\u00bb]JTNDcCUzRUhVWFNDT1BFJTNDc3BhbiUyMGNsYXNzJTNEJTIycG9pbnQtcm91Z2UlMjIlM0UlM0MlMkZzcGFuJTNFUHJvZHVpdCUyMElESUwlM0MlMkZwJTNF[\/vc_raw_html][vc_column_text el_class=\u00a0\u00bbtitre-baseline\u00a0\u00bb]<\/p>\n<h2>Visionneuse de fibre optique<\/h2>\n<p>[\/vc_column_text][vc_column_text]<span data-ogsc=\"black\" data-olk-copy-source=\"MessageBody\">Les\u00a0<\/span>syst\u00e8mes de visualisation\u00a0<span data-ogsc=\"black\">de fibre<\/span>s<span data-ogsc=\"black\">\u00a0optique<\/span>s<span data-ogsc=\"black\">\u00a0<strong>HUXScope<\/strong> offrent une solution <strong>tout-en-un, portable,<\/strong> pour l\u2019inspection des\u00a0<\/span><strong>f\u00e9rules et des connecteurs<\/strong>\u00a0<strong>de fibres optiques<\/strong><span data-ogsc=\"black\">, avec <strong>imagerie haute r\u00e9solution<\/strong> et <strong>certification PASS\/FAIL<\/strong>.<\/span>[\/vc_column_text][vc_column_text]<em>Une offre exclusive de notre partenaire IDIL<\/em>[\/vc_column_text][\/vc_column][vc_column width=\u00a0\u00bb1\/2&Prime; el_class=\u00a0\u00bbimg-entete\u00a0\u00bb][vc_single_image image=\u00a0\u00bb22040&Prime; img_size=\u00a0\u00bbfull\u00a0\u00bb][\/vc_column][\/vc_row][vc_row full_width=\u00a0\u00bbstretch_row_content\u00a0\u00bb el_class=\u00a0\u00bbfull-with-4000&Prime; css=\u00a0\u00bb.vc_custom_1697123857798{background-color: #dfe2e8 !important;}\u00a0\u00bb][vc_column width=\u00a0\u00bb1\/2&Prime;][vc_row_inner][vc_column_inner width=\u00a0\u00bb1\/3&Prime;][\/vc_column_inner][vc_column_inner width=\u00a0\u00bb2\/3&Prime;][vc_raw_html el_class=\u00a0\u00bbpetit-titre\u00a0\u00bb]JTNDcCUzRUNhcmFjdCVDMyVBOXJpc3RpcXVlcyUzQ3NwYW4lMjBjbGFzcyUzRCUyMnBvaW50LXJvdWdlJTIwcG9pbnQtcGV0aXQlMjIlM0UlM0MlMkZzcGFuJTNFUHJpbmNpcGFsZXMlM0MlMkZwJTNF[\/vc_raw_html][vc_column_text]<\/p>\n<ul>\n<li>Inspection des <strong data-start=\"11\" data-end=\"41\">faces d\u2019extr\u00e9mit\u00e9 des fibres<\/strong> pour <b>jarreti\u00e8res et adaptateurs de travers\u00e9e<\/b><\/li>\n<li>Capture rapide d\u2019<strong data-start=\"99\" data-end=\"126\">images haute r\u00e9solution<\/strong> du <strong data-start=\"130\" data-end=\"154\">c\u0153ur de la fibre<\/strong><\/li>\n<li><strong data-start=\"189\" data-end=\"212\">Embouts polyvalents<\/strong> compatibles avec une vari\u00e9t\u00e9 de <strong data-start=\"245\" data-end=\"286\">connecteurs, adaptateurs et travers\u00e9es<\/strong><\/li>\n<li><strong data-start=\"289\" data-end=\"331\">\u00c9clairage coaxial et oblique ajustable<\/strong> pour des conditions d\u2019observation optimales<\/li>\n<li><strong data-start=\"378\" data-end=\"415\">Alignement simple des adaptateurs<\/strong> avec le centre de la fibre<\/li>\n<li>R\u00e9sultats <strong data-start=\"455\" data-end=\"468\">PASS\/FAIL<\/strong> confirmant l\u2019\u00e9tat de <strong>la face d&rsquo;extr\u00e9mit\u00e9<\/strong>\u00a0avec un <strong data-start=\"512\" data-end=\"540\">rapport de certification<\/strong><\/li>\n<li>Existe en <strong data-start=\"553\" data-end=\"567\" data-is-last-node=\"\">4 versions<\/strong><\/li>\n<\/ul>\n<p>[\/vc_column_text][\/vc_column_inner][\/vc_row_inner][\/vc_column][vc_column width=\u00a0\u00bb1\/2&Prime;][vc_row_inner][vc_column_inner width=\u00a0\u00bb1\/6&Prime;][\/vc_column_inner][vc_column_inner el_class=\u00a0\u00bbshadow border-radius-hd-bd line-bottom line-blue\u00a0\u00bb width=\u00a0\u00bb2\/3&Prime; css=\u00a0\u00bb.vc_custom_1697123826377{background-color: #ffffff !important;}\u00a0\u00bb][vc_column_text el_class=\u00a0\u00bbbaseline\u00a0\u00bb]<\/p>\n<p style=\"text-align: center;\">En savoir plus et demander un devis directement aupr\u00e8s de notre partenaire<\/p>\n<p>[\/vc_column_text][vc_btn title=\u00a0\u00bbVisiter le site d&rsquo;IDIL\u00a0\u00bb style=\u00a0\u00bbcustom\u00a0\u00bb custom_background=\u00a0\u00bb#132f40&Prime; custom_text=\u00a0\u00bb#ffffff\u00a0\u00bb shape=\u00a0\u00bbsquare\u00a0\u00bb align=\u00a0\u00bbcenter\u00a0\u00bb link=\u00a0\u00bburl:https%3A%2F%2Fidil-fiber-optics.com%2Fproduct%2Foptical-fiber-viewers-huxscope%2F%3Fmtm_campaign%3DIDIL-product%26mtm_kwd%3DHuxscope|target:_blank\u00a0\u00bb el_class=\u00a0\u00bbline-bottom line-blue\u00a0\u00bb][\/vc_column_inner][vc_column_inner width=\u00a0\u00bb1\/6&Prime;][\/vc_column_inner][\/vc_row_inner][\/vc_column][\/vc_row][vc_row][vc_column width=\u00a0\u00bb1\/4&Prime;][vc_single_image image=\u00a0\u00bb22041&Prime; img_size=\u00a0\u00bbfull\u00a0\u00bb add_caption=\u00a0\u00bbyes\u00a0\u00bb alignment=\u00a0\u00bbcenter\u00a0\u00bb][vc_btn title=\u00a0\u00bb^\u00a0\u00bb style=\u00a0\u00bbflat\u00a0\u00bb shape=\u00a0\u00bbsquare\u00a0\u00bb link=\u00a0\u00bburl:%23Wrapper\u00a0\u00bb el_class=\u00a0\u00bbbtn-haut\u00a0\u00bb][\/vc_column][vc_column width=\u00a0\u00bb1\/4&Prime;][vc_single_image image=\u00a0\u00bb22042&Prime; img_size=\u00a0\u00bbfull\u00a0\u00bb add_caption=\u00a0\u00bbyes\u00a0\u00bb alignment=\u00a0\u00bbcenter\u00a0\u00bb][\/vc_column][vc_column width=\u00a0\u00bb1\/4&Prime;][vc_single_image image=\u00a0\u00bb22043&Prime; img_size=\u00a0\u00bbfull\u00a0\u00bb add_caption=\u00a0\u00bbyes\u00a0\u00bb alignment=\u00a0\u00bbcenter\u00a0\u00bb][\/vc_column][vc_column width=\u00a0\u00bb1\/4&Prime;][vc_single_image image=\u00a0\u00bb22039&Prime; img_size=\u00a0\u00bbfull\u00a0\u00bb add_caption=\u00a0\u00bbyes\u00a0\u00bb][\/vc_column][\/vc_row]<\/p>\n<\/section>","protected":false},"excerpt":{"rendered":"<p>[vc_row content_placement=\u00a0\u00bbmiddle\u00a0\u00bb el_class=\u00a0\u00bbz-index-1 chevauchement-horizontal-range range-applications\u00a0\u00bb][vc_column width=\u00a0\u00bb3\/5&Prime; el_class=\u00a0\u00bbshadow border-radius-hd-bd line-bottom line-blue block-grand-text\u00a0\u00bb css=\u00a0\u00bb.vc_custom_1697122932878{background-color: #dfe2e8 !important;}\u00a0\u00bb][vc_raw_html el_class=\u00a0\u00bbgros-titre flex-column-mobile\u00a0\u00bb]JTNDcCUzRUhVWFNDT1BFJTNDc3BhbiUyMGNsYXNzJTNEJTIycG9pbnQtcm91Z2UlMjIlM0UlM0MlMkZzcGFuJTNFUHJvZHVpdCUyMElESUwlM0MlMkZwJTNF[\/vc_raw_html][vc_column_text el_class=\u00a0\u00bbtitre-baseline\u00a0\u00bb] Visionneuse de fibre optique [\/vc_column_text][vc_column_text]Les\u00a0syst\u00e8mes de visualisation\u00a0de fibres\u00a0optiques\u00a0HUXScope offrent<span class=\"excerpt-hellip\"> [\u2026]<\/span><\/p>\n","protected":false},"featured_media":22045,"template":"","meta":{"_acf_changed":false,"rs_blank_template":"","rs_page_bg_color":"","slide_template_v7":""},"product_brand":[],"product_cat":[432417],"product_tag":[],"class_list":{"0":"post-22038","1":"product","2":"type-product","3":"status-publish","4":"has-post-thumbnail","6":"product_cat-connecteurs-optiques-et-raccords","8":"first","9":"instock","10":"shipping-taxable","11":"product-type-simple"},"acf":[],"yoast_head":"<!-- This site is optimized with the Yoast SEO plugin v27.3 - https:\/\/yoast.com\/product\/yoast-seo-wordpress\/ -->\n<title>Visualisateurs de fibres optiques (HUXSCOPE) - SEDI-ATI<\/title>\n<meta name=\"robots\" content=\"index, follow, max-snippet:-1, max-image-preview:large, max-video-preview:-1\" \/>\n<link rel=\"canonical\" href=\"https:\/\/www.sedi-ati.com\/fr\/connecteurs-optiques-et-raccords\/idil-huxscope-visualisateur-de-fibres-optiques\/\" \/>\n<meta property=\"og:locale\" content=\"fr_FR\" \/>\n<meta property=\"og:type\" content=\"article\" \/>\n<meta property=\"og:title\" content=\"Visualisateurs de fibres optiques (HUXSCOPE) - SEDI-ATI\" \/>\n<meta property=\"og:description\" content=\"[vc_row content_placement=\u00a0\u00bbmiddle\u00a0\u00bb el_class=\u00a0\u00bbz-index-1 chevauchement-horizontal-range range-applications\u00a0\u00bb][vc_column width=\u00a0\u00bb3\/5&Prime; el_class=\u00a0\u00bbshadow border-radius-hd-bd line-bottom line-blue block-grand-text\u00a0\u00bb css=\u00a0\u00bb.vc_custom_1697122932878{background-color: #dfe2e8 !important;}\u00a0\u00bb][vc_raw_html el_class=\u00a0\u00bbgros-titre flex-column-mobile\u00a0\u00bb]JTNDcCUzRUhVWFNDT1BFJTNDc3BhbiUyMGNsYXNzJTNEJTIycG9pbnQtcm91Z2UlMjIlM0UlM0MlMkZzcGFuJTNFUHJvZHVpdCUyMElESUwlM0MlMkZwJTNF[\/vc_raw_html][vc_column_text el_class=\u00a0\u00bbtitre-baseline\u00a0\u00bb] Visionneuse de fibre optique [\/vc_column_text][vc_column_text]Les\u00a0syst\u00e8mes de visualisation\u00a0de fibres\u00a0optiques\u00a0HUXScope offrent [\u2026]\" \/>\n<meta property=\"og:url\" content=\"https:\/\/www.sedi-ati.com\/fr\/connecteurs-optiques-et-raccords\/idil-huxscope-visualisateur-de-fibres-optiques\/\" \/>\n<meta property=\"og:site_name\" content=\"SEDI-ATI\" \/>\n<meta property=\"article:modified_time\" content=\"2026-04-13T15:53:06+00:00\" \/>\n<meta property=\"og:image\" content=\"https:\/\/www.sedi-ati.com\/wp-content\/uploads\/2026\/03\/HUXSCOPE-ue_IDIL.jpg\" \/>\n\t<meta property=\"og:image:width\" content=\"400\" \/>\n\t<meta property=\"og:image:height\" content=\"400\" \/>\n\t<meta property=\"og:image:type\" content=\"image\/jpeg\" \/>\n<meta name=\"twitter:card\" content=\"summary_large_image\" \/>\n<meta name=\"twitter:label1\" content=\"Dur\u00e9e de lecture estim\u00e9e\" \/>\n\t<meta name=\"twitter:data1\" content=\"2 minutes\" \/>\n<script type=\"application\/ld+json\" class=\"yoast-schema-graph\">{\"@context\":\"https:\\\/\\\/schema.org\",\"@graph\":[{\"@type\":\"WebPage\",\"@id\":\"https:\\\/\\\/www.sedi-ati.com\\\/fr\\\/connecteurs-optiques-et-raccords\\\/idil-huxscope-visualisateur-de-fibres-optiques\\\/\",\"url\":\"https:\\\/\\\/www.sedi-ati.com\\\/fr\\\/connecteurs-optiques-et-raccords\\\/idil-huxscope-visualisateur-de-fibres-optiques\\\/\",\"name\":\"Visualisateurs de fibres optiques (HUXSCOPE) - SEDI-ATI\",\"isPartOf\":{\"@id\":\"https:\\\/\\\/www.sedi-ati.com\\\/fr\\\/#website\"},\"primaryImageOfPage\":{\"@id\":\"https:\\\/\\\/www.sedi-ati.com\\\/fr\\\/connecteurs-optiques-et-raccords\\\/idil-huxscope-visualisateur-de-fibres-optiques\\\/#primaryimage\"},\"image\":{\"@id\":\"https:\\\/\\\/www.sedi-ati.com\\\/fr\\\/connecteurs-optiques-et-raccords\\\/idil-huxscope-visualisateur-de-fibres-optiques\\\/#primaryimage\"},\"thumbnailUrl\":\"https:\\\/\\\/www.sedi-ati.com\\\/wp-content\\\/uploads\\\/2026\\\/03\\\/HUXSCOPE-ue_IDIL.jpg\",\"datePublished\":\"2026-04-13T15:15:45+00:00\",\"dateModified\":\"2026-04-13T15:53:06+00:00\",\"breadcrumb\":{\"@id\":\"https:\\\/\\\/www.sedi-ati.com\\\/fr\\\/connecteurs-optiques-et-raccords\\\/idil-huxscope-visualisateur-de-fibres-optiques\\\/#breadcrumb\"},\"inLanguage\":\"fr-FR\",\"potentialAction\":[{\"@type\":\"ReadAction\",\"target\":[\"https:\\\/\\\/www.sedi-ati.com\\\/fr\\\/connecteurs-optiques-et-raccords\\\/idil-huxscope-visualisateur-de-fibres-optiques\\\/\"]}]},{\"@type\":\"ImageObject\",\"inLanguage\":\"fr-FR\",\"@id\":\"https:\\\/\\\/www.sedi-ati.com\\\/fr\\\/connecteurs-optiques-et-raccords\\\/idil-huxscope-visualisateur-de-fibres-optiques\\\/#primaryimage\",\"url\":\"https:\\\/\\\/www.sedi-ati.com\\\/wp-content\\\/uploads\\\/2026\\\/03\\\/HUXSCOPE-ue_IDIL.jpg\",\"contentUrl\":\"https:\\\/\\\/www.sedi-ati.com\\\/wp-content\\\/uploads\\\/2026\\\/03\\\/HUXSCOPE-ue_IDIL.jpg\",\"width\":400,\"height\":400,\"caption\":\"HUXScope-ue\"},{\"@type\":\"BreadcrumbList\",\"@id\":\"https:\\\/\\\/www.sedi-ati.com\\\/fr\\\/connecteurs-optiques-et-raccords\\\/idil-huxscope-visualisateur-de-fibres-optiques\\\/#breadcrumb\",\"itemListElement\":[{\"@type\":\"ListItem\",\"position\":1,\"name\":\"Home\",\"item\":\"https:\\\/\\\/www.sedi-ati.com\\\/fr\\\/\"},{\"@type\":\"ListItem\",\"position\":2,\"name\":\"Produits\",\"item\":\"https:\\\/\\\/www.sedi-ati.com\\\/fr\\\/shop\\\/\"},{\"@type\":\"ListItem\",\"position\":3,\"name\":\"Connecteurs optiques et accessoires\",\"item\":\"https:\\\/\\\/www.sedi-ati.com\\\/fr\\\/connecteurs-optiques-et-raccords\\\/\"},{\"@type\":\"ListItem\",\"position\":4,\"name\":\"Visualisateurs de fibres optiques (HUXSCOPE)\"}]},{\"@type\":\"WebSite\",\"@id\":\"https:\\\/\\\/www.sedi-ati.com\\\/fr\\\/#website\",\"url\":\"https:\\\/\\\/www.sedi-ati.com\\\/fr\\\/\",\"name\":\"SEDI-ATI\",\"description\":\"Assemblages de fibres optiques sur mesure, bundles, fentes et pieuvres\",\"publisher\":{\"@id\":\"https:\\\/\\\/www.sedi-ati.com\\\/fr\\\/#organization\"},\"potentialAction\":[{\"@type\":\"SearchAction\",\"target\":{\"@type\":\"EntryPoint\",\"urlTemplate\":\"https:\\\/\\\/www.sedi-ati.com\\\/fr\\\/?s={search_term_string}\"},\"query-input\":{\"@type\":\"PropertyValueSpecification\",\"valueRequired\":true,\"valueName\":\"search_term_string\"}}],\"inLanguage\":\"fr-FR\"},{\"@type\":\"Organization\",\"@id\":\"https:\\\/\\\/www.sedi-ati.com\\\/fr\\\/#organization\",\"name\":\"SEDI-ATI\",\"url\":\"https:\\\/\\\/www.sedi-ati.com\\\/fr\\\/\",\"logo\":{\"@type\":\"ImageObject\",\"inLanguage\":\"fr-FR\",\"@id\":\"https:\\\/\\\/www.sedi-ati.com\\\/fr\\\/#\\\/schema\\\/logo\\\/image\\\/\",\"url\":\"https:\\\/\\\/www.sedi-ati.com\\\/wp-content\\\/uploads\\\/2019\\\/10\\\/Logo_SEDI-ATI_2019_avec-baseline.png\",\"contentUrl\":\"https:\\\/\\\/www.sedi-ati.com\\\/wp-content\\\/uploads\\\/2019\\\/10\\\/Logo_SEDI-ATI_2019_avec-baseline.png\",\"width\":300,\"height\":73,\"caption\":\"SEDI-ATI\"},\"image\":{\"@id\":\"https:\\\/\\\/www.sedi-ati.com\\\/fr\\\/#\\\/schema\\\/logo\\\/image\\\/\"},\"sameAs\":[\"https:\\\/\\\/www.linkedin.com\\\/company\\\/sedi-ati-fibres-optiques\\\/\",\"https:\\\/\\\/www.youtube.com\\\/@sedi-ati-fibres-optiques\"]}]}<\/script>\n<!-- \/ Yoast SEO plugin. -->","yoast_head_json":{"title":"Visualisateurs de fibres optiques (HUXSCOPE) - SEDI-ATI","robots":{"index":"index","follow":"follow","max-snippet":"max-snippet:-1","max-image-preview":"max-image-preview:large","max-video-preview":"max-video-preview:-1"},"canonical":"https:\/\/www.sedi-ati.com\/fr\/connecteurs-optiques-et-raccords\/idil-huxscope-visualisateur-de-fibres-optiques\/","og_locale":"fr_FR","og_type":"article","og_title":"Visualisateurs de fibres optiques (HUXSCOPE) - SEDI-ATI","og_description":"[vc_row content_placement=\u00a0\u00bbmiddle\u00a0\u00bb el_class=\u00a0\u00bbz-index-1 chevauchement-horizontal-range range-applications\u00a0\u00bb][vc_column width=\u00a0\u00bb3\/5&Prime; el_class=\u00a0\u00bbshadow border-radius-hd-bd line-bottom line-blue block-grand-text\u00a0\u00bb css=\u00a0\u00bb.vc_custom_1697122932878{background-color: #dfe2e8 !important;}\u00a0\u00bb][vc_raw_html el_class=\u00a0\u00bbgros-titre flex-column-mobile\u00a0\u00bb]JTNDcCUzRUhVWFNDT1BFJTNDc3BhbiUyMGNsYXNzJTNEJTIycG9pbnQtcm91Z2UlMjIlM0UlM0MlMkZzcGFuJTNFUHJvZHVpdCUyMElESUwlM0MlMkZwJTNF[\/vc_raw_html][vc_column_text el_class=\u00a0\u00bbtitre-baseline\u00a0\u00bb] Visionneuse de fibre optique [\/vc_column_text][vc_column_text]Les\u00a0syst\u00e8mes de visualisation\u00a0de fibres\u00a0optiques\u00a0HUXScope offrent [\u2026]","og_url":"https:\/\/www.sedi-ati.com\/fr\/connecteurs-optiques-et-raccords\/idil-huxscope-visualisateur-de-fibres-optiques\/","og_site_name":"SEDI-ATI","article_modified_time":"2026-04-13T15:53:06+00:00","og_image":[{"width":400,"height":400,"url":"https:\/\/www.sedi-ati.com\/wp-content\/uploads\/2026\/03\/HUXSCOPE-ue_IDIL.jpg","type":"image\/jpeg"}],"twitter_card":"summary_large_image","twitter_misc":{"Dur\u00e9e de lecture estim\u00e9e":"2 minutes"},"schema":{"@context":"https:\/\/schema.org","@graph":[{"@type":"WebPage","@id":"https:\/\/www.sedi-ati.com\/fr\/connecteurs-optiques-et-raccords\/idil-huxscope-visualisateur-de-fibres-optiques\/","url":"https:\/\/www.sedi-ati.com\/fr\/connecteurs-optiques-et-raccords\/idil-huxscope-visualisateur-de-fibres-optiques\/","name":"Visualisateurs de fibres optiques (HUXSCOPE) - SEDI-ATI","isPartOf":{"@id":"https:\/\/www.sedi-ati.com\/fr\/#website"},"primaryImageOfPage":{"@id":"https:\/\/www.sedi-ati.com\/fr\/connecteurs-optiques-et-raccords\/idil-huxscope-visualisateur-de-fibres-optiques\/#primaryimage"},"image":{"@id":"https:\/\/www.sedi-ati.com\/fr\/connecteurs-optiques-et-raccords\/idil-huxscope-visualisateur-de-fibres-optiques\/#primaryimage"},"thumbnailUrl":"https:\/\/www.sedi-ati.com\/wp-content\/uploads\/2026\/03\/HUXSCOPE-ue_IDIL.jpg","datePublished":"2026-04-13T15:15:45+00:00","dateModified":"2026-04-13T15:53:06+00:00","breadcrumb":{"@id":"https:\/\/www.sedi-ati.com\/fr\/connecteurs-optiques-et-raccords\/idil-huxscope-visualisateur-de-fibres-optiques\/#breadcrumb"},"inLanguage":"fr-FR","potentialAction":[{"@type":"ReadAction","target":["https:\/\/www.sedi-ati.com\/fr\/connecteurs-optiques-et-raccords\/idil-huxscope-visualisateur-de-fibres-optiques\/"]}]},{"@type":"ImageObject","inLanguage":"fr-FR","@id":"https:\/\/www.sedi-ati.com\/fr\/connecteurs-optiques-et-raccords\/idil-huxscope-visualisateur-de-fibres-optiques\/#primaryimage","url":"https:\/\/www.sedi-ati.com\/wp-content\/uploads\/2026\/03\/HUXSCOPE-ue_IDIL.jpg","contentUrl":"https:\/\/www.sedi-ati.com\/wp-content\/uploads\/2026\/03\/HUXSCOPE-ue_IDIL.jpg","width":400,"height":400,"caption":"HUXScope-ue"},{"@type":"BreadcrumbList","@id":"https:\/\/www.sedi-ati.com\/fr\/connecteurs-optiques-et-raccords\/idil-huxscope-visualisateur-de-fibres-optiques\/#breadcrumb","itemListElement":[{"@type":"ListItem","position":1,"name":"Home","item":"https:\/\/www.sedi-ati.com\/fr\/"},{"@type":"ListItem","position":2,"name":"Produits","item":"https:\/\/www.sedi-ati.com\/fr\/shop\/"},{"@type":"ListItem","position":3,"name":"Connecteurs optiques et accessoires","item":"https:\/\/www.sedi-ati.com\/fr\/connecteurs-optiques-et-raccords\/"},{"@type":"ListItem","position":4,"name":"Visualisateurs de fibres optiques (HUXSCOPE)"}]},{"@type":"WebSite","@id":"https:\/\/www.sedi-ati.com\/fr\/#website","url":"https:\/\/www.sedi-ati.com\/fr\/","name":"SEDI-ATI","description":"Assemblages de fibres optiques sur mesure, bundles, fentes et pieuvres","publisher":{"@id":"https:\/\/www.sedi-ati.com\/fr\/#organization"},"potentialAction":[{"@type":"SearchAction","target":{"@type":"EntryPoint","urlTemplate":"https:\/\/www.sedi-ati.com\/fr\/?s={search_term_string}"},"query-input":{"@type":"PropertyValueSpecification","valueRequired":true,"valueName":"search_term_string"}}],"inLanguage":"fr-FR"},{"@type":"Organization","@id":"https:\/\/www.sedi-ati.com\/fr\/#organization","name":"SEDI-ATI","url":"https:\/\/www.sedi-ati.com\/fr\/","logo":{"@type":"ImageObject","inLanguage":"fr-FR","@id":"https:\/\/www.sedi-ati.com\/fr\/#\/schema\/logo\/image\/","url":"https:\/\/www.sedi-ati.com\/wp-content\/uploads\/2019\/10\/Logo_SEDI-ATI_2019_avec-baseline.png","contentUrl":"https:\/\/www.sedi-ati.com\/wp-content\/uploads\/2019\/10\/Logo_SEDI-ATI_2019_avec-baseline.png","width":300,"height":73,"caption":"SEDI-ATI"},"image":{"@id":"https:\/\/www.sedi-ati.com\/fr\/#\/schema\/logo\/image\/"},"sameAs":["https:\/\/www.linkedin.com\/company\/sedi-ati-fibres-optiques\/","https:\/\/www.youtube.com\/@sedi-ati-fibres-optiques"]}]}},"_links":{"self":[{"href":"https:\/\/www.sedi-ati.com\/fr\/wp-json\/wp\/v2\/product\/22038","targetHints":{"allow":["GET"]}}],"collection":[{"href":"https:\/\/www.sedi-ati.com\/fr\/wp-json\/wp\/v2\/product"}],"about":[{"href":"https:\/\/www.sedi-ati.com\/fr\/wp-json\/wp\/v2\/types\/product"}],"wp:featuredmedia":[{"embeddable":true,"href":"https:\/\/www.sedi-ati.com\/fr\/wp-json\/wp\/v2\/media\/22045"}],"wp:attachment":[{"href":"https:\/\/www.sedi-ati.com\/fr\/wp-json\/wp\/v2\/media?parent=22038"}],"wp:term":[{"taxonomy":"product_brand","embeddable":true,"href":"https:\/\/www.sedi-ati.com\/fr\/wp-json\/wp\/v2\/product_brand?post=22038"},{"taxonomy":"product_cat","embeddable":true,"href":"https:\/\/www.sedi-ati.com\/fr\/wp-json\/wp\/v2\/product_cat?post=22038"},{"taxonomy":"product_tag","embeddable":true,"href":"https:\/\/www.sedi-ati.com\/fr\/wp-json\/wp\/v2\/product_tag?post=22038"}],"curies":[{"name":"wp","href":"https:\/\/api.w.org\/{rel}","templated":true}]}}